
{"id":48663,"date":"2024-04-12T12:21:21","date_gmt":"2024-04-12T12:21:21","guid":{"rendered":"https:\/\/azurefilm.com\/haeufig-gestellte-fragen\/"},"modified":"2024-04-12T12:21:21","modified_gmt":"2024-04-12T12:21:21","slug":"haeufig-gestellte-fragen","status":"publish","type":"page","link":"https:\/\/azurefilm.com\/de\/haeufig-gestellte-fragen\/","title":{"rendered":"H\u00e4ufig gestellte Fragen"},"content":{"rendered":"\n\t<section class=\"section\" id=\"section_1866358223\">\n\t\t<div class=\"section-bg fill\" >\n\t\t\t\t\t\t\t\t\t\n\t\t\t\n\n\t\t<\/div>\n\n\t\t\n\n\t\t<div class=\"section-content relative\">\n\t\t\t\n\n<div class=\"row\"  id=\"row-870263602\">\n\n\n\t<div id=\"col-556826334\" class=\"col small-12 large-12\"  >\n\t\t\t\t<div class=\"col-inner\"  >\n\t\t\t\n\t\t\t\n\n\t<div id=\"text-3163853605\" class=\"text\">\n\t\t\n\n<h2 class=\"uppercase\">H\u00e4ufig gestellte Fragen<\/h2>\n\n\t\t\n<style>\n#text-3163853605 {\n  text-align: center;\n}\n<\/style>\n\t<\/div>\n\t\n<div class=\"accordion\">\n\n\t<div id=\"accordion-4200792753\" class=\"accordion-item\">\n\t\t<a id=\"accordion-4200792753-label\" class=\"accordion-title plain\" href=\"#accordion-item-was-ist-3d-druck?\" aria-expanded=\"false\" aria-controls=\"accordion-4200792753-content\">\n\t\t\t<button class=\"toggle\" aria-label=\"Umschalten\"><i class=\"icon-angle-down\" aria-hidden=\"true\"><\/i><\/button>\n\t\t\t<span>Was ist 3D-Druck?<\/span>\n\t\t<\/a>\n\t\t<div id=\"accordion-4200792753-content\" class=\"accordion-inner\" aria-labelledby=\"accordion-4200792753-label\">\n\t\t\t\n\n<p>3D-Druck, oder additive Fertigung, <b>stellt dreidimensionale Objekte aus digitalen Modellen her, indem Material Schicht f\u00fcr Schicht hinzugef\u00fcgt wird<\/b>. Es erm\u00f6glicht komplexe Formen mit effizientem Materialeinsatz. Pr\u00e4zision und Materialvielfalt haben sich verbessert, was es zu einer wichtigen industriellen Technologie macht.  <\/p>\n<p>Es gibt viele verschiedene 3D-Drucktechnologien, aber die beliebtesten sind Fused Deposition Modeling (FDM) und Stereolithografie (SLA).<\/p>\n<p><b>FDM-Technologie<\/b> ist die beliebteste und erschwinglichste. <b>Diese Technologie verwendet 3D-Drucker, um Objekte mit 3D-Filamenten zu erstellen<\/b>. Das Filament wird in ein Rohr eingef\u00fchrt, das es in einen hei\u00dfen Extruder dr\u00fcckt. Das Filament tritt dann durch eine D\u00fcse aus und wird Schicht f\u00fcr Schicht auf der Bauplattform gedruckt. <a href=\"https:\/\/azurefilm.com\/de\/produkt-kategorie\/fdm-3d-drucker\/\">FDM-Drucker<\/a> sind perfekt f\u00fcr Anf\u00e4nger, aber auch f\u00fcr fortgeschrittene Projekte geeignet.  <\/p>\n<p>Erfahren Sie mehr \u00fcber FDM-Druck <a href=\"https:\/\/azurefilm.com\/de\/2023\/10\/28\/fdm-druck-was-ist-fdm\/\" target=\"_blank\" rel=\"noopener\">hier<\/a>.<\/p>\n<p><b>SLA-Drucker verwenden Harzmaterialien, die durch UV-Belichtung aush\u00e4rten<\/b>. Im Vergleich zu anderen Druckern erm\u00f6glicht die SLA-Technologie detailliertere Objekte. Der Druck dauert l\u00e4nger und das Druckvolumen ist viel kleiner. Diese Drucker werden normalerweise in der Schmuck- und Medizinindustrie verwendet.   <\/p>\n\n\t\t<\/div>\n\t<\/div>\n\t\n\t<div id=\"accordion-1938359312\" class=\"accordion-item\">\n\t\t<a id=\"accordion-1938359312-label\" class=\"accordion-title plain\" href=\"#accordion-item-welche-arten-von-3d-druckern-gibt-es?\" aria-expanded=\"false\" aria-controls=\"accordion-1938359312-content\">\n\t\t\t<button class=\"toggle\" aria-label=\"Umschalten\"><i class=\"icon-angle-down\" aria-hidden=\"true\"><\/i><\/button>\n\t\t\t<span>Welche Arten von 3D-Druckern gibt es?<\/span>\n\t\t<\/a>\n\t\t<div id=\"accordion-1938359312-content\" class=\"accordion-inner\" aria-labelledby=\"accordion-1938359312-label\">\n\t\t\t\n\n<p>Entdecken Sie die umfangreiche 3D-Drucker-Kollektion in unserem Online-Shop. Egal, ob Sie FDM- oder Resin-3D-Drucker bevorzugen, finden Sie die perfekte L\u00f6sung f\u00fcr Ihre Bed\u00fcrfnisse. Unser Sortiment umfasst:  <\/p>\n<ul>\n<li><a href=\"https:\/\/azurefilm.com\/de\/produkt-kategorie\/fdm-3d-drucker\/\">FDM-3D-Drucker:<\/a> Die Fused Deposition Modeling (FDM)-Technologie ist sowohl f\u00fcr Anf\u00e4nger als auch f\u00fcr fortgeschrittene Benutzer geeignet. Diese Drucker verwenden 3D-Filamente, die durch einen Extruder geschmolzen werden, um Objekte Schicht f\u00fcr Schicht zu erstellen. <\/li>\n<li><a href=\"https:\/\/azurefilm.com\/de\/produkt-kategorie\/resin-3d-drucker\/\">SLA- oder Resin-3D-Drucker<\/a>: Diese Drucker arbeiten mit Stereolithografie und verwenden Harzmaterialien, die durch UV-Licht ausgeh\u00e4rtet werden. Diese Technologie ist ideal f\u00fcr detaillierte Objekte und wird haupts\u00e4chlich in Branchen wie Schmuck und Medizin eingesetzt. <\/li>\n<li><a href=\"https:\/\/azurefilm.com\/de\/produkt\/3d-pen\/\">3D-Stifte<\/a>: Erstellen Sie dreidimensionale Zeichnungen in der Luft mit PLA-Filamenten, geeignet f\u00fcr Kinder, Jugendliche und kreative Enthusiasten.<\/li>\n<\/ul>\n\n\t\t<\/div>\n\t<\/div>\n\t\n\t<div id=\"accordion-1804092569\" class=\"accordion-item\">\n\t\t<a id=\"accordion-1804092569-label\" class=\"accordion-title plain\" href=\"#accordion-item-welche-materialien-k\u00f6nnen-im-3d-druck-verwendet-werden?\" aria-expanded=\"false\" aria-controls=\"accordion-1804092569-content\">\n\t\t\t<button class=\"toggle\" aria-label=\"Umschalten\"><i class=\"icon-angle-down\" aria-hidden=\"true\"><\/i><\/button>\n\t\t\t<span>Welche Materialien k\u00f6nnen im 3D-Druck verwendet werden?<\/span>\n\t\t<\/a>\n\t\t<div id=\"accordion-1804092569-content\" class=\"accordion-inner\" aria-labelledby=\"accordion-1804092569-label\">\n\t\t\t\n\n<p>Es gibt viele verschiedene 3D-Druckmaterialien auf dem Markt. Unten finden Sie alle Materialien, die wir anbieten. <\/p>\n<p><a href=\"https:\/\/azurefilm.com\/de\/produkt-kategorie\/pla-filamente\/\"><strong>PLA<\/strong><\/a>: Biologisch abbaubar und einfach zu drucken, ideal f\u00fcr Anf\u00e4nger. Erh\u00e4ltlich in verschiedenen Ausf\u00fchrungen, einschlie\u00dflich Seide, Holz, Neon und mehr.  Um mehr \u00fcber PLA-Filamente zu erfahren, <a href=\"https:\/\/azurefilm.com\/de\/2023\/07\/04\/pla-filamente-alles-was-sie-wissen-muessen\/\" target=\"_blank\" rel=\"noopener\">lesen Sie unseren Blog<\/a>.<\/p>\n<p><a href=\"https:\/\/azurefilm.com\/de\/produkt-kategorie\/petg-filamente\/\"><strong>PETG<\/strong><\/a>: Kombiniert die Eigenschaften von ABS und PLA und bietet solide, hitzebest\u00e4ndige und langlebige Ergebnisse. Lebensmittelgeeignet.  Um mehr \u00fcber PETG-Filamente zu erfahren, <a href=\"https:\/\/azurefilm.com\/de\/2023\/07\/10\/petg-filamente-alles-was-sie-wissen-muessen\/\" target=\"_blank\" rel=\"noopener\">lesen Sie unseren Blog<\/a>.<\/p>\n<p><a href=\"https:\/\/azurefilm.com\/de\/produkt-kategorie\/pctg-filamente\/\"><strong>PCTG<\/strong><\/a>: Ein verbessertes PETG mit minimaler Schrumpfung und erh\u00f6hter Temperaturbest\u00e4ndigkeit. Um mehr \u00fcber PCTG-Filamente zu erfahren, <a href=\"https:\/\/azurefilm.com\/de\/2023\/10\/12\/pctg-filamente-alles-was-sie-wissen-muessen\/\" target=\"_blank\" rel=\"noopener\">lesen Sie unseren Blog<\/a>.<\/p>\n<p><a href=\"https:\/\/azurefilm.com\/de\/produkt-kategorie\/asa-filamente\/\"><strong>ASA<\/strong><\/a>: Bietet \u00fcberlegene UV-, Wasser- und Chemikalienbest\u00e4ndigkeit, geeignet f\u00fcr Au\u00dfenanwendungen und anspruchsvolle Umgebungen. Um mehr \u00fcber ASA-Filamente zu erfahren, <a href=\"https:\/\/azurefilm.com\/de\/2023\/07\/10\/asa-filamente-alles-was-sie-wissen-muessen\/\" target=\"_blank\" rel=\"noopener\">lesen Sie unseren Blog<\/a>.<\/p>\n<p><a href=\"https:\/\/azurefilm.com\/de\/produkt-kategorie\/abs-plus-filamente\/\"><strong>ABS PLUS<\/strong><\/a>: Bekannt f\u00fcr hohe Schlagz\u00e4higkeit, W\u00e4rmebest\u00e4ndigkeit und Erschwinglichkeit. Gut f\u00fcr Anwendungen, die Haltbarkeit erfordern. Um mehr \u00fcber ASA-Filamente zu erfahren, <a href=\"https:\/\/azurefilm.com\/de\/2023\/07\/11\/abs-filamente-alles-was-sie-wissen-muessen\/\" target=\"_blank\" rel=\"noopener\">lesen Sie unseren Blog<\/a>.  <\/p>\n<p><a href=\"https:\/\/azurefilm.com\/de\/produkt-kategorie\/pc-abs-filamente\/\"><strong>PC ABS<\/strong><\/a>: Kombiniert Polycarbonat und ABS und bietet au\u00dfergew\u00f6hnliche mechanische Leistung, Temperaturbest\u00e4ndigkeit und Chemikalienbest\u00e4ndigkeit. Um mehr \u00fcber ABS-Filamente zu erfahren, <a href=\"https:\/\/azurefilm.com\/de\/2023\/07\/11\/abs-filamente-alles-was-sie-wissen-muessen\/\" target=\"_blank\" rel=\"noopener\">lesen Sie unseren Blog<\/a>.<\/p>\n<p><a href=\"https:\/\/azurefilm.com\/de\/produkt-kategorie\/carbon-fiber-filamente\/\"><strong>Carbon Fiber<\/strong><\/a>: Verst\u00e4rkt mit Kohlefasern, bietet au\u00dfergew\u00f6hnliche Festigkeit und Leichtbaueigenschaften. Geeignet f\u00fcr industrielle Anwendungen.  Um mehr \u00fcber Carbon Fiber-Filamente zu erfahren, <a href=\"https:\/\/azurefilm.com\/de\/2023\/07\/26\/carbon-fiber-filamente-alles-was-sie-wissen-muessen\/\" target=\"_blank\" rel=\"noopener\">lesen Sie unseren Blog<\/a>.<\/p>\n<p><strong>Nylon<\/strong>: Bekannt f\u00fcr seine mechanischen, chemischen und flexiblen Eigenschaften, was es vielseitig f\u00fcr verschiedene technische Anforderungen macht.<\/p>\n<p><a href=\"https:\/\/azurefilm.com\/de\/produkt-kategorie\/flexible-filamente\/\"><strong>Flexible<\/strong><\/a>: Bietet gummiartige Eigenschaften, verwendet in der Schuh-, Luft- und Raumfahrt- sowie Automobilindustrie. Um mehr \u00fcber Flexible-Filamente zu erfahren, <a href=\"https:\/\/azurefilm.com\/de\/2023\/08\/09\/wie-man-flexible-filamente-druckt\/\" target=\"_blank\" rel=\"noopener\">lesen Sie unseren Blog<\/a>.<\/p>\n<p><a href=\"https:\/\/azurefilm.com\/de\/produkt-kategorie\/support-filamente\/\"><strong>Support (PVA)<\/strong><\/a>: L\u00f6sliches St\u00fctzmaterial, das \u00dcberh\u00e4nge verhindert und sich in Wasser aufl\u00f6st, um das gedruckte Objekt intakt zu lassen. Um mehr \u00fcber Support-Filamente zu erfahren, <a href=\"https:\/\/azurefilm.com\/de\/2023\/10\/28\/support-filamente-alles-was-sie-wissen-muessen\/\" target=\"_blank\" rel=\"noopener\">lesen Sie unseren Blog<\/a>.<\/p>\n<p>Hier finden Sie unsere Filament-Vergleichstabelle, um leicht zu sehen, was Ihren Bed\u00fcrfnissen entspricht.<\/p>\n<p><a href=\"https:\/\/azurefilm.com\/de\/produkt-kategorie\/resin-de\/\"><strong>Resin<\/strong><\/a>: Wird verwendet, um au\u00dfergew\u00f6hnliche Details und glatte Oberfl\u00e4chen zu erzielen, insbesondere in der Zahn- und Schmuckindustrie.<\/p>\n<p>Diese Materialien decken eine breite Palette von Anwendungen ab und bieten vielf\u00e4ltige Eigenschaften, um spezifische 3D-Druckanforderungen zu erf\u00fcllen.<\/p>\n\n\t\t<\/div>\n\t<\/div>\n\t\n\t<div id=\"accordion-631027653\" class=\"accordion-item\">\n\t\t<a id=\"accordion-631027653-label\" class=\"accordion-title plain\" href=\"#accordion-item-wie-entwerfe-oder-erstelle-ich-3d-druckbare-objekte?\" aria-expanded=\"false\" aria-controls=\"accordion-631027653-content\">\n\t\t\t<button class=\"toggle\" aria-label=\"Umschalten\"><i class=\"icon-angle-down\" aria-hidden=\"true\"><\/i><\/button>\n\t\t\t<span>Wie entwerfe oder erstelle ich 3D-druckbare Objekte?<\/span>\n\t\t<\/a>\n\t\t<div id=\"accordion-631027653-content\" class=\"accordion-inner\" aria-labelledby=\"accordion-631027653-label\">\n\t\t\t\n\n<p>Jeder 3D-Druck beginnt mit einem 3D-Modell, das mit Modellierungssoftware erstellt wird. Es gibt mehrere benutzerfreundliche Modellierungsprogramme, von denen einige kostenlos sind. Hier sind einige beliebte Optionen:  <\/p>\n<ul>\n<li><strong>Tinkercad<\/strong>: Mit einer umfangreichen Bibliothek von Dateien erm\u00f6glicht Tinkercad den Benutzern, geeignete Formen zu entdecken und anzupassen. Es dient als ausgezeichnete Plattform zum Erlernen der 3D-Modellierung. <\/li>\n<li><strong>SketchUp<\/strong>: Bekannt f\u00fcr sein Gleichgewicht zwischen Benutzerfreundlichkeit und Funktionalit\u00e4t, eignet sich SketchUp f\u00fcr eine breite Palette von F\u00e4higkeitsstufen und ist daher eine ideale Wahl f\u00fcr viele.<\/li>\n<li><strong>Blender<\/strong>: Obwohl es eine steile Lernkurve hat, ist Blender als Open-Source-Software perfekt f\u00fcr Benutzer, die bereit sind, komplexe 3D-Modelle zu erstellen.<\/li>\n<\/ul>\n<p>Alternativ k\u00f6nnen Sie <strong>den einfacheren Weg w\u00e4hlen und vorgefertigte 3D-Modelle<\/strong> f\u00fcr Ihre Projekte herunterladen. Mehrere Websites und 3D-Archive bieten kostenlose 3D-Modelle an, darunter: <\/p>\n<ul>\n<li><strong>Thingiverse<\/strong>: Eine Community- und Design-Sharing-Plattform, auf der Sie 3D-druckbare Designs erkunden und verteilen k\u00f6nnen.<\/li>\n<li><strong>Turbosquid<\/strong>: Der Anlaufpunkt f\u00fcr 3D-Modelle mit einer umfangreichen Auswahl. Sie k\u00f6nnen viele hervorragende kostenlose Modelle finden, indem Sie einfach nach \u201ekostenlos\u201c suchen. <\/li>\n<li><strong>Free3d<\/strong>: Eine Plattform, auf der Sie Ihre 3D-Assets kostenlos teilen und sofort andere herunterladen k\u00f6nnen.<\/li>\n<\/ul>\n<p>Sobald Sie Ihr 3D-Modell (erstellt in einer Modellierungssoftware oder aus einem Archiv heruntergeladen) haben, ist der n\u00e4chste Schritt, es in Ihre Slicer-Software einzugeben.<\/p>\n<p><strong>Was ist ein \u201eSlicer\u201c im 3D-Druck?<\/strong><br \/> Slicer vereinfachen den \u00dcbergang von einem 3D-Modell zu einem gedruckten Objekt, indem sie das CAD-Modell in Schichten unterteilen und in G-Code umwandeln.<\/p>\n<p>Slicer-Software umfasst auch wichtige 3D-Druckereinstellungen wie Temperatur, Schichth\u00f6he und Druckgeschwindigkeit, die in den G-Code integriert werden. Wenn das Modell in G-Code umgewandelt ist, k\u00f6nnen Sie es auf Ihre Micro-SD-Karte (8GB funktioniert gut) \u00fcbertragen. Stellen Sie sicher, dass der Dateiname nicht mehr als sieben Zeichen enth\u00e4lt.  <\/p>\n<p>Der 3D-Drucker interpretiert den G-Code und fertigt das Modell Schicht f\u00fcr Schicht gem\u00e4\u00df den Anweisungen im G-Code.<br \/> Empfohlene Slicer-Software f\u00fcr Anf\u00e4nger umfasst:<\/p>\n<ul>\n<li><strong>Cura<\/strong>: Ein Open-Source-Slicer, der mit fast jedem 3D-Drucker kompatibel ist und f\u00fcr seine Benutzerfreundlichkeit, Geschwindigkeit und Vielseitigkeit bekannt ist.<\/li>\n<li><strong>Simplify3D<\/strong>: Neben dem Slicen behebt Simplify3D Modellprobleme, bietet eine Vorschau des Endergebnisses und hilft bei der Identifizierung potenzieller Probleme.<\/li>\n<li><strong>Slic3r<\/strong>: Eine Open-Source-Software mit Echtzeit-Inkrementalslicing, 3D-Vorschaufunktionen und weit verbreiteter Nutzung in der 3D-Druck-Community.<\/li>\n<\/ul>\n\n\t\t<\/div>\n\t<\/div>\n\t\n\t<div id=\"accordion-1992774313\" class=\"accordion-item\">\n\t\t<a id=\"accordion-1992774313-label\" class=\"accordion-title plain\" href=\"#accordion-item-was-sind-einige-h\u00e4ufige-probleme-und-tipps-zur-fehlerbehebung-im-3d-druck?\" aria-expanded=\"false\" aria-controls=\"accordion-1992774313-content\">\n\t\t\t<button class=\"toggle\" aria-label=\"Umschalten\"><i class=\"icon-angle-down\" aria-hidden=\"true\"><\/i><\/button>\n\t\t\t<span>Was sind einige h\u00e4ufige Probleme und Tipps zur Fehlerbehebung im 3D-Druck?<\/span>\n\t\t<\/a>\n\t\t<div id=\"accordion-1992774313-content\" class=\"accordion-inner\" aria-labelledby=\"accordion-1992774313-label\">\n\t\t\t\n\n<p><strong>Schlechte \u00dcberh\u00e4nge<\/strong>: Schlechte \u00dcberh\u00e4nge treten auf, wenn geneigte oder horizontale Fl\u00e4chen absacken oder durchh\u00e4ngen. Um dies zu beheben, verwenden Sie von der Slicer-Software bereitgestellte St\u00fctzstrukturen, reduzieren Sie die Druckgeschwindigkeit, um den Schichten Zeit zum Aush\u00e4rten zu geben, verbessern Sie die K\u00fchlung und erw\u00e4gen Sie die Verwendung von Brims oder Rafts f\u00fcr bessere Haftung und Unterst\u00fctzung. <\/p>\n<p><strong>Verstopfte D\u00fcse<\/strong>: D\u00fcsenverstopfungen entstehen durch Restfilamente, falsche R\u00fcckzugseinstellungen, Temperatur, Schmutz oder Staub. Um eine verstopfte D\u00fcse zu reinigen, erhitzen Sie sie auf die empfohlene Filamenttemperatur, extrudieren Sie das Filament, \u00fcberpr\u00fcfen Sie mit einer Taschenlampe auf Schmutz und verwenden Sie die Kaltzugtechnik mit einem andersfarbigen Filament, bis sie sauber ist. <\/p>\n<p><strong>Erste Schicht Haftung<\/strong>: Eine ordnungsgem\u00e4\u00dfe Haftung der ersten Schicht verhindert Druckfehler, Splittern und Verziehen. Erreichen Sie dies, indem Sie das Druckbett genau nivellieren, es reinigen, Klebstoffe wie Haarspray oder Klebestift verwenden, die D\u00fcsenh\u00f6he anpassen und die Drucktemperatur erh\u00f6hen, um eine bessere Haftung zu erzielen. <\/p>\n<p><strong>Stringing<\/strong>: Stringing wird durch niedrige R\u00fcckzugsgeschwindigkeit, unsachgem\u00e4\u00dfe K\u00fchlung, \u00fcberm\u00e4\u00dfige R\u00fcckzugsdistanz, Filamentdurchmessereinstellungen oder Slicer-Fehler verursacht. Reduzieren Sie Stringing, indem Sie die R\u00fcckzugseinstellungen und die D\u00fcsentemperatur anpassen, mehr L\u00fcfter verwenden, den Slicer und den Filamentdurchmesser kalibrieren und Slicer-Funktionen aktivieren, um Stringing zu reduzieren. <\/p>\n<p><strong>Verziehen<\/strong>: Verziehen umfasst angehobene oder verformte Druckecken aufgrund schlechter Betthaftung, fehlender Unterst\u00fctzung, thermischer Spannungen oder unzureichender K\u00fchlung. Verhindern Sie Verziehen, indem Sie Haftungshilfen, ein Geh\u00e4use oder ein beheiztes Druckbett mit ordnungsgem\u00e4\u00dfer Nivellierung verwenden, Brims oder Rafts f\u00fcr Stabilit\u00e4t einsetzen, filamente mit geringem Verziehen w\u00e4hlen und die Druckgeschwindigkeit und Temperatur anpassen. <\/p>\n<p>Wenn Sie mehr dar\u00fcber erfahren m\u00f6chten, wie Sie 3D-Druckprobleme l\u00f6sen und beheben k\u00f6nnen, lesen Sie unseren Blog \u00fcber die <a href=\"https:\/\/azurefilm.com\/de\/2023\/10\/28\/5-haeufige-3d-druckprobleme-und-loesungen\/\" target=\"_blank\" rel=\"noopener\">5 h\u00e4ufigsten 3D-Druckprobleme und L\u00f6sungen.<\/a><\/p>\n\n\t\t<\/div>\n\t<\/div>\n\t\n\n<\/div>\n<div class=\"accordion\">\n\n\t<div id=\"accordion-3289834964\" class=\"accordion-item\">\n\t\t<a id=\"accordion-3289834964-label\" class=\"accordion-title plain\" href=\"#accordion-item-was-sind-die-durchmesser-unserer-spulen?\" aria-expanded=\"false\" aria-controls=\"accordion-3289834964-content\">\n\t\t\t<button class=\"toggle\" aria-label=\"Umschalten\"><i class=\"icon-angle-down\" aria-hidden=\"true\"><\/i><\/button>\n\t\t\t<span>Was sind die Durchmesser unserer Spulen?<\/span>\n\t\t<\/a>\n\t\t<div id=\"accordion-3289834964-content\" class=\"accordion-inner\" aria-labelledby=\"accordion-3289834964-label\">\n\t\t\t\n\n<p><span style=\"font-weight: 400;\">Wir bieten Filamente auf Spulen in verschiedenen Gr\u00f6\u00dfen mit folgenden Durchmessern an:<\/span><b><\/b><\/p>\n<ul>\n<li aria-level=\"1\"><b>300g Spule<\/b><\/li>\n<\/ul>\n<p><span style=\"font-weight: 400;\">49mm (B) x 130mm (H) x 53mm (Innendurchmesser)<\/span><b><\/b><\/p>\n<ul>\n<li aria-level=\"1\"><b>1kg Spule<\/b><\/li>\n<\/ul>\n<p><span style=\"font-weight: 400;\">63,40mm x 200mm x 60mm<\/span><b><\/b><\/p>\n<ul>\n<li aria-level=\"1\"><b>2,1kg Spule<\/b><\/li>\n<\/ul>\n<p><span style=\"font-weight: 400;\">110mm x 208mm x 55mm <\/span><b><\/b><\/p>\n<ul>\n<li aria-level=\"1\"><b>5kg Spule<\/b><\/li>\n<\/ul>\n<p><span style=\"font-weight: 400;\">150mm x 305mm x 50mm <\/span><b><\/b><\/p>\n<ul>\n<li aria-level=\"1\"><b>10kg Spule<\/b><\/li>\n<\/ul>\n<p><span style=\"font-weight: 400;\">230mm x 305mm x 50mm<\/span><\/p>\n\n\t\t<\/div>\n\t<\/div>\n\t\n\t<div id=\"accordion-1982736967\" class=\"accordion-item\">\n\t\t<a id=\"accordion-1982736967-label\" class=\"accordion-title plain\" href=\"#accordion-item-was-ist-eine-master-spool?\" aria-expanded=\"false\" aria-controls=\"accordion-1982736967-content\">\n\t\t\t<button class=\"toggle\" aria-label=\"Umschalten\"><i class=\"icon-angle-down\" aria-hidden=\"true\"><\/i><\/button>\n\t\t\t<span>Was ist eine Master Spool?<\/span>\n\t\t<\/a>\n\t\t<div id=\"accordion-1982736967-content\" class=\"accordion-inner\" aria-labelledby=\"accordion-1982736967-label\">\n\t\t\t\n\n<p><span style=\"font-weight: 400;\">Eine Master-Spule ist eine <\/span><b>wiederverwendbare Spule<\/b><span style=\"font-weight: 400;\">  die dazu dient, Filamentnachf\u00fcllungen zu halten. Anstatt Filament auf Einwegplastikspulen zu kaufen, k\u00f6nnen Benutzer Nachf\u00fcllfilamente kaufen, die in die Master-Spule eingesetzt werden k\u00f6nnen. Dies reduziert Plastikm\u00fcll und kann kosteng\u00fcnstiger sein.  <\/span><\/p>\n<p><span style=\"font-weight: 400;\">Wir  <\/span><span style=\"font-weight: 400;\">glauben, dass Nachf\u00fcllungen die Zukunft der 3D-Druckindustrie sind, und wir f\u00f6rdern ihre Nutzung nachdr\u00fccklich. Wir ermutigen Sie, sich mit   <\/span><a href=\"https:\/\/azurefilm.com\/de\/produkt\/azurefilm-master-spool-11-gratis\/\" target=\"_blank\" rel=\"noopener\"><b>AzureFilm\u2019s Master Spools<\/b><\/a><span style=\"font-weight: 400;\">  entsprechend Ihren Bed\u00fcrfnissen einzudecken und von regul\u00e4ren Spulen auf Nachf\u00fclloptionen umzusteigen. Unsere Master-Spule ist perfekt kompatibel mit unseren   <\/span><a href=\"https:\/\/azurefilm.com\/de\/produkt-kategorie\/refill-filamente\/\" target=\"_blank\" rel=\"noopener\"><b>Nachf\u00fcllfilamenten<\/b><\/a><span style=\"font-weight: 400;\">.<\/span><\/p>\n<p><span style=\"font-weight: 400;\">Die Durchmesser der AzureFilm Master-Spule:<\/span> <span style=\"font-weight: 400;\">65mm x 200mm x 55mm<\/span><\/p>\n\n\t\t<\/div>\n\t<\/div>\n\t\n\n<\/div>\n\n\t\t<\/div>\n\t\t\t\t\t<\/div>\n\n\t\n\n<\/div>\n\n\t\t<\/div>\n\n\t\t\n<style>\n#section_1866358223 {\n  padding-top: 30px;\n  padding-bottom: 30px;\n}\n<\/style>\n\t<\/section>\n\t\n","protected":false},"excerpt":{"rendered":"","protected":false},"author":1,"featured_media":0,"parent":0,"menu_order":0,"comment_status":"closed","ping_status":"closed","template":"","meta":{"_acf_changed":false,"footnotes":""},"class_list":["post-48663","page","type-page","status-publish","hentry"],"acf":[],"_links":{"self":[{"href":"https:\/\/azurefilm.com\/de\/wp-json\/wp\/v2\/pages\/48663","targetHints":{"allow":["GET"]}}],"collection":[{"href":"https:\/\/azurefilm.com\/de\/wp-json\/wp\/v2\/pages"}],"about":[{"href":"https:\/\/azurefilm.com\/de\/wp-json\/wp\/v2\/types\/page"}],"author":[{"embeddable":true,"href":"https:\/\/azurefilm.com\/de\/wp-json\/wp\/v2\/users\/1"}],"replies":[{"embeddable":true,"href":"https:\/\/azurefilm.com\/de\/wp-json\/wp\/v2\/comments?post=48663"}],"version-history":[{"count":0,"href":"https:\/\/azurefilm.com\/de\/wp-json\/wp\/v2\/pages\/48663\/revisions"}],"wp:attachment":[{"href":"https:\/\/azurefilm.com\/de\/wp-json\/wp\/v2\/media?parent=48663"}],"curies":[{"name":"wp","href":"https:\/\/api.w.org\/{rel}","templated":true}]}}