
{"id":48746,"date":"2023-10-30T03:16:53","date_gmt":"2023-10-30T03:16:53","guid":{"rendered":"https:\/\/azurefilm.com\/unsere-dienstleistungen\/"},"modified":"2025-05-28T11:24:39","modified_gmt":"2025-05-28T11:24:39","slug":"unsere-dienstleistungen","status":"publish","type":"page","link":"https:\/\/azurefilm.com\/de\/unsere-dienstleistungen\/","title":{"rendered":"Unsere Dienstleistungen"},"content":{"rendered":"\n\t<section class=\"section pt-0\" id=\"section_600754076\">\n\t\t<div class=\"section-bg fill\" >\n\t\t\t\t\t\t\t\t\t\n\t\t\t\n\n\t\t<\/div>\n\n\t\t\n\n\t\t<div class=\"section-content relative\">\n\t\t\t\n<div class=\"row align-middle\"  id=\"row-775839670\">\n\n\t<div id=\"col-187421998\" class=\"col medium-7 small-12 large-6\"  >\n\t\t\t\t<div class=\"col-inner\"  >\n\t\t\t\n\t\t\t\n<h1 class=\"uppercase\">Unsere Dienstleistungen<\/h1>\n<p>Zus\u00e4tzlich zu einer breiten Palette verschiedener 3D-Filamenttypen und -farben bieten wir auch 3D-Drucker, Ersatzteile, Farben auf Anfrage, private Label-Optionen und vieles mehr an &#8211; all das macht AzureFilm zum richtigen Ort, um Ihre Tr\u00e4ume in eine 3D-Realit\u00e4t zu verwandeln!<\/p>\n\t\t<\/div>\n\t\t\t\t\n<style>\n#col-187421998 > .col-inner {\n  padding: 0px 0px 0px 0px;\n}\n@media (min-width:550px) {\n  #col-187421998 > .col-inner {\n    padding: 0px 50px 0px 0px;\n  }\n}\n<\/style>\n\t<\/div>\n\n\t\n\n\t<div id=\"col-835571545\" class=\"col medium-5 small-12 large-6\"  >\n\t\t\t\t<div class=\"col-inner\"  >\n\t\t\t\n\t\t\t\n\t<div class=\"img has-hover x md-x lg-x y md-y lg-y\" id=\"image_1480381855\">\n\t\t\t\t\t\t\t\t<div class=\"img-inner dark\" >\n\t\t\t<img loading=\"lazy\" decoding=\"async\" width=\"884\" height=\"453\" src=\"https:\/\/azurefilm.com\/wp-content\/uploads\/2023\/10\/Rectangle-227.png\" class=\"attachment-large size-large\" alt=\"\" srcset=\"https:\/\/azurefilm.com\/wp-content\/uploads\/2023\/10\/Rectangle-227.png 884w, https:\/\/azurefilm.com\/wp-content\/uploads\/2023\/10\/Rectangle-227-510x261.png 510w, https:\/\/azurefilm.com\/wp-content\/uploads\/2023\/10\/Rectangle-227-300x154.png 300w, https:\/\/azurefilm.com\/wp-content\/uploads\/2023\/10\/Rectangle-227-768x394.png 768w\" sizes=\"auto, (max-width: 884px) 100vw, 884px\" title=\"\">\t\t\t\t\t\t\n\t\t\t\t\t<\/div>\n\t\t\t\t\t\t\t\t\n<style>\n#image_1480381855 {\n  width: 100%;\n}\n<\/style>\n\t<\/div>\n\t\n\t\t<\/div>\n\t\t\t\t\t<\/div>\n\n\t\n<\/div>\n\t\t<\/div>\n\n\t\t\n<style>\n#section_600754076 {\n  padding-top: 30px;\n  padding-bottom: 30px;\n}\n<\/style>\n\t<\/section>\n\t\n\n\t<section class=\"section\" id=\"section_265083098\">\n\t\t<div class=\"section-bg fill\" >\n\t\t\t\t\t\t\t\t\t\n\t\t\t\n\n\t\t<\/div>\n\n\t\t\n\n\t\t<div class=\"section-content relative\">\n\t\t\t\n<div class=\"row align-equal our-services-list-row\"  id=\"row-1590151842\">\n\n\t<div id=\"col-1705589148\" class=\"col service-column medium-6 small-12 large-6\"  >\n\t\t\t\t<div class=\"col-inner box-shadow-2\"  >\n\t\t\t\n\t\t\t\n<div class=\"row align-middle\"  id=\"row-1748866026\">\n\n\t<div id=\"col-1329250182\" class=\"col pb-0 medium-4 small-12 large-4\"  >\n\t\t\t\t<div class=\"col-inner text-center\"  >\n\t\t\t\n\t\t\t\n\t<div class=\"img has-hover x md-x lg-x y md-y lg-y\" id=\"image_564052179\">\n\t\t\t\t\t\t\t\t<div class=\"img-inner dark\" >\n\t\t\t<img loading=\"lazy\" decoding=\"async\" width=\"1020\" height=\"1020\" src=\"https:\/\/azurefilm.com\/wp-content\/uploads\/2023\/10\/Manufacturing-1024x1024.jpeg\" class=\"attachment-large size-large\" alt=\"\" srcset=\"https:\/\/azurefilm.com\/wp-content\/uploads\/2023\/10\/Manufacturing-1024x1024.jpeg 1024w, https:\/\/azurefilm.com\/wp-content\/uploads\/2023\/10\/Manufacturing-274x274.jpeg 274w, https:\/\/azurefilm.com\/wp-content\/uploads\/2023\/10\/Manufacturing-100x100.jpeg 100w, https:\/\/azurefilm.com\/wp-content\/uploads\/2023\/10\/Manufacturing-510x510.jpeg 510w, https:\/\/azurefilm.com\/wp-content\/uploads\/2023\/10\/Manufacturing-300x300.jpeg 300w, https:\/\/azurefilm.com\/wp-content\/uploads\/2023\/10\/Manufacturing-150x150.jpeg 150w, https:\/\/azurefilm.com\/wp-content\/uploads\/2023\/10\/Manufacturing-768x768.jpeg 768w, https:\/\/azurefilm.com\/wp-content\/uploads\/2023\/10\/Manufacturing.jpeg 1200w\" sizes=\"auto, (max-width: 1020px) 100vw, 1020px\" title=\"\">\t\t\t\t\t\t\n\t\t\t\t\t<\/div>\n\t\t\t\t\t\t\t\t\n<style>\n#image_564052179 {\n  width: 60%;\n}\n@media (min-width:550px) {\n  #image_564052179 {\n    width: 100%;\n  }\n}\n<\/style>\n\t<\/div>\n\t\n\t\t<\/div>\n\t\t\t\t\t<\/div>\n\n\t\n\n\t<div id=\"col-1908595695\" class=\"col pb-0 medium-8 small-12 large-8\"  >\n\t\t\t\t<div class=\"col-inner\"  >\n\t\t\t\n\t\t\t\n<h2>Filamentherstellung<\/h2>\n<p>Als f\u00fchrender Hersteller von 3D-Druckfilamenten bieten wir hochwertige Filamente in verschiedenen Materialien und Farben an, die au\u00dfergew\u00f6hnliche Leistung und beeindruckende Ergebnisse f\u00fcr Ihre 3D-Druckprojekte gew\u00e4hrleisten.<\/p>\n\t\t<\/div>\n\t\t\t\t\t<\/div>\n\n\t\n<\/div>\n\t\t<\/div>\n\t\t\t\t\n<style>\n#col-1705589148 > .col-inner {\n  padding: 20px 20px 0px 20px;\n}\n<\/style>\n\t<\/div>\n\n\t\n\n\t<div id=\"col-1030431581\" class=\"col service-column medium-6 small-12 large-6\"  >\n\t\t\t\t<div class=\"col-inner box-shadow-2\"  >\n\t\t\t\n\t\t\t\n<div class=\"row align-middle\"  id=\"row-866400783\">\n\n\t<div id=\"col-1942395585\" class=\"col pb-0 medium-4 small-12 large-4\"  >\n\t\t\t\t<div class=\"col-inner text-center\"  >\n\t\t\t\n\t\t\t\n\t<div class=\"img has-hover x md-x lg-x y md-y lg-y\" id=\"image_1149253800\">\n\t\t\t\t\t\t\t\t<div class=\"img-inner dark\" >\n\t\t\t<img loading=\"lazy\" decoding=\"async\" width=\"1020\" height=\"1020\" src=\"https:\/\/azurefilm.com\/wp-content\/uploads\/2023\/10\/everything-1024x1024.jpeg\" class=\"attachment-large size-large\" alt=\"\" srcset=\"https:\/\/azurefilm.com\/wp-content\/uploads\/2023\/10\/everything-1024x1024.jpeg 1024w, https:\/\/azurefilm.com\/wp-content\/uploads\/2023\/10\/everything-274x274.jpeg 274w, https:\/\/azurefilm.com\/wp-content\/uploads\/2023\/10\/everything-100x100.jpeg 100w, https:\/\/azurefilm.com\/wp-content\/uploads\/2023\/10\/everything-510x510.jpeg 510w, https:\/\/azurefilm.com\/wp-content\/uploads\/2023\/10\/everything-300x300.jpeg 300w, https:\/\/azurefilm.com\/wp-content\/uploads\/2023\/10\/everything-150x150.jpeg 150w, https:\/\/azurefilm.com\/wp-content\/uploads\/2023\/10\/everything-768x768.jpeg 768w, https:\/\/azurefilm.com\/wp-content\/uploads\/2023\/10\/everything.jpeg 1200w\" sizes=\"auto, (max-width: 1020px) 100vw, 1020px\" title=\"\">\t\t\t\t\t\t\n\t\t\t\t\t<\/div>\n\t\t\t\t\t\t\t\t\n<style>\n#image_1149253800 {\n  width: 60%;\n}\n@media (min-width:550px) {\n  #image_1149253800 {\n    width: 100%;\n  }\n}\n<\/style>\n\t<\/div>\n\t\n\t\t<\/div>\n\t\t\t\t\t<\/div>\n\n\t\n\n\t<div id=\"col-1664951555\" class=\"col pb-0 medium-8 small-12 large-8\"  >\n\t\t\t\t<div class=\"col-inner\"  >\n\t\t\t\n\t\t\t\n<h2>Alles f\u00fcr den 3D-Druck an einem Ort<\/h2>\n<p>Wir bieten eine umfassende Auswahl an 3D-Druckprodukten, einschlie\u00dflich Filamenten, Druckern, Scannern, Ersatzteilen und Zubeh\u00f6r, und sind somit Ihr perfekter One-Stop-Shop f\u00fcr all Ihre 3D-Druckbed\u00fcrfnisse.<\/p>\n\t\t<\/div>\n\t\t\t\t\t<\/div>\n\n\t\n<\/div>\n\t\t<\/div>\n\t\t\t\t\n<style>\n#col-1030431581 > .col-inner {\n  padding: 20px 20px 0px 20px;\n}\n<\/style>\n\t<\/div>\n\n\t\n\n\t<div id=\"col-418487485\" class=\"col service-column medium-6 small-12 large-6\"  >\n\t\t\t\t<div class=\"col-inner box-shadow-2\"  >\n\t\t\t\n\t\t\t\n<div class=\"row align-middle\"  id=\"row-319547535\">\n\n\t<div id=\"col-888280818\" class=\"col pb-0 medium-4 small-12 large-4\"  >\n\t\t\t\t<div class=\"col-inner text-center\"  >\n\t\t\t\n\t\t\t\n\t<div class=\"img has-hover x md-x lg-x y md-y lg-y\" id=\"image_826034602\">\n\t\t\t\t\t\t\t\t<div class=\"img-inner dark\" >\n\t\t\t<img loading=\"lazy\" decoding=\"async\" width=\"1020\" height=\"1020\" src=\"https:\/\/azurefilm.com\/wp-content\/uploads\/2023\/10\/innovations-1024x1024.jpeg\" class=\"attachment-large size-large\" alt=\"\" srcset=\"https:\/\/azurefilm.com\/wp-content\/uploads\/2023\/10\/innovations-1024x1024.jpeg 1024w, https:\/\/azurefilm.com\/wp-content\/uploads\/2023\/10\/innovations-274x274.jpeg 274w, https:\/\/azurefilm.com\/wp-content\/uploads\/2023\/10\/innovations-100x100.jpeg 100w, https:\/\/azurefilm.com\/wp-content\/uploads\/2023\/10\/innovations-510x510.jpeg 510w, https:\/\/azurefilm.com\/wp-content\/uploads\/2023\/10\/innovations-300x300.jpeg 300w, https:\/\/azurefilm.com\/wp-content\/uploads\/2023\/10\/innovations-150x150.jpeg 150w, https:\/\/azurefilm.com\/wp-content\/uploads\/2023\/10\/innovations-768x768.jpeg 768w, https:\/\/azurefilm.com\/wp-content\/uploads\/2023\/10\/innovations.jpeg 1200w\" sizes=\"auto, (max-width: 1020px) 100vw, 1020px\" title=\"\">\t\t\t\t\t\t\n\t\t\t\t\t<\/div>\n\t\t\t\t\t\t\t\t\n<style>\n#image_826034602 {\n  width: 60%;\n}\n@media (min-width:550px) {\n  #image_826034602 {\n    width: 100%;\n  }\n}\n<\/style>\n\t<\/div>\n\t\n\t\t<\/div>\n\t\t\t\t\t<\/div>\n\n\t\n\n\t<div id=\"col-873958220\" class=\"col pb-0 medium-8 small-12 large-8\"  >\n\t\t\t\t<div class=\"col-inner\"  >\n\t\t\t\n\t\t\t\n<h2>Innovationen<\/h2>\n<p>Wir erkunden kontinuierlich neue Technologien, Materialien und Techniken, um Ihnen die neuesten Fortschritte im 3D-Druck zu bieten und die bestm\u00f6gliche Auswahl und Qualit\u00e4t unserer Produkte sicherzustellen.<\/p>\n\t\t<\/div>\n\t\t\t\t\t<\/div>\n\n\t\n<\/div>\n\t\t<\/div>\n\t\t\t\t\n<style>\n#col-418487485 > .col-inner {\n  padding: 20px 20px 0px 20px;\n}\n<\/style>\n\t<\/div>\n\n\t\n\n\t<div id=\"col-61015370\" class=\"col service-column medium-6 small-12 large-6\"  >\n\t\t\t\t<div class=\"col-inner box-shadow-2\"  >\n\t\t\t\n\t\t\t\n<div class=\"row align-middle\"  id=\"row-502601393\">\n\n\t<div id=\"col-632752935\" class=\"col pb-0 medium-4 small-12 large-4\"  >\n\t\t\t\t<div class=\"col-inner text-center\"  >\n\t\t\t\n\t\t\t\n\t<div class=\"img has-hover x md-x lg-x y md-y lg-y\" id=\"image_1877957600\">\n\t\t\t\t\t\t\t\t<div class=\"img-inner dark\" >\n\t\t\t<img loading=\"lazy\" decoding=\"async\" width=\"1020\" height=\"1020\" src=\"https:\/\/azurefilm.com\/wp-content\/uploads\/2023\/10\/Private-Label-win-1024x1024.jpeg\" class=\"attachment-large size-large\" alt=\"\" srcset=\"https:\/\/azurefilm.com\/wp-content\/uploads\/2023\/10\/Private-Label-win-1024x1024.jpeg 1024w, https:\/\/azurefilm.com\/wp-content\/uploads\/2023\/10\/Private-Label-win-274x274.jpeg 274w, https:\/\/azurefilm.com\/wp-content\/uploads\/2023\/10\/Private-Label-win-100x100.jpeg 100w, https:\/\/azurefilm.com\/wp-content\/uploads\/2023\/10\/Private-Label-win-510x510.jpeg 510w, https:\/\/azurefilm.com\/wp-content\/uploads\/2023\/10\/Private-Label-win-300x300.jpeg 300w, https:\/\/azurefilm.com\/wp-content\/uploads\/2023\/10\/Private-Label-win-150x150.jpeg 150w, https:\/\/azurefilm.com\/wp-content\/uploads\/2023\/10\/Private-Label-win-768x768.jpeg 768w, https:\/\/azurefilm.com\/wp-content\/uploads\/2023\/10\/Private-Label-win.jpeg 1200w\" sizes=\"auto, (max-width: 1020px) 100vw, 1020px\" title=\"\">\t\t\t\t\t\t\n\t\t\t\t\t<\/div>\n\t\t\t\t\t\t\t\t\n<style>\n#image_1877957600 {\n  width: 60%;\n}\n@media (min-width:550px) {\n  #image_1877957600 {\n    width: 100%;\n  }\n}\n<\/style>\n\t<\/div>\n\t\n\t\t<\/div>\n\t\t\t\t\t<\/div>\n\n\t\n\n\t<div id=\"col-1515957007\" class=\"col pb-0 medium-8 small-12 large-8\"  >\n\t\t\t\t<div class=\"col-inner\"  >\n\t\t\t\n\t\t\t\n<h2>Private Label<\/h2>\n<p>Wir bieten Anpassungsoptionen, die es Ihnen erm\u00f6glichen, Ihre eigenen gebrandeten Filamente nach Ihren Spezifikationen zu erhalten.<\/p>\n\t\t<\/div>\n\t\t\t\t\t<\/div>\n\n\t\n<\/div>\n\t\t<\/div>\n\t\t\t\t\n<style>\n#col-61015370 > .col-inner {\n  padding: 20px 20px 0px 20px;\n}\n<\/style>\n\t<\/div>\n\n\t\n\n\t<div id=\"col-1842061934\" class=\"col service-column medium-6 small-12 large-6\"  >\n\t\t\t\t<div class=\"col-inner box-shadow-2\"  >\n\t\t\t\n\t\t\t\n<div class=\"row align-middle\"  id=\"row-1013784099\">\n\n\t<div id=\"col-263950158\" class=\"col pb-0 medium-4 small-12 large-4\"  >\n\t\t\t\t<div class=\"col-inner text-center\"  >\n\t\t\t\n\t\t\t\n\t<div class=\"img has-hover x md-x lg-x y md-y lg-y\" id=\"image_972408644\">\n\t\t\t\t\t\t\t\t<div class=\"img-inner dark\" >\n\t\t\t<img loading=\"lazy\" decoding=\"async\" width=\"1020\" height=\"1020\" src=\"https:\/\/azurefilm.com\/wp-content\/uploads\/2023\/10\/Color-win-1024x1024.jpeg\" class=\"attachment-large size-large\" alt=\"\" srcset=\"https:\/\/azurefilm.com\/wp-content\/uploads\/2023\/10\/Color-win-1024x1024.jpeg 1024w, https:\/\/azurefilm.com\/wp-content\/uploads\/2023\/10\/Color-win-274x274.jpeg 274w, https:\/\/azurefilm.com\/wp-content\/uploads\/2023\/10\/Color-win-100x100.jpeg 100w, https:\/\/azurefilm.com\/wp-content\/uploads\/2023\/10\/Color-win-510x510.jpeg 510w, https:\/\/azurefilm.com\/wp-content\/uploads\/2023\/10\/Color-win-300x300.jpeg 300w, https:\/\/azurefilm.com\/wp-content\/uploads\/2023\/10\/Color-win-150x150.jpeg 150w, https:\/\/azurefilm.com\/wp-content\/uploads\/2023\/10\/Color-win-768x768.jpeg 768w, https:\/\/azurefilm.com\/wp-content\/uploads\/2023\/10\/Color-win.jpeg 1200w\" sizes=\"auto, (max-width: 1020px) 100vw, 1020px\" title=\"\">\t\t\t\t\t\t\n\t\t\t\t\t<\/div>\n\t\t\t\t\t\t\t\t\n<style>\n#image_972408644 {\n  width: 60%;\n}\n@media (min-width:550px) {\n  #image_972408644 {\n    width: 100%;\n  }\n}\n<\/style>\n\t<\/div>\n\t\n\t\t<\/div>\n\t\t\t\t\t<\/div>\n\n\t\n\n\t<div id=\"col-1274135654\" class=\"col pb-0 medium-8 small-12 large-8\"  >\n\t\t\t\t<div class=\"col-inner\"  >\n\t\t\t\n\t\t\t\n<h2>Farbe auf Anfrage<\/h2>\n<p>Entfesseln Sie Ihre Kreativit\u00e4t und passen Sie Ihre Filamente an Ihre genauen Farbvorlieben an.<\/p>\n\t\t<\/div>\n\t\t\t\t\t<\/div>\n\n\t\n<\/div>\n\t\t<\/div>\n\t\t\t\t\n<style>\n#col-1842061934 > .col-inner {\n  padding: 20px 20px 0px 20px;\n}\n<\/style>\n\t<\/div>\n\n\t\n\n\t<div id=\"col-1380082601\" class=\"col service-column medium-6 small-12 large-6\"  >\n\t\t\t\t<div class=\"col-inner box-shadow-2\"  >\n\t\t\t\n\t\t\t\n<div class=\"row align-middle\"  id=\"row-312157646\">\n\n\t<div id=\"col-800509520\" class=\"col pb-0 medium-4 small-12 large-4\"  >\n\t\t\t\t<div class=\"col-inner text-center\"  >\n\t\t\t\n\t\t\t\n\t<div class=\"img has-hover x md-x lg-x y md-y lg-y\" id=\"image_1860734439\">\n\t\t\t\t\t\t\t\t<div class=\"img-inner dark\" >\n\t\t\t<img loading=\"lazy\" decoding=\"async\" width=\"1020\" height=\"1020\" src=\"https:\/\/azurefilm.com\/wp-content\/uploads\/2023\/10\/b2b-v2-win-1024x1024.jpeg\" class=\"attachment-large size-large\" alt=\"\" srcset=\"https:\/\/azurefilm.com\/wp-content\/uploads\/2023\/10\/b2b-v2-win-1024x1024.jpeg 1024w, https:\/\/azurefilm.com\/wp-content\/uploads\/2023\/10\/b2b-v2-win-274x274.jpeg 274w, https:\/\/azurefilm.com\/wp-content\/uploads\/2023\/10\/b2b-v2-win-100x100.jpeg 100w, https:\/\/azurefilm.com\/wp-content\/uploads\/2023\/10\/b2b-v2-win-510x510.jpeg 510w, https:\/\/azurefilm.com\/wp-content\/uploads\/2023\/10\/b2b-v2-win-300x300.jpeg 300w, https:\/\/azurefilm.com\/wp-content\/uploads\/2023\/10\/b2b-v2-win-150x150.jpeg 150w, https:\/\/azurefilm.com\/wp-content\/uploads\/2023\/10\/b2b-v2-win-768x768.jpeg 768w, https:\/\/azurefilm.com\/wp-content\/uploads\/2023\/10\/b2b-v2-win.jpeg 1200w\" sizes=\"auto, (max-width: 1020px) 100vw, 1020px\" title=\"\">\t\t\t\t\t\t\n\t\t\t\t\t<\/div>\n\t\t\t\t\t\t\t\t\n<style>\n#image_1860734439 {\n  width: 60%;\n}\n@media (min-width:550px) {\n  #image_1860734439 {\n    width: 100%;\n  }\n}\n<\/style>\n\t<\/div>\n\t\n\t\t<\/div>\n\t\t\t\t\t<\/div>\n\n\t\n\n\t<div id=\"col-1645271473\" class=\"col pb-0 medium-8 small-12 large-8\"  >\n\t\t\t\t<div class=\"col-inner\"  >\n\t\t\t\n\t\t\t\n<h2>Komplette B2B-Unterst\u00fctzung<\/h2>\n<p>Wir verstehen die einzigartigen Bed\u00fcrfnisse von Unternehmen in der 3D-Druckindustrie und bieten dedizierte Dienstleistungen wie Gro\u00dfbestellungen, ma\u00dfgeschneiderte L\u00f6sungen, innovative Produkte, zuverl\u00e4ssigen technischen Support und Marketinginhalte, um Ihren Erfolg auf dem Markt sicherzustellen.<\/p>\n\t\t<\/div>\n\t\t\t\t\t<\/div>\n\n\t\n<\/div>\n\t\t<\/div>\n\t\t\t\t\n<style>\n#col-1380082601 > .col-inner {\n  padding: 20px 20px 0px 20px;\n}\n<\/style>\n\t<\/div>\n\n\t\n\n<style>\n#row-1590151842 > .col > .col-inner {\n  padding: 2em 1em 2em 1em;\n}\n<\/style>\n<\/div>\n\t\t<\/div>\n\n\t\t\n<style>\n#section_265083098 {\n  padding-top: 30px;\n  padding-bottom: 30px;\n}\n<\/style>\n\t<\/section>\n\t\n\n\t<section class=\"section\" id=\"section_1991993022\">\n\t\t<div class=\"section-bg fill\" >\n\t\t\t\t\t\t\t\t\t\n\t\t\t\n\n\t\t<\/div>\n\n\t\t\n\n\t\t<div class=\"section-content relative\">\n\t\t\t\n<div class=\"row\"  id=\"row-482942384\">\n\n\t<div id=\"col-1078407569\" class=\"col small-12 large-12\"  >\n\t\t\t\t<div class=\"col-inner\"  >\n\t\t\t\n\t\t\t\n<h3>Kontaktieren Sie uns<\/h3>\n\t\t<\/div>\n\t\t\t\t\t<\/div>\n\n\t\n\n\t<div id=\"col-1846716685\" class=\"col small-12 large-12\"  >\n\t\t\t\t<div class=\"col-inner\"  >\n\t\t\t\n\t\t\t\n\n<div class=\"wpcf7 no-js\" id=\"wpcf7-f54575-o1\" lang=\"de-DE\" dir=\"ltr\" data-wpcf7-id=\"54575\">\n<div class=\"screen-reader-response\"><p role=\"status\" aria-live=\"polite\" aria-atomic=\"true\"><\/p> <ul><\/ul><\/div>\n<form action=\"\/de\/wp-json\/wp\/v2\/pages\/48746#wpcf7-f54575-o1\" method=\"post\" class=\"wpcf7-form init\" aria-label=\"Kontaktformular\" enctype=\"multipart\/form-data\" novalidate=\"novalidate\" data-status=\"init\">\n<fieldset class=\"hidden-fields-container\"><input type=\"hidden\" name=\"_wpcf7\" value=\"54575\" \/><input type=\"hidden\" name=\"_wpcf7_version\" value=\"6.1.5\" \/><input type=\"hidden\" name=\"_wpcf7_locale\" value=\"de_DE\" \/><input type=\"hidden\" name=\"_wpcf7_unit_tag\" value=\"wpcf7-f54575-o1\" \/><input type=\"hidden\" name=\"_wpcf7_container_post\" value=\"0\" \/><input type=\"hidden\" name=\"_wpcf7_posted_data_hash\" value=\"\" \/>\n<\/fieldset>\n<div class=\"wpcf7-turnstile cf-turnstile\" data-sitekey=\"0x4AAAAAAB5R05neHM8iS1aG\" data-response-field-name=\"_wpcf7_turnstile_response\"><\/div>\n\n<div class=\"contact-us-form\">\n\t<div class=\"contact-content\">\n\t\t<p><label><br \/>\n<span class=\"wpcf7-form-control-wrap\" data-name=\"your-name\"><input size=\"40\" maxlength=\"400\" class=\"wpcf7-form-control wpcf7-text wpcf7-validates-as-required\" aria-required=\"true\" aria-invalid=\"false\" placeholder=\"Name*\" value=\"\" type=\"text\" name=\"your-name\" \/><\/span> <\/label>\n\t\t<\/p>\n\t\t<p><label><br \/>\n<span class=\"wpcf7-form-control-wrap\" data-name=\"your-email\"><input size=\"40\" maxlength=\"400\" class=\"wpcf7-form-control wpcf7-email wpcf7-validates-as-required wpcf7-text wpcf7-validates-as-email\" aria-required=\"true\" aria-invalid=\"false\" placeholder=\"E-mail*\" value=\"\" type=\"email\" name=\"your-email\" \/><\/span> <\/label>\n\t\t<\/p>\n\t\t<p><label><br \/>\n<span class=\"wpcf7-form-control-wrap\" data-name=\"text-223\"><input size=\"40\" maxlength=\"400\" class=\"wpcf7-form-control wpcf7-text wpcf7-validates-as-required\" aria-required=\"true\" aria-invalid=\"false\" placeholder=\"Betreff*\" value=\"\" type=\"text\" name=\"text-223\" \/><\/span><\/label>\n\t\t<\/p>\n\t<\/div>\n\t<div class=\"contact-text\">\n\t\t<p><label><br \/>\n<span class=\"wpcf7-form-control-wrap\" data-name=\"your-message\"><textarea cols=\"40\" rows=\"10\" maxlength=\"2000\" class=\"wpcf7-form-control wpcf7-textarea wpcf7-validates-as-required\" aria-required=\"true\" aria-invalid=\"false\" placeholder=\"Meine Frage*\" name=\"your-message\"><\/textarea><\/span> <\/label>\n\t\t<\/p>\n\t<\/div>\n\t<div class=\"file-upload-container\">\n\t\t<p><span class=\"wpcf7-form-control-wrap\" data-name=\"file-464\"><input size=\"40\" class=\"wpcf7-form-control wpcf7-file hidden\" id=\"upload-button\" accept=\"audio\/*,video\/*,image\/*\" aria-invalid=\"false\" type=\"file\" name=\"file-464\" \/><\/span><br \/>\n<label class=\"upload-button-label button secondary is-outline\" for=\"upload-button\">Datei ausw\u00e4hlen<\/label><br \/>\n<span id=\"file-chosen\"><\/span>\n\t\t<\/p>\n\t<\/div>\n\t<p class=\"contact-form-notice\">Die Informationen, die Sie in diesem Kontaktformular angeben, werden ausschlie\u00dflich verwendet, um Ihre Frage zu beantworten. Wir respektieren Ihre Privatsph\u00e4re und werden Ihre Daten nicht f\u00fcr andere Zwecke verwenden oder an Dritte weitergeben.\n\t<\/p>\n<\/div>\n<div class=\"contact-us-button-container\">\n\t<p><input class=\"wpcf7-form-control wpcf7-submit has-spinner\" type=\"submit\" value=\"Meine Frage absenden\" \/>\n\t<\/p>\n<\/div><div class=\"wpcf7-response-output\" aria-hidden=\"true\"><\/div>\n<\/form>\n<\/div>\n\n\t\t<\/div>\n\t\t\t\t\t<\/div>\n\n\t\n<\/div>\n\t\t<\/div>\n\n\t\t\n<style>\n#section_1991993022 {\n  padding-top: 30px;\n  padding-bottom: 30px;\n}\n<\/style>\n\t<\/section>\n\t\n","protected":false},"excerpt":{"rendered":"","protected":false},"author":1,"featured_media":0,"parent":0,"menu_order":0,"comment_status":"closed","ping_status":"closed","template":"","meta":{"_acf_changed":false,"footnotes":""},"class_list":["post-48746","page","type-page","status-publish","hentry"],"acf":[],"_links":{"self":[{"href":"https:\/\/azurefilm.com\/de\/wp-json\/wp\/v2\/pages\/48746","targetHints":{"allow":["GET"]}}],"collection":[{"href":"https:\/\/azurefilm.com\/de\/wp-json\/wp\/v2\/pages"}],"about":[{"href":"https:\/\/azurefilm.com\/de\/wp-json\/wp\/v2\/types\/page"}],"author":[{"embeddable":true,"href":"https:\/\/azurefilm.com\/de\/wp-json\/wp\/v2\/users\/1"}],"replies":[{"embeddable":true,"href":"https:\/\/azurefilm.com\/de\/wp-json\/wp\/v2\/comments?post=48746"}],"version-history":[{"count":0,"href":"https:\/\/azurefilm.com\/de\/wp-json\/wp\/v2\/pages\/48746\/revisions"}],"wp:attachment":[{"href":"https:\/\/azurefilm.com\/de\/wp-json\/wp\/v2\/media?parent=48746"}],"curies":[{"name":"wp","href":"https:\/\/api.w.org\/{rel}","templated":true}]}}