
{"id":48777,"date":"2024-06-11T12:04:55","date_gmt":"2024-06-11T12:04:55","guid":{"rendered":"https:\/\/azurefilm.com\/preisausschreiben\/"},"modified":"2024-10-23T10:15:02","modified_gmt":"2024-10-23T10:15:02","slug":"preisausschreiben","status":"publish","type":"page","link":"https:\/\/azurefilm.com\/de\/preisausschreiben\/","title":{"rendered":"Preisausschreiben"},"content":{"rendered":"\n\t<section class=\"section\" id=\"section_1668220471\">\n\t\t<div class=\"section-bg fill\" >\n\t\t\t\t\t\t\t\t\t\n\t\t\t\n\n\t\t<\/div>\n\n\t\t\n\n\t\t<div class=\"section-content relative\">\n\t\t\t\n<div class=\"row\"  id=\"row-68880709\">\n\n\t<div id=\"col-760066025\" class=\"col small-12 large-12\"  >\n\t\t\t\t<div class=\"col-inner\"  >\n\t\t\t\n\t\t\t\n<h1>Preisausschreiben<\/h1>\n\t<div id=\"gap-899123715\" class=\"gap-element clearfix\" style=\"display:block; height:auto;\">\n\t\t\n<style>\n#gap-899123715 {\n  padding-top: 50px;\n}\n<\/style>\n\t<\/div>\n\t\n<h2>Teilnahmemethoden<\/h2>\n<p>Teilnahmemethoden werden in jeder Gewinnspielank\u00fcndigung auf unseren offiziellen Facebook- und Instagram-Seiten angegeben. Einsendungen werden nur \u00fcber die im Gewinnspielbeitrag angegebene Social-Media-Plattform akzeptiert. <\/p>\n<h2>Preise<\/h2>\n<p>Preise sind nicht \u00fcbertragbar oder gegen andere Artikel austauschbar. Preise k\u00f6nnen nicht gegen Bargeld oder einen anderen Geldwert eingetauscht werden. Wir behalten uns das Recht vor, jeden Preis ohne vorherige Ank\u00fcndigung durch einen anderen von gleichem Wert zu ersetzen.  <\/p>\n<h2>Gewinnerauswahl<\/h2>\n<p>Die Gewinner werden durch ein zuf\u00e4lliges Ziehungsverfahren aus allen berechtigten Einsendungen ausgew\u00e4hlt.<\/p>\n<h2>Benachrichtigung<\/h2>\n<p>Die Gewinner werden durch Markierung in unserer Story oder im Kommentarbereich des Gewinnspielbeitrags auf der jeweiligen Social-Media-Plattform benachrichtigt. Gewinner m\u00fcssen innerhalb von 7 Tagen nach der Benachrichtigung antworten, um ihren Preis zu beanspruchen. Wenn innerhalb dieses Zeitraums keine Antwort eingeht, kann ein neuer Gewinner ausgew\u00e4hlt werden.  <\/p>\n<h2>Teilnahmeberechtigung<\/h2>\n<p>Das Gewinnspiel steht nur Einwohnern der Europ\u00e4ischen Union offen. Teilnehmer m\u00fcssen zum Zeitpunkt der Teilnahme mindestens 18 Jahre alt sein. Ein Nachweis des Wohnsitzes und des Alters kann erforderlich sein, um einen Preis zu beanspruchen.  <\/p>\n<h2>Datenerfassung<\/h2>\n<p>Wir sammeln allgemeine Informationen (Name, Nachname, Adresse, Postleitzahl, Land, E-Mail und Telefonnummer) ausschlie\u00dflich zum Zweck der Zustellung des Preises an die Gewinner. Pers\u00f6nliche Informationen werden gem\u00e4\u00df unserer Datenschutzrichtlinie behandelt und ohne die Zustimmung des Teilnehmers nicht f\u00fcr andere Zwecke verwendet. <\/p>\n<h2>\u00c4nderungen der Bedingungen<\/h2>\n<p>AzureFilm beh\u00e4lt sich das Recht vor, die Bedingungen des Gewinnspiels jederzeit ohne vorherige Ank\u00fcndigung zu \u00e4ndern. Durch die Teilnahme am Gewinnspiel erkl\u00e4ren sich die Teilnehmer mit diesen Bedingungen und allen daran vorgenommenen \u00c4nderungen einverstanden. <\/p>\n<h2>Kontaktinformationen<\/h2>\n<p>F\u00fcr weitere Informationen oder Fragen zum Gewinnspiel k\u00f6nnen Teilnehmer uns unter <a href=\"mailto:info@azurefilm.com\">info@azurefilm.com<\/a> kontaktieren.<\/p>\n\t\t<\/div>\n\t\t\t\t\t<\/div>\n\n\t\n<\/div>\n\t\t<\/div>\n\n\t\t\n<style>\n#section_1668220471 {\n  padding-top: 30px;\n  padding-bottom: 30px;\n}\n<\/style>\n\t<\/section>\n\t\n","protected":false},"excerpt":{"rendered":"","protected":false},"author":1,"featured_media":0,"parent":0,"menu_order":0,"comment_status":"closed","ping_status":"closed","template":"","meta":{"_acf_changed":false,"footnotes":""},"class_list":["post-48777","page","type-page","status-publish","hentry"],"acf":[],"_links":{"self":[{"href":"https:\/\/azurefilm.com\/de\/wp-json\/wp\/v2\/pages\/48777","targetHints":{"allow":["GET"]}}],"collection":[{"href":"https:\/\/azurefilm.com\/de\/wp-json\/wp\/v2\/pages"}],"about":[{"href":"https:\/\/azurefilm.com\/de\/wp-json\/wp\/v2\/types\/page"}],"author":[{"embeddable":true,"href":"https:\/\/azurefilm.com\/de\/wp-json\/wp\/v2\/users\/1"}],"replies":[{"embeddable":true,"href":"https:\/\/azurefilm.com\/de\/wp-json\/wp\/v2\/comments?post=48777"}],"version-history":[{"count":0,"href":"https:\/\/azurefilm.com\/de\/wp-json\/wp\/v2\/pages\/48777\/revisions"}],"wp:attachment":[{"href":"https:\/\/azurefilm.com\/de\/wp-json\/wp\/v2\/media?parent=48777"}],"curies":[{"name":"wp","href":"https:\/\/api.w.org\/{rel}","templated":true}]}}