
{"id":48797,"date":"2024-10-16T10:40:20","date_gmt":"2024-10-16T10:40:20","guid":{"rendered":"https:\/\/azurefilm.com\/gewinne-einen-neuen-drucker\/"},"modified":"2024-10-16T10:40:20","modified_gmt":"2024-10-16T10:40:20","slug":"gewinne-einen-neuen-drucker","status":"publish","type":"page","link":"https:\/\/azurefilm.com\/de\/gewinne-einen-neuen-drucker\/","title":{"rendered":"Gewinne einen neuen Drucker"},"content":{"rendered":"<h1><\/h1>\n<h1><strong>Teilnahmebedingungen f\u00fcr &#8220;Umfrage ausf\u00fcllen  einen neuen Drucker gewinnen&#8221;<\/strong><\/h1>\n<ol>\n<li>\n<h4><strong>Veranstalter<br \/>\n<\/strong><\/h4>\n<p>Das Gewinnspiel wird von AzureFilm organisiert.<\/li>\n<li>\n<h4><strong>Teilnahmeberechtigung<\/strong><\/h4>\n<p>Das Gewinnspiel steht Personen offen, die in der Europ\u00e4ischen Union (EU) ans\u00e4ssig sind. Der Preis kann nur an Adressen innerhalb der EU versendet werden. <\/li>\n<li>\n<h4><strong>Teilnahmezeitraum<\/strong><\/h4>\n<p>Das Gewinnspiel beginnt am <strong>16. Oktober 2024<\/strong> und endet am <strong>15. November 2024 um 12:00 Uhr (Mittag)<\/strong>. Einsendungen, die nach diesem Zeitpunkt eingehen, werden nicht ber\u00fccksichtigt. <\/li>\n<li>\n<h4><strong>Teilnahme<\/strong><\/h4>\n<p>Um teilzunehmen, <strong><a href=\"https:\/\/docs.google.com\/forms\/d\/e\/1FAIpQLSeWPeU-B95g-Bgy9Lv7nLZr_lC90aqjGpb886wFXJuoD_2buw\/viewform?usp=sf_link\" target=\"_blank\" rel=\"noopener\">f\u00fcllen Sie die Umfrage aus<\/a><\/strong> und geben Sie eine g\u00fcltige E-Mail-Adresse an. Jeder Teilnehmer wird automatisch nach der Einsendung in das Gewinnspiel aufgenommen. <\/li>\n<li>\n<h4><strong>Preis<\/strong><\/h4>\n<p>Ein gl\u00fccklicher Gewinner erh\u00e4lt einen <strong>Creality Ender 3 V3 SE<\/strong> und ein <strong>PETG 3-Pack Basic<\/strong>.<\/li>\n<li>\n<h4><strong>Gewinnerauswahl<\/strong><\/h4>\n<p>Der Gewinner wird zuf\u00e4llig aus allen teilnahmeberechtigten Einsendungen ausgew\u00e4hlt. Die Ziehung findet am <strong>15. November 2024 um 12:00 Uhr<\/strong> statt. <\/li>\n<li>\n<h4><strong>Benachrichtigung des Gewinners<\/strong><\/h4>\n<p>Der Gewinner wird innerhalb von <strong>3 Arbeitstagen<\/strong> nach der Ziehung per E-Mail benachrichtigt. Wenn der Gewinner nicht innerhalb von <strong>2 Arbeitstagen<\/strong> antwortet, wird ein neuer Gewinner ausgew\u00e4hlt. <\/li>\n<li>\n<h4><strong>Preis\u00fcbergabe<\/strong><\/h4>\n<p>Der Preis wird dem Gewinner kostenlos zugeschickt, jedoch nur an eine Adresse innerhalb der Europ\u00e4ischen Union. Die Versanddetails werden per E-Mail nach Best\u00e4tigung des Gewinners koordiniert. <\/li>\n<li>\n<h4><strong>Datenschutz<\/strong><\/h4>\n<p>Teilnehmer m\u00fcssen eine g\u00fcltige E-Mail-Adresse angeben, um am Gewinnspiel teilzunehmen. Alle gesammelten personenbezogenen Daten, einschlie\u00dflich E-Mail-Adressen, werden ausschlie\u00dflich zum Zweck der Durchf\u00fchrung des Gewinnspiels verwendet und nicht an Dritte weitergegeben. Durch die \u00dcbermittlung Ihrer E-Mail-Adresse stimmen Sie auch dem Erhalt von Werbeinhalten von AzureFilm zu. Sie k\u00f6nnen sich jederzeit abmelden.   <\/li>\n<li>\n<h4><strong>Allgemeine Bedingungen<\/strong><\/h4>\n<p>AzureFilm beh\u00e4lt sich das Recht vor, das Gewinnspiel jederzeit ohne vorherige Ank\u00fcndigung zu stornieren oder zu \u00e4ndern. Die Entscheidung des Veranstalters ist endg\u00fcltig und bindend. <\/li>\n<\/ol>\n<p><strong><a href=\"https:\/\/docs.google.com\/forms\/d\/e\/1FAIpQLSeWPeU-B95g-Bgy9Lv7nLZr_lC90aqjGpb886wFXJuoD_2buw\/viewform?usp=sf_link\" target=\"_blank\" rel=\"noopener\">Link zur Umfrage<\/a><\/strong><\/p>\n","protected":false},"excerpt":{"rendered":"<p>Teilnahmebedingungen f\u00fcr &#8220;Umfrage ausf\u00fcllen einen neuen Drucker gewinnen&#8221; Veranstalter Das Gewinnspiel wird von AzureFilm organisiert. Teilnahmeberechtigung Das Gewinnspiel steht Personen offen, die in der Europ\u00e4ischen Union (EU) ans\u00e4ssig sind. Der Preis kann nur an Adressen innerhalb der EU versendet werden. Teilnahmezeitraum Das Gewinnspiel beginnt am 16. Oktober 2024 und endet am 15. November 2024 um [&#8230;]\n","protected":false},"author":11,"featured_media":0,"parent":0,"menu_order":0,"comment_status":"closed","ping_status":"closed","template":"","meta":{"_acf_changed":false,"footnotes":""},"class_list":["post-48797","page","type-page","status-publish","hentry"],"acf":[],"_links":{"self":[{"href":"https:\/\/azurefilm.com\/de\/wp-json\/wp\/v2\/pages\/48797","targetHints":{"allow":["GET"]}}],"collection":[{"href":"https:\/\/azurefilm.com\/de\/wp-json\/wp\/v2\/pages"}],"about":[{"href":"https:\/\/azurefilm.com\/de\/wp-json\/wp\/v2\/types\/page"}],"author":[{"embeddable":true,"href":"https:\/\/azurefilm.com\/de\/wp-json\/wp\/v2\/users\/11"}],"replies":[{"embeddable":true,"href":"https:\/\/azurefilm.com\/de\/wp-json\/wp\/v2\/comments?post=48797"}],"version-history":[{"count":0,"href":"https:\/\/azurefilm.com\/de\/wp-json\/wp\/v2\/pages\/48797\/revisions"}],"wp:attachment":[{"href":"https:\/\/azurefilm.com\/de\/wp-json\/wp\/v2\/media?parent=48797"}],"curies":[{"name":"wp","href":"https:\/\/api.w.org\/{rel}","templated":true}]}}