
{"id":52249,"date":"2023-10-30T03:44:57","date_gmt":"2023-10-30T03:44:57","guid":{"rendered":"https:\/\/azurefilm.com\/versand-und-ruecksendungen\/"},"modified":"2026-01-08T05:50:09","modified_gmt":"2026-01-08T05:50:09","slug":"versand-und-ruecksendungen","status":"publish","type":"page","link":"https:\/\/azurefilm.com\/de\/versand-und-ruecksendungen\/","title":{"rendered":"Versand und R\u00fccksendungen"},"content":{"rendered":"\n\t<section class=\"section pt-0\" id=\"section_362488280\">\n\t\t<div class=\"section-bg fill\" >\n\t\t\t\t\t\t\t\t\t\n\t\t\t\n\n\t\t<\/div>\n\n\t\t\n\n\t\t<div class=\"section-content relative\">\n\t\t\t\n<div class=\"row\"  id=\"row-2100675662\">\n\n\t<div id=\"col-1163021203\" class=\"col small-12 large-12\"  >\n\t\t\t\t<div class=\"col-inner\"  >\n\t\t\t\n\t\t\t\n<h1>VERSAND UND R\u00dcCKSENDUNGEN<\/h1>\n<p>Bei AzureFilm streben wir danach, ein nahtloses Einkaufserlebnis von Anfang bis Ende zu bieten. Mit unserer gro\u00dfen Auswahl an hochwertigen 3D-Druckprodukten, promptem Kundenservice und effizienter Auftragsabwicklung gehen wir die Extrameile, um Ihre Zufriedenheit sicherzustellen.<\/p>\n<p>Um den Prozess 100% klar zu machen, k\u00f6nnen Sie diese Seite durchst\u00f6bern und unsere Versandoptionen und den R\u00fccksendeprozess erkunden.<\/p>\n<p>Jetzt k\u00f6nnen Sie sich einfach zur\u00fccklehnen und entspannen, w\u00e4hrend wir uns um die Logistik k\u00fcmmern! \ud83d\ude42<\/p>\n<div class=\"row row-large align-equal off-bg-image-row\"  id=\"row-233335275\">\n\n\t<div id=\"col-263791235\" class=\"col pb-0 off-bg-image-col shipping-link-anchor medium-5 small-12 large-5\"  >\n\t\t\t\t<div class=\"col-inner\" style=\"background-color:rgb(26, 28, 28);\" >\n\t\t\t\n\t\t\t\n<div class=\"row row-small align-middle align-center\"  id=\"row-476368140\">\n\n\t<div id=\"col-1916920390\" class=\"col pb-0 medium-4 small-12 large-4\"  >\n\t\t\t\t<div class=\"col-inner text-center\"  >\n\t\t\t\n\t\t\t\n\t<div class=\"img has-hover shipping-link-anchor x md-x lg-x y md-y lg-y\" id=\"image_352854913\">\n\t\t\t\t\t\t\t\t<div class=\"img-inner dark\" >\n\t\t\t<img loading=\"lazy\" decoding=\"async\" width=\"1\" height=\"1\" src=\"https:\/\/azurefilm.com\/wp-content\/uploads\/2023\/10\/delivery-1.svg\" class=\"attachment-large size-large\" alt=\"\" title=\"\">\t\t\t\t\t\t\n\t\t\t\t\t<\/div>\n\t\t\t\t\t\t\t\t\n<style>\n#image_352854913 {\n  width: 60%;\n}\n@media (min-width:550px) {\n  #image_352854913 {\n    width: 100%;\n  }\n}\n<\/style>\n\t<\/div>\n\t\n\t\t<\/div>\n\t\t\t\t\n<style>\n#col-1916920390 > .col-inner {\n  margin: 0px 0px 0px 0px;\n}\n<\/style>\n\t<\/div>\n\n\t\n\n\t<div id=\"col-862730187\" class=\"col pb-0 medium-8 small-12 large-8\"  >\n\t\t\t\t<div class=\"col-inner dark\"  >\n\t\t\t\n\t\t\t\n\t\t<div class=\"off-bg-image-text\">\n\t\t\t\t\n<h3>Versand<\/h3>\n<p>Wir bieten schnellen und zuverl\u00e4ssigen Versand in ganz Europa. Die Versandkosten und Lieferzeiten variieren von Land zu Land. Unser engagiertes Team sorgt daf\u00fcr, dass Ihre Bestellungen sorgf\u00e4ltig verpackt und so schnell wie m\u00f6glich versandt werden. Sie k\u00f6nnen Ihre Sendung hier verfolgen, um \u00fcber den Fortschritt informiert zu bleiben.<br \/>\n\t\t<\/div>\n\t\n\t\t<\/div>\n\t\t\t\t\n<style>\n#col-862730187 > .col-inner {\n  padding: 1em 1em 1em 1em;\n}\n<\/style>\n\t<\/div>\n\n\t\n<\/div>\n\t\t<\/div>\n\t\t\t\t\n<style>\n#col-263791235 > .col-inner {\n  padding: 1em 0px 1em 0px;\n}\n@media (min-width:550px) {\n  #col-263791235 > .col-inner {\n    padding: 2em 0px 2em 0px;\n  }\n}\n<\/style>\n\t<\/div>\n\n\t\n\n\t<div id=\"col-284613155\" class=\"col pb-0 off-bg-image-col returns-link-anchor medium-5 small-12 large-5\"  >\n\t\t\t\t<div class=\"col-inner\" style=\"background-color:rgb(12, 40, 75);\" >\n\t\t\t\n\t\t\t\n<div class=\"row row-small align-middle align-center\"  id=\"row-32981863\">\n\n\t<div id=\"col-263372143\" class=\"col pb-0 medium-4 small-12 large-4\"  >\n\t\t\t\t<div class=\"col-inner text-center\"  >\n\t\t\t\n\t\t\t\n\t<div class=\"img has-hover returns-link-anchor x md-x lg-x y md-y lg-y\" id=\"image_1770135352\">\n\t\t\t\t\t\t\t\t<div class=\"img-inner dark\" >\n\t\t\t<img loading=\"lazy\" decoding=\"async\" width=\"1\" height=\"1\" src=\"https:\/\/azurefilm.com\/wp-content\/uploads\/2023\/10\/returns-1.svg\" class=\"attachment-large size-large\" alt=\"\" title=\"\">\t\t\t\t\t\t\n\t\t\t\t\t<\/div>\n\t\t\t\t\t\t\t\t\n<style>\n#image_1770135352 {\n  width: 60%;\n}\n@media (min-width:550px) {\n  #image_1770135352 {\n    width: 100%;\n  }\n}\n<\/style>\n\t<\/div>\n\t\n\t\t<\/div>\n\t\t\t\t\n<style>\n#col-263372143 > .col-inner {\n  margin: 0px 0px 0px 0px;\n}\n<\/style>\n\t<\/div>\n\n\t\n\n\t<div id=\"col-907948812\" class=\"col pb-0 medium-8 small-12 large-8\"  >\n\t\t\t\t<div class=\"col-inner dark\"  >\n\t\t\t\n\t\t\t\n\t\t<div class=\"off-bg-image-text\">\n\t\t\t\t\n<h3>R\u00fccksendungen<\/h3>\n<p>Wir m\u00f6chten, dass Sie mit Ihrem Kauf vollkommen zufrieden sind. Wenn Sie aus irgendeinem Grund mit Ihrer Bestellung nicht zufrieden sind, kein Problem! Sie k\u00f6nnen bestellte Produkte innerhalb von 14 Tagen nach der Lieferung widerrufen.<br \/>\n\t\t<\/div>\n\t\n\t\t<\/div>\n\t\t\t\t\n<style>\n#col-907948812 > .col-inner {\n  padding: 1em 1em 1em 1em;\n}\n<\/style>\n\t<\/div>\n\n\t\n<\/div>\n\t\t<\/div>\n\t\t\t\t\n<style>\n#col-284613155 > .col-inner {\n  padding: 1em 0px 1em 0px;\n}\n@media (min-width:550px) {\n  #col-284613155 > .col-inner {\n    padding: 2em 0px 2em 0px;\n  }\n}\n<\/style>\n\t<\/div>\n\n\t\n<\/div>\n\t\t<\/div>\n\t\t\t\t\t<\/div>\n\n\t\n<\/div>\n\t\t<\/div>\n\n\t\t\n<style>\n#section_362488280 {\n  padding-top: 0px;\n  padding-bottom: 0px;\n}\n<\/style>\n\t<\/section>\n\t\n\n\t<section class=\"section\" id=\"section_2141460329\">\n\t\t<div class=\"section-bg fill\" >\n\t\t\t\t\t\t\t\t\t\n\t\t\t\n\n\t\t<\/div>\n\n\t\t\n\n\t\t<div class=\"section-content relative\">\n\t\t\t\n<div class=\"row\"  id=\"row-50977393\">\n\n\t<div id=\"col-1557803964\" class=\"col small-12 large-12 small-col-first\"  >\n\t\t\t\t<div class=\"col-inner\"  >\n\t\t\t\n\t\t\t\n\n<div id=\"shipping\">\n<h2 class=\"uppercase\">Versandkosten<\/h2>\n<div class=\"shipping-rates-table\">\n<div class=\"shipping-rates-row hide-for-small row row-collapse hide-for-small\">\n<div class=\"shipping-rates-header-country col medium-8 small-12 large-8\">\n<div class=\"col-inner\">\n<h3>Land<\/h3>\n<\/div>\n<\/div>\n<div class=\"shipping-rates-header-shipping-rates col medium-2 small-12 large-2\">\n<div class=\"col-inner\">\n<h3>Versandkosten<\/h3>\n<\/div>\n<\/div>\n<div class=\"shipping-rates-header-free-over col medium-2 small-12 large-2\">\n<div class=\"col-inner\">\n<h3>Kostenlos ab<\/h3>\n<\/div>\n<\/div>\n<\/div>\n<div class=\"shipping-rates-row row row-collapse\">\n<div class=\"shipping-rates-country col medium-8 small-12 large-8\">\n<div class=\"col-inner\">Slowenien &#8211; DPD Lieferung (2-3 Werktage)<\/div>\n<\/div>\n<div class=\"shipping-rates-shipping-rates col medium-2 small-12 large-2\">\n<div class=\"col-inner\"><span data-attribute=\"Shipping rates:\">3,90 EUR<\/span><\/div>\n<\/div>\n<div class=\"shipping-rates-free-over col medium-2 small-12 large-2\">\n<div class=\"col-inner\"><span data-attribute=\"Free over:\">50,00 EUR<\/span><\/div>\n<\/div>\n<\/div>\n<div class=\"shipping-rates-row row row-collapse\">\n<div class=\"shipping-rates-country col medium-8 small-12 large-8\">\n<div class=\"col-inner\">Kroatien &#8211; GLS Lieferung (2-3 Tage)<\/div>\n<\/div>\n<div class=\"shipping-rates-shipping-rates col medium-2 small-12 large-2\">\n<div class=\"col-inner\"><span data-attribute=\"Shipping rates:\">5,90 EUR<\/span><\/div>\n<\/div>\n<div class=\"shipping-rates-free-over col medium-2 small-12 large-2\">\n<div class=\"col-inner\"><span data-attribute=\"Free over:\">50,00 EUR<\/span><\/div>\n<\/div>\n<\/div>\n<div class=\"shipping-rates-row row row-collapse\">\n<div class=\"shipping-rates-country col medium-8 small-12 large-8\">\n<div class=\"col-inner\">Italien &#8211; GLS Lieferung (2-3 Tage)<\/div>\n<\/div>\n<div class=\"shipping-rates-shipping-rates col medium-2 small-12 large-2\">\n<div class=\"col-inner\"><span data-attribute=\"Shipping rates:\">5,90 EUR<\/span><\/div>\n<\/div>\n<div class=\"shipping-rates-free-over col medium-2 small-12 large-2\">\n<div class=\"col-inner\"><span data-attribute=\"Free over:\">50,00 EUR<\/span><\/div>\n<\/div>\n<\/div>\n<div class=\"shipping-rates-row row row-collapse\">\n<div class=\"shipping-rates-country col medium-8 small-12 large-8\">\n<div class=\"col-inner\">\u00d6sterreich &#8211; DPD AT Versand (3-5 Werktage)<\/div>\n<\/div>\n<div class=\"shipping-rates-shipping-rates col medium-2 small-12 large-2\">\n<div class=\"col-inner\"><span data-attribute=\"Shipping rates:\">6,90 EUR<\/span><\/div>\n<\/div>\n<div class=\"shipping-rates-free-over col medium-2 small-12 large-2\">\n<div class=\"col-inner\"><span data-attribute=\"Free over:\">80,00 EUR<\/span><\/div>\n<\/div>\n<\/div>\n<div class=\"shipping-rates-row row row-collapse\">\n<div class=\"shipping-rates-country col medium-8 small-12 large-8\">\n<div class=\"col-inner\">Deutschland &#8211; DPD DE Versand (3-5 Werktage)<\/div>\n<\/div>\n<div class=\"shipping-rates-shipping-rates col medium-2 small-12 large-2\">\n<div class=\"col-inner\"><span data-attribute=\"Shipping rates:\">6,90 EUR<\/span><\/div>\n<\/div>\n<div class=\"shipping-rates-free-over col medium-2 small-12 large-2\">\n<div class=\"col-inner\"><span data-attribute=\"Free over:\">80,00 EUR<\/span><\/div>\n<\/div>\n<\/div>\n<div class=\"shipping-rates-row row row-collapse\">\n<div class=\"shipping-rates-country col medium-8 small-12 large-8\">\n<div class=\"col-inner\">Belgien &#8211; DPD BG NL Versand (3-5 Werktage)<\/div>\n<\/div>\n<div class=\"shipping-rates-shipping-rates col medium-2 small-12 large-2\">\n<div class=\"col-inner\"><span data-attribute=\"Shipping rates:\">7,90 EUR<\/span><\/div>\n<\/div>\n<div class=\"shipping-rates-free-over col medium-2 small-12 large-2\">\n<div class=\"col-inner\"><span data-attribute=\"Free over:\">80,00 EUR<\/span><\/div>\n<\/div>\n<\/div>\n<div class=\"shipping-rates-row row row-collapse\">\n<div class=\"shipping-rates-country col medium-8 small-12 large-8\">\n<div class=\"col-inner\">Niederlande &#8211; DPD NL Versand (3-5 Werktage)<\/div>\n<\/div>\n<div class=\"shipping-rates-shipping-rates col medium-2 small-12 large-2\">\n<div class=\"col-inner\"><span data-attribute=\"Shipping rates:\">7,90 EUR<\/span><\/div>\n<\/div>\n<div class=\"shipping-rates-free-over col medium-2 small-12 large-2\">\n<div class=\"col-inner\"><span data-attribute=\"Free over:\">80,00 EUR<\/span><\/div>\n<\/div>\n<\/div>\n<div class=\"shipping-rates-row row row-collapse\">\n<div class=\"shipping-rates-country col medium-8 small-12 large-8\">\n<div class=\"col-inner\">Luxemburg &#8211; DPD LU Versand (3-5 Werktage)<\/div>\n<\/div>\n<div class=\"shipping-rates-shipping-rates col medium-2 small-12 large-2\">\n<div class=\"col-inner\"><span data-attribute=\"Shipping rates:\">7,90 EUR<\/span><\/div>\n<\/div>\n<div class=\"shipping-rates-free-over col medium-2 small-12 large-2\">\n<div class=\"col-inner\"><span data-attribute=\"Free over:\">80,00 EUR<\/span><\/div>\n<\/div>\n<\/div>\n<div class=\"shipping-rates-row row row-collapse\">\n<div class=\"shipping-rates-country col medium-8 small-12 large-8\">\n<div class=\"col-inner\">Bulgarien &#8211; Sameday BG Versand (4-7 Werktage)<\/div>\n<\/div>\n<div class=\"shipping-rates-shipping-rates col medium-2 small-12 large-2\">\n<div class=\"col-inner\"><span data-attribute=\"Shipping rates:\">7,90 EUR<\/span><\/div>\n<\/div>\n<div class=\"shipping-rates-free-over col medium-2 small-12 large-2\">\n<div class=\"col-inner\"><span data-attribute=\"Free over:\">80,00 EUR<\/span><\/div>\n<\/div>\n<\/div>\n<div class=\"shipping-rates-row row row-collapse\">\n<div class=\"shipping-rates-country col medium-8 small-12 large-8\">\n<div class=\"col-inner\">Tschechische Republik &#8211; WEDO CZ Versand (3-5 Werktage)<\/div>\n<\/div>\n<div class=\"shipping-rates-shipping-rates col medium-2 small-12 large-2\">\n<div class=\"col-inner\"><span data-attribute=\"Shipping rates:\">5,90 EUR<\/span><\/div>\n<\/div>\n<div class=\"shipping-rates-free-over col medium-2 small-12 large-2\">\n<div class=\"col-inner\"><span data-attribute=\"Free over:\">80,00 EUR<\/span><\/div>\n<\/div>\n<\/div>\n<div class=\"shipping-rates-row row row-collapse\">\n<div class=\"shipping-rates-country col medium-8 small-12 large-8\">\n<div class=\"col-inner\">D\u00e4nemark &#8211; DPD DNK Versand (4-7 Werktage)<\/div>\n<\/div>\n<div class=\"shipping-rates-shipping-rates col medium-2 small-12 large-2\">\n<div class=\"col-inner\"><span data-attribute=\"Shipping rates:\">9,90 EUR<\/span><\/div>\n<\/div>\n<div class=\"shipping-rates-free-over col medium-2 small-12 large-2\">\n<div class=\"col-inner\"><span data-attribute=\"Free over:\">80,00 EUR<\/span><\/div>\n<\/div>\n<\/div>\n<div class=\"shipping-rates-row row row-collapse\">\n<div class=\"shipping-rates-country col medium-8 small-12 large-8\">\n<div class=\"col-inner\">Estland &#8211; DPD EST Versand (4-7 Werktage)<\/div>\n<\/div>\n<div class=\"shipping-rates-shipping-rates col medium-2 small-12 large-2\">\n<div class=\"col-inner\"><span data-attribute=\"Shipping rates:\">11,90 EUR<\/span><\/div>\n<\/div>\n<div class=\"shipping-rates-free-over col medium-2 small-12 large-2\">\n<div class=\"col-inner\"><span data-attribute=\"Free over:\">80,00 EUR<\/span><\/div>\n<\/div>\n<\/div>\n<div class=\"shipping-rates-row row row-collapse\">\n<div class=\"shipping-rates-country col medium-8 small-12 large-8\">\n<div class=\"col-inner\">Frankreich &#8211; DPD FRA Versand (4-7 Werktage)<\/div>\n<\/div>\n<div class=\"shipping-rates-shipping-rates col medium-2 small-12 large-2\">\n<div class=\"col-inner\"><span data-attribute=\"Shipping rates:\">9,90 EUR<\/span><\/div>\n<\/div>\n<div class=\"shipping-rates-free-over col medium-2 small-12 large-2\">\n<div class=\"col-inner\"><span data-attribute=\"Free over:\">80,00 EUR<\/span><\/div>\n<\/div>\n<\/div>\n<div class=\"shipping-rates-row row row-collapse\">\n<div class=\"shipping-rates-country col medium-8 small-12 large-8\">\n<div class=\"col-inner\">Griechenland (3-5 Werktage)<\/div>\n<\/div>\n<div class=\"shipping-rates-shipping-rates col medium-2 small-12 large-2\">\n<div class=\"col-inner\"><span data-attribute=\"Shipping rates:\">14,90 EUR<\/span><\/div>\n<\/div>\n<div class=\"shipping-rates-free-over col medium-2 small-12 large-2\">\n<div class=\"col-inner\"><span data-attribute=\"Free over:\">80,00 EUR<\/span><\/div>\n<\/div>\n<\/div>\n<div class=\"shipping-rates-row row row-collapse\">\n<div class=\"shipping-rates-country col medium-8 small-12 large-8\">\n<div class=\"col-inner\">Griechenland (3-5 Werktage)<\/div>\n<\/div>\n<div class=\"shipping-rates-shipping-rates col medium-2 small-12 large-2\">\n<div class=\"col-inner\"><span data-attribute=\"Shipping rates:\">14,90 EUR<\/span><\/div>\n<\/div>\n<div class=\"shipping-rates-free-over col medium-2 small-12 large-2\">\n<div class=\"col-inner\"><span data-attribute=\"Free over:\">80,00 EUR<\/span><\/div>\n<\/div>\n<\/div>\n<div class=\"shipping-rates-row row row-collapse\">\n<div class=\"shipping-rates-country col medium-8 small-12 large-8\">\n<div class=\"col-inner\">Ungarn &#8211; GLS HU Versand (4-7 Werktage)<\/div>\n<\/div>\n<div class=\"shipping-rates-shipping-rates col medium-2 small-12 large-2\">\n<div class=\"col-inner\"><span data-attribute=\"Shipping rates:\">5,90 EUR<\/span><\/div>\n<\/div>\n<div class=\"shipping-rates-free-over col medium-2 small-12 large-2\">\n<div class=\"col-inner\"><span data-attribute=\"Free over:\">80,00 EUR<\/span><\/div>\n<\/div>\n<\/div>\n<div class=\"shipping-rates-row row row-collapse\">\n<div class=\"shipping-rates-country col medium-8 small-12 large-8\">\n<div class=\"col-inner\">Irland &#8211; DPD IRL Versand (4-7 Werktage)<\/div>\n<\/div>\n<div class=\"shipping-rates-shipping-rates col medium-2 small-12 large-2\">\n<div class=\"col-inner\"><span data-attribute=\"Shipping rates:\">11,90 EUR<\/span><\/div>\n<\/div>\n<div class=\"shipping-rates-free-over col medium-2 small-12 large-2\">\n<div class=\"col-inner\"><span data-attribute=\"Free over:\">80,00 EUR<\/span><\/div>\n<\/div>\n<\/div>\n<div class=\"shipping-rates-row row row-collapse\">\n<div class=\"shipping-rates-country col medium-8 small-12 large-8\">\n<div class=\"col-inner\">Litauen &#8211; DPD LT Versand (4-7 Werktage)<\/div>\n<\/div>\n<div class=\"shipping-rates-shipping-rates col medium-2 small-12 large-2\">\n<div class=\"col-inner\"><span data-attribute=\"Shipping rates:\">9,90 EUR<\/span><\/div>\n<\/div>\n<div class=\"shipping-rates-free-over col medium-2 small-12 large-2\">\n<div class=\"col-inner\"><span data-attribute=\"Free over:\">80,00 EUR<\/span><\/div>\n<\/div>\n<\/div>\n<div class=\"shipping-rates-row row row-collapse\">\n<div class=\"shipping-rates-country col medium-8 small-12 large-8\">\n<div class=\"col-inner\">Lettland &#8211; DPD LT Versand (4-7 Werktage)<\/div>\n<\/div>\n<div class=\"shipping-rates-shipping-rates col medium-2 small-12 large-2\">\n<div class=\"col-inner\"><span data-attribute=\"Shipping rates:\">9,90 EUR<\/span><\/div>\n<\/div>\n<div class=\"shipping-rates-free-over col medium-2 small-12 large-2\">\n<div class=\"col-inner\"><span data-attribute=\"Free over:\">80,00 EUR<\/span><\/div>\n<\/div>\n<\/div>\n<div class=\"shipping-rates-row row row-collapse\">\n<div class=\"shipping-rates-country col medium-8 small-12 large-8\">\n<div class=\"col-inner\">Polen &#8211; InPost POL Versand (3-5 Werktage)<\/div>\n<\/div>\n<div class=\"shipping-rates-shipping-rates col medium-2 small-12 large-2\">\n<div class=\"col-inner\"><span data-attribute=\"Shipping rates:\">5,90 EUR<\/span><\/div>\n<\/div>\n<div class=\"shipping-rates-free-over col medium-2 small-12 large-2\">\n<div class=\"col-inner\"><span data-attribute=\"Free over:\">80,00 EUR<\/span><\/div>\n<\/div>\n<\/div>\n<div class=\"shipping-rates-row row row-collapse\">\n<div class=\"shipping-rates-country col medium-8 small-12 large-8\">\n<div class=\"col-inner\">Portugal &#8211; DPD PT Versand (4-7 Werktage)<\/div>\n<\/div>\n<div class=\"shipping-rates-shipping-rates col medium-2 small-12 large-2\">\n<div class=\"col-inner\"><span data-attribute=\"Shipping rates:\">9,90 EUR<\/span><\/div>\n<\/div>\n<div class=\"shipping-rates-free-over col medium-2 small-12 large-2\">\n<div class=\"col-inner\"><span data-attribute=\"Free over:\">80,00 EUR<\/span><\/div>\n<\/div>\n<\/div>\n<div class=\"shipping-rates-row row row-collapse\">\n<div class=\"shipping-rates-country col medium-8 small-12 large-8\">\n<div class=\"col-inner\">Slowakei &#8211; GLS SK Versand (3-5 Werktage)<\/div>\n<\/div>\n<div class=\"shipping-rates-shipping-rates col medium-2 small-12 large-2\">\n<div class=\"col-inner\"><span data-attribute=\"Shipping rates:\">5,90 EUR<\/span><\/div>\n<\/div>\n<div class=\"shipping-rates-free-over col medium-2 small-12 large-2\">\n<div class=\"col-inner\"><span data-attribute=\"Free over:\">80,00 EUR<\/span><\/div>\n<\/div>\n<\/div>\n<div class=\"shipping-rates-row row row-collapse\">\n<div class=\"shipping-rates-country col medium-8 small-12 large-8\">\n<div class=\"col-inner\">Spanien &#8211; DPD ESP Versand (4-7 Werktage)<\/div>\n<\/div>\n<div class=\"shipping-rates-shipping-rates col medium-2 small-12 large-2\">\n<div class=\"col-inner\"><span data-attribute=\"Shipping rates:\">11,90 EUR<\/span><\/div>\n<\/div>\n<div class=\"shipping-rates-free-over col medium-2 small-12 large-2\">\n<div class=\"col-inner\"><span data-attribute=\"Free over:\">80,00 EUR<\/span><\/div>\n<\/div>\n<\/div>\n<div class=\"shipping-rates-row row row-collapse\">\n<div class=\"shipping-rates-country col medium-8 small-12 large-8\">\n<div class=\"col-inner\">Schweden &#8211; DPD SWE Versand (4-7 Werktage)<\/div>\n<\/div>\n<div class=\"shipping-rates-shipping-rates col medium-2 small-12 large-2\">\n<div class=\"col-inner\"><span data-attribute=\"Shipping rates:\">14,90 EUR<\/span><\/div>\n<\/div>\n<div class=\"shipping-rates-free-over col medium-2 small-12 large-2\">\n<div class=\"col-inner\"><span data-attribute=\"Free over:\">80,00 EUR<\/span><\/div>\n<\/div>\n<\/div>\n<div class=\"shipping-rates-row row row-collapse\">\n<div class=\"shipping-rates-country col medium-8 small-12 large-8\">\n<div class=\"col-inner\">Rum\u00e4nien &#8211; DPD RO Versand (4-7 Werktage)<\/div>\n<\/div>\n<div class=\"shipping-rates-shipping-rates col medium-2 small-12 large-2\">\n<div class=\"col-inner\"><span data-attribute=\"Shipping rates:\">7,90 EUR<\/span><\/div>\n<\/div>\n<div class=\"shipping-rates-free-over col medium-2 small-12 large-2\">\n<div class=\"col-inner\"><span data-attribute=\"Free over:\">80,00 EUR<\/span><\/div>\n<\/div>\n<\/div>\n<\/div>\n<\/div>\n\n\t\t<\/div>\n\t\t\t\t\t<\/div>\n\n\t\n<\/div>\n\t\t<\/div>\n\n\t\t\n<style>\n#section_2141460329 {\n  padding-top: 0px;\n  padding-bottom: 0px;\n}\n<\/style>\n\t<\/section>\n\t\n\n\t<section class=\"section\" id=\"section_1651262163\">\n\t\t<div class=\"section-bg fill\" >\n\t\t\t\t\t\t\t\t\t\n\t\t\t\n\n\t\t<\/div>\n\n\t\t\n\n\t\t<div class=\"section-content relative\">\n\t\t\t\n<div class=\"row\"  id=\"row-701747947\">\n\n\t<div id=\"col-1162279160\" class=\"col small-12 large-12 small-col-first\"  >\n\t\t\t\t<div class=\"col-inner\"  >\n\t\t\t\n\t\t\t\n<h2 id=\"returns\">R\u00dcCKSENDUNGEN<\/h2>\n<p>Manchmal kann es passieren, dass ausgew\u00e4hlte Produkte nicht ganz unseren Erwartungen entsprechen oder wir unsere Meinung dar\u00fcber \u00e4ndern. Kein Problem, Sie k\u00f6nnen ein bestelltes Produkt immer innerhalb von 14 Tagen nach der Lieferung widerrufen.<\/p>\n<p>Hier sind die 3 einfachen Schritte, wie Sie die R\u00fccksendung des Produkts vornehmen k\u00f6nnen.<\/p>\n<ol>\n<li><strong>Lassen Sie uns \u00fcber die R\u00fccksendung wissen<\/strong> Nachdem Ihr Paket geliefert wurde, Sie aber nicht vollkommen zufrieden mit Ihrer Bestellung sind und eine R\u00fccksendung w\u00fcnschen, kontaktieren Sie uns bitte innerhalb von 14 Tagen nach der Lieferung. Sie k\u00f6nnen uns \u00fcber die E-Mail-Adresse <a href=\"mailto:info@azurefilm.com\">info@azurefilm.com<\/a> informieren.<\/li>\n<li><strong> F\u00fcllen Sie das Formular aus und bereiten Sie das Paket vor<\/strong> F\u00fcllen Sie alle Felder des <a href=\"\/wp-content\/uploads\/2023\/11\/return-form-fillable.pdf\">R\u00fccksendeformulars<\/a> aus und verpacken Sie Ihr Paket sicher. Die Produkte m\u00fcssen in <b>Originalverpackung <\/b>zur\u00fcckgesendet werden. Die Produkte m\u00fcssen in <b>zus\u00e4tzliche Schutzverpackung<\/b> eingepackt werden, um die Originalproduktverpackung zu sch\u00fctzen (z.B. Karton). Senden oder bringen Sie das Paket zu <a href=\"https:\/\/www.google.com\/maps?sca_esv=580046813&amp;output=search&amp;q=AzureFilm+d.o.o.,+Orle%C5%A1ka+16,+6210+Se%C5%BEana,+Slovenia&amp;source=lnms&amp;entry=mc&amp;sa=X&amp;ved=2ahUKEwiiybibpLGCAxW8_rsIHUF1BpwQ0pQJegQIDBAB\" target=\"_blank\" rel=\"noopener\">AzureFilm d.o.o., Orle\u0161ka 16, 6210 Se\u017eana, Slowenien.<\/a>Die zur\u00fcckgesandten Produkte m\u00fcssen innerhalb von 30 Tagen nach Erhalt des Pakets bei uns eintreffen. Sie haben das Recht, binnen vierzehn Tagen ohne Angabe von Gr\u00fcnden diesen Vertrag zu widerrufen. Die Widerrufsfrist betr\u00e4gt vierzehn Tage ab dem Tag, an dem Sie oder ein von Ihnen benannter Dritter, der nicht der Bef\u00f6rderer ist, die letzte Ware in Besitz genommen hat.<\/li>\n<li><strong>Geldr\u00fcckerstattung: <\/strong>Wenn das Paket bei AzureFilm eingegangen ist, wird das Produkt auf m\u00f6gliche Sch\u00e4den und M\u00e4ngel untersucht. Wenn mit den zur\u00fcckgesandten Produkten alles in Ordnung ist, werden Sie <b>innerhalb von maximal 14 Tagen nach Erhalt aller erforderlichen Dokumente und des Produkts f\u00fcr Ihre Zahlung entsch\u00e4digt<\/b>.<\/li>\n<\/ol>\n\t\t<\/div>\n\t\t\t\t\t<\/div>\n\n\t\n<\/div>\n\t\t<\/div>\n\n\t\t\n<style>\n#section_1651262163 {\n  padding-top: 0px;\n  padding-bottom: 0px;\n}\n<\/style>\n\t<\/section>\n\t\n","protected":false},"excerpt":{"rendered":"","protected":false},"author":1,"featured_media":0,"parent":0,"menu_order":0,"comment_status":"closed","ping_status":"closed","template":"page-blank.php","meta":{"_acf_changed":false,"footnotes":""},"class_list":["post-52249","page","type-page","status-publish","hentry"],"acf":[],"_links":{"self":[{"href":"https:\/\/azurefilm.com\/de\/wp-json\/wp\/v2\/pages\/52249","targetHints":{"allow":["GET"]}}],"collection":[{"href":"https:\/\/azurefilm.com\/de\/wp-json\/wp\/v2\/pages"}],"about":[{"href":"https:\/\/azurefilm.com\/de\/wp-json\/wp\/v2\/types\/page"}],"author":[{"embeddable":true,"href":"https:\/\/azurefilm.com\/de\/wp-json\/wp\/v2\/users\/1"}],"replies":[{"embeddable":true,"href":"https:\/\/azurefilm.com\/de\/wp-json\/wp\/v2\/comments?post=52249"}],"version-history":[{"count":5,"href":"https:\/\/azurefilm.com\/de\/wp-json\/wp\/v2\/pages\/52249\/revisions"}],"predecessor-version":[{"id":104651,"href":"https:\/\/azurefilm.com\/de\/wp-json\/wp\/v2\/pages\/52249\/revisions\/104651"}],"wp:attachment":[{"href":"https:\/\/azurefilm.com\/de\/wp-json\/wp\/v2\/media?parent=52249"}],"curies":[{"name":"wp","href":"https:\/\/api.w.org\/{rel}","templated":true}]}}