
{"id":52250,"date":"2023-10-27T21:10:18","date_gmt":"2023-10-27T21:10:18","guid":{"rendered":"https:\/\/azurefilm.com\/datenschutzrichtlinie\/"},"modified":"2025-09-22T08:43:43","modified_gmt":"2025-09-22T08:43:43","slug":"datenschutzrichtlinie","status":"publish","type":"page","link":"https:\/\/azurefilm.com\/de\/datenschutzrichtlinie\/","title":{"rendered":"Datenschutzrichtlinie"},"content":{"rendered":"<h1>Datenschutzrichtlinie<\/h1>\n<p><span style=\"font-weight: 400;\">Zuletzt aktualisiert: 1.9.2023<\/span><\/p>\n<p><strong>1. Einf\u00fchrung<\/strong><\/p>\n<p><span style=\"font-weight: 400;\">Bei AzureFilm verpflichten wir uns, Ihre Privatsph\u00e4re zu sch\u00fctzen und die Sicherheit Ihrer pers\u00f6nlichen Daten zu gew\u00e4hrleisten. Diese Datenschutzrichtlinie erkl\u00e4rt, wie wir Ihre pers\u00f6nlichen Daten sammeln, verwenden, offenlegen und sch\u00fctzen, wenn Sie unsere Website nutzen, mit uns interagieren oder bei uns einkaufen. <\/span><\/p>\n<p><b>2. Informationen, die wir sammeln<\/b><\/p>\n<p><span style=\"font-weight: 400;\">Wir sammeln die folgenden Arten von pers\u00f6nlichen Informationen:<\/span><\/p>\n<p><b>Kontaktinformationen<\/b><span style=\"font-weight: 400;\">: Dazu geh\u00f6ren Ihr Name, Ihre E-Mail-Adresse, Ihre Postanschrift und Ihre Telefonnummer.<\/span> <b>Zahlungsinformationen<\/b><span style=\"font-weight: 400;\">: Wenn Sie einen Kauf t\u00e4tigen, k\u00f6nnen wir Ihre Zahlungsdaten oder andere Zahlungsinformationen erfassen.<\/span> <b>Kontoinformationen: <\/b><span style=\"font-weight: 400;\">Wenn Sie ein Konto auf unserer Website erstellen, erfassen wir Informationen wie Ihren Benutzernamen, Ihr Passwort und Ihre Kontoeinstellungen.<\/span> <b>Transaktionsdaten: <\/b><span style=\"font-weight: 400;\">Dazu geh\u00f6ren Informationen \u00fcber Ihre K\u00e4ufe, Bestellhistorie und andere Interaktionen mit unserer Website.<\/span> <b>Nutzungsinformationen<\/b><span style=\"font-weight: 400;\">: Wir sammeln Daten \u00fcber Ihre Nutzung unserer Website, einschlie\u00dflich Ihrer IP-Adresse, Browsertyp und Ger\u00e4teinformationen.<\/span> <b>Kommunikationsdaten:<\/b><span style=\"font-weight: 400;\"> Wenn Sie uns kontaktieren, k\u00f6nnen wir Informationen \u00fcber Ihre Kommunikation und alle Informationen, die Sie w\u00e4hrend dieser Interaktionen bereitstellen, erfassen.<\/span> <b>Marketing- und Kommunikationspr\u00e4ferenzen<\/b><span style=\"font-weight: 400;\">: Ihre Pr\u00e4ferenzen f\u00fcr den Erhalt von Marketingkommunikationen von uns.<\/span><\/p>\n<p><strong>3.<\/strong> <b>Wie wir Ihre Informationen verwenden<\/b><\/p>\n<p><span style=\"font-weight: 400;\">Wir verwenden Ihre pers\u00f6nlichen Daten f\u00fcr die folgenden Zwecke:<\/span><\/p>\n<ul>\n<li style=\"font-weight: 400;\" aria-level=\"1\"><span style=\"font-weight: 400;\">Um Ihnen den Zugang zu unserer Website und unseren Dienstleistungen zu erm\u00f6glichen und zu verwalten.<\/span><\/li>\n<li style=\"font-weight: 400;\" aria-level=\"1\"><span style=\"font-weight: 400;\">Um Ihre Bestellungen, Zahlungen zu bearbeiten und Produkte oder Dienstleistungen zu liefern.<\/span><\/li>\n<li style=\"font-weight: 400;\" aria-level=\"1\"><span style=\"font-weight: 400;\">Um mit Ihnen zu kommunizieren, auf Ihre Anfragen zu antworten und Kundensupport zu bieten.<\/span><\/li>\n<li style=\"font-weight: 400;\" aria-level=\"1\"><span style=\"font-weight: 400;\">Um Ihnen Marketing- und Werbematerialien zu senden, vorbehaltlich Ihrer Zustimmung und Pr\u00e4ferenzen.<\/span><\/li>\n<li style=\"font-weight: 400;\" aria-level=\"1\"><span style=\"font-weight: 400;\">Um unsere Website, Produkte und Dienstleistungen zu verbessern, einschlie\u00dflich der Analyse von Nutzungsmustern und -trends.<\/span><\/li>\n<li style=\"font-weight: 400;\" aria-level=\"1\"><span style=\"font-weight: 400;\">Um gesetzlichen Verpflichtungen nachzukommen und unsere Rechte und Interessen zu sch\u00fctzen.<\/span><\/li>\n<\/ul>\n<p><strong>4<\/strong><b>. Auftragsdatenverarbeitung und Offenlegung<\/b><\/p>\n<p><span style=\"font-weight: 400;\">Wir k\u00f6nnen Ihre pers\u00f6nlichen Informationen mit den folgenden Parteien teilen:<\/span><\/p>\n<p><b>Dienstleister<\/b><span style=\"font-weight: 400;\">: Wir k\u00f6nnen Drittanbieter beauftragen, uns bei verschiedenen Aspekten unseres Betriebs zu unterst\u00fctzen, wie z.B. Zahlungsabwicklung, Versand und Marketing.<\/span> <b>Gesetzliche Einhaltung:<\/b><span style=\"font-weight: 400;\"> Wir k\u00f6nnen Informationen offenlegen, wenn dies gesetzlich vorgeschrieben ist, von Aufsichtsbeh\u00f6rden verlangt wird oder als Reaktion auf ein rechtliches Verfahren.<\/span> <b>Gesch\u00e4fts\u00fcbertragungen:<\/b><span style=\"font-weight: 400;\"> Wenn wir an einer Fusion, \u00dcbernahme oder einem Verkauf von Verm\u00f6genswerten beteiligt sind, k\u00f6nnen Ihre Informationen im Rahmen dieser Transaktion \u00fcbertragen werden.<\/span> <b>Ihre Zustimmung: <\/b><span style=\"font-weight: 400;\">Wir werden Ihre Zustimmung einholen, bevor wir Ihre Informationen f\u00fcr Marketingzwecke an Dritte weitergeben.<\/span><\/p>\n<p><b>5. Ihre Rechte<\/b><\/p>\n<p>Sie haben bestimmte Rechte in Bezug auf Ihre pers\u00f6nlichen Daten, einschlie\u00dflich:<\/p>\n<ul>\n<li>Das Recht auf Zugang, Berichtigung oder L\u00f6schung Ihrer pers\u00f6nlichen Informationen.<\/li>\n<li>Das Recht, die Einwilligung f\u00fcr Marketingkommunikationen zu widerrufen.<\/li>\n<li>Das Recht, bestimmten Datenverarbeitungsaktivit\u00e4ten zu widersprechen.<\/li>\n<li>Das Recht auf Daten\u00fcbertragbarkeit, falls zutreffend.<\/li>\n<li>Das Recht, eine Beschwerde bei einer Datenschutzbeh\u00f6rde einzureichen.<\/li>\n<\/ul>\n<p><strong>6. Datensicherheit<\/strong><\/p>\n<p>Wir beabsichtigen, alle geeigneten Ma\u00dfnahmen zu ergreifen, um Sie vor m\u00f6glichen Verst\u00f6\u00dfen und Missbrauch zu sch\u00fctzen. Aufgrund ihrer sensiblen Natur widmen wir den pers\u00f6nlichen Daten der Nutzer besondere Aufmerksamkeit und Sorgfalt.<\/p>\n<p><strong>7. Kontaktieren Sie uns<\/strong><\/p>\n<p>Wenn Sie Fragen, Bedenken oder Anfragen zu dieser Datenschutzrichtlinie oder Ihren pers\u00f6nlichen Daten haben, kontaktieren Sie uns bitte unter <a href=\"mailto:info@azurefilm.kinsta.cloud\">info@azurefilm.kinsta.cloud<\/a>.<\/p>\n<p><strong>8. \u00c4nderungen dieser Datenschutzrichtlinie<\/strong><\/p>\n<p>Wir aktualisieren diese Datenschutzrichtlinie regelm\u00e4\u00dfig, um \u00c4nderungen in unseren Praktiken oder gesetzlichen Anforderungen zu ber\u00fccksichtigen. Das Datum \u201eZuletzt aktualisiert\u201c oben in dieser Richtlinie gibt an, wann die Richtlinie zuletzt \u00fcberarbeitet wurde.<\/p>\n","protected":false},"excerpt":{"rendered":"<p>Datenschutzrichtlinie Zuletzt aktualisiert: 1.9.2023 1. Einf\u00fchrung Bei AzureFilm verpflichten wir uns, Ihre Privatsph\u00e4re zu sch\u00fctzen und die Sicherheit Ihrer pers\u00f6nlichen Daten zu gew\u00e4hrleisten. Diese Datenschutzrichtlinie erkl\u00e4rt, wie wir Ihre pers\u00f6nlichen Daten sammeln, verwenden, offenlegen und sch\u00fctzen, wenn Sie unsere Website nutzen, mit uns interagieren oder bei uns einkaufen. 2. Informationen, die wir sammeln Wir sammeln [&#8230;]\n","protected":false},"author":1,"featured_media":0,"parent":0,"menu_order":0,"comment_status":"closed","ping_status":"closed","template":"","meta":{"_acf_changed":false,"footnotes":""},"class_list":["post-52250","page","type-page","status-publish","hentry"],"acf":[],"_links":{"self":[{"href":"https:\/\/azurefilm.com\/de\/wp-json\/wp\/v2\/pages\/52250","targetHints":{"allow":["GET"]}}],"collection":[{"href":"https:\/\/azurefilm.com\/de\/wp-json\/wp\/v2\/pages"}],"about":[{"href":"https:\/\/azurefilm.com\/de\/wp-json\/wp\/v2\/types\/page"}],"author":[{"embeddable":true,"href":"https:\/\/azurefilm.com\/de\/wp-json\/wp\/v2\/users\/1"}],"replies":[{"embeddable":true,"href":"https:\/\/azurefilm.com\/de\/wp-json\/wp\/v2\/comments?post=52250"}],"version-history":[{"count":0,"href":"https:\/\/azurefilm.com\/de\/wp-json\/wp\/v2\/pages\/52250\/revisions"}],"wp:attachment":[{"href":"https:\/\/azurefilm.com\/de\/wp-json\/wp\/v2\/media?parent=52250"}],"curies":[{"name":"wp","href":"https:\/\/api.w.org\/{rel}","templated":true}]}}