
{"id":52273,"date":"2023-11-15T07:15:22","date_gmt":"2023-11-15T07:15:22","guid":{"rendered":"https:\/\/azurefilm.com\/leanpay-info-seite\/"},"modified":"2023-11-15T07:15:22","modified_gmt":"2023-11-15T07:15:22","slug":"leanpay-info-seite","status":"publish","type":"page","link":"https:\/\/azurefilm.com\/de\/leanpay-info-seite\/","title":{"rendered":"Leanpay Info-Seite"},"content":{"rendered":"<p>    <!--CSS custom-->\n    <link rel=\"stylesheet\" href=\"https:\/\/azurefilm.com\/wp-content\/plugins\/leanpay-obrocne-cene\/assets\/css\/style.css\">\n    <!--Google fonts-->\n    <link rel=\"preconnect\" href=\"https:\/\/fonts.googleapis.com\">\n    <link rel=\"preconnect\" href=\"https:\/\/fonts.gstatic.com\" crossorigin=\"\">\n    <link href=\"https:\/\/fonts.googleapis.com\/css2?family=Raleway:wght@400;500;600;700&amp;display=swap\" rel=\"stylesheet\">\n<section id=\"hero\">\n<div class=\"container\">\n<div class=\"row\">\n<div class=\"col-lg-7 col-sm-12\">\n              <img decoding=\"async\" class=\"logo\" src=\"https:\/\/azurefilm.com\/wp-content\/plugins\/leanpay-obrocne-cene\/images\/info_page\/leanpay-logo-dark.svg\" alt=\"Leanpay-Logo\" title=\"\"><\/p>\n<h1 class=\"title\">Einfache Ratenzahlungen<\/h1>\n<p class=\"subtitle-hero\"> Mit Leanpay kannst du auch in unserem Online-Shop in Raten zahlen. <br \/> Alles, was du brauchst, ist ein Mobiltelefon und ein Ausweisdokument. <br \/> Der gesamte Vorgang dauert nur wenige Minuten. <\/p>\n<div class=\"offer-button-container position-relative\">\n<div class=\"free-offer-btn position-absolute\">Kostenlos<\/div>\n<p>                <a style=\"color: #fff !important; overflow: visible !important; -webkit-appearance: button;\" class=\"leanpay-button\" href=\"https:\/\/azurefilm.com\/\">\u00dcberpr\u00fcfe dein Limit<\/a>\n              <\/div>\n<\/p><\/div>\n<div class=\"col-lg-5 col-sm-12\">\n<div class=\"girl-phone-box position-relative\">\n<div class=\"triangle-box-left position-absolute\">\n                    <img decoding=\"async\" src=\"https:\/\/azurefilm.com\/wp-content\/plugins\/leanpay-obrocne-cene\/images\/info_page\/Triangle-big.png\" alt=\"Gro\u00dfes Dreieck\" title=\"\"><br \/>\n                    <img decoding=\"async\" class=\"small-triangle-left position-absolute\" src=\"https:\/\/azurefilm.com\/wp-content\/plugins\/leanpay-obrocne-cene\/images\/info_page\/Triangle-small.png\" alt=\"Kleines Dreieck\" title=\"\">\n                  <\/div>\n<div class=\"girl-phone\">\n                    <img decoding=\"async\" src=\"https:\/\/azurefilm.com\/wp-content\/plugins\/leanpay-obrocne-cene\/images\/info_page\/Smatrphone-wow-girl.png\" alt=\"M\u00e4dchen mit Smartphone\" title=\"\">\n                  <\/div>\n<div class=\"triangle-box-right position-absolute\">\n                    <img decoding=\"async\" src=\"https:\/\/azurefilm.com\/wp-content\/plugins\/leanpay-obrocne-cene\/images\/info_page\/Triangle-Big-dark.png\" alt=\"Gro\u00dfes Dreieck\" title=\"\"><br \/>\n                    <img decoding=\"async\" class=\"small-triangle-right position-absolute\" src=\"https:\/\/azurefilm.com\/wp-content\/plugins\/leanpay-obrocne-cene\/images\/info_page\/Triangle-small-dark.png\" alt=\"Kleines Dreieck\" title=\"\">\n                <\/div>\n<\/p><\/div>\n<\/p><\/div>\n<\/p><\/div>\n<\/p><\/div>\n<\/section>\n<section id=\"info\">\n<div class=\"container\">\n<div class=\"subtitle-box\">\n<h2 class=\"subtitle\">Warum in Raten mit<br \/> Leanpay zahlen?<\/h2>\n<\/p><\/div>\n<div class=\"row\">\n<div class=\"col-sm-7\">\n<div class=\"partner__FeaturesItems\">\n<div class=\"partner__FeaturesList\">\n<div class=\"partner__FeaturesListItem\">\n<div class=\"partner__FeaturesText\">\n                    <span>  1.  <\/span> <\/p>\n<div>\n<h4>Sofortige Entscheidung<br \/> \u00fcber die Genehmigung des Kaufs mit nur wenigen Daten.<\/h4>\n<\/p><\/div>\n<\/p><\/div>\n<\/p><\/div>\n<div class=\"partner__FeaturesListItem\">\n<div class=\"partner__FeaturesText\">\n                    <span>  2.  <\/span><\/p>\n<div>\n<h4>Keine Dokumentation, kein<br \/> Bankbesuch, keine versteckten Kosten.<\/h4>\n<\/p><\/div>\n<\/p><\/div>\n<\/p><\/div>\n<div class=\"partner__FeaturesListItem\">\n<div class=\"partner__FeaturesText\">\n                    <span>  3.  <\/span><\/p>\n<div>\n<h4>\u00dcberblick \u00fcber Zahlungen<br \/> \u00fcber die Moj Leanpay-Webanwendung.<\/h4>\n<\/p><\/div>\n<\/p><\/div>\n<\/p><\/div>\n<div class=\"partner__FeaturesListItem\">\n<div class=\"partner__FeaturesText\">\n                    <span>  4.  <\/span><\/p>\n<div>\n<h4>Flexibilit\u00e4t, du w\u00e4hlst<br \/> den Betrag und die Anzahl der Raten.<\/h4>\n<\/p><\/div>\n<\/p><\/div>\n<\/p><\/div>\n<\/p><\/div>\n<\/p><\/div>\n<\/p><\/div>\n<div class=\"col-sm-5\">\n<div class=\"mobile-box position-relative\">\n              <img decoding=\"async\" src=\"https:\/\/azurefilm.com\/wp-content\/plugins\/leanpay-obrocne-cene\/images\/info_page\/mobile-circle.png\" alt=\"Hintergrund des mobilen Kreises\" title=\"\"><br \/>\n              <img decoding=\"async\" class=\"mobile position-absolute\" src=\"https:\/\/azurefilm.com\/wp-content\/plugins\/leanpay-obrocne-cene\/images\/info_page\/mobile-device.png\" alt=\"Mobilger\u00e4t\" title=\"\">\n            <\/div>\n<\/p><\/div>\n<\/p><\/div>\n<\/p><\/div>\n<\/section>\n<section id=\"presentation\">\n<div class=\"container\">\n<div class=\"d-flex flex-column align-items-center\">\n<h2 class=\"subtitle text-center\">Leanpay Pr\u00e4sentationsvideo<\/h2>\n<div class=\"position-relative\">\n            <!--\n\n<div class=\"play-button position-absolute\">--><br \/>\n              <!--<img decoding=\"async\" src=\"https:\/\/azurefilm.com\/wp-content\/plugins\/leanpay-obrocne-cene\/images\/info_page\/play-button.svg\" alt=\"Play button\" title=\"\">--><br \/>\n              <iframe loading=\"lazy\" width=\"560\" height=\"315\" src=\"https:\/\/www.youtube.com\/embed\/wt5iS5owVpk\" title=\"YouTube-Video-Player\" frameborder=\"0\" allow=\"accelerometer; autoplay; clipboard-write; encrypted-media; gyroscope; picture-in-picture\" allowfullscreen=\"\"><\/iframe><br \/>\n            <!--<\/div>\n\n-->\n          <\/div>\n<\/p><\/div>\n<\/p><\/div>\n<\/section>\n<section id=\"accordion-info\">\n<div class=\"container\">\n<div class=\"d-flex flex-column align-items-center\">\n<h3 class=\"small-title text-center\">Info <\/p>\n<div class=\"accordion-box\">\n<p>              <button class=\"accordion\">1. Wie viel kostet mich der Kauf in Raten mit Leanpay?<\/button><\/p>\n<div class=\"panel\">\n<p>Bei Leanpay gibt es keinen Kleingedruckten und keine versteckten Kosten. Alles kann gut \u00fcberpr\u00fcft werden, bevor du dich f\u00fcr die f\u00fcr dich am besten geeignete Option entscheidest. <b>Die allgemeinen Gesch\u00e4ftsbedingungen kannst du <a href=\"https:\/\/app.leanpay.si\/terms-of-use\" target=\"_blank\" rel=\"noopener\">hier<\/a> einsehen.<\/b> Unten siehst du Beispiele f\u00fcr den Kauf von zwei Produkten in verschiedenen Preisklassen, je nachdem, ob du das Produkt so schnell wie m\u00f6glich abbezahlen oder die niedrigste Rate haben m\u00f6chtest.  <\/p>\n<p>                <iframe loading=\"lazy\" src=\"https:\/\/drive.google.com\/file\/d\/1gsP_2VlgRkFMlIu5fCT6Y1D_bx41tByh\/preview\" width=\"640\" height=\"480\" allow=\"autoplay\"><\/iframe>\n              <\/div>\n<p>              <button class=\"accordion\">2. Was ben\u00f6tige ich f\u00fcr einen erfolgreichen Ratenkauf mit Leanpay?<\/button><\/p>\n<div class=\"panel\">\n<ul>\n<li>Personalausweis der Republik Slowenien<\/li>\n<li>Mobiltelefon<\/li>\n<li>Steuernummer<\/li>\n<li>Nummer deines Transaktionskontos, von dem die Raten bezahlt werden<\/li>\n<li>Kenntnis \u00fcber die H\u00f6he deiner regelm\u00e4\u00dfigen monatlichen Einnahmen und Ausgaben<\/li>\n<\/ul><\/div>\n<p>              <button class=\"accordion\">3. Wie bezahle ich mit Leanpay im Online-Shop?<\/button><\/p>\n<div class=\"panel\">\n<ol>\n<li>W\u00e4hle im Online-Shop das gew\u00fcnschte Produkt aus und folge den Schritten.<\/li>\n<li>W\u00e4hle im Online-Shop das gew\u00fcnschte Produkt aus und folge den Schritten.<\/li>\n<li>Dann w\u00e4hlst du die Anzahl der Raten und den monatlichen Zahlungsbetrag, der dir am besten passt.<\/li>\n<li>Gib deine pers\u00f6nlichen Daten ein und erhalte sofort eine Entscheidung \u00fcber die Genehmigung der Zahlung.<\/li>\n<li>Begleiche deine monatlichen Verpflichtungen per SEPA-Lastschrift &#8211; ohne Bankbesuch.<\/li>\n<\/ol><\/div>\n<p>              <button class=\"accordion\">4. Kann ich mein Limit bei Leanpay schon vor dem Kauf \u00fcberpr\u00fcfen?<\/button><\/p>\n<div class=\"panel\">\n<p>Nat\u00fcrlich, das kannst du digital \u00fcber den Prozess <a href=\"https:\/\/azurefilm.com\/\" target=\"_blank\" rel=\"noopener\">\u00dcberpr\u00fcfe dein Limit<\/a> erledigen, der nur wenige Minuten dauert und keine Dokumentation erfordert, nur die Eingabe einiger Daten in das Online-Formular.<\/p>\n<p>Auf diese Weise registrierst du dich auch bei Leanpay und wenn du im Gesch\u00e4ft den Verk\u00e4ufer um ein Angebot bittest, reicht es aus, ihm nur deine Telefonnummer zu nennen.<\/p>\n<p>Mehr dar\u00fcber <a href=\"https:\/\/leanpay.zendesk.com\/hc\/sl\/articles\/360013186019-Kako-lahko-vnaprej-preverim-ali-bi-dobil-limit-pri-Leanpay-Kaj-pomeni-gumb-Preveri-svoj-limit-\" target=\"_blank\" rel=\"noopener\">kannst du hier lesen.<\/a><\/p>\n<\/p><\/div>\n<p>              <button class=\"accordion\">5. Was passiert nach dem Kauf?<\/button><\/p>\n<div class=\"panel\">\n<p>Deine Produkte werden mit der gew\u00e4hlten Liefermethode zu dir nach Hause geliefert.<\/p>\n<p>In der <a href=\"https:\/\/app.leanpay.si\/\" target=\"_blank\" rel=\"noopener\">Moj Leanpay<\/a>-Webanwendung kannst du deine Zahlungen, zuk\u00fcnftige K\u00e4ufe und Neuigkeiten verfolgen. Der Zugang wird dir mit dem ersten abgeschlossenen Kauf oder dem abgeschlossenen Prozess <a href=\"https:\/\/azurefilm.com\/\" target=\"_blank\" rel=\"noopener\">\u00dcberpr\u00fcfe dein Limit<\/a> gew\u00e4hrt. <\/p>\n<\/p><\/div>\n<p>              <button class=\"accordion\">6. Ich habe noch einige Fragen<\/button><\/p>\n<div class=\"panel\">\n<p>Alle h\u00e4ufig gestellten Fragen findest du auf der <a href=\"https:\/\/leanpay.zendesk.com\/hc\/sl\/categories\/360002454660-Za-kupce\" target=\"_blank\" rel=\"noopener\">Leanpay-Website.<\/a><\/p>\n<\/p><\/div>\n<\/p><\/div>\n<\/h3>\n<\/div><\/div>\n<\/section>\n<p>    <script src=\"https:\/\/azurefilm.com\/wp-content\/plugins\/leanpay-obrocne-cene\/assets\/js\/leanpay.js\"><\/script><\/p>\n","protected":false},"excerpt":{"rendered":"<p>Einfache Ratenzahlungen Mit Leanpay kannst du auch in unserem Online-Shop in Raten zahlen. Alles, was du brauchst, ist ein Mobiltelefon und ein Ausweisdokument. Der gesamte Vorgang dauert nur wenige Minuten. Kostenlos \u00dcberpr\u00fcfe dein Limit Warum in Raten mit Leanpay zahlen? 1. Sofortige Entscheidung \u00fcber die Genehmigung des Kaufs mit nur wenigen Daten. 2. Keine Dokumentation, [&#8230;]\n","protected":false},"author":1,"featured_media":0,"parent":0,"menu_order":0,"comment_status":"closed","ping_status":"closed","template":"","meta":{"_acf_changed":false,"footnotes":""},"class_list":["post-52273","page","type-page","status-publish","hentry"],"acf":[],"_links":{"self":[{"href":"https:\/\/azurefilm.com\/de\/wp-json\/wp\/v2\/pages\/52273","targetHints":{"allow":["GET"]}}],"collection":[{"href":"https:\/\/azurefilm.com\/de\/wp-json\/wp\/v2\/pages"}],"about":[{"href":"https:\/\/azurefilm.com\/de\/wp-json\/wp\/v2\/types\/page"}],"author":[{"embeddable":true,"href":"https:\/\/azurefilm.com\/de\/wp-json\/wp\/v2\/users\/1"}],"replies":[{"embeddable":true,"href":"https:\/\/azurefilm.com\/de\/wp-json\/wp\/v2\/comments?post=52273"}],"version-history":[{"count":0,"href":"https:\/\/azurefilm.com\/de\/wp-json\/wp\/v2\/pages\/52273\/revisions"}],"wp:attachment":[{"href":"https:\/\/azurefilm.com\/de\/wp-json\/wp\/v2\/media?parent=52273"}],"curies":[{"name":"wp","href":"https:\/\/api.w.org\/{rel}","templated":true}]}}