
{"id":52276,"date":"2023-12-06T07:27:23","date_gmt":"2023-12-06T07:27:23","guid":{"rendered":"https:\/\/azurefilm.com\/drucke-glueck\/"},"modified":"2024-10-23T11:00:07","modified_gmt":"2024-10-23T11:00:07","slug":"drucke-glueck","status":"publish","type":"page","link":"https:\/\/azurefilm.com\/de\/drucke-glueck\/","title":{"rendered":"Drucke Gl\u00fcck"},"content":{"rendered":"\n\t<section class=\"section\" id=\"section_498063595\">\n\t\t<div class=\"section-bg fill\" >\n\t\t\t\t\t\t\t\t\t\n\t\t\t\n\n\t\t<\/div>\n\n\t\t\n\n\t\t<div class=\"section-content relative\">\n\t\t\t\n<div class=\"row row-collapse row-full-width\"  id=\"row-668755340\">\n\n\t<div id=\"col-2116691434\" class=\"col small-12 large-12\"  >\n\t\t\t\t<div class=\"col-inner\"  >\n\t\t\t\n\t\t\t\n\n  <div class=\"banner has-hover\" id=\"banner-935083952\">\n          <div class=\"banner-inner fill\">\n        <div class=\"banner-bg fill\" >\n            <img loading=\"lazy\" decoding=\"async\" width=\"2000\" height=\"780\" src=\"https:\/\/azurefilm.com\/wp-content\/uploads\/2023\/12\/en_XMAS-video-banner-desktop-2060-x-780px-1.jpg\" class=\"bg attachment-original size-original\" alt=\"\" title=\"\">                                    \n                    <\/div>\n\t\t\n        <div class=\"banner-layers container\">\n            <div class=\"fill banner-link\"><\/div>               <div id=\"text-box-1828824117\" class=\"text-box banner-layer x50 md-x50 lg-x50 y50 md-y50 lg-y50 res-text\">\n                     <div data-animate=\"fadeIn\">           <div class=\"text-box-content text dark\">\n              \n              <div class=\"text-inner text-center\">\n                  \n              <\/div>\n           <\/div>\n       <\/div>                     \n<style>\n#text-box-1828824117 {\n  width: 60%;\n}\n#text-box-1828824117 .text-box-content {\n  font-size: 100%;\n}\n@media (min-width:550px) {\n  #text-box-1828824117 {\n    width: 60%;\n  }\n}\n<\/style>\n    <\/div>\n         <\/div>\n      <\/div>\n\n            \n<style>\n#banner-935083952 {\n  padding-top: 200px;\n}\n#banner-935083952 .banner-bg img {\n  object-position: 50% 23%;\n}\n@media (min-width:550px) {\n  #banner-935083952 {\n    padding-top: 500px;\n  }\n}\n<\/style>\n  <\/div>\n\n\n\t\t<\/div>\n\t\t\t\t\t<\/div>\n\n\t\n<\/div>\n\t\t<\/div>\n\n\t\t\n<style>\n#section_498063595 {\n  padding-top: 0px;\n  padding-bottom: 0px;\n}\n<\/style>\n\t<\/section>\n\t\n\n\t<section class=\"section pb-0\" id=\"section_1652310436\">\n\t\t<div class=\"section-bg fill\" >\n\t\t\t\t\t\t\t\t\t\n\t\t\t\n\n\t\t<\/div>\n\n\t\t\n\n\t\t<div class=\"section-content relative\">\n\t\t\t\n<div class=\"row\"  id=\"row-758702862\">\n\n\t<div id=\"col-1123104825\" class=\"col small-12 large-12\"  >\n\t\t\t\t<div class=\"col-inner\"  >\n\t\t\t\n\t\t\t\n<h1>Machen Sie bei unseren Dezember-Aktivit\u00e4ten mit und helfen Sie, Freude zu verbreiten! Jeder Tag ist eine Gelegenheit, den Tag f\u00fcr uns selbst und andere zu erhellen! <\/h1>\n\t<div id=\"gap-532753088\" class=\"gap-element clearfix\" style=\"display:block; height:auto;\">\n\t\t\n<style>\n#gap-532753088 {\n  padding-top: 50px;\n}\n<\/style>\n\t<\/div>\n\t\n<h2>Verbreiten Sie Freude mit der Drucke Gl\u00fcck-Bewegung!<\/h2>\n<p>In dieser Weihnachtszeit lassen Sie die generischen Geschenke hinter sich und kreieren Sie etwas Besonderes mit der Kraft des 3D-Drucks. Drucken Sie Geschenke, die Ihren Lieben, Freunden oder sogar Fremden ein L\u00e4cheln ins Gesicht zaubern. <\/p>\n<p>So nehmen Sie teil:<\/p>\n<ul>\n<li>Drucken Sie Geschenke Ihrer Wahl und geben Sie sie einem Freund, Familienmitglied oder Fremden, um deren Tag zu erhellen! Warten Sie nicht auf die Feiertage, um Freude zu teilen! <\/li>\n<li>Nehmen Sie die Geschenk\u00fcbergabe auf, posten Sie sie in Ihrer Instagram-Story, taggen Sie @azurefilm3d und verwenden Sie den Hashtag #PrintHappiness.<\/li>\n<li>Senden Sie den Screenshot Ihrer Story an unser Instagram-Konto, und wir antworten mit einem Rabattcode!<\/li>\n<li>Sie haben bis zum 20. Dezember Zeit, teilzunehmen.<\/li>\n<\/ul>\n<p>Die Belohnung: Alle Teilnehmer erhalten einen speziellen Rabattcode f\u00fcr 20% Rabatt, der bei Ihrer n\u00e4chsten Bestellung unserer Filamente im Januar verwendet werden kann.<\/p>\n\t\t<\/div>\n\t\t\t\t\n<style>\n#col-1123104825 > .col-inner {\n  padding: 1.5rem 0px 0px 0px;\n}\n<\/style>\n\t<\/div>\n\n\t\n<\/div>\n\t\t<\/div>\n\n\t\t\n<style>\n#section_1652310436 {\n  padding-top: 30px;\n  padding-bottom: 30px;\n}\n<\/style>\n\t<\/section>\n\t\n\n\t<section class=\"section pt-0\" id=\"section_1142144361\">\n\t\t<div class=\"section-bg fill\" >\n\t\t\t\t\t\t\t\t\t\n\t\t\t\n\n\t\t<\/div>\n\n\t\t\n\n\t\t<div class=\"section-content relative\">\n\t\t\t\n<div class=\"row\"  id=\"row-732226839\">\n\n\t<div id=\"col-688622131\" class=\"col small-12 large-12\"  >\n\t\t\t\t<div class=\"col-inner\"  >\n\t\t\t\n\t\t\t\n<h2>Werden Sie kreativ mit dem Print Xmas-Wettbewerb!<\/h2>\n<p>Wir fordern Sie heraus, Ihren einzigartigen Weihnachtsschmuck mit unserem PLA Wood-Filament zu entwerfen. Lassen Sie Ihrer Fantasie freien Lauf und kreieren Sie etwas, das Ihren Feiertagsgeist widerspiegelt. <\/p>\n<p>So nehmen Sie teil:<\/p>\n<ul>\n<li>F\u00fcllen Sie das untenstehende Anmeldeformular aus.<\/li>\n<li>Nach der Anmeldung senden wir Ihnen drei PLA Wood-Filamentproben (3x50g).<\/li>\n<li>Entwerfen Sie einen Weihnachtsschmuck und drucken Sie ihn. Filmen Sie den gesamten Prozess. <\/li>\n<li>Teilen Sie Ihr Video auf Instagram, taggen Sie @azurefilm3d und verwenden Sie den Hashtag #PrintXmas.<\/li>\n<\/ul>\n<p>Die Belohnung:<\/p>\n<p>Unter allen Teilnehmern ziehen wir am <b>20. Dezember<\/b> einen gl\u00fccklichen Gewinner, der einen Preis von <b>3x750g PLA Wood seiner Wahl<\/b> erh\u00e4lt.<\/p>\n\t\t<\/div>\n\t\t\t\t\t<\/div>\n\n\t\n\n\t<div id=\"col-213918420\" class=\"col small-12 large-12\"  >\n\t\t\t\t<div class=\"col-inner\"  >\n\t\t\t\n\t\t\t\n\n<div class=\"wpcf7 no-js\" id=\"wpcf7-f54584-o1\" lang=\"de-DE\" dir=\"ltr\" data-wpcf7-id=\"54584\">\n<div class=\"screen-reader-response\"><p role=\"status\" aria-live=\"polite\" aria-atomic=\"true\"><\/p> <ul><\/ul><\/div>\n<form action=\"\/de\/wp-json\/wp\/v2\/pages\/52276#wpcf7-f54584-o1\" method=\"post\" class=\"wpcf7-form init\" aria-label=\"Kontaktformular\" novalidate=\"novalidate\" data-status=\"init\">\n<fieldset class=\"hidden-fields-container\"><input type=\"hidden\" name=\"_wpcf7\" value=\"54584\" \/><input type=\"hidden\" name=\"_wpcf7_version\" value=\"6.1.5\" \/><input type=\"hidden\" name=\"_wpcf7_locale\" value=\"de_DE\" \/><input type=\"hidden\" name=\"_wpcf7_unit_tag\" value=\"wpcf7-f54584-o1\" \/><input type=\"hidden\" name=\"_wpcf7_container_post\" value=\"0\" \/><input type=\"hidden\" name=\"_wpcf7_posted_data_hash\" value=\"\" \/>\n<\/fieldset>\n<div class=\"wpcf7-turnstile cf-turnstile\" data-sitekey=\"0x4AAAAAAB5R05neHM8iS1aG\" data-response-field-name=\"_wpcf7_turnstile_response\"><\/div>\n\n<div class=\"contact-us-form\">\n\t<h2>Anmeldeformular f\u00fcr den Print Xmas Wettbewerb\n\t<\/h2>\n\t<div class=\"contact-content\">\n\t\t<p><label><br \/>\n<span class=\"wpcf7-form-control-wrap\" data-name=\"text-300\"><input size=\"40\" maxlength=\"400\" class=\"wpcf7-form-control wpcf7-text wpcf7-validates-as-required\" aria-required=\"true\" aria-invalid=\"false\" placeholder=\"Name\" value=\"\" type=\"text\" name=\"text-300\" \/><\/span> <\/label>\n\t\t<\/p>\n\t\t<p><label><br \/>\n<span class=\"wpcf7-form-control-wrap\" data-name=\"text-301\"><input size=\"40\" maxlength=\"400\" class=\"wpcf7-form-control wpcf7-text wpcf7-validates-as-required\" aria-required=\"true\" aria-invalid=\"false\" placeholder=\"Nachname\" value=\"\" type=\"text\" name=\"text-301\" \/><\/span> <\/label>\n\t\t<\/p>\n\t\t<p><label><br \/>\n<span class=\"wpcf7-form-control-wrap\" data-name=\"text-302\"><input size=\"40\" maxlength=\"400\" class=\"wpcf7-form-control wpcf7-text wpcf7-validates-as-required\" aria-required=\"true\" aria-invalid=\"false\" placeholder=\"Stra\u00dfe\" value=\"\" type=\"text\" name=\"text-302\" \/><\/span> <\/label>\n\t\t<\/p>\n\t\t<p><label><br \/>\n<span class=\"wpcf7-form-control-wrap\" data-name=\"text-303\"><input size=\"40\" maxlength=\"400\" class=\"wpcf7-form-control wpcf7-text wpcf7-validates-as-required\" aria-required=\"true\" aria-invalid=\"false\" placeholder=\"Hausnummer\" value=\"\" type=\"text\" name=\"text-303\" \/><\/span> <\/label>\n\t\t<\/p>\n\t\t<p><label><br \/>\n<span class=\"wpcf7-form-control-wrap\" data-name=\"text-304\"><input size=\"40\" maxlength=\"400\" class=\"wpcf7-form-control wpcf7-text wpcf7-validates-as-required\" aria-required=\"true\" aria-invalid=\"false\" placeholder=\"Postleitzahl\" value=\"\" type=\"text\" name=\"text-304\" \/><\/span> <\/label>\n\t\t<\/p>\n\t\t<p><label><br \/>\n<span class=\"wpcf7-form-control-wrap\" data-name=\"text-305\"><input size=\"40\" maxlength=\"400\" class=\"wpcf7-form-control wpcf7-text wpcf7-validates-as-required\" aria-required=\"true\" aria-invalid=\"false\" placeholder=\"Stadt\" value=\"\" type=\"text\" name=\"text-305\" \/><\/span> <\/label>\n\t\t<\/p>\n\t\t<p><label><br \/>\n<span class=\"wpcf7-form-control-wrap\" data-name=\"text-306\"><input size=\"40\" maxlength=\"400\" class=\"wpcf7-form-control wpcf7-text wpcf7-validates-as-required\" aria-required=\"true\" aria-invalid=\"false\" placeholder=\"Land\" value=\"\" type=\"text\" name=\"text-306\" \/><\/span> <\/label>\n\t\t<\/p>\n\t\t<p><label><br \/>\n<span class=\"wpcf7-form-control-wrap\" data-name=\"email-224\"><input size=\"40\" maxlength=\"400\" class=\"wpcf7-form-control wpcf7-email wpcf7-validates-as-required wpcf7-text wpcf7-validates-as-email\" aria-required=\"true\" aria-invalid=\"false\" placeholder=\"E-Mail\" value=\"\" type=\"email\" name=\"email-224\" \/><\/span> <\/label>\n\t\t<\/p>\n\t\t<p><label><br \/>\n<span class=\"wpcf7-form-control-wrap\" data-name=\"tel-15\"><input size=\"40\" maxlength=\"400\" class=\"wpcf7-form-control wpcf7-tel wpcf7-validates-as-required wpcf7-text wpcf7-validates-as-tel\" aria-required=\"true\" aria-invalid=\"false\" placeholder=\"Mobiltelefon\" value=\"\" type=\"tel\" name=\"tel-15\" \/><\/span> <\/label>\n\t\t<\/p>\n\t<\/div>\n\t<p class=\"contact-form-notice\"><span class=\"wpcf7-form-control-wrap\" data-name=\"accept-this-1\"><span class=\"wpcf7-form-control wpcf7-acceptance\"><span class=\"wpcf7-list-item\"><label><input type=\"checkbox\" name=\"accept-this-1\" value=\"1\" aria-invalid=\"false\" \/><span class=\"wpcf7-list-item-label\">Durch die Teilnahme am Print Xmas Wettbewerb best\u00e4tigen Sie, dass Sie diese Allgemeinen Gesch\u00e4ftsbedingungen gelesen und akzeptiert haben.<\/span><\/label><\/span><\/span><\/span>\n\t<\/p>\n<\/div>\n<div class=\"contact-us-button-container\">\n\t<p><input class=\"wpcf7-form-control wpcf7-submit has-spinner\" type=\"submit\" value=\"ABSENDEN\" \/>\n\t<\/p>\n<\/div><div class=\"wpcf7-response-output\" aria-hidden=\"true\"><\/div>\n<\/form>\n<\/div>\n\n\t\t<\/div>\n\t\t\t\t\t<\/div>\n\n\t\n\n\t<div id=\"col-1225438129\" class=\"col small-12 large-12\"  >\n\t\t\t\t<div class=\"col-inner\"  >\n\t\t\t\n\t\t\t\n<h2>Teilnahmebedingungen f\u00fcr den Print Xmas-Wettbewerb<\/h2>\n<p>Teilnehmer m\u00fcssen das Anmeldeformular vollst\u00e4ndig ausf\u00fcllen, um sich zu bewerben. Unvollst\u00e4ndige oder ungenaue Formulare k\u00f6nnen zur Disqualifikation f\u00fchren. <\/p>\n<p>Nach erfolgreicher Anmeldung erhalten die Teilnehmer drei PLA Wood-Filamentproben (3x50g). Die Filamentproben werden an die im Anmeldeformular angegebene Adresse gesendet. <\/p>\n<p>Teilnehmer m\u00fcssen einen Weihnachtsschmuck mit dem bereitgestellten PLA Wood-Filament entwerfen. Nur Designs, die mit dem gelieferten Filament erstellt wurden, sind f\u00fcr den Wettbewerb zugelassen. <\/p>\n<p>Teilnehmer m\u00fcssen den gesamten Prozess des Entwerfens und Druckens ihres Weihnachtsschmucks filmen. Videos sollten auf Instagram geteilt werden, taggen Sie @azurefilm3d und verwenden Sie den Hashtag #PrintXmas. <\/p>\n<p>Einsendeschluss f\u00fcr Videos ist der 19. Dezember. Sp\u00e4te Einsendungen werden nicht ber\u00fccksichtigt. <\/p>\n<p>Ein Gewinner wird am 20. Dezember zuf\u00e4llig aus allen Teilnehmern gezogen.<br \/> Der Gewinner erh\u00e4lt einen Preis von 3x750g PLA Wood-Filament seiner Wahl.<\/p>\n<p>Der Gewinner wird \u00fcber die im Anmeldeformular angegebene Kontaktinformation benachrichtigt. Wenn der Gewinner nicht innerhalb von 5 Tagen antwortet, kann ein neuer Gewinner ausgew\u00e4hlt werden. <\/p>\n<p>Durch die Teilnahme gew\u00e4hren die Teilnehmer AzureFilm das Recht, ihr Video und Design f\u00fcr Werbezwecke zu verwenden.<\/p>\n<p>AzureFilm beh\u00e4lt sich das Recht vor, den Wettbewerb jederzeit zu \u00e4ndern oder abzubrechen.<\/p>\n<p>Bei Fragen zum Wettbewerb kontaktieren Sie bitte <a href=\"mailto:info@azurefilm.com\">info@azurefilm.com<\/a><\/p>\n\t\t<\/div>\n\t\t\t\t\t<\/div>\n\n\t\n<\/div>\n\t\t<\/div>\n\n\t\t\n<style>\n#section_1142144361 {\n  padding-top: 30px;\n  padding-bottom: 30px;\n}\n<\/style>\n\t<\/section>\n\t\n","protected":false},"excerpt":{"rendered":"","protected":false},"author":1,"featured_media":0,"parent":0,"menu_order":0,"comment_status":"closed","ping_status":"closed","template":"page-blank.php","meta":{"_acf_changed":false,"footnotes":""},"class_list":["post-52276","page","type-page","status-publish","hentry"],"acf":[],"_links":{"self":[{"href":"https:\/\/azurefilm.com\/de\/wp-json\/wp\/v2\/pages\/52276","targetHints":{"allow":["GET"]}}],"collection":[{"href":"https:\/\/azurefilm.com\/de\/wp-json\/wp\/v2\/pages"}],"about":[{"href":"https:\/\/azurefilm.com\/de\/wp-json\/wp\/v2\/types\/page"}],"author":[{"embeddable":true,"href":"https:\/\/azurefilm.com\/de\/wp-json\/wp\/v2\/users\/1"}],"replies":[{"embeddable":true,"href":"https:\/\/azurefilm.com\/de\/wp-json\/wp\/v2\/comments?post=52276"}],"version-history":[{"count":0,"href":"https:\/\/azurefilm.com\/de\/wp-json\/wp\/v2\/pages\/52276\/revisions"}],"wp:attachment":[{"href":"https:\/\/azurefilm.com\/de\/wp-json\/wp\/v2\/media?parent=52276"}],"curies":[{"name":"wp","href":"https:\/\/api.w.org\/{rel}","templated":true}]}}