
{"id":77583,"date":"2025-05-15T09:40:24","date_gmt":"2025-05-15T09:40:24","guid":{"rendered":"https:\/\/azurefilm.com\/?page_id=77583"},"modified":"2025-05-15T10:35:49","modified_gmt":"2025-05-15T10:35:49","slug":"impressum","status":"publish","type":"page","link":"https:\/\/azurefilm.com\/de\/impressum\/","title":{"rendered":"IMPRESSUM"},"content":{"rendered":"<h2>IMPRESSUM<\/h2>\n<p><span style=\"font-weight: 400;\"><strong>Firmenname und Rechtsform:<\/strong> Azurefilm d.o.o.<\/span><\/p>\n<p><span style=\"font-weight: 400;\"><strong>Hauptsitz:<\/strong> Orle\u0161ka cesta 16, 6210 Se\u017eana, Slowenien<\/span><\/p>\n<p><span style=\"font-weight: 400;\"><strong>Registergericht:<\/strong> Bezirksgericht Ljubljana<\/span><\/p>\n<p><span style=\"font-weight: 400;\"><strong>Handelsregister:<\/strong> 7095228000<\/span><\/p>\n<p><span style=\"font-weight: 400;\"><strong>Umsatzsteuer-Identifikationsnummer:<\/strong> SI58587837<\/span><\/p>\n<p><span style=\"font-weight: 400;\"><strong>Gesch\u00e4ftsf\u00fchrung:<\/strong> Danica Derman, Jure Derman<\/span><\/p>\n<p><span style=\"font-weight: 400;\"><strong>Grundkapital:<\/strong> 7.500 \u20ac<\/span><\/p>\n<p><strong>Kontakt:<\/strong><\/p>\n<p><span style=\"font-weight: 400;\">Telefon: 00386 31 718 800<\/span><\/p>\n<p><span style=\"font-weight: 400;\">E-Mail: info@azurefilm.com<\/span><\/p>\n<p><span style=\"font-weight: 400;\">Gem\u00e4\u00df 14 Abs. Artikel 1 der Europ\u00e4ischen Verordnung Nr. 524\/2013 vom 21. Mai 2013 \u00fcber ADR stellt Die Europ\u00e4ische Kommission eine Plattform zur Online-Streitbeilegung (OS) bereit, die Sie unter folgendem Link finden: http:\/\/ec.europa.eu\/consumers\/odr\/\u00a0<\/span><\/p>\n","protected":false},"excerpt":{"rendered":"<p>IMPRESSUM Firmenname und Rechtsform: Azurefilm d.o.o. Hauptsitz: Orle\u0161ka cesta 16, 6210 Se\u017eana, Slowenien Registergericht: Bezirksgericht Ljubljana Handelsregister: 7095228000 Umsatzsteuer-Identifikationsnummer: SI58587837 Gesch\u00e4ftsf\u00fchrung: Danica Derman, Jure Derman Grundkapital: 7.500 \u20ac Kontakt: Telefon: 00386 31 718 800 E-Mail: info@azurefilm.com Gem\u00e4\u00df 14 Abs. Artikel 1 der Europ\u00e4ischen Verordnung Nr. 524\/2013 vom 21. Mai 2013 \u00fcber ADR stellt Die Europ\u00e4ische [&#8230;]\n","protected":false},"author":11,"featured_media":0,"parent":0,"menu_order":0,"comment_status":"closed","ping_status":"closed","template":"","meta":{"_acf_changed":false,"footnotes":""},"class_list":["post-77583","page","type-page","status-publish","hentry"],"acf":[],"_links":{"self":[{"href":"https:\/\/azurefilm.com\/de\/wp-json\/wp\/v2\/pages\/77583","targetHints":{"allow":["GET"]}}],"collection":[{"href":"https:\/\/azurefilm.com\/de\/wp-json\/wp\/v2\/pages"}],"about":[{"href":"https:\/\/azurefilm.com\/de\/wp-json\/wp\/v2\/types\/page"}],"author":[{"embeddable":true,"href":"https:\/\/azurefilm.com\/de\/wp-json\/wp\/v2\/users\/11"}],"replies":[{"embeddable":true,"href":"https:\/\/azurefilm.com\/de\/wp-json\/wp\/v2\/comments?post=77583"}],"version-history":[{"count":0,"href":"https:\/\/azurefilm.com\/de\/wp-json\/wp\/v2\/pages\/77583\/revisions"}],"wp:attachment":[{"href":"https:\/\/azurefilm.com\/de\/wp-json\/wp\/v2\/media?parent=77583"}],"curies":[{"name":"wp","href":"https:\/\/api.w.org\/{rel}","templated":true}]}}