
{"id":96564,"date":"2024-10-28T15:45:35","date_gmt":"2024-10-28T15:45:35","guid":{"rendered":"https:\/\/azurefilm.com\/formnext-2025\/"},"modified":"2025-10-24T11:40:59","modified_gmt":"2025-10-24T11:40:59","slug":"formnext-2025","status":"publish","type":"page","link":"https:\/\/azurefilm.com\/de\/formnext-2025\/","title":{"rendered":"Formnext 2025"},"content":{"rendered":"\n  <div class=\"banner has-hover hide-for-medium\" id=\"banner-52175442\">\n          <div class=\"banner-inner fill\">\n        <div class=\"banner-bg fill\" >\n            <img loading=\"lazy\" decoding=\"async\" width=\"2560\" height=\"921\" src=\"https:\/\/azurefilm.com\/wp-content\/uploads\/2025\/10\/DE-Formnext-Landing-Banner-Desktop-scaled.png\" class=\"bg attachment-original size-original\" alt=\"\" title=\"\">                                    \n                    <\/div>\n\t\t\n        <div class=\"banner-layers container\">\n            <div class=\"fill banner-link\"><\/div>            \n   <div id=\"text-box-1324405618\" class=\"text-box banner-layer x50 md-x50 lg-x50 y50 md-y50 lg-y50 res-text\">\n                                <div class=\"text-box-content text dark\">\n              \n              <div class=\"text-inner text-center\">\n                  \n              <\/div>\n           <\/div>\n                            \n<style>\n#text-box-1324405618 {\n  width: 60%;\n}\n#text-box-1324405618 .text-box-content {\n  font-size: 100%;\n}\n<\/style>\n    <\/div>\n \n        <\/div>\n      <\/div>\n\n            \n<style>\n#banner-52175442 {\n  padding-top: 500px;\n}\n<\/style>\n  <\/div>\n\n\n\n  <div class=\"banner has-hover show-for-small\" id=\"banner-2074809762\">\n          <div class=\"banner-inner fill\">\n        <div class=\"banner-bg fill\" >\n            <img loading=\"lazy\" decoding=\"async\" width=\"800\" height=\"1000\" src=\"https:\/\/azurefilm.com\/wp-content\/uploads\/2025\/10\/DE-Formnext-Landing-Banner-Mobile.png\" class=\"bg attachment-original size-original\" alt=\"\" title=\"\">                                    \n                    <\/div>\n\t\t\n        <div class=\"banner-layers container\">\n            <div class=\"fill banner-link\"><\/div>            \n   <div id=\"text-box-715547755\" class=\"text-box banner-layer x50 md-x50 lg-x50 y50 md-y50 lg-y50 res-text\">\n                                <div class=\"text-box-content text dark\">\n              \n              <div class=\"text-inner text-center\">\n                  \n              <\/div>\n           <\/div>\n                            \n<style>\n#text-box-715547755 {\n  width: 60%;\n}\n#text-box-715547755 .text-box-content {\n  font-size: 100%;\n}\n<\/style>\n    <\/div>\n \n        <\/div>\n      <\/div>\n\n            \n<style>\n#banner-2074809762 {\n  padding-top: 500px;\n}\n<\/style>\n  <\/div>\n\n\n\t<div id=\"gap-316344741\" class=\"gap-element clearfix\" style=\"display:block; height:auto;\">\n\t\t\n<style>\n#gap-316344741 {\n  padding-top: 30px;\n}\n<\/style>\n\t<\/div>\n\t\n<div class=\"row\"  id=\"row-325670613\">\n\n\t<div id=\"col-1955895238\" class=\"col small-12 large-12\"  >\n\t\t\t\t<div class=\"col-inner\"  >\n\t\t\t\n\t\t\t\n\t<div id=\"text-4133764154\" class=\"text\">\n\t\t\n<h2>Treffen Sie uns auf der Formnext 2025!<\/h2>\n<p><span style=\"font-weight: 400;\">Als einer der f\u00fchrenden Hersteller von 3D-Filamenten freuen wir uns, Sie zur <\/span><b>Formnext 2025<\/b><span style=\"font-weight: 400;\">, der weltweit f\u00fchrenden Messe f\u00fcr additive Fertigung und industriellen 3D-Druck, einzuladen.<\/span><\/p>\n<p><span style=\"font-weight: 400;\">Die diesj\u00e4hrige Ausstellung findet <\/span><b>vom 18. bis 21. November 2025 in Frankfurt am Main, Deutschland<\/b><span style=\"font-weight: 400;\">, statt.<\/span><\/p>\n<h3>Warum Sie uns besuchen sollten<\/h3>\n<p><span style=\"font-weight: 400;\">In <\/span><b>Halle 12.1, Stand B21<\/b><span style=\"font-weight: 400;\"> geh\u00f6ren Sie zu den Ersten, die unsere neuesten Kollektionen entdecken und exklusive Produktneuheiten erleben k\u00f6nnen \u2013 entwickelt, um Ihr 3D-Druck-Erlebnis auf das n\u00e4chste Level zu bringen.<\/span><\/p>\n\t\t\n<style>\n#text-4133764154 {\n  text-align: left;\n}\n<\/style>\n\t<\/div>\n\t\n\n\t<section class=\"section pb-0\" id=\"section_1065947188\">\n\t\t<div class=\"section-bg fill\" >\n\t\t\t\t\t\t\t\t\t<div class=\"section-bg-overlay absolute fill\"><\/div>\n\t\t\t\n\n\t\t<\/div>\n\n\t\t\n\n\t\t<div class=\"section-content relative\">\n\t\t\t\n<div class=\"row row-large align-middle\"  id=\"row-1350972193\">\n\n\t<div id=\"col-1630873496\" class=\"col medium-7 small-12 large-7\"  >\n\t\t\t\t<div class=\"col-inner text-left\"  >\n\t\t\t\n\t\t\t\n<h3>Was Sie erwartet<\/h3>\n<ul>\n<li style=\"font-weight: 400;\" aria-level=\"1\"><b>Exklusive Produkteinf\u00fchrungen:<\/b><span style=\"font-weight: 400;\"> Seien Sie die Ersten, die unsere neuesten Innovationen entdecken.<\/span><\/li>\n<li style=\"font-weight: 400;\" aria-level=\"1\"><b>\u00dcberraschende Enth\u00fcllungen:<\/b><span style=\"font-weight: 400;\"> Spannende neue Produkte, die erstmals auf der Messe vorgestellt werden.<\/span><\/li>\n<li style=\"font-weight: 400;\" aria-level=\"1\"><b>Gesch\u00e4ftsm\u00f6glichkeiten:<\/b><span style=\"font-weight: 400;\"> Lassen Sie uns besprechen, wie wir Ihre 3D-Druck-Ziele gemeinsam erreichen k\u00f6nnen.<\/span><\/li>\n<li style=\"font-weight: 400;\" aria-level=\"1\"><b>Preise f\u00fcr unsere Besucher:<\/b><span style=\"font-weight: 400;\"> Besondere Giveaways und exklusive Gewinnm\u00f6glichkeiten erwarten Sie.<\/span><\/li>\n<\/ul>\n\t\t<\/div>\n\t\t\t\t\t<\/div>\n\n\t\n\n\t<div id=\"col-1662612508\" class=\"col medium-5 small-12 large-5\"  >\n\t\t\t\t<div class=\"col-inner\"  >\n\t\t\t\n\t\t\t\n<div class=\"video video-fit mb\" style=\"padding-top:56.25%;\"><p><iframe loading=\"lazy\" title=\"AzureFilm - 3D filaments production\" width=\"1020\" height=\"574\" src=\"https:\/\/www.youtube.com\/embed\/aoC_oho7Vh0?feature=oembed\" frameborder=\"0\" allow=\"accelerometer; autoplay; clipboard-write; encrypted-media; gyroscope; picture-in-picture; web-share\" referrerpolicy=\"strict-origin-when-cross-origin\" allowfullscreen><\/iframe><\/p>\n<\/div>\n\t\t<\/div>\n\t\t\t\t\t<\/div>\n\n\t\n<\/div>\n\t\t<\/div>\n\n\t\t\n<style>\n#section_1065947188 {\n  padding-top: 60px;\n  padding-bottom: 60px;\n  background-color: #2aa0d1;\n}\n#section_1065947188 .section-bg-overlay {\n  background-color: rgba(255, 255, 255, 0.85);\n}\n<\/style>\n\t<\/section>\n\t\n\t<div id=\"gap-565297252\" class=\"gap-element clearfix\" style=\"display:block; height:auto;\">\n\t\t\n<style>\n#gap-565297252 {\n  padding-top: 10px;\n}\n<\/style>\n\t<\/div>\n\t\n\t<div id=\"text-3125079894\" class=\"text\">\n\t\t\n<h2>Lassen Sie uns in Kontakt treten!<\/h2>\n<p><span style=\"font-weight: 400;\">M\u00f6chten Sie einen Termin vereinbaren oder haben Sie Fragen? F\u00fcllen Sie einfach das untenstehende Formular aus, um ein pers\u00f6nliches Gespr\u00e4ch mit unserem Team zu vereinbaren \u2013 oder besuchen Sie uns direkt an unserem Stand.<\/span><\/p>\n<p><span style=\"font-weight: 400;\">Wir freuen uns darauf, Sie auf der <\/span><b>Formnext 2025 \u2013 Halle 12.1, Stand B21<\/b><span style=\"font-weight: 400;\"> zu treffen.<\/span><span style=\"font-weight: 400;\"><br \/><\/span><\/p>\n<p><span style=\"font-weight: 400;\">Verpassen Sie es nicht!<\/span><\/p>\n\t\t\n<style>\n#text-3125079894 {\n  text-align: left;\n}\n<\/style>\n\t<\/div>\n\t\n\t\t<\/div>\n\t\t\t\t\t<\/div>\n\n\t\n<\/div>\n<div class=\"fake-h1\">KONTAKTIEREN SIE UNS<\/div>\n<div>\n\n<div class=\"wpcf7 no-js\" id=\"wpcf7-f96601-o1\" lang=\"de-DE\" dir=\"ltr\" data-wpcf7-id=\"96601\">\n<div class=\"screen-reader-response\"><p role=\"status\" aria-live=\"polite\" aria-atomic=\"true\"><\/p> <ul><\/ul><\/div>\n<form action=\"\/de\/wp-json\/wp\/v2\/pages\/96564#wpcf7-f96601-o1\" method=\"post\" class=\"wpcf7-form init\" aria-label=\"Kontaktformular\" novalidate=\"novalidate\" data-status=\"init\">\n<fieldset class=\"hidden-fields-container\"><input type=\"hidden\" name=\"_wpcf7\" value=\"96601\" \/><input type=\"hidden\" name=\"_wpcf7_version\" value=\"6.1.6\" \/><input type=\"hidden\" name=\"_wpcf7_locale\" value=\"de_DE\" \/><input type=\"hidden\" name=\"_wpcf7_unit_tag\" value=\"wpcf7-f96601-o1\" \/><input type=\"hidden\" name=\"_wpcf7_container_post\" value=\"0\" \/><input type=\"hidden\" name=\"_wpcf7_posted_data_hash\" value=\"\" \/>\n<\/fieldset>\n<div class=\"wpcf7-turnstile cf-turnstile\" data-sitekey=\"0x4AAAAAAB5R05neHM8iS1aG\" data-response-field-name=\"_wpcf7_turnstile_response\"><\/div>\n\n<div class=\"contact-us-form\">\n\t<div class=\"contact-content\">\n\t\t<p><label><br \/>\n<span class=\"wpcf7-form-control-wrap\" data-name=\"your-name\"><input size=\"40\" maxlength=\"400\" class=\"wpcf7-form-control wpcf7-text wpcf7-validates-as-required\" aria-required=\"true\" aria-invalid=\"false\" placeholder=\"Name*\" value=\"\" type=\"text\" name=\"your-name\" \/><\/span> <\/label>\n\t\t<\/p>\n\t\t<p><label><br \/>\n<span class=\"wpcf7-form-control-wrap\" data-name=\"your-email\"><input size=\"40\" maxlength=\"400\" class=\"wpcf7-form-control wpcf7-email wpcf7-validates-as-required wpcf7-text wpcf7-validates-as-email\" aria-required=\"true\" aria-invalid=\"false\" placeholder=\"E-Mail*\" value=\"\" type=\"email\" name=\"your-email\" \/><\/span> <\/label>\n\t\t<\/p>\n\t\t<p><label><br \/>\n<span class=\"wpcf7-form-control-wrap\" data-name=\"text-223\"><input size=\"40\" maxlength=\"400\" class=\"wpcf7-form-control wpcf7-text wpcf7-validates-as-required\" aria-required=\"true\" aria-invalid=\"false\" placeholder=\"Betreff*\" value=\"\" type=\"text\" name=\"text-223\" \/><\/span><\/label>\n\t\t<\/p>\n\t<\/div>\n\t<div class=\"contact-text\">\n\t\t<p><label><br \/>\n<span class=\"wpcf7-form-control-wrap\" data-name=\"your-message\"><textarea cols=\"40\" rows=\"10\" maxlength=\"2000\" class=\"wpcf7-form-control wpcf7-textarea wpcf7-validates-as-required\" aria-required=\"true\" aria-invalid=\"false\" placeholder=\"Meine Nachricht*\" name=\"your-message\"><\/textarea><\/span> <\/label>\n\t\t<\/p>\n\t<\/div>\n\t<p class=\"contact-form-notice\">Die von Ihnen in diesem Kontaktformular angegebenen Informationen werden ausschlie\u00dflich verwendet, um Ihre Nachricht zu bearbeiten und zu beantworten. Wir respektieren Ihre Privatsph\u00e4re und verwenden Ihre Daten weder f\u00fcr andere Zwecke noch geben wir sie an Dritte weiter.\n\t<\/p>\n<\/div>\n<div class=\"contact-us-button-container\">\n\t<p><input class=\"wpcf7-form-control wpcf7-submit has-spinner\" type=\"submit\" value=\"Senden\" \/>\n\t<\/p>\n<\/div>\n<div class=\"wpcf7-response-output\" aria-hidden=\"true\"><\/div>\n<\/form>\n<\/div>\n\n\t<div id=\"gap-667927464\" class=\"gap-element clearfix\" style=\"display:block; height:auto;\">\n\t\t\n<style>\n#gap-667927464 {\n  padding-top: 15px;\n}\n<\/style>\n\t<\/div>\n\t\n\n  \n    <div class=\"row large-columns-4 medium-columns-3 small-columns-2\" >\n  <div class=\"gallery-col col\" >\n          <div class=\"col-inner\">\n            <a class=\"image-lightbox lightbox-gallery\" href=\"https:\/\/azurefilm.com\/wp-content\/uploads\/2025\/10\/1-1-1024x1024.png\" title=\"\">            <div class=\"box has-hover gallery-box box-overlay dark\">\n              <div class=\"box-image\" >\n                <img loading=\"lazy\" decoding=\"async\" width=\"300\" height=\"300\" src=\"https:\/\/azurefilm.com\/wp-content\/uploads\/2025\/10\/1-1-300x300.png\" class=\"attachment-medium size-medium\" alt=\"\" ids=\"96569,96577,96573,96575,96571,96572,96576,96574\" srcset=\"https:\/\/azurefilm.com\/wp-content\/uploads\/2025\/10\/1-1-300x300.png 300w, https:\/\/azurefilm.com\/wp-content\/uploads\/2025\/10\/1-1-274x274.png 274w, https:\/\/azurefilm.com\/wp-content\/uploads\/2025\/10\/1-1-100x100.png 100w, https:\/\/azurefilm.com\/wp-content\/uploads\/2025\/10\/1-1-510x510.png 510w, https:\/\/azurefilm.com\/wp-content\/uploads\/2025\/10\/1-1-1024x1024.png 1024w, https:\/\/azurefilm.com\/wp-content\/uploads\/2025\/10\/1-1-150x150.png 150w, https:\/\/azurefilm.com\/wp-content\/uploads\/2025\/10\/1-1-768x768.png 768w, https:\/\/azurefilm.com\/wp-content\/uploads\/2025\/10\/1-1-1536x1536.png 1536w, https:\/\/azurefilm.com\/wp-content\/uploads\/2025\/10\/1-1-2048x2048.png 2048w\" sizes=\"auto, (max-width: 300px) 100vw, 300px\" title=\"\">                                  <div class=\"overlay fill\"\n                      style=\"background-color: rgba(0,0,0,.15)\">\n                  <\/div>\n                                                              <\/div>\n              <div class=\"box-text text-left\" >\n                 <p><\/p>\n              <\/div>\n            <\/div>\n            <\/a>          <\/div>\n         <\/div><div class=\"gallery-col col\" >\n          <div class=\"col-inner\">\n            <a class=\"image-lightbox lightbox-gallery\" href=\"https:\/\/azurefilm.com\/wp-content\/uploads\/2025\/10\/FORMNEXT-LANDING-PAGE-GALLERY-1024x1024.png\" title=\"\">            <div class=\"box has-hover gallery-box box-overlay dark\">\n              <div class=\"box-image\" >\n                <img loading=\"lazy\" decoding=\"async\" width=\"300\" height=\"300\" src=\"https:\/\/azurefilm.com\/wp-content\/uploads\/2025\/10\/FORMNEXT-LANDING-PAGE-GALLERY-300x300.png\" class=\"attachment-medium size-medium\" alt=\"\" ids=\"96569,96577,96573,96575,96571,96572,96576,96574\" srcset=\"https:\/\/azurefilm.com\/wp-content\/uploads\/2025\/10\/FORMNEXT-LANDING-PAGE-GALLERY-300x300.png 300w, https:\/\/azurefilm.com\/wp-content\/uploads\/2025\/10\/FORMNEXT-LANDING-PAGE-GALLERY-274x274.png 274w, https:\/\/azurefilm.com\/wp-content\/uploads\/2025\/10\/FORMNEXT-LANDING-PAGE-GALLERY-100x100.png 100w, https:\/\/azurefilm.com\/wp-content\/uploads\/2025\/10\/FORMNEXT-LANDING-PAGE-GALLERY-510x510.png 510w, https:\/\/azurefilm.com\/wp-content\/uploads\/2025\/10\/FORMNEXT-LANDING-PAGE-GALLERY-1024x1024.png 1024w, https:\/\/azurefilm.com\/wp-content\/uploads\/2025\/10\/FORMNEXT-LANDING-PAGE-GALLERY-150x150.png 150w, https:\/\/azurefilm.com\/wp-content\/uploads\/2025\/10\/FORMNEXT-LANDING-PAGE-GALLERY-768x768.png 768w, https:\/\/azurefilm.com\/wp-content\/uploads\/2025\/10\/FORMNEXT-LANDING-PAGE-GALLERY.png 1080w\" sizes=\"auto, (max-width: 300px) 100vw, 300px\" title=\"\">                                  <div class=\"overlay fill\"\n                      style=\"background-color: rgba(0,0,0,.15)\">\n                  <\/div>\n                                                              <\/div>\n              <div class=\"box-text text-left\" >\n                 <p><\/p>\n              <\/div>\n            <\/div>\n            <\/a>          <\/div>\n         <\/div><div class=\"gallery-col col\" >\n          <div class=\"col-inner\">\n            <a class=\"image-lightbox lightbox-gallery\" href=\"https:\/\/azurefilm.com\/wp-content\/uploads\/2025\/10\/5-1024x1024.png\" title=\"\">            <div class=\"box has-hover gallery-box box-overlay dark\">\n              <div class=\"box-image\" >\n                <img loading=\"lazy\" decoding=\"async\" width=\"300\" height=\"300\" src=\"https:\/\/azurefilm.com\/wp-content\/uploads\/2025\/10\/5-300x300.png\" class=\"attachment-medium size-medium\" alt=\"\" ids=\"96569,96577,96573,96575,96571,96572,96576,96574\" srcset=\"https:\/\/azurefilm.com\/wp-content\/uploads\/2025\/10\/5-300x300.png 300w, https:\/\/azurefilm.com\/wp-content\/uploads\/2025\/10\/5-274x274.png 274w, https:\/\/azurefilm.com\/wp-content\/uploads\/2025\/10\/5-100x100.png 100w, https:\/\/azurefilm.com\/wp-content\/uploads\/2025\/10\/5-510x510.png 510w, https:\/\/azurefilm.com\/wp-content\/uploads\/2025\/10\/5-1024x1024.png 1024w, https:\/\/azurefilm.com\/wp-content\/uploads\/2025\/10\/5-150x150.png 150w, https:\/\/azurefilm.com\/wp-content\/uploads\/2025\/10\/5-768x768.png 768w, https:\/\/azurefilm.com\/wp-content\/uploads\/2025\/10\/5-1536x1536.png 1536w, https:\/\/azurefilm.com\/wp-content\/uploads\/2025\/10\/5-2048x2048.png 2048w\" sizes=\"auto, (max-width: 300px) 100vw, 300px\" title=\"\">                                  <div class=\"overlay fill\"\n                      style=\"background-color: rgba(0,0,0,.15)\">\n                  <\/div>\n                                                              <\/div>\n              <div class=\"box-text text-left\" >\n                 <p><\/p>\n              <\/div>\n            <\/div>\n            <\/a>          <\/div>\n         <\/div><div class=\"gallery-col col\" >\n          <div class=\"col-inner\">\n            <a class=\"image-lightbox lightbox-gallery\" href=\"https:\/\/azurefilm.com\/wp-content\/uploads\/2025\/10\/7-1024x1024.png\" title=\"\">            <div class=\"box has-hover gallery-box box-overlay dark\">\n              <div class=\"box-image\" >\n                <img loading=\"lazy\" decoding=\"async\" width=\"300\" height=\"300\" src=\"https:\/\/azurefilm.com\/wp-content\/uploads\/2025\/10\/7-300x300.png\" class=\"attachment-medium size-medium\" alt=\"\" ids=\"96569,96577,96573,96575,96571,96572,96576,96574\" srcset=\"https:\/\/azurefilm.com\/wp-content\/uploads\/2025\/10\/7-300x300.png 300w, https:\/\/azurefilm.com\/wp-content\/uploads\/2025\/10\/7-274x274.png 274w, https:\/\/azurefilm.com\/wp-content\/uploads\/2025\/10\/7-100x100.png 100w, https:\/\/azurefilm.com\/wp-content\/uploads\/2025\/10\/7-510x510.png 510w, https:\/\/azurefilm.com\/wp-content\/uploads\/2025\/10\/7-1024x1024.png 1024w, https:\/\/azurefilm.com\/wp-content\/uploads\/2025\/10\/7-150x150.png 150w, https:\/\/azurefilm.com\/wp-content\/uploads\/2025\/10\/7-768x768.png 768w, https:\/\/azurefilm.com\/wp-content\/uploads\/2025\/10\/7-1536x1536.png 1536w, https:\/\/azurefilm.com\/wp-content\/uploads\/2025\/10\/7-2048x2048.png 2048w\" sizes=\"auto, (max-width: 300px) 100vw, 300px\" title=\"\">                                  <div class=\"overlay fill\"\n                      style=\"background-color: rgba(0,0,0,.15)\">\n                  <\/div>\n                                                              <\/div>\n              <div class=\"box-text text-left\" >\n                 <p><\/p>\n              <\/div>\n            <\/div>\n            <\/a>          <\/div>\n         <\/div><div class=\"gallery-col col\" >\n          <div class=\"col-inner\">\n            <a class=\"image-lightbox lightbox-gallery\" href=\"https:\/\/azurefilm.com\/wp-content\/uploads\/2025\/10\/3-1024x1024.png\" title=\"\">            <div class=\"box has-hover gallery-box box-overlay dark\">\n              <div class=\"box-image\" >\n                <img loading=\"lazy\" decoding=\"async\" width=\"300\" height=\"300\" src=\"https:\/\/azurefilm.com\/wp-content\/uploads\/2025\/10\/3-300x300.png\" class=\"attachment-medium size-medium\" alt=\"\" ids=\"96569,96577,96573,96575,96571,96572,96576,96574\" srcset=\"https:\/\/azurefilm.com\/wp-content\/uploads\/2025\/10\/3-300x300.png 300w, https:\/\/azurefilm.com\/wp-content\/uploads\/2025\/10\/3-274x274.png 274w, https:\/\/azurefilm.com\/wp-content\/uploads\/2025\/10\/3-100x100.png 100w, https:\/\/azurefilm.com\/wp-content\/uploads\/2025\/10\/3-510x510.png 510w, https:\/\/azurefilm.com\/wp-content\/uploads\/2025\/10\/3-1024x1024.png 1024w, https:\/\/azurefilm.com\/wp-content\/uploads\/2025\/10\/3-150x150.png 150w, https:\/\/azurefilm.com\/wp-content\/uploads\/2025\/10\/3-768x768.png 768w, https:\/\/azurefilm.com\/wp-content\/uploads\/2025\/10\/3-1536x1536.png 1536w, https:\/\/azurefilm.com\/wp-content\/uploads\/2025\/10\/3-2048x2048.png 2048w\" sizes=\"auto, (max-width: 300px) 100vw, 300px\" title=\"\">                                  <div class=\"overlay fill\"\n                      style=\"background-color: rgba(0,0,0,.15)\">\n                  <\/div>\n                                                              <\/div>\n              <div class=\"box-text text-left\" >\n                 <p><\/p>\n              <\/div>\n            <\/div>\n            <\/a>          <\/div>\n         <\/div><div class=\"gallery-col col\" >\n          <div class=\"col-inner\">\n            <a class=\"image-lightbox lightbox-gallery\" href=\"https:\/\/azurefilm.com\/wp-content\/uploads\/2025\/10\/4-1024x1024.png\" title=\"\">            <div class=\"box has-hover gallery-box box-overlay dark\">\n              <div class=\"box-image\" >\n                <img loading=\"lazy\" decoding=\"async\" width=\"300\" height=\"300\" src=\"https:\/\/azurefilm.com\/wp-content\/uploads\/2025\/10\/4-300x300.png\" class=\"attachment-medium size-medium\" alt=\"\" ids=\"96569,96577,96573,96575,96571,96572,96576,96574\" srcset=\"https:\/\/azurefilm.com\/wp-content\/uploads\/2025\/10\/4-300x300.png 300w, https:\/\/azurefilm.com\/wp-content\/uploads\/2025\/10\/4-274x274.png 274w, https:\/\/azurefilm.com\/wp-content\/uploads\/2025\/10\/4-100x100.png 100w, https:\/\/azurefilm.com\/wp-content\/uploads\/2025\/10\/4-510x510.png 510w, https:\/\/azurefilm.com\/wp-content\/uploads\/2025\/10\/4-1024x1024.png 1024w, https:\/\/azurefilm.com\/wp-content\/uploads\/2025\/10\/4-150x150.png 150w, https:\/\/azurefilm.com\/wp-content\/uploads\/2025\/10\/4-768x768.png 768w, https:\/\/azurefilm.com\/wp-content\/uploads\/2025\/10\/4-1536x1536.png 1536w, https:\/\/azurefilm.com\/wp-content\/uploads\/2025\/10\/4-2048x2048.png 2048w\" sizes=\"auto, (max-width: 300px) 100vw, 300px\" title=\"\">                                  <div class=\"overlay fill\"\n                      style=\"background-color: rgba(0,0,0,.15)\">\n                  <\/div>\n                                                              <\/div>\n              <div class=\"box-text text-left\" >\n                 <p><\/p>\n              <\/div>\n            <\/div>\n            <\/a>          <\/div>\n         <\/div><div class=\"gallery-col col\" >\n          <div class=\"col-inner\">\n            <a class=\"image-lightbox lightbox-gallery\" href=\"https:\/\/azurefilm.com\/wp-content\/uploads\/2025\/10\/8-1024x1024.png\" title=\"\">            <div class=\"box has-hover gallery-box box-overlay dark\">\n              <div class=\"box-image\" >\n                <img loading=\"lazy\" decoding=\"async\" width=\"300\" height=\"300\" src=\"https:\/\/azurefilm.com\/wp-content\/uploads\/2025\/10\/8-300x300.png\" class=\"attachment-medium size-medium\" alt=\"\" ids=\"96569,96577,96573,96575,96571,96572,96576,96574\" srcset=\"https:\/\/azurefilm.com\/wp-content\/uploads\/2025\/10\/8-300x300.png 300w, https:\/\/azurefilm.com\/wp-content\/uploads\/2025\/10\/8-274x274.png 274w, https:\/\/azurefilm.com\/wp-content\/uploads\/2025\/10\/8-100x100.png 100w, https:\/\/azurefilm.com\/wp-content\/uploads\/2025\/10\/8-510x510.png 510w, https:\/\/azurefilm.com\/wp-content\/uploads\/2025\/10\/8-1024x1024.png 1024w, https:\/\/azurefilm.com\/wp-content\/uploads\/2025\/10\/8-150x150.png 150w, https:\/\/azurefilm.com\/wp-content\/uploads\/2025\/10\/8-768x768.png 768w, https:\/\/azurefilm.com\/wp-content\/uploads\/2025\/10\/8-1536x1536.png 1536w, https:\/\/azurefilm.com\/wp-content\/uploads\/2025\/10\/8-2048x2048.png 2048w\" sizes=\"auto, (max-width: 300px) 100vw, 300px\" title=\"\">                                  <div class=\"overlay fill\"\n                      style=\"background-color: rgba(0,0,0,.15)\">\n                  <\/div>\n                                                              <\/div>\n              <div class=\"box-text text-left\" >\n                 <p><\/p>\n              <\/div>\n            <\/div>\n            <\/a>          <\/div>\n         <\/div><div class=\"gallery-col col\" >\n          <div class=\"col-inner\">\n            <a class=\"image-lightbox lightbox-gallery\" href=\"https:\/\/azurefilm.com\/wp-content\/uploads\/2025\/10\/6-1024x1024.png\" title=\"\">            <div class=\"box has-hover gallery-box box-overlay dark\">\n              <div class=\"box-image\" >\n                <img loading=\"lazy\" decoding=\"async\" width=\"300\" height=\"300\" src=\"https:\/\/azurefilm.com\/wp-content\/uploads\/2025\/10\/6-300x300.png\" class=\"attachment-medium size-medium\" alt=\"\" ids=\"96569,96577,96573,96575,96571,96572,96576,96574\" srcset=\"https:\/\/azurefilm.com\/wp-content\/uploads\/2025\/10\/6-300x300.png 300w, https:\/\/azurefilm.com\/wp-content\/uploads\/2025\/10\/6-274x274.png 274w, https:\/\/azurefilm.com\/wp-content\/uploads\/2025\/10\/6-100x100.png 100w, https:\/\/azurefilm.com\/wp-content\/uploads\/2025\/10\/6-510x510.png 510w, https:\/\/azurefilm.com\/wp-content\/uploads\/2025\/10\/6-1024x1024.png 1024w, https:\/\/azurefilm.com\/wp-content\/uploads\/2025\/10\/6-150x150.png 150w, https:\/\/azurefilm.com\/wp-content\/uploads\/2025\/10\/6-768x768.png 768w, https:\/\/azurefilm.com\/wp-content\/uploads\/2025\/10\/6-1536x1536.png 1536w, https:\/\/azurefilm.com\/wp-content\/uploads\/2025\/10\/6-2048x2048.png 2048w\" sizes=\"auto, (max-width: 300px) 100vw, 300px\" title=\"\">                                  <div class=\"overlay fill\"\n                      style=\"background-color: rgba(0,0,0,.15)\">\n                  <\/div>\n                                                              <\/div>\n              <div class=\"box-text text-left\" >\n                 <p><\/p>\n              <\/div>\n            <\/div>\n            <\/a>          <\/div>\n         <\/div><\/div>\n<\/div>\n","protected":false},"excerpt":{"rendered":"<p>KONTAKTIEREN SIE UNS<\/p>\n","protected":false},"author":11,"featured_media":60695,"parent":0,"menu_order":0,"comment_status":"closed","ping_status":"closed","template":"","meta":{"_acf_changed":false,"footnotes":""},"class_list":["post-96564","page","type-page","status-publish","has-post-thumbnail","hentry"],"acf":[],"_links":{"self":[{"href":"https:\/\/azurefilm.com\/de\/wp-json\/wp\/v2\/pages\/96564","targetHints":{"allow":["GET"]}}],"collection":[{"href":"https:\/\/azurefilm.com\/de\/wp-json\/wp\/v2\/pages"}],"about":[{"href":"https:\/\/azurefilm.com\/de\/wp-json\/wp\/v2\/types\/page"}],"author":[{"embeddable":true,"href":"https:\/\/azurefilm.com\/de\/wp-json\/wp\/v2\/users\/11"}],"replies":[{"embeddable":true,"href":"https:\/\/azurefilm.com\/de\/wp-json\/wp\/v2\/comments?post=96564"}],"version-history":[{"count":6,"href":"https:\/\/azurefilm.com\/de\/wp-json\/wp\/v2\/pages\/96564\/revisions"}],"predecessor-version":[{"id":96600,"href":"https:\/\/azurefilm.com\/de\/wp-json\/wp\/v2\/pages\/96564\/revisions\/96600"}],"wp:featuredmedia":[{"embeddable":true,"href":"https:\/\/azurefilm.com\/de\/wp-json\/wp\/v2\/media\/60695"}],"wp:attachment":[{"href":"https:\/\/azurefilm.com\/de\/wp-json\/wp\/v2\/media?parent=96564"}],"curies":[{"name":"wp","href":"https:\/\/api.w.org\/{rel}","templated":true}]}}