
{"id":100822,"date":"2025-11-26T09:05:03","date_gmt":"2025-11-26T09:05:03","guid":{"rendered":"https:\/\/azurefilm.com\/?post_type=product&#038;p=100822"},"modified":"2025-12-19T08:25:31","modified_gmt":"2025-12-19T08:25:31","slug":"tpu-flexible-95a-blue","status":"publish","type":"product","link":"https:\/\/azurefilm.com\/de\/produkt\/tpu-flexible-95a-blue\/","title":{"rendered":"TPU Flexible 95A Blue"},"content":{"rendered":"<h2><b>Flexible 95A<\/b><\/h2>\n<p><span style=\"font-weight: 400;\">Flexible 95A Filamente bestehen aus <\/span><b>TPU <\/b><span style=\"font-weight: 400;\">(thermoplastisches Polyurethan) und verf\u00fcgen \u00fcber ausgepr\u00e4gte gummi\u00e4hnliche Eigenschaften. Im Vergleich zu h\u00e4rteren TPU-Graden ist 95A <\/span><b>weicher, elastischer und bietet hervorragende Flexibilit\u00e4t<\/b><span style=\"font-weight: 400;\">. Es eignet sich ideal f\u00fcr Teile, die sich biegen, dehnen, komprimieren oder St\u00f6\u00dfe abfangen m\u00fcssen, dabei aber langlebig bleiben. H\u00e4ufige Anwendungen sind Handyh\u00fcllen, Dichtungen, Sto\u00dff\u00e4nger, Griffe, Schutzabdeckungen, Spielzeug sowie verschiedene Haushalts- oder Autoteile.<\/span><\/p>\n<p><span style=\"font-weight: 400;\">Flexible Filamente werden nach der <\/span><b>Shore-H\u00e4rteskala klassifiziert<\/b><span style=\"font-weight: 400;\">, die von 0 bis 100 reicht und Kategorien wie Shore A und Shore D umfasst. Niedrigere Werte bedeuten ein weicheres und flexibleres Material. TPU mit Shore-H\u00e4rte 95A f\u00fchlt sich wie fester Gummi an \u2014 flexibel und biegsam, aber stark genug, um unter Belastung die Form zu halten.<\/span><\/p>\n<p><b>Hinweis:<\/b><span style=\"font-weight: 400;\"> Wenn Sie beim Drucken Knackger\u00e4usche oder Knistern h\u00f6ren, hat das Filament Feuchtigkeit aufgenommen. Vor der Verwendung trocknen, um optimale Ergebnisse zu erzielen. Die Verwendung einer Filamenttrockner-Box wird empfohlen.<\/span><\/p>\n<p>&nbsp;<\/p>\n<h2 style=\"font-size: 23.04px;\"><b><img decoding=\"async\" class=\"size-medium wp-image-17898 alignnone\" src=\"https:\/\/azurefilm.com\/wp-content\/uploads\/2023\/10\/Flexible-filament-table.jpg\" alt=\" width=\" height=\"400\" title=\"\"><\/b><\/h2>\n<h3><b>Druckempfehlungen:<\/b><\/h3>\n<ul>\n<li style=\"font-weight: 400;\" aria-level=\"1\"><span style=\"font-weight: 400;\">F\u00fcr beste Ergebnisse bei 220\u2013240 \u00b0C drucken.<\/span><span style=\"font-weight: 400;\"><br \/>\n<\/span><\/li>\n<li style=\"font-weight: 400;\" aria-level=\"1\"><span style=\"font-weight: 400;\">Empfohlene Druckbett-Temperatur: 40\u201360 \u00b0C.<\/span><span style=\"font-weight: 400;\"><br \/>\n<\/span><\/li>\n<li style=\"font-weight: 400;\" aria-level=\"1\"><span style=\"font-weight: 400;\">Langsam drucken, Geschwindigkeit 10\u201330 mm\/s.<\/span><span style=\"font-weight: 400;\"><br \/>\n<\/span><\/li>\n<li style=\"font-weight: 400;\" aria-level=\"1\"><span style=\"font-weight: 400;\">Glasplatte, PEI-Folie, Kapton oder blaues Klebeband mit 3Dlac-Spray verwenden.<\/span><\/li>\n<\/ul>\n<p><i><span style=\"font-weight: 400;\">Die ideale Temperatur kann je nach Drucker variieren.<\/span><\/i><\/p>\n<p><span style=\"font-weight: 400;\">Sie k\u00f6nnen das <\/span><b>Technische Datenblatt<\/b> <span style=\"font-weight: 400;\"><a href=\"https:\/\/azurefilm.com\/de\/technical-data-sheets\/\" target=\"_blank\" rel=\"noopener\"><strong> hier<\/strong><\/a>.<\/span><\/p>\n","protected":false},"excerpt":{"rendered":"<p><span style=\"font-weight: 400;\">TPU Flexible 95A Blue: die perfekte Balance aus Weichheit und Festigkeit, mit gummielastischer Flexibilit\u00e4t f\u00fcr Teile, die sich biegen, komprimieren und lange halten m\u00fcssen.<\/span><\/p>\n","protected":false},"featured_media":101956,"comment_status":"closed","ping_status":"closed","template":"","meta":{"_acf_changed":false},"product_brand":[],"product_cat":[2826,1669,1672,2033],"product_tag":[],"brand":[1665],"class_list":{"0":"post-100822","1":"product","2":"type-product","3":"status-publish","4":"has-post-thumbnail","6":"product_cat-tpu-95a","7":"product_cat-3d-filamente","8":"product_cat-alle-filamente","9":"product_cat-flexible-filamente","10":"pa_colour-blau","11":"pa_filament-diameter-1-75mm-de","12":"pa_filament-weight-1000g-de","13":"brand-azurefilm-de","15":"first","16":"outofstock","17":"taxable","18":"shipping-taxable","19":"purchasable","20":"product-type-variable","21":"has-default-attributes"},"acf":[],"_links":{"self":[{"href":"https:\/\/azurefilm.com\/de\/wp-json\/wp\/v2\/product\/100822","targetHints":{"allow":["GET"]}}],"collection":[{"href":"https:\/\/azurefilm.com\/de\/wp-json\/wp\/v2\/product"}],"about":[{"href":"https:\/\/azurefilm.com\/de\/wp-json\/wp\/v2\/types\/product"}],"replies":[{"embeddable":true,"href":"https:\/\/azurefilm.com\/de\/wp-json\/wp\/v2\/comments?post=100822"}],"wp:featuredmedia":[{"embeddable":true,"href":"https:\/\/azurefilm.com\/de\/wp-json\/wp\/v2\/media\/101956"}],"wp:attachment":[{"href":"https:\/\/azurefilm.com\/de\/wp-json\/wp\/v2\/media?parent=100822"}],"wp:term":[{"taxonomy":"product_brand","embeddable":true,"href":"https:\/\/azurefilm.com\/de\/wp-json\/wp\/v2\/product_brand?post=100822"},{"taxonomy":"product_cat","embeddable":true,"href":"https:\/\/azurefilm.com\/de\/wp-json\/wp\/v2\/product_cat?post=100822"},{"taxonomy":"product_tag","embeddable":true,"href":"https:\/\/azurefilm.com\/de\/wp-json\/wp\/v2\/product_tag?post=100822"},{"taxonomy":"brand","embeddable":true,"href":"https:\/\/azurefilm.com\/de\/wp-json\/wp\/v2\/brand?post=100822"}],"curies":[{"name":"wp","href":"https:\/\/api.w.org\/{rel}","templated":true}]}}