
{"id":104681,"date":"2026-01-08T08:59:37","date_gmt":"2026-01-08T08:59:37","guid":{"rendered":"https:\/\/azurefilm.com\/?post_type=product&#038;p=104681"},"modified":"2026-03-12T23:29:17","modified_gmt":"2026-03-12T23:29:17","slug":"bambu-lab-h2c-combo-pro-pack","status":"publish","type":"product","link":"https:\/\/azurefilm.com\/de\/produkt\/bambu-lab-h2c-combo-pro-pack\/","title":{"rendered":"Bambu Lab H2C Combo BUNDLE"},"content":{"rendered":"<h2><b>Bambu Lab H2C Combo \u2013 Multi-Material 3D-Druck auf neuem Level<\/b><\/h2>\n<p><span style=\"font-weight: 400;\">Der Bambu Lab H2C Combo baut auf den St\u00e4rken der H-Serie auf und erweitert diese \u2014 <\/span><b>fortschrittliches Multi-Material- und Multi-Farb-Drucken, pr\u00e4zise Performance und intelligente Automatisierung<\/b><span style=\"font-weight: 400;\"> f\u00fcr professionellen 3D-Druck. Angetrieben vom <\/span><b>innovativen Vortek Hotend Change System<\/b><span style=\"font-weight: 400;\">, liefert der H2C sauberere, effizientere Multi-Farb-Drucke mit minimalem Filamentabfall und unvergleichlicher Workflow-Flexibilit\u00e4t.<\/span><\/p>\n<h3><b>Vortek\u2122 Hotend Change System \u2013 Neuer Standard f\u00fcr Multi-Material-Druck<\/b><\/h3>\n<p><span style=\"font-weight: 400;\">Im Herzen des <\/span><b>Bambu Lab H2C Combo<\/b><span style=\"font-weight: 400;\"> steht das <\/span><b>Vortek\u2122 Hotend Change System<\/b><span style=\"font-weight: 400;\">, ein v\u00f6llig neuer Ansatz f\u00fcr Multi-Material- und Multi-Farb-Druck. Anstatt Filament durch eine einzelne D\u00fcse zu extrudieren, <\/span><b>tauscht der H2C die gesamten Hotends physisch aus<\/b><span style=\"font-weight: 400;\"> \u2013 schneller, sauberer und deutlich effizienter.<\/span><\/p>\n<ul>\n<li style=\"font-weight: 400;\" aria-level=\"1\"><span style=\"font-weight: 400;\">Bis zu <\/span><b>7 Hotends<\/b><span style=\"font-weight: 400;\"> (1 fest + bis zu 6 austauschbar) erm\u00f6glichen echte Multi-Material-Workflows ohne Kompromisse.<\/span><\/li>\n<li style=\"font-weight: 400;\" aria-level=\"1\"><b>Induktiv beheizte Hotends<\/b><span style=\"font-weight: 400;\"> sorgen f\u00fcr ultraschnelles Aufheizen, pr\u00e4zise Temperaturkontrolle und kontaktlose Energie\u00fcbertragung.<\/span><\/li>\n<li style=\"font-weight: 400;\" aria-level=\"1\"><b>Nahezu null Filamentabfall<\/b><span style=\"font-weight: 400;\"> im Vergleich zu herk\u00f6mmlichen Multi-Material-Systemen.<\/span><\/li>\n<li style=\"font-weight: 400;\" aria-level=\"1\"><b>Sofortiger Hotend-Wechsel<\/b><span style=\"font-weight: 400;\"> erh\u00e4lt die Druckqualit\u00e4t und reduziert Stillstandszeiten zwischen Materialien.<\/span><\/li>\n<\/ul>\n<p><span style=\"font-weight: 400;\">Jedes Hotend ist <\/span><b>unabh\u00e4ngig kalibriert und automatisch ausgerichtet<\/b><span style=\"font-weight: 400;\">, sodass der Drucker Materialien wechseln kann, ohne Genauigkeit, Oberfl\u00e4chenqualit\u00e4t oder Ma\u00dfhaltigkeit zu beeintr\u00e4chtigen. Der H2C eignet sich ideal f\u00fcr komplexe Drucke, die <\/span><b>harte und flexible Materialien, Support-Filamente oder technische Kunststoffe<\/b><span style=\"font-weight: 400;\"> kombinieren.<\/span><\/p>\n<p><span style=\"font-weight: 400;\">Vortek ist nicht nur ein Upgrade \u2013 es ist eine grundlegende Ver\u00e4nderung, wie Multi-Material-Druck funktioniert.<\/span><\/p>\n<h3><b>Schnell, pr\u00e4zise und materialgerecht<\/b><\/h3>\n<p><span style=\"font-weight: 400;\">Die hochstabile <\/span><b>CoreXY-Konstruktion<\/b><span style=\"font-weight: 400;\"> und das <\/span><b>servo-gesteuerte Extrusionssystem<\/b><span style=\"font-weight: 400;\"> bieten Geschwindigkeit ohne Einbu\u00dfen bei der Pr\u00e4zision.<\/span><\/p>\n<ul>\n<li style=\"font-weight: 400;\" aria-level=\"1\"><span style=\"font-weight: 400;\">Druckgeschwindigkeit bis zu ~<\/span><b>1.000\u202fmm\/s<\/b><span style=\"font-weight: 400;\"> und Beschleunigung bis <\/span><b>20.000\u202fmm\/s\u00b2<\/b><\/li>\n<li style=\"font-weight: 400;\" aria-level=\"1\"><b>Aktiv beheizte Kammer (~65\u202f\u00b0C)<\/b><span style=\"font-weight: 400;\"> und max. Hotend-Temperatur 350\u202f\u00b0C f\u00fcr technische Materialien<\/span><\/li>\n<li style=\"font-weight: 400;\" aria-level=\"1\"><span style=\"font-weight: 400;\">Erweiterte Materialkompatibilit\u00e4t \u2014 von <\/span><b>PLA\/PETG bis hin zu Verbundstoffen und technischen Polymeren<\/b><\/li>\n<\/ul>\n<h3><b>Nahtloser Workflow &amp; Erweiterbarkeit<\/b><\/h3>\n<p><span style=\"font-weight: 400;\">Im \u201cCombo\u201d-Paket ist der <\/span><b>AMS 2 Pro<\/b><span style=\"font-weight: 400;\"> f\u00fcr automatisiertes Materialmanagement enthalten, der lange Multi-Material-Drucke mit Trocknungsunterst\u00fctzung erm\u00f6glicht. Das System l\u00e4sst sich auf <\/span><b>bis zu 24 Filamente<\/b><span style=\"font-weight: 400;\"> erweitern, wenn zus\u00e4tzliche AMS-Einheiten hinzugef\u00fcgt werden*.<\/span><\/p>\n<p><span style=\"font-weight: 400;\">*Laser-Modul und Schneidezubeh\u00f6r sind optional und nicht in diesem nicht-laser Combo-Paket enthalten.<\/span><\/p>\n<h2><b>Technische Daten<\/b><\/h2>\n<ul>\n<li style=\"font-weight: 400;\" aria-level=\"1\"><span style=\"font-weight: 400;\">Drucktechnologie: FDM (Fused Deposition Modeling)<\/span><\/li>\n<li style=\"font-weight: 400;\" aria-level=\"1\"><span style=\"font-weight: 400;\">Hotend-System: Vortek\u2122 Hotend Change System (bis zu 7 Hotends: 1 fest + bis zu 6 austauschbar)<\/span><\/li>\n<li style=\"font-weight: 400;\" aria-level=\"1\"><span style=\"font-weight: 400;\">Volumen:<\/span><span style=\"font-weight: 400;\"><br \/>\n<\/span><span style=\"font-weight: 400;\"> \u2013 Einzel-Hotend: 325\u00d7320\u00d7325 mm<\/span><span style=\"font-weight: 400;\"><br \/>\n<\/span><span style=\"font-weight: 400;\"> \u2013 Doppel-Hotend: 300\u00d7320\u00d7325 mm<\/span><span style=\"font-weight: 400;\"><br \/>\n<\/span><span style=\"font-weight: 400;\"> \u2013 Kombinierter Modus: 330\u00d7320\u00d7325 mm<\/span><\/li>\n<li style=\"font-weight: 400;\" aria-level=\"1\"><span style=\"font-weight: 400;\">D\u00fcsengr\u00f6\u00dfe: 0,2 \/ 0,4 \/ 0,6 \/ 0,8 mm<\/span><\/li>\n<li style=\"font-weight: 400;\" aria-level=\"1\"><span style=\"font-weight: 400;\">Max. D\u00fcsentemperatur: 350\u202f\u00b0C<\/span><\/li>\n<li style=\"font-weight: 400;\" aria-level=\"1\"><span style=\"font-weight: 400;\">Max. Heizbett-Temperatur: 120\u202f\u00b0C<\/span><\/li>\n<li style=\"font-weight: 400;\" aria-level=\"1\"><span style=\"font-weight: 400;\">Kammer: vollst\u00e4ndig geschlossen, aktiv beheizt (bis ~65\u202f\u00b0C)<\/span><\/li>\n<li style=\"font-weight: 400;\" aria-level=\"1\"><span style=\"font-weight: 400;\">Filamentdurchmesser: 1,75 mm<\/span><\/li>\n<li style=\"font-weight: 400;\" aria-level=\"1\"><span style=\"font-weight: 400;\">Max. Druckgeschwindigkeit: bis 1.000 mm\/s<\/span><\/li>\n<li style=\"font-weight: 400;\" aria-level=\"1\"><span style=\"font-weight: 400;\">Max. Beschleunigung: bis 20.000 mm\/s\u00b2<\/span><\/li>\n<li style=\"font-weight: 400;\" aria-level=\"1\"><span style=\"font-weight: 400;\">Materialkompatibilit\u00e4t: PLA, PETG, ABS, ASA, TPU, PA, PC, Verbundstoffe &amp; technische Filamente<\/span><\/li>\n<li style=\"font-weight: 400;\" aria-level=\"1\"><span style=\"font-weight: 400;\">Extrusionssystem: Direct drive, servo-gesteuert<\/span><\/li>\n<li style=\"font-weight: 400;\" aria-level=\"1\"><span style=\"font-weight: 400;\">Materialmanagement: AMS 2 Pro inklusive (Trocknung &amp; automatischer Filamentwechsel)<\/span><\/li>\n<li style=\"font-weight: 400;\" aria-level=\"1\"><span style=\"font-weight: 400;\">AMS-Erweiterbarkeit: bis zu 24 Filamente (mit zus\u00e4tzlichen AMS-Einheiten)<\/span><\/li>\n<li style=\"font-weight: 400;\" aria-level=\"1\"><span style=\"font-weight: 400;\">Konnektivit\u00e4t: Wi-Fi, LAN, USB<\/span><\/li>\n<li style=\"font-weight: 400;\" aria-level=\"1\"><span style=\"font-weight: 400;\">Display: Touchscreen<\/span><\/li>\n<li style=\"font-weight: 400;\" aria-level=\"1\"><span style=\"font-weight: 400;\">Rahmen: hochstabile CoreXY-Konstruktion<\/span><\/li>\n<li style=\"font-weight: 400;\" aria-level=\"1\"><span style=\"font-weight: 400;\">Ger\u00e4tema\u00dfe: ca. 492 \u00d7 514 \u00d7 626 mm<\/span><\/li>\n<li style=\"font-weight: 400;\" aria-level=\"1\"><span style=\"font-weight: 400;\">Gewicht: ca. 32,5 kg<\/span><\/li>\n<li style=\"font-weight: 400;\" aria-level=\"1\"><span style=\"font-weight: 400;\">Laser-Modul: nicht enthalten<\/span><\/li>\n<\/ul>\n","protected":false},"excerpt":{"rendered":"<p><span style=\"font-weight: 400;\">Bambu Lab H2C Combo in Kombination mit 4 Kilogramm AzureFilm Refill Filamenten und Master Spool 4-pack.<\/span><\/p>\n<p><span style=\"color: #ed1c24;\"><b>Wichtig: Das Laser- und Schneidemodul ist optional. Das in unserem Angebot enthaltene H2C enth\u00e4lt keinen Laser.<\/b><\/span><\/p>\n","protected":false},"featured_media":104732,"comment_status":"closed","ping_status":"closed","template":"","meta":{"_acf_changed":false},"product_brand":[],"product_cat":[1693,1695,1671,1696,1694,2069],"product_tag":[],"brand":[1692],"class_list":{"0":"post-104681","1":"product","2":"type-product","3":"status-publish","4":"has-post-thumbnail","6":"product_cat-3d-drucker","7":"product_cat-alle-3d-drucker","8":"product_cat-angebote","9":"product_cat-bambu-lab-de","10":"product_cat-fdm-drucker","11":"product_cat-spezialpackungen","12":"brand-bambu-lab-de","14":"first","15":"instock","16":"sale","17":"featured","18":"taxable","19":"shipping-taxable","20":"purchasable","21":"product-type-variable"},"acf":[],"_links":{"self":[{"href":"https:\/\/azurefilm.com\/de\/wp-json\/wp\/v2\/product\/104681","targetHints":{"allow":["GET"]}}],"collection":[{"href":"https:\/\/azurefilm.com\/de\/wp-json\/wp\/v2\/product"}],"about":[{"href":"https:\/\/azurefilm.com\/de\/wp-json\/wp\/v2\/types\/product"}],"replies":[{"embeddable":true,"href":"https:\/\/azurefilm.com\/de\/wp-json\/wp\/v2\/comments?post=104681"}],"wp:featuredmedia":[{"embeddable":true,"href":"https:\/\/azurefilm.com\/de\/wp-json\/wp\/v2\/media\/104732"}],"wp:attachment":[{"href":"https:\/\/azurefilm.com\/de\/wp-json\/wp\/v2\/media?parent=104681"}],"wp:term":[{"taxonomy":"product_brand","embeddable":true,"href":"https:\/\/azurefilm.com\/de\/wp-json\/wp\/v2\/product_brand?post=104681"},{"taxonomy":"product_cat","embeddable":true,"href":"https:\/\/azurefilm.com\/de\/wp-json\/wp\/v2\/product_cat?post=104681"},{"taxonomy":"product_tag","embeddable":true,"href":"https:\/\/azurefilm.com\/de\/wp-json\/wp\/v2\/product_tag?post=104681"},{"taxonomy":"brand","embeddable":true,"href":"https:\/\/azurefilm.com\/de\/wp-json\/wp\/v2\/brand?post=104681"}],"curies":[{"name":"wp","href":"https:\/\/api.w.org\/{rel}","templated":true}]}}