
{"id":110339,"date":"2026-03-03T09:46:59","date_gmt":"2026-03-03T09:46:59","guid":{"rendered":"https:\/\/azurefilm.com\/?post_type=product&#038;p=110339"},"modified":"2026-03-03T09:49:20","modified_gmt":"2026-03-03T09:49:20","slug":"elegoo-centauri-carbon-hotend-04-mm","status":"publish","type":"product","link":"https:\/\/azurefilm.com\/de\/produkt\/elegoo-centauri-carbon-hotend-04-mm\/","title":{"rendered":"Elegoo Centauri Carbon Hotend 0,4\u202fmm"},"content":{"rendered":"<p><span style=\"font-weight: 400;\">Das Elegoo Centauri Carbon Hotend 0,4\u202fmm ist ein originales Ersatz-Hotend f\u00fcr den Elegoo Centauri Carbon 3D-Drucker und sorgt f\u00fcr stabiles Schmelzen und gleichm\u00e4\u00dfigen Filamentfluss. Die perfekte Wahl f\u00fcr pr\u00e4zise und zuverl\u00e4ssige 3D-Druckergebnisse.<\/span><\/p>\n","protected":false},"excerpt":{"rendered":"<p><span style=\"font-weight: 400;\">Elegoo Centauri Carbon Hotend 0,4\u202fmm \u2013 Ersatz-Hotend f\u00fcr Elegoo Centauri Carbon 3D-Drucker.<\/span><\/p>\n","protected":false},"featured_media":110354,"comment_status":"closed","ping_status":"closed","template":"","meta":{"_acf_changed":false},"product_brand":[],"product_cat":[1765,1767,1795],"product_tag":[],"brand":[],"class_list":{"0":"post-110339","1":"product","2":"type-product","3":"status-publish","4":"has-post-thumbnail","6":"product_cat-ersatzteile","7":"product_cat-alle-ersatzteile","8":"product_cat-hotends-de","9":"pa_compatible-with-elegoo-fdm-printers","10":"pa_fits-printer-elegoo-centauri-carbon","12":"first","13":"instock","14":"taxable","15":"shipping-taxable","16":"purchasable","17":"product-type-simple"},"acf":[],"_links":{"self":[{"href":"https:\/\/azurefilm.com\/de\/wp-json\/wp\/v2\/product\/110339","targetHints":{"allow":["GET"]}}],"collection":[{"href":"https:\/\/azurefilm.com\/de\/wp-json\/wp\/v2\/product"}],"about":[{"href":"https:\/\/azurefilm.com\/de\/wp-json\/wp\/v2\/types\/product"}],"replies":[{"embeddable":true,"href":"https:\/\/azurefilm.com\/de\/wp-json\/wp\/v2\/comments?post=110339"}],"wp:featuredmedia":[{"embeddable":true,"href":"https:\/\/azurefilm.com\/de\/wp-json\/wp\/v2\/media\/110354"}],"wp:attachment":[{"href":"https:\/\/azurefilm.com\/de\/wp-json\/wp\/v2\/media?parent=110339"}],"wp:term":[{"taxonomy":"product_brand","embeddable":true,"href":"https:\/\/azurefilm.com\/de\/wp-json\/wp\/v2\/product_brand?post=110339"},{"taxonomy":"product_cat","embeddable":true,"href":"https:\/\/azurefilm.com\/de\/wp-json\/wp\/v2\/product_cat?post=110339"},{"taxonomy":"product_tag","embeddable":true,"href":"https:\/\/azurefilm.com\/de\/wp-json\/wp\/v2\/product_tag?post=110339"},{"taxonomy":"brand","embeddable":true,"href":"https:\/\/azurefilm.com\/de\/wp-json\/wp\/v2\/brand?post=110339"}],"curies":[{"name":"wp","href":"https:\/\/api.w.org\/{rel}","templated":true}]}}