
{"id":110875,"date":"2026-03-11T07:31:40","date_gmt":"2026-03-11T07:31:40","guid":{"rendered":"https:\/\/azurefilm.com\/?post_type=product&#038;p=110875"},"modified":"2026-03-14T11:55:01","modified_gmt":"2026-03-14T11:55:01","slug":"refill-petg-hyper-speed-pastel-mint-green","status":"publish","type":"product","link":"https:\/\/azurefilm.com\/de\/produkt\/refill-petg-hyper-speed-pastel-mint-green\/","title":{"rendered":"Refill PETG Hyper Speed Pastel Mint Green"},"content":{"rendered":"\t<div id=\"text-3035892761\" class=\"text pb-0\">\n\t\t\n<h2><b>Refill PETG HS \u2013 Hyper Speed, High Performance<\/b><\/h2>\n<p><span style=\"font-weight: 400;\">Refill PETG Hyper Speed wurde f\u00fcr <\/span><b>schnellen, zuverl\u00e4ssigen und hochwertigen 3D-Druck entwickelt<\/b><span style=\"font-weight: 400;\">. Es wurde f\u00fcr Hyperspeed-Leistung entwickelt und gew\u00e4hrleistet selbst bei <\/span><b>hohen Druckgeschwindigkeiten von bis zu 1000 mm\/s <\/b><span style=\"font-weight: 400;\">eine au\u00dfergew\u00f6hnliche Schichthaftung, Haltbarkeit und glatte Oberfl\u00e4chenqualit\u00e4t.<\/span><\/p>\n<p><img loading=\"lazy\" decoding=\"async\" class=\"aligncenter wp-image-78693 size-full\" src=\"https:\/\/azurefilm.com\/wp-content\/uploads\/German-EN-Product-Page-PETG\u2026-scaled.png\" alt=\"\" width=\"2560\" height=\"962\" title=\"\" srcset=\"https:\/\/azurefilm.com\/wp-content\/uploads\/German-EN-Product-Page-PETG\u2026-scaled.png 2560w, https:\/\/azurefilm.com\/wp-content\/uploads\/German-EN-Product-Page-PETG\u2026-scaled-510x192.png 510w, https:\/\/azurefilm.com\/wp-content\/uploads\/German-EN-Product-Page-PETG\u2026-300x113.png 300w, https:\/\/azurefilm.com\/wp-content\/uploads\/German-EN-Product-Page-PETG\u2026-1024x385.png 1024w, https:\/\/azurefilm.com\/wp-content\/uploads\/German-EN-Product-Page-PETG\u2026-768x289.png 768w, https:\/\/azurefilm.com\/wp-content\/uploads\/German-EN-Product-Page-PETG\u2026-1536x577.png 1536w, https:\/\/azurefilm.com\/wp-content\/uploads\/German-EN-Product-Page-PETG\u2026-2048x769.png 2048w\" sizes=\"auto, (max-width: 2560px) 100vw, 2560px\" \/><\/p>\n<p><img loading=\"lazy\" decoding=\"async\" class=\"aligncenter wp-image-78711 size-full\" src=\"https:\/\/azurefilm.com\/wp-content\/uploads\/DE-Product-Page-PETG-4-scaled.png\" alt=\"\" width=\"2560\" height=\"962\" title=\"\" srcset=\"https:\/\/azurefilm.com\/wp-content\/uploads\/DE-Product-Page-PETG-4-scaled.png 2560w, https:\/\/azurefilm.com\/wp-content\/uploads\/DE-Product-Page-PETG-4-scaled-510x192.png 510w, https:\/\/azurefilm.com\/wp-content\/uploads\/DE-Product-Page-PETG-4-300x113.png 300w, https:\/\/azurefilm.com\/wp-content\/uploads\/DE-Product-Page-PETG-4-1024x385.png 1024w, https:\/\/azurefilm.com\/wp-content\/uploads\/DE-Product-Page-PETG-4-768x289.png 768w, https:\/\/azurefilm.com\/wp-content\/uploads\/DE-Product-Page-PETG-4-1536x577.png 1536w, https:\/\/azurefilm.com\/wp-content\/uploads\/DE-Product-Page-PETG-4-2048x769.png 2048w\" sizes=\"auto, (max-width: 2560px) 100vw, 2560px\" \/><\/p>\n<h3><b>PETG Hyper Speed-Anwendungen<\/b><\/h3>\n<p><span style=\"font-weight: 400;\">Dank seiner hohen Festigkeit und Schlagz\u00e4higkeit ist PETG Hyper Speed <\/span><b>robuster als PLA <\/b><span style=\"font-weight: 400;\">und eignet sich daher ideal f\u00fcr funktionale und mechanische Teile. Seine <\/span><b>Chemikalien- und Feuchtigkeitsbest\u00e4ndigkeit <\/b><span style=\"font-weight: 400;\">sorgt f\u00fcr Langlebigkeit, w\u00e4hrend seine leichte Flexibilit\u00e4t spr\u00f6de Ausf\u00e4lle verhindert. <\/span><b>Die \u00fcberlegene Temperaturbest\u00e4ndigkeit <\/b><span style=\"font-weight: 400;\">erm\u00f6glicht zudem den Einsatz in Umgebungen mit m\u00e4\u00dfiger Hitze.<\/span><\/p>\n<p><img loading=\"lazy\" decoding=\"async\" class=\"aligncenter wp-image-78705 size-full\" src=\"https:\/\/azurefilm.com\/wp-content\/uploads\/DE-Product-Page-PETG\u2026-scaled.png\" alt=\"\" width=\"2560\" height=\"962\" title=\"\" srcset=\"https:\/\/azurefilm.com\/wp-content\/uploads\/DE-Product-Page-PETG\u2026-scaled.png 2560w, https:\/\/azurefilm.com\/wp-content\/uploads\/DE-Product-Page-PETG\u2026-scaled-510x192.png 510w, https:\/\/azurefilm.com\/wp-content\/uploads\/DE-Product-Page-PETG\u2026-300x113.png 300w, https:\/\/azurefilm.com\/wp-content\/uploads\/DE-Product-Page-PETG\u2026-1024x385.png 1024w, https:\/\/azurefilm.com\/wp-content\/uploads\/DE-Product-Page-PETG\u2026-768x289.png 768w, https:\/\/azurefilm.com\/wp-content\/uploads\/DE-Product-Page-PETG\u2026-1536x577.png 1536w, https:\/\/azurefilm.com\/wp-content\/uploads\/DE-Product-Page-PETG\u2026-2048x769.png 2048w\" sizes=\"auto, (max-width: 2560px) 100vw, 2560px\" \/><\/p>\n<h2><b>Drucken mit AzureFilm Master Spool<\/b><\/h2>\n<p><span style=\"font-weight: 400;\">Unsere Refill PETG Hyper Speed Filamente sind perfekt kompatibel mit der <\/span><a href=\"https:\/\/azurefilm.com\/product\/azurefilm-master-spool-11-gratis\/\"><b>AzureFilm Master Spool <\/b><\/a><b>\u2013 die einzige Spule, die Sie jemals brauchen werden.<\/b><span style=\"font-weight: 400;\"> By using this reusable spool, you can join us in reducing waste and minimising environmental impact.<\/span><\/p>\n<p><img loading=\"lazy\" decoding=\"async\" class=\"aligncenter wp-image-78699 size-full\" src=\"https:\/\/azurefilm.com\/wp-content\/uploads\/DE-Product-Page-PETG\u2026-2-scaled.png\" alt=\"\" width=\"2560\" height=\"962\" title=\"\" srcset=\"https:\/\/azurefilm.com\/wp-content\/uploads\/DE-Product-Page-PETG\u2026-2-scaled.png 2560w, https:\/\/azurefilm.com\/wp-content\/uploads\/DE-Product-Page-PETG\u2026-2-scaled-510x192.png 510w, https:\/\/azurefilm.com\/wp-content\/uploads\/DE-Product-Page-PETG\u2026-2-300x113.png 300w, https:\/\/azurefilm.com\/wp-content\/uploads\/DE-Product-Page-PETG\u2026-2-1024x385.png 1024w, https:\/\/azurefilm.com\/wp-content\/uploads\/DE-Product-Page-PETG\u2026-2-768x289.png 768w, https:\/\/azurefilm.com\/wp-content\/uploads\/DE-Product-Page-PETG\u2026-2-1536x577.png 1536w, https:\/\/azurefilm.com\/wp-content\/uploads\/DE-Product-Page-PETG\u2026-2-2048x769.png 2048w\" sizes=\"auto, (max-width: 2560px) 100vw, 2560px\" \/><\/p>\n<p><span style=\"font-weight: 400;\">AzureFilm Master Spool ist unsere <\/span><b>wiederverwendbare Spule<\/b><span style=\"font-weight: 400;\">, die eine <\/span><b>nachhaltige und kosteng\u00fcnstige<\/b><span style=\"font-weight: 400;\"> L\u00f6sung f\u00fcr den 3D-Druck bietet. Die Spule ist eine Satz aus<\/span><b> zwei wiederverwendbaren, spritzgegossenen Scheiben<\/b><span style=\"font-weight: 400;\">. This ensures the high durability and precision of the spool.<\/span><\/p>\n\t\t\t<\/div>\n\t\n<div class=\"video video-fit mb\" style=\"padding-top:56.25%;\"><p><iframe loading=\"lazy\" title=\"AzureFilm Master Spool assembly\" width=\"1020\" height=\"574\" src=\"https:\/\/www.youtube.com\/embed\/u2F_58YfvbM?feature=oembed\" frameborder=\"0\" allow=\"accelerometer; autoplay; clipboard-write; encrypted-media; gyroscope; picture-in-picture; web-share\" referrerpolicy=\"strict-origin-when-cross-origin\" allowfullscreen><\/iframe><\/p>\n<\/div>\n","protected":false},"excerpt":{"rendered":"<p>Erwecken Sie Ihre k\u00fcnstlerischen Visionen zum Leben mit unserem Refill PETG Hyper Speed Pastel Mint Green, das erstklassige 3D-Drucke erm\u00f6glicht.<\/p>\n<p><b>Bitte beachten Sie:\u00a0<\/b>Dies ist die gleiche bew\u00e4hrte PETG Formulierung, nun umbenannt in <b>PETG Hyper Speed<\/b>, um ihre hohe Druckgeschwindigkeit besser widerzuspiegeln. Kaufen Sie ein und erleben Sie die n\u00e4chste Stufe von PETG!<\/p>\n","protected":false},"featured_media":112341,"comment_status":"closed","ping_status":"closed","template":"","meta":{"_acf_changed":false},"product_brand":[],"product_cat":[1838,1669,1672,2070,1751,1837,2788],"product_tag":[1675,1839],"brand":[],"class_list":{"0":"post-110875","1":"product","2":"type-product","3":"status-publish","4":"has-post-thumbnail","6":"product_cat-refill-petg-hyper-speed-de","7":"product_cat-3d-filamente","8":"product_cat-alle-filamente","9":"product_cat-petg-pastel-de","10":"product_cat-petg-filamente","11":"product_cat-refill-filamente","12":"product_cat-refill-petg-original-hs-de","13":"product_tag-high-speed","14":"product_tag-oko","15":"pa_colour-green","16":"pa_filament-diameter-1-75mm","17":"pa_filament-weight-1000g","19":"first","20":"instock","21":"taxable","22":"shipping-taxable","23":"purchasable","24":"product-type-variable"},"acf":[],"_links":{"self":[{"href":"https:\/\/azurefilm.com\/de\/wp-json\/wp\/v2\/product\/110875","targetHints":{"allow":["GET"]}}],"collection":[{"href":"https:\/\/azurefilm.com\/de\/wp-json\/wp\/v2\/product"}],"about":[{"href":"https:\/\/azurefilm.com\/de\/wp-json\/wp\/v2\/types\/product"}],"replies":[{"embeddable":true,"href":"https:\/\/azurefilm.com\/de\/wp-json\/wp\/v2\/comments?post=110875"}],"wp:featuredmedia":[{"embeddable":true,"href":"https:\/\/azurefilm.com\/de\/wp-json\/wp\/v2\/media\/112341"}],"wp:attachment":[{"href":"https:\/\/azurefilm.com\/de\/wp-json\/wp\/v2\/media?parent=110875"}],"wp:term":[{"taxonomy":"product_brand","embeddable":true,"href":"https:\/\/azurefilm.com\/de\/wp-json\/wp\/v2\/product_brand?post=110875"},{"taxonomy":"product_cat","embeddable":true,"href":"https:\/\/azurefilm.com\/de\/wp-json\/wp\/v2\/product_cat?post=110875"},{"taxonomy":"product_tag","embeddable":true,"href":"https:\/\/azurefilm.com\/de\/wp-json\/wp\/v2\/product_tag?post=110875"},{"taxonomy":"brand","embeddable":true,"href":"https:\/\/azurefilm.com\/de\/wp-json\/wp\/v2\/brand?post=110875"}],"curies":[{"name":"wp","href":"https:\/\/api.w.org\/{rel}","templated":true}]}}