
{"id":112847,"date":"2026-03-30T09:23:43","date_gmt":"2026-03-30T09:23:43","guid":{"rendered":"https:\/\/azurefilm.com\/?post_type=product&#038;p=112847"},"modified":"2026-03-30T09:21:55","modified_gmt":"2026-03-30T09:21:55","slug":"pla-white","status":"publish","type":"product","link":"https:\/\/azurefilm.com\/de\/produkt\/pla-white\/","title":{"rendered":"PLA+ White"},"content":{"rendered":"<h2><strong>PLA+ \u2013 st\u00e4rker, smarter, zuverl\u00e4ssiger<\/strong><\/h2>\n<p><b>PLA+<\/b><span style=\"font-weight: 400;\"> ist ein verbessertes Filament auf PLA-Basis, das f\u00fcr <\/span><b>st\u00e4rkere, langlebigere und hochwertigere<\/b><span style=\"font-weight: 400;\"> Drucke entwickelt wurde, ohne dabei die einfache Verarbeitung und Zuverl\u00e4ssigkeit zu verlieren, die Sie von Standard-PLA erwarten. Dank seiner optimierten Rezeptur verbessert PLA+ die Schichthaftung, reduziert Spr\u00f6digkeit und erzeugt eine glatte, leicht matte Oberfl\u00e4che, die Ihren 3D-Modellen ein hochwertiges und professionelles Erscheinungsbild verleiht.<\/span><\/p>\n<p><span style=\"font-weight: 400;\">Wenn Sie Drucke suchen, die <\/span><b>l\u00e4nger halten, Belastungen besser standhalten und professionell wirken<\/b><span style=\"font-weight: 400;\">, ist PLA+ eine ausgezeichnete Wahl f\u00fcr funktionale Prototypen, mechanische Bauteile, Figuren und Alltagsgegenst\u00e4nde.<\/span><\/p>\n\n\t<section class=\"section pb-0\" id=\"section_737477239\">\n\t\t<div class=\"section-bg fill\" >\n\t\t\t\t\t\t\t\t\t<div class=\"section-bg-overlay absolute fill\"><\/div>\n\t\t\t\n\n\t\t<\/div>\n\n\t\t\n\n\t\t<div class=\"section-content relative\">\n\t\t\t\n<div class=\"row row-large align-middle\"  id=\"row-1567815835\">\n\n\t<div id=\"col-548999786\" class=\"col medium-6 small-12 large-6\"  >\n\t\t\t\t<div class=\"col-inner text-left\"  >\n\t\t\t\n\t\t\t\n<h3><strong>Hauptmerkmale<\/strong><\/h3>\n<ul>\n<li style=\"font-weight: 400;\" aria-level=\"1\"><b>High-speed-Druck <\/b><span style=\"font-weight: 400;\">\u2013 bis zu 450 mm\/s<\/span><\/li>\n<li style=\"font-weight: 400;\" aria-level=\"1\"><b>H\u00f6here Festigkeit und Haltbarkeit<\/b><span style=\"font-weight: 400;\"> \u2013 widersteht Biegung und Belastung besser als Standard-PLA.<\/span><\/li>\n<li style=\"font-weight: 400;\" aria-level=\"1\"><b>Glatte, matte Oberfl\u00e4che<\/b><span style=\"font-weight: 400;\"> \u2013 sorgt f\u00fcr saubere Schichten und ein professionelles Endergebnis.<\/span><\/li>\n<li style=\"font-weight: 400;\" aria-level=\"1\"><b>Zuverl\u00e4ssige Extrusion<\/b><span style=\"font-weight: 400;\"> \u2013 erm\u00f6glicht einen konstanten Druck mit minimalem Stringing oder Verzug.<\/span><\/li>\n<li style=\"font-weight: 400;\" aria-level=\"1\"><b>Funktional und vielseitig<\/b><span style=\"font-weight: 400;\"> \u2013 geeignet f\u00fcr mechanische Teile, Prototypen, Werkzeuge und kreative Projekte.<\/span><\/li>\n<li style=\"font-weight: 400;\" aria-level=\"1\"><b>Umweltfreundliche PLA-Basis<\/b><span style=\"font-weight: 400;\"> \u2013 biologisch abbaubares Material aus nachwachsenden Rohstoffen.<\/span><\/li>\n<\/ul>\n\t\t<\/div>\n\t\t\t\t\t<\/div>\n\n\t\n\n\t<div id=\"col-318573164\" class=\"col medium-6 small-12 large-6\"  >\n\t\t\t\t<div class=\"col-inner\"  >\n\t\t\t\n\t\t\t\n\t<div class=\"img has-hover x md-x lg-x y md-y lg-y\" id=\"image_1536151870\">\n\t\t\t\t\t\t\t\t<div class=\"img-inner dark\" >\n\t\t\t<img loading=\"lazy\" decoding=\"async\" width=\"1920\" height=\"1080\" src=\"https:\/\/azurefilm.com\/wp-content\/uploads\/2026\/03\/Perfect-Accuracy-Stable-Printing-Print-Performance.jpg\" class=\"attachment-original size-original\" alt=\"\" srcset=\"https:\/\/azurefilm.com\/wp-content\/uploads\/2026\/03\/Perfect-Accuracy-Stable-Printing-Print-Performance.jpg 1920w, https:\/\/azurefilm.com\/wp-content\/uploads\/2026\/03\/Perfect-Accuracy-Stable-Printing-Print-Performance-300x169.jpg 300w, https:\/\/azurefilm.com\/wp-content\/uploads\/2026\/03\/Perfect-Accuracy-Stable-Printing-Print-Performance-1024x576.jpg 1024w, https:\/\/azurefilm.com\/wp-content\/uploads\/2026\/03\/Perfect-Accuracy-Stable-Printing-Print-Performance-768x432.jpg 768w, https:\/\/azurefilm.com\/wp-content\/uploads\/2026\/03\/Perfect-Accuracy-Stable-Printing-Print-Performance-1536x864.jpg 1536w, https:\/\/azurefilm.com\/wp-content\/uploads\/2026\/03\/Perfect-Accuracy-Stable-Printing-Print-Performance-510x287.jpg 510w\" sizes=\"auto, (max-width: 1920px) 100vw, 1920px\" title=\"\">\t\t\t\t\t\t\n\t\t\t\t\t<\/div>\n\t\t\t\t\t\t\t\t\n<style>\n#image_1536151870 {\n  width: 100%;\n}\n<\/style>\n\t<\/div>\n\t\n\t\t<\/div>\n\t\t\t\t\t<\/div>\n\n\t\n<\/div>\n\t\t<\/div>\n\n\t\t\n<style>\n#section_737477239 {\n  padding-top: 60px;\n  padding-bottom: 60px;\n  background-color: rgb(193, 193, 193);\n}\n#section_737477239 .section-bg-overlay {\n  background-color: rgba(255, 255, 255, 0.85);\n}\n<\/style>\n\t<\/section>\n\t\n\n\t<section class=\"section pb-0\" id=\"section_1193704305\">\n\t\t<div class=\"section-bg fill\" >\n\t\t\t\t\t\t\t\t\t<div class=\"section-bg-overlay absolute fill\"><\/div>\n\t\t\t\n\n\t\t<\/div>\n\n\t\t\n\n\t\t<div class=\"section-content relative\">\n\t\t\t\n<div class=\"row row-large align-middle\"  id=\"row-1998103155\">\n\n\t<div id=\"col-1707206005\" class=\"col medium-6 small-12 large-6\"  >\n\t\t\t\t<div class=\"col-inner text-left\"  >\n\t\t\t\n\t\t\t\n<h3><strong>Druckempfehlungen<\/strong><\/h3>\n<ul>\n<li style=\"font-weight: 400;\" aria-level=\"1\"><span style=\"font-weight: 400;\">D\u00fcsentemperatur: 200\u2013230 \u00b0C<\/span><\/li>\n<li style=\"font-weight: 400;\" aria-level=\"1\"><span style=\"font-weight: 400;\">Druckbetttemperatur: 50\u201370 \u00b0C (ein beheiztes Druckbett wird empfohlen)<\/span><span style=\"font-weight: 400;\"><br \/>\n<\/span><\/li>\n<li style=\"font-weight: 400;\" aria-level=\"1\"><span style=\"font-weight: 400;\">Druckgeschwindigkeit: 45\u2013120 mm\/s, abh\u00e4ngig von der Komplexit\u00e4t des Modells<\/span><\/li>\n<li style=\"font-weight: 400;\" aria-level=\"1\"><span style=\"font-weight: 400;\">Materialfluss: Standard-PLA-Einstellungen<\/span><\/li>\n<\/ul>\n<p><b>Hinweis:<\/b><span style=\"font-weight: 400;\"> Obwohl sich PLA+ \u00e4hnlich einfach wie Standard-PLA drucken l\u00e4sst, k\u00f6nnen f\u00fcr eine besonders pr\u00e4zise Ma\u00dfhaltigkeit oder sehr detailreiche Modelle kleine Anpassungen der Druckeinstellungen erforderlich sein.<\/span><\/p>\n\t\t<\/div>\n\t\t\t\t\t<\/div>\n\n\t\n\n\t<div id=\"col-1232683131\" class=\"col medium-6 small-12 large-6\"  >\n\t\t\t\t<div class=\"col-inner\"  >\n\t\t\t\n\t\t\t\n\t<div class=\"img has-hover x md-x lg-x y md-y lg-y\" id=\"image_722838239\">\n\t\t\t\t\t\t\t\t<div class=\"img-inner dark\" >\n\t\t\t<img loading=\"lazy\" decoding=\"async\" width=\"1920\" height=\"1080\" src=\"https:\/\/azurefilm.com\/wp-content\/uploads\/2026\/03\/Flexi-strength-aesthetic-reliable.jpg\" class=\"attachment-original size-original\" alt=\"\" srcset=\"https:\/\/azurefilm.com\/wp-content\/uploads\/2026\/03\/Flexi-strength-aesthetic-reliable.jpg 1920w, https:\/\/azurefilm.com\/wp-content\/uploads\/2026\/03\/Flexi-strength-aesthetic-reliable-300x169.jpg 300w, https:\/\/azurefilm.com\/wp-content\/uploads\/2026\/03\/Flexi-strength-aesthetic-reliable-1024x576.jpg 1024w, https:\/\/azurefilm.com\/wp-content\/uploads\/2026\/03\/Flexi-strength-aesthetic-reliable-768x432.jpg 768w, https:\/\/azurefilm.com\/wp-content\/uploads\/2026\/03\/Flexi-strength-aesthetic-reliable-1536x864.jpg 1536w, https:\/\/azurefilm.com\/wp-content\/uploads\/2026\/03\/Flexi-strength-aesthetic-reliable-510x287.jpg 510w\" sizes=\"auto, (max-width: 1920px) 100vw, 1920px\" title=\"\">\t\t\t\t\t\t\n\t\t\t\t\t<\/div>\n\t\t\t\t\t\t\t\t\n<style>\n#image_722838239 {\n  width: 100%;\n}\n<\/style>\n\t<\/div>\n\t\n\t\t<\/div>\n\t\t\t\t\t<\/div>\n\n\t\n<\/div>\n\t\t<\/div>\n\n\t\t\n<style>\n#section_1193704305 {\n  padding-top: 60px;\n  padding-bottom: 60px;\n  background-color: rgb(193, 193, 193);\n}\n#section_1193704305 .section-bg-overlay {\n  background-color: rgba(255, 255, 255, 0.85);\n}\n<\/style>\n\t<\/section>\n\t\n\n\t<section class=\"section pb-0\" id=\"section_1277732217\">\n\t\t<div class=\"section-bg fill\" >\n\t\t\t\t\t\t\t\t\t<div class=\"section-bg-overlay absolute fill\"><\/div>\n\t\t\t\n\n\t\t<\/div>\n\n\t\t\n\n\t\t<div class=\"section-content relative\">\n\t\t\t\n<div class=\"row row-large align-middle\"  id=\"row-991775493\">\n\n\t<div id=\"col-1309206966\" class=\"col medium-6 small-12 large-6\"  >\n\t\t\t\t<div class=\"col-inner text-left\"  >\n\t\t\t\n\t\t\t\n<h3><strong>Anwendungen<\/strong><\/h3>\n<p><span style=\"font-weight: 400;\">PLA+ ist eine ausgezeichnete Wahl f\u00fcr Projekte, bei denen<\/span><b> Festigkeit, Zuverl\u00e4ssigkeit und ein hochwertiges Erscheinungsbild <\/b><span style=\"font-weight: 400;\">besonders wichtig sind. Seine verbesserte Haltbarkeit macht es ideal f\u00fcr funktionale Prototypen, mechanische Teile und Werkzeuge f\u00fcr den t\u00e4glichen Einsatz, w\u00e4hrend seine glatte Oberfl\u00e4che auch perfekt f\u00fcr dekorative Drucke, Miniaturen und Sammlermodelle geeignet ist.<\/span><\/p>\n<p><span style=\"font-weight: 400;\">Typische Anwendungen sind:<\/span><\/p>\n<ul>\n<li style=\"font-weight: 400;\" aria-level=\"1\"><span style=\"font-weight: 400;\">funktionale Prototypen, mechanische Teile und individuelle Werkzeuge<\/span><\/li>\n<li style=\"font-weight: 400;\" aria-level=\"1\"><span style=\"font-weight: 400;\">Figuren, Miniaturen und Sammlermodelle mit feinen Details<\/span><\/li>\n<li style=\"font-weight: 400;\" aria-level=\"1\"><span style=\"font-weight: 400;\">Kn\u00f6pfe, Geh\u00e4use und andere praktische Gegenst\u00e4nde<\/span><\/li>\n<li style=\"font-weight: 400;\" aria-level=\"1\"><span style=\"font-weight: 400;\">Cosplay-Requisiten und dekorative Elemente<\/span><\/li>\n<li style=\"font-weight: 400;\" aria-level=\"1\"><span style=\"font-weight: 400;\">Wohnaccessoires und kreative DIY-Projekte<\/span><\/li>\n<\/ul>\n\t\t<\/div>\n\t\t\t\t\t<\/div>\n\n\t\n\n\t<div id=\"col-586948184\" class=\"col medium-6 small-12 large-6\"  >\n\t\t\t\t<div class=\"col-inner\"  >\n\t\t\t\n\t\t\t\n\t<div class=\"img has-hover x md-x lg-x y md-y lg-y\" id=\"image_675664331\">\n\t\t\t\t\t\t\t\t<div class=\"img-inner dark\" >\n\t\t\t<img loading=\"lazy\" decoding=\"async\" width=\"1920\" height=\"1080\" src=\"https:\/\/azurefilm.com\/wp-content\/uploads\/2026\/03\/Strength-PLA.jpg\" class=\"attachment-original size-original\" alt=\"\" srcset=\"https:\/\/azurefilm.com\/wp-content\/uploads\/2026\/03\/Strength-PLA.jpg 1920w, https:\/\/azurefilm.com\/wp-content\/uploads\/2026\/03\/Strength-PLA-300x169.jpg 300w, https:\/\/azurefilm.com\/wp-content\/uploads\/2026\/03\/Strength-PLA-1024x576.jpg 1024w, https:\/\/azurefilm.com\/wp-content\/uploads\/2026\/03\/Strength-PLA-768x432.jpg 768w, https:\/\/azurefilm.com\/wp-content\/uploads\/2026\/03\/Strength-PLA-1536x864.jpg 1536w, https:\/\/azurefilm.com\/wp-content\/uploads\/2026\/03\/Strength-PLA-510x287.jpg 510w\" sizes=\"auto, (max-width: 1920px) 100vw, 1920px\" title=\"\">\t\t\t\t\t\t\n\t\t\t\t\t<\/div>\n\t\t\t\t\t\t\t\t\n<style>\n#image_675664331 {\n  width: 100%;\n}\n<\/style>\n\t<\/div>\n\t\n\t\t<\/div>\n\t\t\t\t\t<\/div>\n\n\t\n<\/div>\n\t\t<\/div>\n\n\t\t\n<style>\n#section_1277732217 {\n  padding-top: 60px;\n  padding-bottom: 60px;\n  background-color: rgb(193, 193, 193);\n}\n#section_1277732217 .section-bg-overlay {\n  background-color: rgba(255, 255, 255, 0.85);\n}\n<\/style>\n\t<\/section>\n\t\n","protected":false},"excerpt":{"rendered":"<p><span style=\"font-weight: 400;\">Kaufen Sie PLA+ White f\u00fcr st\u00e4rkere und langlebigere Drucke mit glatter, leicht matter Oberfl\u00e4che. Perfekt f\u00fcr Funktionsteile, Prototypen, Miniaturen und dekorative Objekte.<\/span><\/p>\n","protected":false},"featured_media":112859,"comment_status":"closed","ping_status":"closed","template":"","meta":{"_acf_changed":false},"product_brand":[],"product_cat":[2848,1669,1672,1670],"product_tag":[],"brand":[],"class_list":{"0":"post-112847","1":"product","2":"type-product","3":"status-publish","4":"has-post-thumbnail","6":"product_cat-pla-plus","7":"product_cat-3d-filamente","8":"product_cat-alle-filamente","9":"product_cat-pla-filamente","10":"pa_colour-white","11":"pa_filament-diameter-1-75mm","12":"pa_filament-weight-1000g","14":"first","15":"instock","16":"taxable","17":"shipping-taxable","18":"purchasable","19":"product-type-simple"},"acf":[],"_links":{"self":[{"href":"https:\/\/azurefilm.com\/de\/wp-json\/wp\/v2\/product\/112847","targetHints":{"allow":["GET"]}}],"collection":[{"href":"https:\/\/azurefilm.com\/de\/wp-json\/wp\/v2\/product"}],"about":[{"href":"https:\/\/azurefilm.com\/de\/wp-json\/wp\/v2\/types\/product"}],"replies":[{"embeddable":true,"href":"https:\/\/azurefilm.com\/de\/wp-json\/wp\/v2\/comments?post=112847"}],"wp:featuredmedia":[{"embeddable":true,"href":"https:\/\/azurefilm.com\/de\/wp-json\/wp\/v2\/media\/112859"}],"wp:attachment":[{"href":"https:\/\/azurefilm.com\/de\/wp-json\/wp\/v2\/media?parent=112847"}],"wp:term":[{"taxonomy":"product_brand","embeddable":true,"href":"https:\/\/azurefilm.com\/de\/wp-json\/wp\/v2\/product_brand?post=112847"},{"taxonomy":"product_cat","embeddable":true,"href":"https:\/\/azurefilm.com\/de\/wp-json\/wp\/v2\/product_cat?post=112847"},{"taxonomy":"product_tag","embeddable":true,"href":"https:\/\/azurefilm.com\/de\/wp-json\/wp\/v2\/product_tag?post=112847"},{"taxonomy":"brand","embeddable":true,"href":"https:\/\/azurefilm.com\/de\/wp-json\/wp\/v2\/brand?post=112847"}],"curies":[{"name":"wp","href":"https:\/\/api.w.org\/{rel}","templated":true}]}}