
{"id":115166,"date":"2026-04-07T09:43:42","date_gmt":"2026-04-07T09:43:42","guid":{"rendered":"https:\/\/azurefilm.com\/?post_type=product&#038;p=115166"},"modified":"2026-04-07T09:46:38","modified_gmt":"2026-04-07T09:46:38","slug":"finishxpert-filler-spray","status":"publish","type":"product","link":"https:\/\/azurefilm.com\/de\/produkt\/finishxpert-filler-spray\/","title":{"rendered":"FinishXpert Filler Spray"},"content":{"rendered":"<h2><strong>FinishXpert Filler Spray \u2013 Fortschrittliche Oberfl\u00e4chenveredelung f\u00fcr 3D-Drucke<\/strong><\/h2>\n<p><span style=\"font-weight: 400;\">FinishXpert Filler ist ein fortschrittliches F\u00fcllspray, das speziell zur Verbesserung der Oberfl\u00e4chenqualit\u00e4t von 3D-gedruckten Bauteilen entwickelt wurde. Es eignet sich f\u00fcr eine Vielzahl thermoplastischer Materialien, die in FFF- und FGF-Technologien verwendet werden, und liefert gleichm\u00e4\u00dfige, hochwertige Ergebnisse mit einer F\u00fcllleistung von etwa <\/span><b>15\u201330 Mikron pro Schicht<\/b><span style=\"font-weight: 400;\">.<\/span><\/p>\n<p><span style=\"font-weight: 400;\">Das Spray ist in einem eleganten <\/span><b>Grau (RAL 7042)<\/b><span style=\"font-weight: 400;\"> erh\u00e4ltlich und l\u00e4sst sich leicht schleifen, wodurch es ideal f\u00fcr das Gl\u00e4tten von Drucken mit typischen Einstellungen wie <\/span><b>0,2 mm Schichth\u00f6he und 0,4 mm D\u00fcse ist<\/b><span style=\"font-weight: 400;\">.<\/span><\/p>\n<h3><strong>Hohe F\u00fcllkraft f\u00fcr glattere Oberfl\u00e4chen<\/strong><\/h3>\n<p><span style=\"font-weight: 400;\">FinishXpert Filler bildet eine gleichm\u00e4\u00dfige Schicht, die sichtbare Layerlinien reduziert und Oberfl\u00e4chenfehler ausgleicht. Durch das Auftragen von 2\u20133 Schichten mit Zwischenschliff kann eine deutlich glattere und hochwertigere Oberfl\u00e4che erzielt werden.<\/span><\/p>\n<p><span style=\"font-weight: 400;\">Der Ablauf ist einfach: Eine Schicht auftragen, schleifen und bei Bedarf wiederholen, bis die gew\u00fcnschte Gl\u00e4tte erreicht ist.<\/span><\/p>\n<h3><strong>Breite Materialkompatibilit\u00e4t<\/strong><\/h3>\n<p><span style=\"font-weight: 400;\">Das Spray ist vielseitig einsetzbar und kompatibel mit Materialien wie:<\/span><span style=\"font-weight: 400;\"><br \/>\n<\/span><span style=\"font-weight: 400;\">PLA, ABS, PET, PETG, PP, PA und anderen g\u00e4ngigen Thermoplasten.<\/span><\/p>\n<p><span style=\"font-weight: 400;\">Es eignet sich au\u00dferdem f\u00fcr Bauteile aus:<\/span><\/p>\n<ul>\n<li style=\"font-weight: 400;\" aria-level=\"1\"><span style=\"font-weight: 400;\">SLS-Technologie (PA12 \/ PA2200)<\/span><\/li>\n<li style=\"font-weight: 400;\" aria-level=\"1\"><span style=\"font-weight: 400;\">SLA-Photopolymerharzen<\/span><\/li>\n<\/ul>\n<p><span style=\"font-weight: 400;\">In allen F\u00e4llen reduziert es die Oberfl\u00e4chenrauheit, verbessert die Stabilit\u00e4t und erleichtert die Weiterbearbeitung.<\/span><\/p>\n<h3><strong>Perfekte Grundlage f\u00fcr die Lackierung<\/strong><\/h3>\n<p><span style=\"font-weight: 400;\">FinishXpert Filler gl\u00e4ttet nicht nur die Oberfl\u00e4che, sondern dient auch als hervorragende Grundierung. Es verbessert die Haftung von Farbe und bereitet das Bauteil optimal f\u00fcr weitere Verarbeitungsschritte vor.<\/span><\/p>\n<p><span style=\"font-weight: 400;\">Es kann auch in Kombination mit anderen Spachtelmassen, wie dem FinishXpert grauen Spachtel, verwendet werden, um noch feinere Ergebnisse zu erzielen.<\/span><\/p>\n<h2><strong>Anwendung<\/strong><\/h2>\n<p><span style=\"font-weight: 400;\">Die Anwendung ist einfach:<\/span><\/p>\n<ul>\n<li style=\"font-weight: 400;\" aria-level=\"1\"><span style=\"font-weight: 400;\">mit einer sauberen und trockenen Oberfl\u00e4che beginnen<\/span><\/li>\n<li style=\"font-weight: 400;\" aria-level=\"1\"><span style=\"font-weight: 400;\">Dose vor Gebrauch gut sch\u00fctteln<\/span><\/li>\n<li style=\"font-weight: 400;\" aria-level=\"1\"><span style=\"font-weight: 400;\">aus 20\u201325 cm Entfernung gleichm\u00e4\u00dfig aufspr\u00fchen<\/span><\/li>\n<li style=\"font-weight: 400;\" aria-level=\"1\"><span style=\"font-weight: 400;\">ca. 2 Stunden trocknen lassen, bevor geschliffen oder lackiert wird<\/span><\/li>\n<\/ul>\n<p><span style=\"font-weight: 400;\">F\u00fcr optimale Ergebnisse d\u00fcnne Schichten auftragen und zwischen den Schichten schleifen:<\/span><\/p>\n<ul>\n<li style=\"font-weight: 400;\" aria-level=\"1\"><span style=\"font-weight: 400;\">Nassschleifpapier (P800\u2013P1000) oder<\/span><\/li>\n<li style=\"font-weight: 400;\" aria-level=\"1\"><span style=\"font-weight: 400;\">Trockenschleifpapier (P600)<\/span><\/li>\n<\/ul>\n<h3><strong>Wichtiger Hinweis<\/strong><\/h3>\n<p><span style=\"font-weight: 400;\">Nicht geeignet f\u00fcr flexible Materialien wie TPU. Nach dem Trocknen bleibt die Beschichtung nicht flexibel und kann beim Biegen rei\u00dfen.<\/span><\/p>\n<h3><strong>Hergestellt in Italien<\/strong><\/h3>\n<p><span style=\"font-weight: 400;\">FinishXpert Filler wird in Italien hergestellt und steht f\u00fcr hohe Qualit\u00e4t und zuverl\u00e4ssige Leistung.<\/span><\/p>\n","protected":false},"excerpt":{"rendered":"<p><span style=\"font-weight: 400;\">FinishXpert Filler Spray reduziert sichtbare Layerlinien bei 3D-Drucken und sorgt f\u00fcr eine glatte, lackierfertige Oberfl\u00e4che.<\/span><\/p>\n","protected":false},"featured_media":115192,"comment_status":"closed","ping_status":"closed","template":"","meta":{"_acf_changed":false},"product_brand":[],"product_cat":[1765,1767,1815],"product_tag":[],"brand":[],"class_list":{"0":"post-115166","1":"product","2":"type-product","3":"status-publish","4":"has-post-thumbnail","6":"product_cat-ersatzteile","7":"product_cat-alle-ersatzteile","8":"product_cat-nachbearbeitung","10":"first","11":"instock","12":"taxable","13":"shipping-taxable","14":"purchasable","15":"product-type-simple"},"acf":[],"_links":{"self":[{"href":"https:\/\/azurefilm.com\/de\/wp-json\/wp\/v2\/product\/115166","targetHints":{"allow":["GET"]}}],"collection":[{"href":"https:\/\/azurefilm.com\/de\/wp-json\/wp\/v2\/product"}],"about":[{"href":"https:\/\/azurefilm.com\/de\/wp-json\/wp\/v2\/types\/product"}],"replies":[{"embeddable":true,"href":"https:\/\/azurefilm.com\/de\/wp-json\/wp\/v2\/comments?post=115166"}],"wp:featuredmedia":[{"embeddable":true,"href":"https:\/\/azurefilm.com\/de\/wp-json\/wp\/v2\/media\/115192"}],"wp:attachment":[{"href":"https:\/\/azurefilm.com\/de\/wp-json\/wp\/v2\/media?parent=115166"}],"wp:term":[{"taxonomy":"product_brand","embeddable":true,"href":"https:\/\/azurefilm.com\/de\/wp-json\/wp\/v2\/product_brand?post=115166"},{"taxonomy":"product_cat","embeddable":true,"href":"https:\/\/azurefilm.com\/de\/wp-json\/wp\/v2\/product_cat?post=115166"},{"taxonomy":"product_tag","embeddable":true,"href":"https:\/\/azurefilm.com\/de\/wp-json\/wp\/v2\/product_tag?post=115166"},{"taxonomy":"brand","embeddable":true,"href":"https:\/\/azurefilm.com\/de\/wp-json\/wp\/v2\/brand?post=115166"}],"curies":[{"name":"wp","href":"https:\/\/api.w.org\/{rel}","templated":true}]}}