
{"id":115803,"date":"2026-04-17T08:58:15","date_gmt":"2026-04-17T08:58:15","guid":{"rendered":"https:\/\/azurefilm.com\/?post_type=product&#038;p=115803"},"modified":"2026-04-17T08:56:12","modified_gmt":"2026-04-17T08:56:12","slug":"creality-sparkx-i7-color-combo-bundle","status":"publish","type":"product","link":"https:\/\/azurefilm.com\/de\/produkt\/creality-sparkx-i7-color-combo-bundle\/","title":{"rendered":"Creality SPARKX i7 Color Combo BUNDLE"},"content":{"rendered":"<h2><strong>Schnell, intelligent und f\u00fcr fortschrittlichen Mehrfarbendruck entwickelt<\/strong><\/h2>\n<p><span style=\"font-weight: 400;\">Der <\/span><b>SPARKX i7 Color Combo<\/b><span style=\"font-weight: 400;\"> vereint Geschwindigkeit, intelligente Automatisierung und Mehrfarbendruck in einem kompakten, aber leistungsstarken System. Mit einem Bauraum von<\/span><b> 260\u00d7260\u00d7255 mm<\/b><span style=\"font-weight: 400;\"> bietet er die perfekte Balance zwischen Platzbedarf und Produktionsleistung \u2013 ideal f\u00fcr funktionale Teile, Prototypen oder das gleichzeitige Drucken mehrerer Modelle.<\/span><\/p>\n<h2><strong>Was den SPARKX i7 besonders macht<\/strong><\/h2>\n<h3><strong>Hochgeschwindigkeitsdruck mit Stabilit\u00e4t<\/strong><\/h3>\n<p><span style=\"font-weight: 400;\">Mit Druckgeschwindigkeiten von bis zu <\/span><b>500 mm\/s<\/b><span style=\"font-weight: 400;\"> und einer Beschleunigung von bis zu <\/span><b>10.000 mm\/s\u00b2<\/b><span style=\"font-weight: 400;\"> ist der SPARKX i7 f\u00fcr schnelle Workflows ausgelegt \u2013 ohne Kompromisse bei der Pr\u00e4zision. In Kombination mit der <\/span><b>Input Shaping<\/b><span style=\"font-weight: 400;\"> Technologie werden Vibrationen reduziert und saubere Oberfl\u00e4chen auch bei hohen Geschwindigkeiten gew\u00e4hrleistet.<\/span><\/p>\n<h3><strong>Fortschrittliches Mehrfarbensystem<\/strong><\/h3>\n<p><span style=\"font-weight: 400;\">Das<\/span><b> Color Combo System<\/b><span style=\"font-weight: 400;\"> erm\u00f6glicht einen automatischen Filamentwechsel und ist kompatibel mit <\/span><b>CFS Lite<\/b><span style=\"font-weight: 400;\"> und <\/span><b>CFS Mini<\/b><span style=\"font-weight: 400;\">, sodass sich dein Mehrfarben-Setup flexibel erweitern l\u00e4sst.<\/span><\/p>\n<h3><strong>AI-gest\u00fctzte \u00dcberwachung und Drucksicherheit<\/strong><\/h3>\n<p><span style=\"font-weight: 400;\">Die integrierte <\/span><b>AI-Kamera (720p mit Beleuchtung)<\/b><span style=\"font-weight: 400;\"> erm\u00f6glicht:<\/span><\/p>\n<ul>\n<li style=\"font-weight: 400;\" aria-level=\"1\"><span style=\"font-weight: 400;\">Erkennung von \u201eSpaghetti\u201c-Fehlern<\/span><\/li>\n<li style=\"font-weight: 400;\" aria-level=\"1\"><span style=\"font-weight: 400;\">Erkennung von Luftdruck (Fehldruck ohne Material)<\/span><\/li>\n<li style=\"font-weight: 400;\" aria-level=\"1\"><span style=\"font-weight: 400;\">Echtzeit\u00fcberwachung des Drucks<\/span><\/li>\n<\/ul>\n<p><span style=\"font-weight: 400;\">Dadurch werden Fehldrucke und Materialverschwendung deutlich reduziert.<\/span><\/p>\n<h3><strong>Zuverl\u00e4ssiger Druck mit intelligenten Schutzfunktionen<\/strong><\/h3>\n<p><span style=\"font-weight: 400;\">Der Drucker bietet:<\/span><\/p>\n<ul>\n<li style=\"font-weight: 400;\" aria-level=\"1\"><span style=\"font-weight: 400;\">Fortsetzung des Drucks nach Stromausfall<\/span><\/li>\n<li style=\"font-weight: 400;\" aria-level=\"1\"><span style=\"font-weight: 400;\">Filament-Enderkennung mit automatischer Fortsetzung<\/span><\/li>\n<li style=\"font-weight: 400;\" aria-level=\"1\"><span style=\"font-weight: 400;\">Erkennung von Filamentverwicklungen<\/span><\/li>\n<li style=\"font-weight: 400;\" aria-level=\"1\"><span style=\"font-weight: 400;\">\u00dcberwachung des Cutter-Verschlei\u00dfes<\/span><\/li>\n<\/ul>\n<p><span style=\"font-weight: 400;\">Alles f\u00fcr einen stabilen und unterbrechungsfreien Betrieb.<\/span><\/p>\n<h3><strong>Hohe Temperaturen und breite Materialunterst\u00fctzung<\/strong><\/h3>\n<p><span style=\"font-weight: 400;\">Mit einer D\u00fcsentemperatur von bis zu 300\u00b0C und einem beheizten Druckbett bis 100\u00b0C unterst\u00fctzt der SPARKX i7 eine Vielzahl von Materialien:<\/span><\/p>\n<ul>\n<li style=\"font-weight: 400;\" aria-level=\"1\"><span style=\"font-weight: 400;\">PLA \/ PLA-Silk<\/span><\/li>\n<li style=\"font-weight: 400;\" aria-level=\"1\"><span style=\"font-weight: 400;\">PETG<\/span><\/li>\n<li style=\"font-weight: 400;\" aria-level=\"1\"><span style=\"font-weight: 400;\">TPU<\/span><\/li>\n<li style=\"font-weight: 400;\" aria-level=\"1\"><span style=\"font-weight: 400;\">PLA-CF<\/span><\/li>\n<\/ul>\n<p><span style=\"font-weight: 400;\">Die beidseitig strukturierte PEI-Druckplatte sorgt f\u00fcr hervorragende Haftung und einfaches Entfernen der Drucke.<\/span><\/p>\n<h3><strong>Schnelle Wartung dank Quick-Swap Hotend<\/strong><\/h3>\n<p><span style=\"font-weight: 400;\">Das werkzeuglose Quick-Swap Hotend erm\u00f6glicht einen schnellen D\u00fcsenwechsel und reduziert Ausfallzeiten auf ein Minimum.<\/span><\/p>\n<h3><strong>Pr\u00e4zise Extrusion und gleichbleibende Qualit\u00e4t<\/strong><\/h3>\n<p><span style=\"font-weight: 400;\">Der <\/span><b>Direct Drive Extruder<\/b><span style=\"font-weight: 400;\"> in Kombination mit <\/span><b>Pressure Advance<\/b><span style=\"font-weight: 400;\"> sorgt f\u00fcr eine pr\u00e4zise Materialf\u00f6rderung, besonders bei flexiblen und technischen Filamenten.<\/span><\/p>\n<h3><strong>Moderne Konnektivit\u00e4t und Workflow-Integration<\/strong><\/h3>\n<ul>\n<li style=\"font-weight: 400;\" aria-level=\"1\"><span style=\"font-weight: 400;\">Wi-Fi (2.4 GHz) und USB-Daten\u00fcbertragung<\/span><\/li>\n<li style=\"font-weight: 400;\" aria-level=\"1\"><span style=\"font-weight: 400;\">Unterst\u00fctzung f\u00fcr G-code \/ 3MF Formate<\/span><\/li>\n<li style=\"font-weight: 400;\" aria-level=\"1\"><span style=\"font-weight: 400;\">Kompatibel mit Creality Print 6.3+<\/span><\/li>\n<li style=\"font-weight: 400;\" aria-level=\"1\"><span style=\"font-weight: 400;\">Integrierter 8GB eMMC Speicher<\/span><\/li>\n<\/ul>\n<p><span style=\"font-weight: 400;\">F\u00fcr einen modernen, effizienten und reibungslosen Workflow.<\/span><\/p>\n<h3><strong>Kompaktes und benutzerfreundliches Design<\/strong><\/h3>\n<p><span style=\"font-weight: 400;\">Trotz seiner Leistung bleibt der Drucker kompakt (<\/span><b>470\u00d7423\u00d7456 mm, 9.12 kg<\/b><span style=\"font-weight: 400;\">) und einfach zu bedienen. Ein 2.85&#8243; Farb-Touchscreen sowie das Creality OS mit Mehrsprachen-Unterst\u00fctzung sorgen f\u00fcr eine intuitive Bedienung.<\/span><\/p>\n<h2><strong>Technische Spezifikationen<\/strong><\/h2>\n<ul>\n<li><b>Bauraum:<\/b><span style=\"font-weight: 400;\"> 260\u00d7260\u00d7255 mm<\/span><span style=\"font-weight: 400;\"><br \/>\n<\/span><b><\/b><\/li>\n<li><b>Abmessungen:<\/b><span style=\"font-weight: 400;\"> 470\u00d7423\u00d7456 mm<\/span><span style=\"font-weight: 400;\"><br \/>\n<\/span><b><\/b><\/li>\n<li><b>Gewicht:<\/b><span style=\"font-weight: 400;\"> 9.12 kg<\/span><\/li>\n<li><b>Druckgeschwindigkeit:<\/b><span style=\"font-weight: 400;\"> \u2264 500 mm\/s<\/span><span style=\"font-weight: 400;\"><br \/>\n<\/span><b><\/b><\/li>\n<li><b>Beschleunigung:<\/b><span style=\"font-weight: 400;\"> \u2264 10.000 mm\/s\u00b2<\/span><span style=\"font-weight: 400;\"><br \/>\n<\/span><b><\/b><\/li>\n<li><b>Druckgenauigkeit:<\/b><span style=\"font-weight: 400;\"> \u00b10.1 mm<\/span><span style=\"font-weight: 400;\"><br \/>\n<\/span><b><\/b><\/li>\n<li><b>Schichth\u00f6he:<\/b><span style=\"font-weight: 400;\"> 0.05\u20130.3 mm<\/span><\/li>\n<li><b>D\u00fcsentemperatur:<\/b><span style=\"font-weight: 400;\"> \u2264 300\u00b0C<\/span><span style=\"font-weight: 400;\"><br \/>\n<\/span><b><\/b><\/li>\n<li><b>Heizbett:<\/b><span style=\"font-weight: 400;\"> \u2264 100\u00b0C<\/span><span style=\"font-weight: 400;\"><br \/>\n<\/span><b><\/b><\/li>\n<li><b>Druckplatte:<\/b><span style=\"font-weight: 400;\"> Beidseitig strukturierte PEI-Platte<\/span><\/li>\n<li><b>Extruder:<\/b><span style=\"font-weight: 400;\"> Direct Drive<\/span><span style=\"font-weight: 400;\"><br \/>\n<\/span><b><\/b><\/li>\n<li><b>Filamentdurchmesser:<\/b><span style=\"font-weight: 400;\"> 1.75 mm<\/span><span style=\"font-weight: 400;\"><br \/>\n<\/span><b><\/b><\/li>\n<li><b>Materialkompatibilit\u00e4t:<\/b><span style=\"font-weight: 400;\"> PLA, PLA-Silk, PETG, TPU, PLA-CF<\/span><\/li>\n<li><b>Mehrfarbensystem:<\/b><span style=\"font-weight: 400;\"> Color Combo (kompatibel mit CFS Lite &amp; CFS Mini)<\/span><\/li>\n<li><b>AI-Kamera:<\/b><span style=\"font-weight: 400;\"> 720p mit Beleuchtung<\/span><span style=\"font-weight: 400;\"><br \/>\n<\/span><b><\/b><\/li>\n<li><b>Spaghetti-Erkennung:<\/b><span style=\"font-weight: 400;\"> Ja<\/span><span style=\"font-weight: 400;\"><br \/>\n<\/span><b><\/b><\/li>\n<li><b>Luftdruck-Erkennung:<\/b><span style=\"font-weight: 400;\"> Ja<\/span><\/li>\n<li><b>Auto-Leveling:<\/b><span style=\"font-weight: 400;\"> Vollautomatisch<\/span><span style=\"font-weight: 400;\"><br \/>\n<\/span><b><\/b><\/li>\n<li><b>Input Shaping:<\/b><span style=\"font-weight: 400;\"> Ja<\/span><span style=\"font-weight: 400;\"><br \/>\n<\/span><b><\/b><\/li>\n<li><b>Pressure Advance:<\/b><span style=\"font-weight: 400;\"> Ja<\/span><\/li>\n<li><b>Stromausfall-Wiederaufnahme:<\/b><span style=\"font-weight: 400;\"> Ja<\/span><span style=\"font-weight: 400;\"><br \/>\n<\/span><b><\/b><\/li>\n<li><b>Filament-Ende \/ Verwicklungs-Erkennung:<\/b><span style=\"font-weight: 400;\"> Ja<\/span><span style=\"font-weight: 400;\"><br \/>\n<\/span><b><\/b><\/li>\n<li><b>Cutter-Verschlei\u00df\u00fcberwachung:<\/b><span style=\"font-weight: 400;\"> Ja<\/span><\/li>\n<li><b>Display:<\/b><span style=\"font-weight: 400;\"> 2.85&#8243; Farb-Touchscreen<\/span><span style=\"font-weight: 400;\"><br \/>\n<\/span><b><\/b><\/li>\n<li><b>Speicher:<\/b><span style=\"font-weight: 400;\"> 8GB eMMC<\/span><span style=\"font-weight: 400;\"><br \/>\n<\/span><b><\/b><\/li>\n<li><b>Konnektivit\u00e4t:<\/b><span style=\"font-weight: 400;\"> Wi-Fi (2.4 GHz), USB<\/span><\/li>\n<li><b>Dateiformate:<\/b><span style=\"font-weight: 400;\"> G-code \/ 3MF<\/span><span style=\"font-weight: 400;\"><br \/>\n<\/span><b><\/b><\/li>\n<li><b>Slicer:<\/b><span style=\"font-weight: 400;\"> Creality Print 6.3+<\/span><span style=\"font-weight: 400;\"><br \/>\n<\/span><b><\/b><\/li>\n<li><b>Firmware:<\/b><span style=\"font-weight: 400;\"> Creality OS<\/span><\/li>\n<li><b>Leistung:<\/b><span style=\"font-weight: 400;\"> 700W (220V) \/ 400W (110V)<\/span><span style=\"font-weight: 400;\"><br \/>\n<\/span><b><\/b><\/li>\n<li><b>Eingangsspannung:<\/b><span style=\"font-weight: 400;\"> 100\u2013240V AC, 50\/60 Hz<\/span><\/li>\n<\/ul>\n","protected":false},"excerpt":{"rendered":"<p><span style=\"font-weight: 400;\">Entdecke den <\/span><b>Creality SPARKX i7 Color Combo<\/b><span style=\"font-weight: 400;\">: ein Hochgeschwindigkeits-Mehrfarben-3D-Drucker mit einem Bauraum von 260\u00d7260\u00d7255mm, <\/span><b>bis zu 500 mm\/s Druckgeschwindigkeit<\/b><span style=\"font-weight: 400;\">, <\/span><b>AI-gest\u00fctzter <\/b><span style=\"font-weight: 400;\">\u00dcberwachung und automatischem Filamentwechsel f\u00fcr pr\u00e4zise, zuverl\u00e4ssige und professionelle Ergebnisse.<\/span><\/p>\n<p><span style=\"font-weight: 400;\">Creality SPARKX i7 Color Combo<\/span><span style=\"font-weight: 400;\"> in Kombination mit 4 Kilogramm AzureFilm Refill Filamenten und Master Spool 4-pack.<\/span><\/p>\n","protected":false},"featured_media":115850,"comment_status":"closed","ping_status":"closed","template":"","meta":{"_acf_changed":false},"product_brand":[],"product_cat":[1693,1695,1671,1851,1694,2069],"product_tag":[],"brand":[],"class_list":{"0":"post-115803","1":"product","2":"type-product","3":"status-publish","4":"has-post-thumbnail","6":"product_cat-3d-drucker","7":"product_cat-alle-3d-drucker","8":"product_cat-angebote","9":"product_cat-creality-de","10":"product_cat-fdm-drucker","11":"product_cat-spezialpackungen","13":"first","14":"outofstock","15":"sale","16":"taxable","17":"shipping-taxable","18":"purchasable","19":"product-type-variable"},"acf":[],"_links":{"self":[{"href":"https:\/\/azurefilm.com\/de\/wp-json\/wp\/v2\/product\/115803","targetHints":{"allow":["GET"]}}],"collection":[{"href":"https:\/\/azurefilm.com\/de\/wp-json\/wp\/v2\/product"}],"about":[{"href":"https:\/\/azurefilm.com\/de\/wp-json\/wp\/v2\/types\/product"}],"replies":[{"embeddable":true,"href":"https:\/\/azurefilm.com\/de\/wp-json\/wp\/v2\/comments?post=115803"}],"wp:featuredmedia":[{"embeddable":true,"href":"https:\/\/azurefilm.com\/de\/wp-json\/wp\/v2\/media\/115850"}],"wp:attachment":[{"href":"https:\/\/azurefilm.com\/de\/wp-json\/wp\/v2\/media?parent=115803"}],"wp:term":[{"taxonomy":"product_brand","embeddable":true,"href":"https:\/\/azurefilm.com\/de\/wp-json\/wp\/v2\/product_brand?post=115803"},{"taxonomy":"product_cat","embeddable":true,"href":"https:\/\/azurefilm.com\/de\/wp-json\/wp\/v2\/product_cat?post=115803"},{"taxonomy":"product_tag","embeddable":true,"href":"https:\/\/azurefilm.com\/de\/wp-json\/wp\/v2\/product_tag?post=115803"},{"taxonomy":"brand","embeddable":true,"href":"https:\/\/azurefilm.com\/de\/wp-json\/wp\/v2\/brand?post=115803"}],"curies":[{"name":"wp","href":"https:\/\/api.w.org\/{rel}","templated":true}]}}