
{"id":49197,"date":"2023-10-29T14:21:51","date_gmt":"2023-10-29T14:21:51","guid":{"rendered":"https:\/\/azurefilm.com\/product\/feder-fuer-heizbett\/"},"modified":"2025-09-18T15:58:34","modified_gmt":"2025-09-18T15:58:34","slug":"feder-fuer-heizbett","status":"publish","type":"product","link":"https:\/\/azurefilm.com\/de\/produkt\/feder-fuer-heizbett\/","title":{"rendered":"Feder f\u00fcr Heizbett"},"content":{"rendered":"<h2><strong>Feder f\u00fcr Heizbett Hauptmerkmale:<\/strong><\/h2>\n<ul>\n<li>Abmessung: 22x9mm<\/li>\n<li>Innendurchmesser 7mm<\/li>\n<li>Drahtst\u00e4rke 1mm<\/li>\n<li>Eine starke Feder f\u00fcr das Heizbett des 3D-Druckers.<\/li>\n<li>Ausgezeichnete Elastizit\u00e4t, Erm\u00fcdungsbest\u00e4ndigkeit.<\/li>\n<li>Vernickelt, korrosionsbest\u00e4ndig, hohe H\u00e4rte.<\/li>\n<li>Material: Kohlenstoffstahl<\/li>\n<li>Artikel Farbe: Silberton<\/li>\n<\/ul>\n","protected":false},"excerpt":{"rendered":"<p><strong>Feder f\u00fcr Heizbett<\/strong> aus Kohlenstoffstahl in den Abmessungen 22x9mm.<\/p>\n","protected":false},"featured_media":49153,"comment_status":"closed","ping_status":"closed","template":"","meta":{"_acf_changed":false},"product_brand":[],"product_cat":[1767,1671,1765,1766],"product_tag":[],"brand":[],"class_list":{"0":"post-49197","1":"product","2":"type-product","3":"status-publish","4":"has-post-thumbnail","6":"product_cat-alle-ersatzteile","7":"product_cat-angebote","8":"product_cat-ersatzteile","9":"product_cat-sonstige_artikel","11":"first","12":"instock","13":"sale","14":"taxable","15":"shipping-taxable","16":"purchasable","17":"product-type-simple"},"acf":[],"_links":{"self":[{"href":"https:\/\/azurefilm.com\/de\/wp-json\/wp\/v2\/product\/49197","targetHints":{"allow":["GET"]}}],"collection":[{"href":"https:\/\/azurefilm.com\/de\/wp-json\/wp\/v2\/product"}],"about":[{"href":"https:\/\/azurefilm.com\/de\/wp-json\/wp\/v2\/types\/product"}],"replies":[{"embeddable":true,"href":"https:\/\/azurefilm.com\/de\/wp-json\/wp\/v2\/comments?post=49197"}],"wp:featuredmedia":[{"embeddable":true,"href":"https:\/\/azurefilm.com\/de\/wp-json\/wp\/v2\/media\/49153"}],"wp:attachment":[{"href":"https:\/\/azurefilm.com\/de\/wp-json\/wp\/v2\/media?parent=49197"}],"wp:term":[{"taxonomy":"product_brand","embeddable":true,"href":"https:\/\/azurefilm.com\/de\/wp-json\/wp\/v2\/product_brand?post=49197"},{"taxonomy":"product_cat","embeddable":true,"href":"https:\/\/azurefilm.com\/de\/wp-json\/wp\/v2\/product_cat?post=49197"},{"taxonomy":"product_tag","embeddable":true,"href":"https:\/\/azurefilm.com\/de\/wp-json\/wp\/v2\/product_tag?post=49197"},{"taxonomy":"brand","embeddable":true,"href":"https:\/\/azurefilm.com\/de\/wp-json\/wp\/v2\/brand?post=49197"}],"curies":[{"name":"wp","href":"https:\/\/api.w.org\/{rel}","templated":true}]}}