
{"id":49212,"date":"2023-10-29T14:22:30","date_gmt":"2023-10-29T14:22:30","guid":{"rendered":"https:\/\/azurefilm.com\/product\/heater-40w-12-24v\/"},"modified":"2024-12-17T23:54:30","modified_gmt":"2024-12-17T23:54:30","slug":"heater-40w-12-24v","status":"publish","type":"product","link":"https:\/\/azurefilm.com\/de\/produkt\/heater-40w-12-24v\/","title":{"rendered":"Heater 40W 12\/24V"},"content":{"rendered":"<h2><b>Hauptmerkmale:<\/b><\/h2>\n<ul>\n<li>Patronenheizungen bestehen aus einem zylindrischen Edelstahlrohr und bieten somit Korrosionsschutz.<\/li>\n<li>Der Heizdraht im Inneren ist auf einen Keramikkern gewickelt.<\/li>\n<li>Die Anzahl der Windungen variiert je nach Leistung und sorgt f\u00fcr eine gleichm\u00e4\u00dfige W\u00e4rmeverteilung, was die Lebensdauer des Heizelements erheblich verl\u00e4ngert und die Oxidation des Heizdrahts auch bei hohen Temperaturen verhindert.<\/li>\n<li>Spannung: 12V, 24V<\/li>\n<li>Leistung: 40W<\/li>\n<li>Material: Edelstahl<\/li>\n<li>Kabell\u00e4nge: 1m<\/li>\n<li>Durchmesser: 6mm; L\u00e4nge: 20mm<\/li>\n<\/ul>\n","protected":false},"excerpt":{"rendered":"<p><strong>Heater 40W<\/strong> besteht aus einem zylindrischen Edelstahlrohr und bietet somit Korrosionsschutz.<\/p>\n","protected":false},"featured_media":49184,"comment_status":"closed","ping_status":"closed","template":"","meta":{"_acf_changed":false},"product_brand":[],"product_cat":[1767,1671,1765,1786,1788],"product_tag":[],"brand":[],"class_list":{"0":"post-49212","1":"product","2":"type-product","3":"status-publish","4":"has-post-thumbnail","6":"product_cat-alle-ersatzteile","7":"product_cat-angebote","8":"product_cat-ersatzteile","9":"product_cat-extruder-de","10":"product_cat-extruderteile","11":"pa_compatible-with-creality-fdm-3d-printers","12":"pa_fits-printer-creality-cr-10-smart","13":"pa_fits-printer-creality-cr-30-printmill","14":"pa_fits-printer-creality-cr-5-pro-h","15":"pa_fits-printer-creality-cr-6-max","16":"pa_fits-printer-creality-cr-6-se","17":"pa_fits-printer-creality-cr-m4","18":"pa_fits-printer-creality-ender-3","19":"pa_fits-printer-creality-ender-3-v2-neo","21":"first","22":"instock","23":"sale","24":"taxable","25":"shipping-taxable","26":"purchasable","27":"product-type-variable"},"acf":[],"_links":{"self":[{"href":"https:\/\/azurefilm.com\/de\/wp-json\/wp\/v2\/product\/49212","targetHints":{"allow":["GET"]}}],"collection":[{"href":"https:\/\/azurefilm.com\/de\/wp-json\/wp\/v2\/product"}],"about":[{"href":"https:\/\/azurefilm.com\/de\/wp-json\/wp\/v2\/types\/product"}],"replies":[{"embeddable":true,"href":"https:\/\/azurefilm.com\/de\/wp-json\/wp\/v2\/comments?post=49212"}],"wp:featuredmedia":[{"embeddable":true,"href":"https:\/\/azurefilm.com\/de\/wp-json\/wp\/v2\/media\/49184"}],"wp:attachment":[{"href":"https:\/\/azurefilm.com\/de\/wp-json\/wp\/v2\/media?parent=49212"}],"wp:term":[{"taxonomy":"product_brand","embeddable":true,"href":"https:\/\/azurefilm.com\/de\/wp-json\/wp\/v2\/product_brand?post=49212"},{"taxonomy":"product_cat","embeddable":true,"href":"https:\/\/azurefilm.com\/de\/wp-json\/wp\/v2\/product_cat?post=49212"},{"taxonomy":"product_tag","embeddable":true,"href":"https:\/\/azurefilm.com\/de\/wp-json\/wp\/v2\/product_tag?post=49212"},{"taxonomy":"brand","embeddable":true,"href":"https:\/\/azurefilm.com\/de\/wp-json\/wp\/v2\/brand?post=49212"}],"curies":[{"name":"wp","href":"https:\/\/api.w.org\/{rel}","templated":true}]}}