
{"id":49213,"date":"2023-10-29T14:22:30","date_gmt":"2023-10-29T14:22:30","guid":{"rendered":"https:\/\/azurefilm.com\/product\/motor-driver-drv8825\/"},"modified":"2023-10-29T14:22:30","modified_gmt":"2023-10-29T14:22:30","slug":"motor-driver-drv8825","status":"publish","type":"product","link":"https:\/\/azurefilm.com\/de\/produkt\/motor-driver-drv8825\/","title":{"rendered":"Motor driver DRV8825"},"content":{"rendered":"<h2><strong>Hauptmerkmale:<\/strong><\/h2>\n<ul>\n<li>4-lagig, verbesserte W\u00e4rmeableitung, einfache Schritt- und Richtungssteuerungsschnittstelle.<\/li>\n<li>Sechs verschiedene Schrittaufl\u00f6sungen: Vollschritt, Halbschritt, 1\/4-Schritt, 1\/8-Schritt, 1\/16-Schritt und 1\/32-Schritt.<\/li>\n<li>Einstellbare Stromregelung erm\u00f6glicht es Ihnen, den maximalen Stromausgang mit einem Potentiometer einzustellen, wodurch Sie Spannungen \u00fcber der Nennspannung Ihres Schrittmotors verwenden k\u00f6nnen, um h\u00f6here Leistungen zu erzielen.<\/li>\n<li>Maximale Versorgungsspannung von 45 V.<\/li>\n<li>Eingebauter Regler.<\/li>\n<li>Kann direkt mit 3,3V- und 5V-Systemen verbunden werden.<\/li>\n<li>\u00dcbertemperatur-Thermoabschaltung, \u00dcberstromabschaltung und Unterspannungssperre.<\/li>\n<\/ul>\n","protected":false},"excerpt":{"rendered":"<p><strong>Motor driver DRV8825<\/strong>-Platine, die h\u00e4ufig im 3D-Druck verwendet wird und einige der besten Funktionen bietet.<\/p>\n","protected":false},"featured_media":49215,"comment_status":"closed","ping_status":"closed","template":"","meta":{"_acf_changed":false},"product_brand":[],"product_cat":[1767,1671,1765,1793,1794],"product_tag":[],"brand":[],"class_list":{"0":"post-49213","1":"product","2":"type-product","3":"status-publish","4":"has-post-thumbnail","6":"product_cat-alle-ersatzteile","7":"product_cat-angebote","8":"product_cat-ersatzteile","9":"product_cat-motoren-treiber","10":"product_cat-motortreiber","12":"first","13":"instock","14":"sale","15":"taxable","16":"shipping-taxable","17":"purchasable","18":"product-type-simple"},"acf":[],"_links":{"self":[{"href":"https:\/\/azurefilm.com\/de\/wp-json\/wp\/v2\/product\/49213","targetHints":{"allow":["GET"]}}],"collection":[{"href":"https:\/\/azurefilm.com\/de\/wp-json\/wp\/v2\/product"}],"about":[{"href":"https:\/\/azurefilm.com\/de\/wp-json\/wp\/v2\/types\/product"}],"replies":[{"embeddable":true,"href":"https:\/\/azurefilm.com\/de\/wp-json\/wp\/v2\/comments?post=49213"}],"wp:featuredmedia":[{"embeddable":true,"href":"https:\/\/azurefilm.com\/de\/wp-json\/wp\/v2\/media\/49215"}],"wp:attachment":[{"href":"https:\/\/azurefilm.com\/de\/wp-json\/wp\/v2\/media?parent=49213"}],"wp:term":[{"taxonomy":"product_brand","embeddable":true,"href":"https:\/\/azurefilm.com\/de\/wp-json\/wp\/v2\/product_brand?post=49213"},{"taxonomy":"product_cat","embeddable":true,"href":"https:\/\/azurefilm.com\/de\/wp-json\/wp\/v2\/product_cat?post=49213"},{"taxonomy":"product_tag","embeddable":true,"href":"https:\/\/azurefilm.com\/de\/wp-json\/wp\/v2\/product_tag?post=49213"},{"taxonomy":"brand","embeddable":true,"href":"https:\/\/azurefilm.com\/de\/wp-json\/wp\/v2\/brand?post=49213"}],"curies":[{"name":"wp","href":"https:\/\/api.w.org\/{rel}","templated":true}]}}