
{"id":49235,"date":"2023-10-29T14:22:58","date_gmt":"2023-10-29T14:22:58","guid":{"rendered":"https:\/\/azurefilm.com\/product\/messing-trapezgewindemutter\/"},"modified":"2023-10-29T14:22:58","modified_gmt":"2023-10-29T14:22:58","slug":"messing-trapezgewindemutter","status":"publish","type":"product","link":"https:\/\/azurefilm.com\/de\/produkt\/messing-trapezgewindemutter\/","title":{"rendered":"Messing Trapezgewindemutter"},"content":{"rendered":"<h2><strong>Hauptmerkmale:<\/strong><\/h2>\n<ul>\n<li>Rutschfest, korrosionsbest\u00e4ndig, verschlei\u00dffest<\/li>\n<li>Einfach zu verwenden, keine Bearbeitung erforderlich<\/li>\n<li>Geeignet f\u00fcr 3D-Drucker Z-Achse 8mm Edelstahl 4-Start Leitspindel<\/li>\n<li>Sollte mit Gewindestange f\u00fcr Schrittmotor, Werkzeugmaschinenf\u00fchrung und andere Ger\u00e4te verwendet werden<\/li>\n<li>Material: Messing<\/li>\n<li>Preis gilt f\u00fcr 1 St\u00fcck<\/li>\n<\/ul>\n","protected":false},"excerpt":{"rendered":"<p><strong>Messing Trapezgewindemutter<\/strong> mit rutschfester Funktion, Korrosionsbest\u00e4ndigkeit, Verschlei\u00dffestigkeit.<\/p>\n","protected":false},"featured_media":49236,"comment_status":"closed","ping_status":"closed","template":"","meta":{"_acf_changed":false},"product_brand":[],"product_cat":[1767,1671,1765,1774],"product_tag":[],"brand":[],"class_list":{"0":"post-49235","1":"product","2":"type-product","3":"status-publish","4":"has-post-thumbnail","6":"product_cat-alle-ersatzteile","7":"product_cat-angebote","8":"product_cat-ersatzteile","9":"product_cat-lager-fuhrungen","11":"first","12":"instock","13":"sale","14":"taxable","15":"shipping-taxable","16":"purchasable","17":"product-type-simple"},"acf":[],"_links":{"self":[{"href":"https:\/\/azurefilm.com\/de\/wp-json\/wp\/v2\/product\/49235","targetHints":{"allow":["GET"]}}],"collection":[{"href":"https:\/\/azurefilm.com\/de\/wp-json\/wp\/v2\/product"}],"about":[{"href":"https:\/\/azurefilm.com\/de\/wp-json\/wp\/v2\/types\/product"}],"replies":[{"embeddable":true,"href":"https:\/\/azurefilm.com\/de\/wp-json\/wp\/v2\/comments?post=49235"}],"wp:featuredmedia":[{"embeddable":true,"href":"https:\/\/azurefilm.com\/de\/wp-json\/wp\/v2\/media\/49236"}],"wp:attachment":[{"href":"https:\/\/azurefilm.com\/de\/wp-json\/wp\/v2\/media?parent=49235"}],"wp:term":[{"taxonomy":"product_brand","embeddable":true,"href":"https:\/\/azurefilm.com\/de\/wp-json\/wp\/v2\/product_brand?post=49235"},{"taxonomy":"product_cat","embeddable":true,"href":"https:\/\/azurefilm.com\/de\/wp-json\/wp\/v2\/product_cat?post=49235"},{"taxonomy":"product_tag","embeddable":true,"href":"https:\/\/azurefilm.com\/de\/wp-json\/wp\/v2\/product_tag?post=49235"},{"taxonomy":"brand","embeddable":true,"href":"https:\/\/azurefilm.com\/de\/wp-json\/wp\/v2\/brand?post=49235"}],"curies":[{"name":"wp","href":"https:\/\/api.w.org\/{rel}","templated":true}]}}