
{"id":49247,"date":"2023-10-29T14:22:30","date_gmt":"2023-10-29T14:22:30","guid":{"rendered":"https:\/\/azurefilm.com\/product\/extruder-e3d-v5-bowden-typ\/"},"modified":"2023-10-29T14:22:30","modified_gmt":"2023-10-29T14:22:30","slug":"extruder-e3d-v5-bowden-typ","status":"publish","type":"product","link":"https:\/\/azurefilm.com\/de\/produkt\/extruder-e3d-v5-bowden-typ\/","title":{"rendered":"Extruder E3D V5 Bowden Typ"},"content":{"rendered":"<h2><b>Hauptmerkmale:<\/b><\/h2>\n<ul>\n<li>Extruder besteht aus hochwertigem Edelstahlmaterial<\/li>\n<li>Hitzebest\u00e4ndig und robust<\/li>\n<li>Speziell f\u00fcr 3D-Drucker entwickelt<\/li>\n<li>Langlebig und haltbar<\/li>\n<li>Gleichm\u00e4\u00dfige Zuf\u00fchrung, kein Materialverlust<\/li>\n<li>Kompatibel mit 1,75mm \/ 0,3mm V5<\/li>\n<li>Nicht original<\/li>\n<\/ul>\n","protected":false},"excerpt":{"rendered":"<p><strong>Extruder E3D V5 Bowden Typ<\/strong> aus hochwertigem Edelstahlmaterial, das best\u00e4ndig gegen hohe Temperaturen ist.<\/p>\n","protected":false},"featured_media":49248,"comment_status":"closed","ping_status":"closed","template":"","meta":{"_acf_changed":false},"product_brand":[],"product_cat":[1767,1671,1765,1786,1788,1795],"product_tag":[],"brand":[],"class_list":{"0":"post-49247","1":"product","2":"type-product","3":"status-publish","4":"has-post-thumbnail","6":"product_cat-alle-ersatzteile","7":"product_cat-angebote","8":"product_cat-ersatzteile","9":"product_cat-extruder-de","10":"product_cat-extruderteile","11":"product_cat-hotends-de","13":"first","14":"instock","15":"sale","16":"taxable","17":"shipping-taxable","18":"purchasable","19":"product-type-simple"},"acf":[],"_links":{"self":[{"href":"https:\/\/azurefilm.com\/de\/wp-json\/wp\/v2\/product\/49247","targetHints":{"allow":["GET"]}}],"collection":[{"href":"https:\/\/azurefilm.com\/de\/wp-json\/wp\/v2\/product"}],"about":[{"href":"https:\/\/azurefilm.com\/de\/wp-json\/wp\/v2\/types\/product"}],"replies":[{"embeddable":true,"href":"https:\/\/azurefilm.com\/de\/wp-json\/wp\/v2\/comments?post=49247"}],"wp:featuredmedia":[{"embeddable":true,"href":"https:\/\/azurefilm.com\/de\/wp-json\/wp\/v2\/media\/49248"}],"wp:attachment":[{"href":"https:\/\/azurefilm.com\/de\/wp-json\/wp\/v2\/media?parent=49247"}],"wp:term":[{"taxonomy":"product_brand","embeddable":true,"href":"https:\/\/azurefilm.com\/de\/wp-json\/wp\/v2\/product_brand?post=49247"},{"taxonomy":"product_cat","embeddable":true,"href":"https:\/\/azurefilm.com\/de\/wp-json\/wp\/v2\/product_cat?post=49247"},{"taxonomy":"product_tag","embeddable":true,"href":"https:\/\/azurefilm.com\/de\/wp-json\/wp\/v2\/product_tag?post=49247"},{"taxonomy":"brand","embeddable":true,"href":"https:\/\/azurefilm.com\/de\/wp-json\/wp\/v2\/brand?post=49247"}],"curies":[{"name":"wp","href":"https:\/\/api.w.org\/{rel}","templated":true}]}}