
{"id":49274,"date":"2023-10-29T14:22:58","date_gmt":"2023-10-29T14:22:58","guid":{"rendered":"https:\/\/azurefilm.com\/product\/stahlduese-mk8\/"},"modified":"2023-10-29T14:22:58","modified_gmt":"2023-10-29T14:22:58","slug":"stahlduese-mk8","status":"publish","type":"product","link":"https:\/\/azurefilm.com\/de\/produkt\/stahlduese-mk8\/","title":{"rendered":"Stahld\u00fcse MK8"},"content":{"rendered":"<h4><span style=\"vertical-align: inherit;\">MK8 Stahld\u00fcse<\/span><\/h4>\n<h3><b><span style=\"vertical-align: inherit;\">Hauptmerkmale:<\/span><\/b><\/h3>\n<p><span style=\"vertical-align: inherit;\">Die MK8 Stahld\u00fcse hat mehrere wichtige Merkmale, die sie zu einer ausgezeichneten Wahl f\u00fcr 3D-Druck-Enthusiasten machen, die nach erh\u00f6hter Pr\u00e4zision und Haltbarkeit suchen:<\/span><\/p>\n<ul>\n<li><strong><span style=\"vertical-align: inherit;\">Leckverhinderung:<\/span><\/strong><span style=\"vertical-align: inherit;\"> Die D\u00fcse mit einem 1,75 mm Einlass und 0,3\/0,4 mm Extruderd\u00fcsen verhindert effektiv das Austreten des Druckkopfes und sorgt f\u00fcr einen sauberen und zuverl\u00e4ssigen Druckprozess. <\/span> <\/li>\n<li><strong><span style=\"vertical-align: inherit;\">Konsistente Drucke:<\/span><\/strong><span style=\"vertical-align: inherit;\"> Die D\u00fcse erm\u00f6glicht es, konsistente Drucke mit einer glatten und gl\u00e4nzenden Oberfl\u00e4che zu produzieren, was die Gesamtqualit\u00e4t Ihrer 3D-Drucke erh\u00f6ht.<\/span><\/li>\n<li><strong><span style=\"vertical-align: inherit;\">Edelstahlkonstruktion:<\/span><\/strong><span style=\"vertical-align: inherit;\"> Hergestellt aus hochwertigem Edelstahl, ist die D\u00fcse nicht nur rost- und korrosionsbest\u00e4ndig, sondern zeigt auch eine robuste St\u00e4rke und Haltbarkeit, was eine lange Lebensdauer gew\u00e4hrleistet. <\/span> <\/li>\n<li><strong><span style=\"vertical-align: inherit;\">Einfache Installation:<\/span><\/strong><span style=\"vertical-align: inherit;\"> Die MK8 Stahld\u00fcse ist f\u00fcr eine einfache Installation konzipiert und somit sowohl f\u00fcr Anf\u00e4nger als auch f\u00fcr erfahrene Benutzer zug\u00e4nglich.<\/span><\/li>\n<li><strong><span style=\"vertical-align: inherit;\">Weite Kompatibilit\u00e4t:<\/span><\/strong><span style=\"vertical-align: inherit;\"> Kompatibel mit allen 1,75 mm PLA ABS 3D-Druckern, bietet diese D\u00fcse Vielseitigkeit und erf\u00fcllt verschiedene 3D-Druckeinstellungen.<\/span><\/li>\n<li><strong><span style=\"vertical-align: inherit;\">Kalibrierung nach dem Austausch:<\/span><\/strong><span style=\"vertical-align: inherit;\"> Nach dem Austausch der D\u00fcse wird empfohlen, den Abstand zwischen der D\u00fcse und der Montageplatte neu zu kalibrieren, um die optimale Qualit\u00e4t der gedruckten Teile zu gew\u00e4hrleisten.<\/span><\/li>\n<li><strong><span style=\"vertical-align: inherit;\">Erschwingliches Einzelst\u00fcck:<\/span><\/strong><span style=\"vertical-align: inherit;\"> Preislich pro St\u00fcck bietet dies eine erschwingliche L\u00f6sung f\u00fcr Benutzer, die ihre 3D-Druckf\u00e4higkeiten verbessern m\u00f6chten, ohne das Budget zu sprengen. <\/span> <\/li>\n<\/ul>\n<p><span style=\"vertical-align: inherit;\">Die MK8 Stahld\u00fcse ist eine lohnende Investition, die den Benutzern eine zuverl\u00e4ssige, einfache und vielseitige L\u00f6sung bietet, um ihre 3D-Druckerfahrung zu verbessern. R\u00fcsten Sie noch heute auf und genie\u00dfen Sie die Vorteile verbesserter Druckqualit\u00e4t und Haltbarkeit. <\/span><\/p>\n","protected":false},"excerpt":{"rendered":"<p>Die Stahld\u00fcse MK8 kann das Austreten des Druckkopfes effektiv verhindern und gleichzeitig konsistent mit einer glatten und gl\u00e4nzend polierten Oberfl\u00e4che drucken.<\/p>\n","protected":false},"featured_media":49275,"comment_status":"closed","ping_status":"closed","template":"","meta":{"_acf_changed":false},"product_brand":[],"product_cat":[1767,1671,1807,1765,1808],"product_tag":[],"brand":[270],"class_list":{"0":"post-49274","1":"product","2":"type-product","3":"status-publish","4":"has-post-thumbnail","6":"product_cat-alle-ersatzteile","7":"product_cat-angebote","8":"product_cat-dusen","9":"product_cat-ersatzteile","10":"product_cat-normale-dusen","11":"pa_compatible-with-creality-fdm-3d-printers","12":"pa_fits-printer-creality-ender-3","13":"pa_nozzle-diameter-0-3mm","14":"pa_nozzle-diameter-0-4mm","15":"brand-creality","17":"first","18":"instock","19":"sale","20":"taxable","21":"shipping-taxable","22":"purchasable","23":"product-type-variable"},"acf":[],"_links":{"self":[{"href":"https:\/\/azurefilm.com\/de\/wp-json\/wp\/v2\/product\/49274","targetHints":{"allow":["GET"]}}],"collection":[{"href":"https:\/\/azurefilm.com\/de\/wp-json\/wp\/v2\/product"}],"about":[{"href":"https:\/\/azurefilm.com\/de\/wp-json\/wp\/v2\/types\/product"}],"replies":[{"embeddable":true,"href":"https:\/\/azurefilm.com\/de\/wp-json\/wp\/v2\/comments?post=49274"}],"wp:featuredmedia":[{"embeddable":true,"href":"https:\/\/azurefilm.com\/de\/wp-json\/wp\/v2\/media\/49275"}],"wp:attachment":[{"href":"https:\/\/azurefilm.com\/de\/wp-json\/wp\/v2\/media?parent=49274"}],"wp:term":[{"taxonomy":"product_brand","embeddable":true,"href":"https:\/\/azurefilm.com\/de\/wp-json\/wp\/v2\/product_brand?post=49274"},{"taxonomy":"product_cat","embeddable":true,"href":"https:\/\/azurefilm.com\/de\/wp-json\/wp\/v2\/product_cat?post=49274"},{"taxonomy":"product_tag","embeddable":true,"href":"https:\/\/azurefilm.com\/de\/wp-json\/wp\/v2\/product_tag?post=49274"},{"taxonomy":"brand","embeddable":true,"href":"https:\/\/azurefilm.com\/de\/wp-json\/wp\/v2\/brand?post=49274"}],"curies":[{"name":"wp","href":"https:\/\/api.w.org\/{rel}","templated":true}]}}