
{"id":49278,"date":"2023-10-29T14:29:24","date_gmt":"2023-10-29T14:29:24","guid":{"rendered":"https:\/\/azurefilm.com\/product\/spring-clamp\/"},"modified":"2025-12-18T09:29:00","modified_gmt":"2025-12-18T09:29:00","slug":"spring-clamp","status":"publish","type":"product","link":"https:\/\/azurefilm.com\/de\/produkt\/spring-clamp\/","title":{"rendered":"Spring Clamp"},"content":{"rendered":"<p>Diese Plastikfederklemme ist ein g\u00e4ngiges Werkzeug f\u00fcr jeden Heimwerker. Sie ist rutschfest und hat eine gute Klemmkraft, was Ihre Holzarbeiten viel m\u00fcheloser macht. <\/p>\n<h2><strong>Hauptmerkmale:<\/strong><\/h2>\n<ul>\n<li>Stark und langlebig f\u00fcr all Ihre Klemmanforderungen.<\/li>\n<li>Rostbest\u00e4ndig.<\/li>\n<li>Konturierte Backen zum Halten von runden und unregelm\u00e4\u00dfig geformten Objekten.<\/li>\n<li>Flexible Pads sorgen f\u00fcr einen besseren Halt.<\/li>\n<li>Griffe sind f\u00fcr eine bequeme Handspanne ausgelegt.<\/li>\n<li>Hochwertig und langlebig.<\/li>\n<li>Farbe: Schwarz und Orange.<\/li>\n<li>Material: Kunststoff.<\/li>\n<\/ul>\n<p>&nbsp;<\/p>\n<p>&nbsp;<\/p>\n<p>&nbsp;<\/p>\n","protected":false},"excerpt":{"rendered":"<p>Diese Plastik<strong>Spring Clamp<\/strong> ist ein g\u00e4ngiges Werkzeug f\u00fcr jeden Heimwerker. Sie ist rutschfest und hat eine gute Klemmkraft, was Ihre Holzarbeiten viel m\u00fcheloser macht. <\/p>\n","protected":false},"featured_media":49280,"comment_status":"closed","ping_status":"closed","template":"","meta":{"_acf_changed":false},"product_brand":[],"product_cat":[1767,1671,1765,1766],"product_tag":[],"brand":[],"class_list":{"0":"post-49278","1":"product","2":"type-product","3":"status-publish","4":"has-post-thumbnail","6":"product_cat-alle-ersatzteile","7":"product_cat-angebote","8":"product_cat-ersatzteile","9":"product_cat-sonstige_artikel","11":"first","12":"instock","13":"sale","14":"taxable","15":"shipping-taxable","16":"purchasable","17":"product-type-variable"},"acf":[],"_links":{"self":[{"href":"https:\/\/azurefilm.com\/de\/wp-json\/wp\/v2\/product\/49278","targetHints":{"allow":["GET"]}}],"collection":[{"href":"https:\/\/azurefilm.com\/de\/wp-json\/wp\/v2\/product"}],"about":[{"href":"https:\/\/azurefilm.com\/de\/wp-json\/wp\/v2\/types\/product"}],"replies":[{"embeddable":true,"href":"https:\/\/azurefilm.com\/de\/wp-json\/wp\/v2\/comments?post=49278"}],"wp:featuredmedia":[{"embeddable":true,"href":"https:\/\/azurefilm.com\/de\/wp-json\/wp\/v2\/media\/49280"}],"wp:attachment":[{"href":"https:\/\/azurefilm.com\/de\/wp-json\/wp\/v2\/media?parent=49278"}],"wp:term":[{"taxonomy":"product_brand","embeddable":true,"href":"https:\/\/azurefilm.com\/de\/wp-json\/wp\/v2\/product_brand?post=49278"},{"taxonomy":"product_cat","embeddable":true,"href":"https:\/\/azurefilm.com\/de\/wp-json\/wp\/v2\/product_cat?post=49278"},{"taxonomy":"product_tag","embeddable":true,"href":"https:\/\/azurefilm.com\/de\/wp-json\/wp\/v2\/product_tag?post=49278"},{"taxonomy":"brand","embeddable":true,"href":"https:\/\/azurefilm.com\/de\/wp-json\/wp\/v2\/brand?post=49278"}],"curies":[{"name":"wp","href":"https:\/\/api.w.org\/{rel}","templated":true}]}}