
{"id":49279,"date":"2023-10-29T14:22:58","date_gmt":"2023-10-29T14:22:58","guid":{"rendered":"https:\/\/azurefilm.com\/product\/auto-bed-leveling-sensor\/"},"modified":"2023-10-29T14:22:58","modified_gmt":"2023-10-29T14:22:58","slug":"auto-bed-leveling-sensor","status":"publish","type":"product","link":"https:\/\/azurefilm.com\/de\/produkt\/auto-bed-leveling-sensor\/","title":{"rendered":"Auto Bed Leveling Sensor"},"content":{"rendered":"<h2><strong>Hauptmerkmale:<\/strong><\/h2>\n<ul>\n<li>Es ist eine Komponente, die in der Automatisierungsindustrie weit verbreitet ist, um zu erkennen, zu steuern und ber\u00fchrungslos zu schalten.<\/li>\n<li>Es kann f\u00fcr die automatische Nivellierung von 3D-Druckern verwendet werden. Wenn der N\u00e4herungsschalter in die N\u00e4he eines Zielobjekts kommt, sendet er ein Steuersignal aus.<\/li>\n<li>Es wird h\u00e4ufig in Maschinen, der Papierherstellung und der Leichtindustrie f\u00fcr Begrenzungsstationen, Orientierung, Z\u00e4hlungen, Geschwindigkeitsversuche usw. verwendet.<\/li>\n<li>Induktionssensor<\/li>\n<li>Erfassungsabstand: 4mm<\/li>\n<li>Spannung: DC 5V<\/li>\n<li>Abmessung: 12x60mm<\/li>\n<\/ul>\n","protected":false},"excerpt":{"rendered":"<p><strong>Auto Bed Leveling Sensor<\/strong> ist eine Komponente, die in der Automatisierungsindustrie weit verbreitet ist, um zu erkennen, zu steuern und ber\u00fchrungslos zu schalten.<\/p>\n","protected":false},"featured_media":49288,"comment_status":"closed","ping_status":"closed","template":"","meta":{"_acf_changed":false},"product_brand":[],"product_cat":[1767,1671,1765,1766],"product_tag":[],"brand":[],"class_list":{"0":"post-49279","1":"product","2":"type-product","3":"status-publish","4":"has-post-thumbnail","6":"product_cat-alle-ersatzteile","7":"product_cat-angebote","8":"product_cat-ersatzteile","9":"product_cat-sonstige_artikel","11":"first","12":"instock","13":"sale","14":"taxable","15":"shipping-taxable","16":"purchasable","17":"product-type-simple"},"acf":[],"_links":{"self":[{"href":"https:\/\/azurefilm.com\/de\/wp-json\/wp\/v2\/product\/49279","targetHints":{"allow":["GET"]}}],"collection":[{"href":"https:\/\/azurefilm.com\/de\/wp-json\/wp\/v2\/product"}],"about":[{"href":"https:\/\/azurefilm.com\/de\/wp-json\/wp\/v2\/types\/product"}],"replies":[{"embeddable":true,"href":"https:\/\/azurefilm.com\/de\/wp-json\/wp\/v2\/comments?post=49279"}],"wp:featuredmedia":[{"embeddable":true,"href":"https:\/\/azurefilm.com\/de\/wp-json\/wp\/v2\/media\/49288"}],"wp:attachment":[{"href":"https:\/\/azurefilm.com\/de\/wp-json\/wp\/v2\/media?parent=49279"}],"wp:term":[{"taxonomy":"product_brand","embeddable":true,"href":"https:\/\/azurefilm.com\/de\/wp-json\/wp\/v2\/product_brand?post=49279"},{"taxonomy":"product_cat","embeddable":true,"href":"https:\/\/azurefilm.com\/de\/wp-json\/wp\/v2\/product_cat?post=49279"},{"taxonomy":"product_tag","embeddable":true,"href":"https:\/\/azurefilm.com\/de\/wp-json\/wp\/v2\/product_tag?post=49279"},{"taxonomy":"brand","embeddable":true,"href":"https:\/\/azurefilm.com\/de\/wp-json\/wp\/v2\/brand?post=49279"}],"curies":[{"name":"wp","href":"https:\/\/api.w.org\/{rel}","templated":true}]}}