
{"id":49293,"date":"2023-10-29T14:29:24","date_gmt":"2023-10-29T14:29:24","guid":{"rendered":"https:\/\/azurefilm.com\/product\/kreuzschluesselhuelse\/"},"modified":"2025-11-29T08:36:32","modified_gmt":"2025-11-29T08:36:32","slug":"kreuzschluesselhuelse","status":"publish","type":"product","link":"https:\/\/azurefilm.com\/de\/produkt\/kreuzschluesselhuelse\/","title":{"rendered":"Kreuzschl\u00fcsselh\u00fclse"},"content":{"rendered":"<h2><strong>Hauptmerkmale:<\/strong><\/h2>\n<ul>\n<li>Geeignet f\u00fcr M2, M2.5, M3, M4 Schraubenmutter<\/li>\n<li>Mit der Kreuzschl\u00fcsselh\u00fclse k\u00f6nnen Sie die D\u00fcse am 3D-Drucker leicht austauschen, neben anderen Reparaturen.<\/li>\n<li>Hergestellt aus hochwertigen Materialien, leicht und einfach zu tragen.<\/li>\n<li>Rostfrei und langlebig,<\/li>\n<li>hat eine lange Lebensdauer und kann lange verwendet werden.<\/li>\n<li>Es ist klein und kann als tragbares Werkzeug \u00fcberallhin mitgenommen werden.<\/li>\n<li>Kann weit verbreitet im Haushalt, bei Autoteilen, in der Holzbearbeitung, bei professionellen Mechanikern und so weiter verwendet werden.<\/li>\n<li>Farbe: Silber<\/li>\n<li>Material: Metall<\/li>\n<\/ul>\n","protected":false},"excerpt":{"rendered":"<p><strong>Kreuzschl\u00fcsselh\u00fclse<\/strong> geeignet f\u00fcr M2, M2.5, M3, M4 Schraubenmutter.<\/p>\n","protected":false},"featured_media":49295,"comment_status":"closed","ping_status":"closed","template":"","meta":{"_acf_changed":false},"product_brand":[],"product_cat":[1767,1671,1765,1766],"product_tag":[],"brand":[],"class_list":{"0":"post-49293","1":"product","2":"type-product","3":"status-publish","4":"has-post-thumbnail","6":"product_cat-alle-ersatzteile","7":"product_cat-angebote","8":"product_cat-ersatzteile","9":"product_cat-sonstige_artikel","11":"first","12":"instock","13":"sale","14":"taxable","15":"shipping-taxable","16":"purchasable","17":"product-type-simple"},"acf":[],"_links":{"self":[{"href":"https:\/\/azurefilm.com\/de\/wp-json\/wp\/v2\/product\/49293","targetHints":{"allow":["GET"]}}],"collection":[{"href":"https:\/\/azurefilm.com\/de\/wp-json\/wp\/v2\/product"}],"about":[{"href":"https:\/\/azurefilm.com\/de\/wp-json\/wp\/v2\/types\/product"}],"replies":[{"embeddable":true,"href":"https:\/\/azurefilm.com\/de\/wp-json\/wp\/v2\/comments?post=49293"}],"wp:featuredmedia":[{"embeddable":true,"href":"https:\/\/azurefilm.com\/de\/wp-json\/wp\/v2\/media\/49295"}],"wp:attachment":[{"href":"https:\/\/azurefilm.com\/de\/wp-json\/wp\/v2\/media?parent=49293"}],"wp:term":[{"taxonomy":"product_brand","embeddable":true,"href":"https:\/\/azurefilm.com\/de\/wp-json\/wp\/v2\/product_brand?post=49293"},{"taxonomy":"product_cat","embeddable":true,"href":"https:\/\/azurefilm.com\/de\/wp-json\/wp\/v2\/product_cat?post=49293"},{"taxonomy":"product_tag","embeddable":true,"href":"https:\/\/azurefilm.com\/de\/wp-json\/wp\/v2\/product_tag?post=49293"},{"taxonomy":"brand","embeddable":true,"href":"https:\/\/azurefilm.com\/de\/wp-json\/wp\/v2\/brand?post=49293"}],"curies":[{"name":"wp","href":"https:\/\/api.w.org\/{rel}","templated":true}]}}