
{"id":49294,"date":"2023-10-29T14:22:58","date_gmt":"2023-10-29T14:22:58","guid":{"rendered":"https:\/\/azurefilm.com\/product\/luefter-3010-dc-12-24v\/"},"modified":"2025-06-25T16:31:17","modified_gmt":"2025-06-25T16:31:17","slug":"luefter-3010-dc-12-24v","status":"publish","type":"product","link":"https:\/\/azurefilm.com\/de\/produkt\/luefter-3010-dc-12-24v\/","title":{"rendered":"L\u00fcfter 3010 DC 12\/24V"},"content":{"rendered":"<h2><strong>Hauptmerkmale:<\/strong><\/h2>\n<ul>\n<li>DC L\u00fcftergr\u00f6\u00dfe: 30x30x10mm<\/li>\n<li>L\u00fcftergeschwindigkeit: 9000 U\/min (\u00b110% U\/min)<\/li>\n<li>Kabell\u00e4nge: 25cm<\/li>\n<li>Ger\u00e4uschpegel: 24 DBA<\/li>\n<li>Nennspannung: 12V oder 24V<\/li>\n<\/ul>\n","protected":false},"excerpt":{"rendered":"<p><strong>L\u00fcfter 3010 DC<\/strong> in den Abmessungen 30x30x10mm.<\/p>\n","protected":false},"featured_media":49298,"comment_status":"closed","ping_status":"closed","template":"","meta":{"_acf_changed":false},"product_brand":[],"product_cat":[1767,1671,1765,1814],"product_tag":[],"brand":[],"class_list":{"0":"post-49294","1":"product","2":"type-product","3":"status-publish","4":"has-post-thumbnail","6":"product_cat-alle-ersatzteile","7":"product_cat-angebote","8":"product_cat-ersatzteile","9":"product_cat-lufter","11":"first","12":"instock","13":"sale","14":"taxable","15":"shipping-taxable","16":"purchasable","17":"product-type-variable"},"acf":[],"_links":{"self":[{"href":"https:\/\/azurefilm.com\/de\/wp-json\/wp\/v2\/product\/49294","targetHints":{"allow":["GET"]}}],"collection":[{"href":"https:\/\/azurefilm.com\/de\/wp-json\/wp\/v2\/product"}],"about":[{"href":"https:\/\/azurefilm.com\/de\/wp-json\/wp\/v2\/types\/product"}],"replies":[{"embeddable":true,"href":"https:\/\/azurefilm.com\/de\/wp-json\/wp\/v2\/comments?post=49294"}],"wp:featuredmedia":[{"embeddable":true,"href":"https:\/\/azurefilm.com\/de\/wp-json\/wp\/v2\/media\/49298"}],"wp:attachment":[{"href":"https:\/\/azurefilm.com\/de\/wp-json\/wp\/v2\/media?parent=49294"}],"wp:term":[{"taxonomy":"product_brand","embeddable":true,"href":"https:\/\/azurefilm.com\/de\/wp-json\/wp\/v2\/product_brand?post=49294"},{"taxonomy":"product_cat","embeddable":true,"href":"https:\/\/azurefilm.com\/de\/wp-json\/wp\/v2\/product_cat?post=49294"},{"taxonomy":"product_tag","embeddable":true,"href":"https:\/\/azurefilm.com\/de\/wp-json\/wp\/v2\/product_tag?post=49294"},{"taxonomy":"brand","embeddable":true,"href":"https:\/\/azurefilm.com\/de\/wp-json\/wp\/v2\/brand?post=49294"}],"curies":[{"name":"wp","href":"https:\/\/api.w.org\/{rel}","templated":true}]}}