
{"id":49304,"date":"2023-10-29T14:29:24","date_gmt":"2023-10-29T14:29:24","guid":{"rendered":"https:\/\/azurefilm.com\/product\/praezisionsmesser-mit-6-klingen\/"},"modified":"2025-11-27T06:29:28","modified_gmt":"2025-11-27T06:29:28","slug":"praezisionsmesser-mit-6-klingen","status":"publish","type":"product","link":"https:\/\/azurefilm.com\/de\/produkt\/praezisionsmesser-mit-6-klingen\/","title":{"rendered":"Pr\u00e4zisionsmesser mit 6 Klingen"},"content":{"rendered":"<p><strong>Pr\u00e4zisionsmesser mit 6 Klingen<\/strong><\/p>\n<ul>\n<li>Die hochwertige Edelstahlklinge hat eine extrem scharfe Spitze f\u00fcr pr\u00e4zise Feinschnitte und ist ein gro\u00dfartiges Werkzeug f\u00fcr die Verarbeitung von 3D-Drucken oder anderen Materialien wie Papier, Karton, Holz,&#8230; (Papierskulpturen, Stempel, Holz- oder Gummischnitzereien)<\/li>\n<li>Dieses zuverl\u00e4ssige Pr\u00e4zisionsmesser wird mit 6 Ersatzklingen geliefert, die Ihnen bei vielen gro\u00dfartigen Kreationen zur Seite stehen. Jede Klinge passt in die meisten Pr\u00e4zisionsmesser und wird mit einer Sicherheitskappe f\u00fcr einfache Aufbewahrung und Transport geliefert. <\/li>\n<li>Ob Sie mit Kunststoff, Papier, Karton, Schaumstoff, Vinyl, Modellbaus\u00e4tzen, Stoff, Leder oder Holz arbeiten, dieses Pr\u00e4zisionsmesser aus industriellem Edelstahl und Premium-Klingen bietet die Haltbarkeit und Pr\u00e4zision, die Sie ben\u00f6tigen.<\/li>\n<li>Kommt mit einem rutschfesten, leichten Edelstahlgriff f\u00fcr beste Schnittqualit\u00e4t.<\/li>\n<li>Der mittelschwere Aluminiumgriff ist leicht zu man\u00f6vrieren.<\/li>\n<li>Entwickelt, um alles von leichten bis schweren Materialien zu schneiden.<\/li>\n<li>Einfaches Klingenwechselsystem.<\/li>\n<\/ul>\n","protected":false},"excerpt":{"rendered":"<p>Die hochwertige Edelstahlklinge hat eine extrem scharfe Spitze f\u00fcr pr\u00e4zise Feinschnitte, ideal f\u00fcr 3D-Drucke oder hochdetaillierte Bastelarbeiten wie Papierskulpturen, Stempel, Holz- oder Gummischnitzereien.<\/p>\n","protected":false},"featured_media":49309,"comment_status":"closed","ping_status":"closed","template":"","meta":{"_acf_changed":false},"product_brand":[],"product_cat":[1765,1767,1671,1815,1769],"product_tag":[],"brand":[],"class_list":{"0":"post-49304","1":"product","2":"type-product","3":"status-publish","4":"has-post-thumbnail","6":"product_cat-ersatzteile","7":"product_cat-alle-ersatzteile","8":"product_cat-angebote","9":"product_cat-nachbearbeitung","10":"product_cat-werkzeuge","12":"first","13":"outofstock","14":"sale","15":"taxable","16":"shipping-taxable","17":"purchasable","18":"product-type-simple"},"acf":[],"_links":{"self":[{"href":"https:\/\/azurefilm.com\/de\/wp-json\/wp\/v2\/product\/49304","targetHints":{"allow":["GET"]}}],"collection":[{"href":"https:\/\/azurefilm.com\/de\/wp-json\/wp\/v2\/product"}],"about":[{"href":"https:\/\/azurefilm.com\/de\/wp-json\/wp\/v2\/types\/product"}],"replies":[{"embeddable":true,"href":"https:\/\/azurefilm.com\/de\/wp-json\/wp\/v2\/comments?post=49304"}],"wp:featuredmedia":[{"embeddable":true,"href":"https:\/\/azurefilm.com\/de\/wp-json\/wp\/v2\/media\/49309"}],"wp:attachment":[{"href":"https:\/\/azurefilm.com\/de\/wp-json\/wp\/v2\/media?parent=49304"}],"wp:term":[{"taxonomy":"product_brand","embeddable":true,"href":"https:\/\/azurefilm.com\/de\/wp-json\/wp\/v2\/product_brand?post=49304"},{"taxonomy":"product_cat","embeddable":true,"href":"https:\/\/azurefilm.com\/de\/wp-json\/wp\/v2\/product_cat?post=49304"},{"taxonomy":"product_tag","embeddable":true,"href":"https:\/\/azurefilm.com\/de\/wp-json\/wp\/v2\/product_tag?post=49304"},{"taxonomy":"brand","embeddable":true,"href":"https:\/\/azurefilm.com\/de\/wp-json\/wp\/v2\/brand?post=49304"}],"curies":[{"name":"wp","href":"https:\/\/api.w.org\/{rel}","templated":true}]}}