
{"id":49311,"date":"2023-10-29T14:25:51","date_gmt":"2023-10-29T14:25:51","guid":{"rendered":"https:\/\/azurefilm.com\/product\/dc-cooling-fan-creality-turbine-fan-4010\/"},"modified":"2023-10-29T14:25:51","modified_gmt":"2023-10-29T14:25:51","slug":"dc-cooling-fan-creality-turbine-fan-4010","status":"publish","type":"product","link":"https:\/\/azurefilm.com\/de\/produkt\/dc-cooling-fan-creality-turbine-fan-4010\/","title":{"rendered":"DC Cooling Fan Creality Turbine Fan 4010"},"content":{"rendered":"<h4>DC Cooling Fan Creality Turbine Fan 4010<\/h4>\n<h3><strong>Hauptmerkmale:<\/strong><\/h3>\n<ul>\n<li>Wird zur K\u00fchlung von 3D-Druckermodellen verwendet<\/li>\n<li>Anwendbar f\u00fcr Ender 3, Ender 3 Pro, Ender 3 V2, Ender 5, Ender 5 Pro, CR-10, CR-10S, CR-10 Mini, CR-10S Pro und CR-10 V2.<\/li>\n<li>Auch weit verbreitet in der Bel\u00fcftung und W\u00e4rmeableitung von Elektronik, Wechselrichtern, Stromversorgungsger\u00e4ten, Schr\u00e4nken, Geh\u00e4usen, mechanischen Ger\u00e4ten, LED-Leuchten, Kommunikationsger\u00e4ten und Instrumenten&#8230;<\/li>\n<li>Gr\u00f6\u00dfe: 40x40x10mm<\/li>\n<li>Farbe: Schwarz<\/li>\n<li>Spannung: 12 \/ 24V<\/li>\n<li>Geschwindigkeit: 7000rpm<\/li>\n<li>Ger\u00e4usch: 25dBA\u00b110%<\/li>\n<li>Kabell\u00e4nge: 20cm<\/li>\n<li>Steckertyp: XH2.54 2pin<\/li>\n<li>Auswahl: 12V\/ 24V<\/li>\n<\/ul>\n","protected":false},"excerpt":{"rendered":"<h4>DC Cooling Fan Creality Turbine Fan 4010 in den Abmessungen 40 x 40 x 10mm f\u00fcr 3D-Drucker.<\/h4>\n","protected":false},"featured_media":49312,"comment_status":"closed","ping_status":"closed","template":"","meta":{"_acf_changed":false},"product_brand":[],"product_cat":[1767,1671,1765,1814],"product_tag":[],"brand":[],"class_list":{"0":"post-49311","1":"product","2":"type-product","3":"status-publish","4":"has-post-thumbnail","6":"product_cat-alle-ersatzteile","7":"product_cat-angebote","8":"product_cat-ersatzteile","9":"product_cat-lufter","11":"first","12":"instock","13":"sale","14":"taxable","15":"shipping-taxable","16":"purchasable","17":"product-type-variable"},"acf":[],"_links":{"self":[{"href":"https:\/\/azurefilm.com\/de\/wp-json\/wp\/v2\/product\/49311","targetHints":{"allow":["GET"]}}],"collection":[{"href":"https:\/\/azurefilm.com\/de\/wp-json\/wp\/v2\/product"}],"about":[{"href":"https:\/\/azurefilm.com\/de\/wp-json\/wp\/v2\/types\/product"}],"replies":[{"embeddable":true,"href":"https:\/\/azurefilm.com\/de\/wp-json\/wp\/v2\/comments?post=49311"}],"wp:featuredmedia":[{"embeddable":true,"href":"https:\/\/azurefilm.com\/de\/wp-json\/wp\/v2\/media\/49312"}],"wp:attachment":[{"href":"https:\/\/azurefilm.com\/de\/wp-json\/wp\/v2\/media?parent=49311"}],"wp:term":[{"taxonomy":"product_brand","embeddable":true,"href":"https:\/\/azurefilm.com\/de\/wp-json\/wp\/v2\/product_brand?post=49311"},{"taxonomy":"product_cat","embeddable":true,"href":"https:\/\/azurefilm.com\/de\/wp-json\/wp\/v2\/product_cat?post=49311"},{"taxonomy":"product_tag","embeddable":true,"href":"https:\/\/azurefilm.com\/de\/wp-json\/wp\/v2\/product_tag?post=49311"},{"taxonomy":"brand","embeddable":true,"href":"https:\/\/azurefilm.com\/de\/wp-json\/wp\/v2\/brand?post=49311"}],"curies":[{"name":"wp","href":"https:\/\/api.w.org\/{rel}","templated":true}]}}