
{"id":49348,"date":"2023-10-29T14:29:24","date_gmt":"2023-10-29T14:29:24","guid":{"rendered":"https:\/\/azurefilm.com\/product\/spannfeder\/"},"modified":"2025-10-20T07:46:45","modified_gmt":"2025-10-20T07:46:45","slug":"spannfeder","status":"publish","type":"product","link":"https:\/\/azurefilm.com\/de\/produkt\/spannfeder\/","title":{"rendered":"Spannfeder"},"content":{"rendered":"<h2><strong>Hauptmerkmale:<\/strong><\/h2>\n<ul>\n<li>H\u00e4ufig verwendet f\u00fcr Reparaturen in Werkstatt und Haushalt, Werkzeuge  Ausr\u00fcstung, Handwerkzeuge, Automobil- und Ersatzteile<\/li>\n<li>Hergestellt aus Stahldraht f\u00fcr sowohl robuste als auch federnde Spannung<\/li>\n<li>Schwarzoxid-Finish f\u00fcr zus\u00e4tzlichen Schutz vor sch\u00e4dlichem Rost und Korrosion<\/li>\n<li>Vollst\u00e4ndig gedrehte Schlaufenenden f\u00fcr sichere Befestigung<\/li>\n<li>1 St\u00fcck<\/li>\n<li>Gr\u00f6\u00dfe: 36mm x 6mm<\/li>\n<\/ul>\n","protected":false},"excerpt":{"rendered":"<p><strong>Spannfeder<\/strong> wird h\u00e4ufig f\u00fcr Reparaturen in Werkstatt und Haushalt, Werkzeuge  Ausr\u00fcstung, Handwerkzeuge, Automobil- und Ersatzteile verwendet.<\/p>\n","protected":false},"featured_media":49352,"comment_status":"closed","ping_status":"closed","template":"","meta":{"_acf_changed":false},"product_brand":[],"product_cat":[1767,1671,1765,1769],"product_tag":[],"brand":[],"class_list":{"0":"post-49348","1":"product","2":"type-product","3":"status-publish","4":"has-post-thumbnail","6":"product_cat-alle-ersatzteile","7":"product_cat-angebote","8":"product_cat-ersatzteile","9":"product_cat-werkzeuge","11":"first","12":"instock","13":"sale","14":"taxable","15":"shipping-taxable","16":"purchasable","17":"product-type-simple"},"acf":[],"_links":{"self":[{"href":"https:\/\/azurefilm.com\/de\/wp-json\/wp\/v2\/product\/49348","targetHints":{"allow":["GET"]}}],"collection":[{"href":"https:\/\/azurefilm.com\/de\/wp-json\/wp\/v2\/product"}],"about":[{"href":"https:\/\/azurefilm.com\/de\/wp-json\/wp\/v2\/types\/product"}],"replies":[{"embeddable":true,"href":"https:\/\/azurefilm.com\/de\/wp-json\/wp\/v2\/comments?post=49348"}],"wp:featuredmedia":[{"embeddable":true,"href":"https:\/\/azurefilm.com\/de\/wp-json\/wp\/v2\/media\/49352"}],"wp:attachment":[{"href":"https:\/\/azurefilm.com\/de\/wp-json\/wp\/v2\/media?parent=49348"}],"wp:term":[{"taxonomy":"product_brand","embeddable":true,"href":"https:\/\/azurefilm.com\/de\/wp-json\/wp\/v2\/product_brand?post=49348"},{"taxonomy":"product_cat","embeddable":true,"href":"https:\/\/azurefilm.com\/de\/wp-json\/wp\/v2\/product_cat?post=49348"},{"taxonomy":"product_tag","embeddable":true,"href":"https:\/\/azurefilm.com\/de\/wp-json\/wp\/v2\/product_tag?post=49348"},{"taxonomy":"brand","embeddable":true,"href":"https:\/\/azurefilm.com\/de\/wp-json\/wp\/v2\/brand?post=49348"}],"curies":[{"name":"wp","href":"https:\/\/api.w.org\/{rel}","templated":true}]}}