
{"id":49355,"date":"2023-10-29T14:29:24","date_gmt":"2023-10-29T14:29:24","guid":{"rendered":"https:\/\/azurefilm.com\/product\/nozzle-mk8-10er-pack\/"},"modified":"2023-10-29T14:29:24","modified_gmt":"2023-10-29T14:29:24","slug":"nozzle-mk8-10er-pack","status":"publish","type":"product","link":"https:\/\/azurefilm.com\/de\/produkt\/nozzle-mk8-10er-pack\/","title":{"rendered":"Nozzle MK8 (10er-Pack)"},"content":{"rendered":"<h4>Nozzle MK8 (10er-Pack)<\/h4>\n<h3><strong>Hauptmerkmale:<\/strong><\/h3>\n<ul>\n<li><strong>Messing MK8 Nozzle f\u00fcr 3D-Drucker<\/strong><\/li>\n<li><strong>Kompatibilit\u00e4t:<\/strong>Creality CR-10 V2, Creality CR-10S, Creality Ender 2, Creality Ender 3, Creality Ender 3 Pro, Creality Ender 3 V2, Creality Ender 3 S1, Creality Ender 5, Creality Ender 5 Pro, Creality CR10 mini, Creality CR10, Creality CR10 S, Creality CR10 S 4, Creality CR10 S 5, Creality CR10 MAX, Creality CR10S Pro.<\/li>\n<li><strong>Hochwertige D\u00fcsen:<\/strong> Sorgt f\u00fcr optimale Leistung und pr\u00e4zise Drucke.<\/li>\n<li><strong>Eingangsdurchmesser:<\/strong> Entwickelt f\u00fcr 1,75 mm Filament, eine g\u00e4ngige Gr\u00f6\u00dfe in der 3D-Druck-Community.<\/li>\n<li><strong>Ausgangsdurchmesser-Optionen:<\/strong> W\u00e4hlen Sie aus verschiedenen Optionen \u2013 0,2 mm, 0,3 mm, 0,4 mm, 0,5 mm, 0,6 mm und 0,8 mm.<\/li>\n<li><strong>Material:<\/strong> Hergestellt aus hochwertigem Messing f\u00fcr Langlebigkeit und gleichbleibende Ergebnisse.<\/li>\n<\/ul>\n","protected":false},"excerpt":{"rendered":"<p><strong>Nozzle MK8 (10er-Pack) <\/strong> f\u00fcr 3D-Drucker Creality.<\/p>\n","protected":false},"featured_media":49357,"comment_status":"closed","ping_status":"closed","template":"","meta":{"_acf_changed":false},"product_brand":[],"product_cat":[1767,1671,1807,1765,1808],"product_tag":[],"brand":[270],"class_list":{"0":"post-49355","1":"product","2":"type-product","3":"status-publish","4":"has-post-thumbnail","6":"product_cat-alle-ersatzteile","7":"product_cat-angebote","8":"product_cat-dusen","9":"product_cat-ersatzteile","10":"product_cat-normale-dusen","11":"pa_nozzle-diameter-0-2mm","12":"pa_nozzle-diameter-0-3mm","13":"pa_nozzle-diameter-0-4mm","14":"pa_nozzle-diameter-0-5mm","15":"pa_nozzle-diameter-0-6mm","16":"pa_nozzle-diameter-0-8mm","17":"brand-creality","19":"first","20":"instock","21":"sale","22":"taxable","23":"shipping-taxable","24":"purchasable","25":"product-type-variable"},"acf":[],"_links":{"self":[{"href":"https:\/\/azurefilm.com\/de\/wp-json\/wp\/v2\/product\/49355","targetHints":{"allow":["GET"]}}],"collection":[{"href":"https:\/\/azurefilm.com\/de\/wp-json\/wp\/v2\/product"}],"about":[{"href":"https:\/\/azurefilm.com\/de\/wp-json\/wp\/v2\/types\/product"}],"replies":[{"embeddable":true,"href":"https:\/\/azurefilm.com\/de\/wp-json\/wp\/v2\/comments?post=49355"}],"wp:featuredmedia":[{"embeddable":true,"href":"https:\/\/azurefilm.com\/de\/wp-json\/wp\/v2\/media\/49357"}],"wp:attachment":[{"href":"https:\/\/azurefilm.com\/de\/wp-json\/wp\/v2\/media?parent=49355"}],"wp:term":[{"taxonomy":"product_brand","embeddable":true,"href":"https:\/\/azurefilm.com\/de\/wp-json\/wp\/v2\/product_brand?post=49355"},{"taxonomy":"product_cat","embeddable":true,"href":"https:\/\/azurefilm.com\/de\/wp-json\/wp\/v2\/product_cat?post=49355"},{"taxonomy":"product_tag","embeddable":true,"href":"https:\/\/azurefilm.com\/de\/wp-json\/wp\/v2\/product_tag?post=49355"},{"taxonomy":"brand","embeddable":true,"href":"https:\/\/azurefilm.com\/de\/wp-json\/wp\/v2\/brand?post=49355"}],"curies":[{"name":"wp","href":"https:\/\/api.w.org\/{rel}","templated":true}]}}