
{"id":49394,"date":"2023-10-29T14:29:58","date_gmt":"2023-10-29T14:29:58","guid":{"rendered":"https:\/\/azurefilm.com\/product\/creality-nozzle-mk8-steel-10er-pack\/"},"modified":"2023-10-29T14:29:58","modified_gmt":"2023-10-29T14:29:58","slug":"creality-nozzle-mk8-steel-10er-pack","status":"publish","type":"product","link":"https:\/\/azurefilm.com\/de\/produkt\/creality-nozzle-mk8-steel-10er-pack\/","title":{"rendered":"Creality Nozzle MK8 Steel (10er-Pack)"},"content":{"rendered":"<h4>Creality Nozzle MK8 Steel (10er-Pack)<\/h4>\n<h3><strong><span style=\"vertical-align: inherit;\">Hauptmerkmale:<\/span><\/strong><\/h3>\n<ul>\n<li><strong><span style=\"vertical-align: inherit;\">Erweiterte Kompatibilit\u00e4t:<\/span><\/strong><span style=\"vertical-align: inherit;\"> Entwickelt, um mit 3D-Druckern wie Creality CR-10 V2, Creality CR-10S, Creality Ender 3 S1 und anderen \u00e4hnlichen Modellen kompatibel zu sein.<\/span><\/li>\n<li><strong><span style=\"vertical-align: inherit;\">Verschiedene Durchmesser:<\/span><\/strong><span style=\"vertical-align: inherit;\"> Extruderd\u00fcsen sind in Durchmessern von 1,75 mm, 0,4 mm, 0,5 mm und 0,6 mm erh\u00e4ltlich und verhindern effektiv das Auslaufen von Druckk\u00f6pfen.<\/span><\/li>\n<li><strong><span style=\"vertical-align: inherit;\">\u00dcberlegene Druckqualit\u00e4t:<\/span><\/strong><span style=\"vertical-align: inherit;\"> Die D\u00fcse besteht aus hochwertigem Edelstahl und sorgt f\u00fcr gleichm\u00e4\u00dfige Drucke mit einer glatten, gl\u00e4nzenden Oberfl\u00e4che.<\/span><\/li>\n<li><strong><span style=\"vertical-align: inherit;\">St\u00e4rke und Haltbarkeit:<\/span><\/strong><span style=\"vertical-align: inherit;\"> Die D\u00fcse ist rost- und korrosionsbest\u00e4ndig, stark und langlebig und gew\u00e4hrleistet eine lange Lebensdauer.<\/span><\/li>\n<li><strong><span style=\"vertical-align: inherit;\">Einfache Installation:<\/span><\/strong><span style=\"vertical-align: inherit;\"> Die Installation ist einfach und bietet eine bequeme L\u00f6sung f\u00fcr Benutzer.<\/span><\/li>\n<li><strong><em><span style=\"vertical-align: inherit;\">Optimale Leistung:<\/span><\/em><\/strong><span style=\"vertical-align: inherit;\"> MK8-D\u00fcsen gew\u00e4hrleisten eine zuverl\u00e4ssige Leistung und helfen, hochwertige Drucke zu erzielen.<\/span><\/li>\n<li><strong><em><span style=\"vertical-align: inherit;\">Verschiedene Optionen:<\/span><\/em><\/strong><span style=\"vertical-align: inherit;\"> Das 10er-Pack enth\u00e4lt mehrere Durchmesseroptionen, sodass Benutzer die ideale Konfiguration f\u00fcr ihre Druckanforderungen w\u00e4hlen k\u00f6nnen.<\/span><\/li>\n<li><strong><em><span style=\"vertical-align: inherit;\">Haltbarkeit:<\/span><\/em><\/strong><span style=\"vertical-align: inherit;\"> Die D\u00fcsen bestehen aus hochwertigem Edelstahl und sind korrosionsbest\u00e4ndig, was eine lange Lebensdauer gew\u00e4hrleistet.<\/span><\/li>\n<li><strong><em><span style=\"vertical-align: inherit;\">Kalibrierungstipps:<\/span><\/em><\/strong><span style=\"vertical-align: inherit;\"> Nach dem Austausch der D\u00fcse wird empfohlen, den Abstand zwischen der D\u00fcse und der Arbeitsfl\u00e4che neu zu kalibrieren, um die Qualit\u00e4t Ihrer Drucke sicherzustellen.<\/span><\/li>\n<li><strong><em><span style=\"vertical-align: inherit;\">Sparpaket:<\/span><\/em><\/strong><span style=\"vertical-align: inherit;\"> Der Preis gilt f\u00fcr 10 St\u00fcck und bietet eine kosteng\u00fcnstige Option f\u00fcr Benutzer, die die Leistung ihrer 3D-Drucker verbessern m\u00f6chten.<\/span><\/li>\n<\/ul>\n","protected":false},"excerpt":{"rendered":"<p>Creality Nozzle MK8 Steel (10er-Pack) mit 1,75 mm Eingang, der ein Auslaufen des Druckkopfs effektiv verhindern und gleichm\u00e4\u00dfige Drucke mit glatter und gl\u00e4nzender Oberfl\u00e4che erzeugen kann.<\/p>\n","protected":false},"featured_media":49397,"comment_status":"closed","ping_status":"closed","template":"","meta":{"_acf_changed":false},"product_brand":[],"product_cat":[1767,1671,1807,1765,1835],"product_tag":[],"brand":[],"class_list":{"0":"post-49394","1":"product","2":"type-product","3":"status-publish","4":"has-post-thumbnail","6":"product_cat-alle-ersatzteile","7":"product_cat-angebote","8":"product_cat-dusen","9":"product_cat-ersatzteile","10":"product_cat-gehartete-verschleisfeste-dusen","12":"first","13":"instock","14":"sale","15":"taxable","16":"shipping-taxable","17":"purchasable","18":"product-type-simple"},"acf":[],"_links":{"self":[{"href":"https:\/\/azurefilm.com\/de\/wp-json\/wp\/v2\/product\/49394","targetHints":{"allow":["GET"]}}],"collection":[{"href":"https:\/\/azurefilm.com\/de\/wp-json\/wp\/v2\/product"}],"about":[{"href":"https:\/\/azurefilm.com\/de\/wp-json\/wp\/v2\/types\/product"}],"replies":[{"embeddable":true,"href":"https:\/\/azurefilm.com\/de\/wp-json\/wp\/v2\/comments?post=49394"}],"wp:featuredmedia":[{"embeddable":true,"href":"https:\/\/azurefilm.com\/de\/wp-json\/wp\/v2\/media\/49397"}],"wp:attachment":[{"href":"https:\/\/azurefilm.com\/de\/wp-json\/wp\/v2\/media?parent=49394"}],"wp:term":[{"taxonomy":"product_brand","embeddable":true,"href":"https:\/\/azurefilm.com\/de\/wp-json\/wp\/v2\/product_brand?post=49394"},{"taxonomy":"product_cat","embeddable":true,"href":"https:\/\/azurefilm.com\/de\/wp-json\/wp\/v2\/product_cat?post=49394"},{"taxonomy":"product_tag","embeddable":true,"href":"https:\/\/azurefilm.com\/de\/wp-json\/wp\/v2\/product_tag?post=49394"},{"taxonomy":"brand","embeddable":true,"href":"https:\/\/azurefilm.com\/de\/wp-json\/wp\/v2\/brand?post=49394"}],"curies":[{"name":"wp","href":"https:\/\/api.w.org\/{rel}","templated":true}]}}