
{"id":49460,"date":"2023-10-29T14:29:24","date_gmt":"2023-10-29T14:29:24","guid":{"rendered":"https:\/\/azurefilm.com\/product\/connector-kit-jst-xh2\/"},"modified":"2026-03-30T13:59:56","modified_gmt":"2026-03-30T13:59:56","slug":"connector-kit-jst-xh2","status":"publish","type":"product","link":"https:\/\/azurefilm.com\/de\/produkt\/connector-kit-jst-xh2\/","title":{"rendered":"Connector Kit JST-XH2"},"content":{"rendered":"<h2><strong>Hauptmerkmale:<\/strong><\/h2>\n<ul>\n<li> Es wird h\u00e4ufig in Elektroger\u00e4ten, Robotern, Beleuchtung, Spielzeug, PCB-Steuerplatinen, Haushaltsger\u00e4ten usw. verwendet.<\/li>\n<li>Kompatibel mit Arduino- und Breadboard-Pin-Anschl\u00fcssen, wie z.B. 3D-Druckerplatinen usw.<\/li>\n<li>Legen Sie einfach die Crimps in das geeignete Crimpwerkzeug und dr\u00fccken Sie sie, und die Metallklemmen sind perfekt in die Dr\u00e4hte integriert.<\/li>\n<li>Dieses Kit enth\u00e4lt 2Pin-, 3Pin-, 4Pin-, 5Pin-, 6Pin-, weibliche und m\u00e4nnliche Stecker sowie einen 2,54-mm-Metallstiftstecker.<\/li>\n<\/ul>\n<h2><strong>Paket beinhaltet:<\/strong><\/h2>\n<p>\u25cf 20 Stk. x JST-XH-2P Buchsen. \u25cf 20 Stk. x JST-XH-2P Stecker. \u25cf 20 Stk. x JST-XH-3P Buchsen. \u25cf 20 Stk. x JST XH 3P Stecker. \u25cf 20 Stk. x JST-XH-4P Buchsen. \u25cf 20 Stk. x JST XH 4P Stecker. \u25cf 10 Stk. x JST-XH-5P Buchsen. \u25cf 10 Stk. x JST-XH-5P Stecker. \u25cf 10 Stk. x JST-XH-6P Buchsen. \u25cf 10 Stk. x JST XH 6P Stecker. \u25cf 300 Stk. x 2,54 mm Metallbuchsen.<br \/>\n1 x Kunststoffbox.<\/p>\n","protected":false},"excerpt":{"rendered":"<p><strong>Connector Kit JST-XH2<\/strong>, das 2Pin-, 3Pin-, 4Pin-, 5Pin-, 6Pin-, weibliche und m\u00e4nnliche Stecker sowie einen 2,54-mm-Metallstiftstecker enth\u00e4lt.<\/p>\n","protected":false},"featured_media":49461,"comment_status":"closed","ping_status":"closed","template":"","meta":{"_acf_changed":false},"product_brand":[],"product_cat":[1767,1671,1765,1766],"product_tag":[],"brand":[],"class_list":{"0":"post-49460","1":"product","2":"type-product","3":"status-publish","4":"has-post-thumbnail","6":"product_cat-alle-ersatzteile","7":"product_cat-angebote","8":"product_cat-ersatzteile","9":"product_cat-sonstige_artikel","11":"first","12":"outofstock","13":"sale","14":"taxable","15":"shipping-taxable","16":"purchasable","17":"product-type-simple"},"acf":[],"_links":{"self":[{"href":"https:\/\/azurefilm.com\/de\/wp-json\/wp\/v2\/product\/49460","targetHints":{"allow":["GET"]}}],"collection":[{"href":"https:\/\/azurefilm.com\/de\/wp-json\/wp\/v2\/product"}],"about":[{"href":"https:\/\/azurefilm.com\/de\/wp-json\/wp\/v2\/types\/product"}],"replies":[{"embeddable":true,"href":"https:\/\/azurefilm.com\/de\/wp-json\/wp\/v2\/comments?post=49460"}],"wp:featuredmedia":[{"embeddable":true,"href":"https:\/\/azurefilm.com\/de\/wp-json\/wp\/v2\/media\/49461"}],"wp:attachment":[{"href":"https:\/\/azurefilm.com\/de\/wp-json\/wp\/v2\/media?parent=49460"}],"wp:term":[{"taxonomy":"product_brand","embeddable":true,"href":"https:\/\/azurefilm.com\/de\/wp-json\/wp\/v2\/product_brand?post=49460"},{"taxonomy":"product_cat","embeddable":true,"href":"https:\/\/azurefilm.com\/de\/wp-json\/wp\/v2\/product_cat?post=49460"},{"taxonomy":"product_tag","embeddable":true,"href":"https:\/\/azurefilm.com\/de\/wp-json\/wp\/v2\/product_tag?post=49460"},{"taxonomy":"brand","embeddable":true,"href":"https:\/\/azurefilm.com\/de\/wp-json\/wp\/v2\/brand?post=49460"}],"curies":[{"name":"wp","href":"https:\/\/api.w.org\/{rel}","templated":true}]}}