
{"id":49490,"date":"2023-10-29T14:20:10","date_gmt":"2023-10-29T14:20:10","guid":{"rendered":"https:\/\/azurefilm.com\/product\/unset-pla-silk\/"},"modified":"2026-01-08T22:11:57","modified_gmt":"2026-01-08T22:11:57","slug":"unset-pla-silk","status":"publish","type":"product","link":"https:\/\/azurefilm.com\/de\/produkt\/unset-pla-silk\/","title":{"rendered":"Unset PLA Silk"},"content":{"rendered":"<h2><b>PLA Silk<\/b><\/h2>\n<p><span style=\"font-weight: 400;\">Lernen Sie unsere PLA Silk Filamente kennen, eine Sonderedition unserer PLA Original Linie. PLA Silk Filamente haben besondere Zus\u00e4tze zu den klassischen PLA Filamenten, die das Aussehen einer <\/span><b>gl\u00e4nzenden, leicht durchscheinenden und seidigen Oberfl\u00e4che<\/b><span style=\"font-weight: 400;\">. Moreover, this material <\/span><b>helfen, die \u00dcberg\u00e4nge zwischen den Schichten<\/b><span style=\"font-weight: 400;\"> beim Drucken zu verbergen. PLA Silk Filamente bieten alle traditionellen PLA-Eigenschaften und liefern <\/span><b>konsistente Ergebnisse<\/b><span style=\"font-weight: 400;\">. They are the best choice for 3D printing of decorative elements like vases, figurines, accessories, home gadgets and much more. <\/span><\/p>\n<h2><b>Unset PLA Silk<\/b><\/h2>\n<p><span style=\"font-weight: 400;\">Die Unset Filamente sind Ihre <\/span><b>\u00d6ko-Wahl<\/b><span style=\"font-weight: 400;\"> f\u00fcr die n\u00e4chsten Projekte. Diese Filamente werden aus \u00fcbersch\u00fcssigem Material hergestellt, das w\u00e4hrend unserer Produktionsprozesse anf\u00e4llt. Das bedeutet, dass Unset Filament aus <\/span> <b> 100% recycelten Materialien<\/b><span style=\"font-weight: 400;\"> besteht und <\/span><b>Abfall reduziert<\/b><span style=\"font-weight: 400;\">. The colour of these filaments changes with every order because of the different combinations of recycled material colours. <\/span><\/p>\n<p><span style=\"font-weight: 400;\">Sie k\u00f6nnen das <\/span><b>Technische Datenblatt<\/b> <span style=\"font-weight: 400;\"><a href=\"https:\/\/azurefilm.com\/de\/technical-data-sheets\/\">hier<\/a>.<\/span><\/p>\n<p><span style=\"font-weight: 400;\">Druckempfehlungen:<\/span><\/p>\n<ul>\n<li style=\"font-weight: 400;\" aria-level=\"1\"><span style=\"font-weight: 400;\">F\u00fcr beste Ergebnisse drucken Sie bei 220\u2013240\u00b0C. <\/span><\/li>\n<li style=\"font-weight: 400;\" aria-level=\"1\"><span style=\"font-weight: 400;\">Empfohlene Druckbett-Temperatur ist 80\u00b0C.<\/span><\/li>\n<li style=\"font-weight: 400;\" aria-level=\"1\"><span style=\"font-weight: 400;\">Verwenden Sie ein Glasbett, eine PEI-Folie, Kapton oder Blaues Klebeband f\u00fcr die Bauplattform mit 3Dlac-Spray.<\/span><\/li>\n<\/ul>\n<p><i><span style=\"font-weight: 400;\">*Die ideale Temperatur kann je nach verwendetem Drucker variieren.<\/span><\/i><\/p>\n","protected":false},"excerpt":{"rendered":"<p>Unterst\u00fctzen Sie die Sache des nachhaltigen Lebens und verwenden Sie unser recyceltes Unset PLA Silk.<\/p>\n","protected":false},"featured_media":114536,"comment_status":"closed","ping_status":"closed","template":"","meta":{"_acf_changed":false},"product_brand":[],"product_cat":[1761,1669,1672,1671,1843,1670,1841,1842],"product_tag":[1839,1844],"brand":[],"class_list":{"0":"post-49490","1":"product","2":"type-product","3":"status-publish","4":"has-post-thumbnail","6":"product_cat-pla-silk-de","7":"product_cat-3d-filamente","8":"product_cat-alle-filamente","9":"product_cat-angebote","10":"product_cat-oko-filamente","11":"product_cat-pla-filamente","12":"product_cat-unset-filamente","13":"product_cat-unset-pla-silk-de","14":"product_tag-oko","15":"product_tag-zufallige-farbe","16":"pa_colour-random","17":"pa_filament-diameter-1-75mm","18":"pa_filament-weight-1000g","20":"first","21":"instock","22":"sale","23":"taxable","24":"shipping-taxable","25":"purchasable","26":"product-type-variable","27":"has-default-attributes"},"acf":[],"_links":{"self":[{"href":"https:\/\/azurefilm.com\/de\/wp-json\/wp\/v2\/product\/49490","targetHints":{"allow":["GET"]}}],"collection":[{"href":"https:\/\/azurefilm.com\/de\/wp-json\/wp\/v2\/product"}],"about":[{"href":"https:\/\/azurefilm.com\/de\/wp-json\/wp\/v2\/types\/product"}],"replies":[{"embeddable":true,"href":"https:\/\/azurefilm.com\/de\/wp-json\/wp\/v2\/comments?post=49490"}],"wp:featuredmedia":[{"embeddable":true,"href":"https:\/\/azurefilm.com\/de\/wp-json\/wp\/v2\/media\/114536"}],"wp:attachment":[{"href":"https:\/\/azurefilm.com\/de\/wp-json\/wp\/v2\/media?parent=49490"}],"wp:term":[{"taxonomy":"product_brand","embeddable":true,"href":"https:\/\/azurefilm.com\/de\/wp-json\/wp\/v2\/product_brand?post=49490"},{"taxonomy":"product_cat","embeddable":true,"href":"https:\/\/azurefilm.com\/de\/wp-json\/wp\/v2\/product_cat?post=49490"},{"taxonomy":"product_tag","embeddable":true,"href":"https:\/\/azurefilm.com\/de\/wp-json\/wp\/v2\/product_tag?post=49490"},{"taxonomy":"brand","embeddable":true,"href":"https:\/\/azurefilm.com\/de\/wp-json\/wp\/v2\/brand?post=49490"}],"curies":[{"name":"wp","href":"https:\/\/api.w.org\/{rel}","templated":true}]}}