
{"id":49512,"date":"2023-10-29T14:20:10","date_gmt":"2023-10-29T14:20:10","guid":{"rendered":"https:\/\/azurefilm.com\/product\/unset-pla-original\/"},"modified":"2026-02-24T22:29:22","modified_gmt":"2026-02-24T22:29:22","slug":"unset-pla-original","status":"publish","type":"product","link":"https:\/\/azurefilm.com\/de\/produkt\/unset-pla-original\/","title":{"rendered":"Unset PLA Original"},"content":{"rendered":"<h2><b>PLA Original<\/b><\/h2>\n<p><span style=\"font-weight: 400;\">Einf\u00fchrung von PLA Original, unserer<\/span> <span style=\"font-weight: 400;\">Filamentlinie, die<\/span><b>zuverl\u00e4ssige Leistung<\/b><span style=\"font-weight: 400;\"> und eine<\/span><b>gro\u00dfe Farbpalette<\/b><span style=\"font-weight: 400;\"> Optionen. Diese Edition bietet alle traditionellen PLA-Eigenschaften und liefert <\/span><b>konsistente und zuverl\u00e4ssige Ergebnisse<\/b><span style=\"font-weight: 400;\">. PLA Original is <\/span><b>einfach zu drucken<\/b><span style=\"font-weight: 400;\"> und ist ideal f\u00fcr Anf\u00e4nger. Ob Sie an Dekorationen, Prototypen oder anderen Modellen arbeiten, PLA Original ist Ihre erste Wahl f\u00fcr ein erfolgreiches und zufriedenstellendes Druckerlebnis. <\/span><\/p>\n<h2><b>Unset PLA Original<\/b><\/h2>\n<p><span style=\"font-weight: 400;\">Die Unset Filamente sind Ihre <\/span><b>\u00d6ko-Wahl<\/b><span style=\"font-weight: 400;\"> f\u00fcr die n\u00e4chsten Projekte. Diese Filamente werden aus \u00fcbersch\u00fcssigem Material hergestellt, das w\u00e4hrend unserer Produktionsprozesse anf\u00e4llt. Das bedeutet, dass Unset Filament aus <\/span> <b> 100% recycelten Materialien<\/b><span style=\"font-weight: 400;\"> besteht und <\/span><b>Abfall reduziert<\/b><span style=\"font-weight: 400;\">. The colour of these filaments changes with every order because of the different combinations of recycled material colours. <\/span><\/p>\n<p><span style=\"font-weight: 400;\">Sie k\u00f6nnen das <\/span><b>Technische Datenblatt<\/b> <span style=\"font-weight: 400;\"><a href=\"https:\/\/azurefilm.com\/de\/technical-data-sheets\/\">hier<\/a>.<\/span><\/p>\n<h3><strong>Druckempfehlungen:<\/strong><\/h3>\n<ul>\n<li style=\"font-weight: 400;\" aria-level=\"1\"><span style=\"font-weight: 400;\">Drucken Sie bei einer Temperatur von 200\u2013230\u00b0C f\u00fcr beste Ergebnisse.* <\/span><\/li>\n<li style=\"font-weight: 400;\" aria-level=\"1\"><span style=\"font-weight: 400;\">Sie ben\u00f6tigen keine beheizte Druckplatte, wir empfehlen jedoch, Ihre Druckplatte auf 50\u201360\u00b0C vorzuheizen.<\/span><\/li>\n<li style=\"font-weight: 400;\" aria-level=\"1\"><span style=\"font-weight: 400;\">Verwenden Sie ein Glasbett, eine PEI-Folie, Kapton oder Blaues Klebeband f\u00fcr die Bauplattform mit 3Dlac-Spray.<\/span><\/li>\n<\/ul>\n<p><i><span style=\"font-weight: 400;\">*Die ideale Temperatur kann je nach verwendetem Drucker variieren.<\/span><\/i><\/p>\n","protected":false},"excerpt":{"rendered":"<p>Erstellen Sie umweltfreundliche Designs mit unserem recycelten <span style=\"font-weight: 400;\">Unset PLA Original<\/span>.<\/p>\n","protected":false},"featured_media":114464,"comment_status":"closed","ping_status":"closed","template":"","meta":{"_acf_changed":false},"product_brand":[],"product_cat":[1847,1669,1672,1671,1843,1670,1841,1848],"product_tag":[1839,1844],"brand":[],"class_list":{"0":"post-49512","1":"product","2":"type-product","3":"status-publish","4":"has-post-thumbnail","6":"product_cat-pla-original-de","7":"product_cat-3d-filamente","8":"product_cat-alle-filamente","9":"product_cat-angebote","10":"product_cat-oko-filamente","11":"product_cat-pla-filamente","12":"product_cat-unset-filamente","13":"product_cat-unset-pla-original-de","14":"product_tag-oko","15":"product_tag-zufallige-farbe","16":"pa_colour-random","17":"pa_filament-diameter-1-75mm","18":"pa_filament-weight-1000g","19":"pa_filament-weight-2100g","21":"first","22":"outofstock","23":"sale","24":"taxable","25":"shipping-taxable","26":"purchasable","27":"product-type-variable","28":"has-default-attributes"},"acf":[],"_links":{"self":[{"href":"https:\/\/azurefilm.com\/de\/wp-json\/wp\/v2\/product\/49512","targetHints":{"allow":["GET"]}}],"collection":[{"href":"https:\/\/azurefilm.com\/de\/wp-json\/wp\/v2\/product"}],"about":[{"href":"https:\/\/azurefilm.com\/de\/wp-json\/wp\/v2\/types\/product"}],"replies":[{"embeddable":true,"href":"https:\/\/azurefilm.com\/de\/wp-json\/wp\/v2\/comments?post=49512"}],"wp:featuredmedia":[{"embeddable":true,"href":"https:\/\/azurefilm.com\/de\/wp-json\/wp\/v2\/media\/114464"}],"wp:attachment":[{"href":"https:\/\/azurefilm.com\/de\/wp-json\/wp\/v2\/media?parent=49512"}],"wp:term":[{"taxonomy":"product_brand","embeddable":true,"href":"https:\/\/azurefilm.com\/de\/wp-json\/wp\/v2\/product_brand?post=49512"},{"taxonomy":"product_cat","embeddable":true,"href":"https:\/\/azurefilm.com\/de\/wp-json\/wp\/v2\/product_cat?post=49512"},{"taxonomy":"product_tag","embeddable":true,"href":"https:\/\/azurefilm.com\/de\/wp-json\/wp\/v2\/product_tag?post=49512"},{"taxonomy":"brand","embeddable":true,"href":"https:\/\/azurefilm.com\/de\/wp-json\/wp\/v2\/brand?post=49512"}],"curies":[{"name":"wp","href":"https:\/\/api.w.org\/{rel}","templated":true}]}}