
{"id":49567,"date":"2023-10-29T14:14:48","date_gmt":"2023-10-29T14:14:48","guid":{"rendered":"https:\/\/azurefilm.com\/product\/spachtel\/"},"modified":"2025-05-28T06:36:13","modified_gmt":"2025-05-28T06:36:13","slug":"spachtel","status":"publish","type":"product","link":"https:\/\/azurefilm.com\/de\/produkt\/spachtel\/","title":{"rendered":"Spachtel"},"content":{"rendered":"<p>Haben Sie Schwierigkeiten, 3D-Modelle von Ihrer Bauoberfl\u00e4che zu entfernen? Der Spachtel hat eine Edelstahlklinge mit einer d\u00fcnnen, aber harten Vorderkante f\u00fcr einen reibungslosen Eintritt unter die 3D-gedruckten Modelle. Der Griff hat einen rutschfesten Gummigriff. Verwenden Sie den Spachtel, um Ihre 3D-Modelle leicht von der Bauoberfl\u00e4che zu entfernen, ohne das 3D-Modell zu besch\u00e4digen.  <\/p>\n","protected":false},"excerpt":{"rendered":"<p>Spachtel zum Entfernen der 3D-gedruckten Objekte von der Bauoberfl\u00e4che.<\/p>\n","protected":false},"featured_media":49572,"comment_status":"closed","ping_status":"closed","template":"","meta":{"_acf_changed":false},"product_brand":[],"product_cat":[1671,1765,1769],"product_tag":[],"brand":[],"class_list":{"0":"post-49567","1":"product","2":"type-product","3":"status-publish","4":"has-post-thumbnail","6":"product_cat-angebote","7":"product_cat-ersatzteile","8":"product_cat-werkzeuge","10":"first","11":"instock","12":"sale","13":"taxable","14":"shipping-taxable","15":"purchasable","16":"product-type-simple"},"acf":[],"_links":{"self":[{"href":"https:\/\/azurefilm.com\/de\/wp-json\/wp\/v2\/product\/49567","targetHints":{"allow":["GET"]}}],"collection":[{"href":"https:\/\/azurefilm.com\/de\/wp-json\/wp\/v2\/product"}],"about":[{"href":"https:\/\/azurefilm.com\/de\/wp-json\/wp\/v2\/types\/product"}],"replies":[{"embeddable":true,"href":"https:\/\/azurefilm.com\/de\/wp-json\/wp\/v2\/comments?post=49567"}],"wp:featuredmedia":[{"embeddable":true,"href":"https:\/\/azurefilm.com\/de\/wp-json\/wp\/v2\/media\/49572"}],"wp:attachment":[{"href":"https:\/\/azurefilm.com\/de\/wp-json\/wp\/v2\/media?parent=49567"}],"wp:term":[{"taxonomy":"product_brand","embeddable":true,"href":"https:\/\/azurefilm.com\/de\/wp-json\/wp\/v2\/product_brand?post=49567"},{"taxonomy":"product_cat","embeddable":true,"href":"https:\/\/azurefilm.com\/de\/wp-json\/wp\/v2\/product_cat?post=49567"},{"taxonomy":"product_tag","embeddable":true,"href":"https:\/\/azurefilm.com\/de\/wp-json\/wp\/v2\/product_tag?post=49567"},{"taxonomy":"brand","embeddable":true,"href":"https:\/\/azurefilm.com\/de\/wp-json\/wp\/v2\/brand?post=49567"}],"curies":[{"name":"wp","href":"https:\/\/api.w.org\/{rel}","templated":true}]}}