
{"id":49574,"date":"2023-10-29T14:15:26","date_gmt":"2023-10-29T14:15:26","guid":{"rendered":"https:\/\/azurefilm.com\/product\/nietzange\/"},"modified":"2023-10-29T14:15:26","modified_gmt":"2023-10-29T14:15:26","slug":"nietzange","status":"publish","type":"product","link":"https:\/\/azurefilm.com\/de\/produkt\/nietzange\/","title":{"rendered":"Nietzange"},"content":{"rendered":"<p>Nietzange geeignet f\u00fcr 4 Standardnietgr\u00f6\u00dfen:<\/p>\n<ul>\n<li>2,4 mm,<\/li>\n<li>3,2 mm,<\/li>\n<li>4,0 mm,<\/li>\n<li>4,8 mm.<\/li>\n<\/ul>\n","protected":false},"excerpt":{"rendered":"<p>Nietzange geeignet f\u00fcr 4 Standardnietgr\u00f6\u00dfen von 2,4 mm bis 4,8 mm Dicke.<\/p>\n","protected":false},"featured_media":49583,"comment_status":"closed","ping_status":"closed","template":"","meta":{"_acf_changed":false},"product_brand":[],"product_cat":[1767,1671,1765,1769],"product_tag":[],"brand":[],"class_list":{"0":"post-49574","1":"product","2":"type-product","3":"status-publish","4":"has-post-thumbnail","6":"product_cat-alle-ersatzteile","7":"product_cat-angebote","8":"product_cat-ersatzteile","9":"product_cat-werkzeuge","11":"first","12":"instock","13":"sale","14":"taxable","15":"shipping-taxable","16":"purchasable","17":"product-type-simple"},"acf":[],"_links":{"self":[{"href":"https:\/\/azurefilm.com\/de\/wp-json\/wp\/v2\/product\/49574","targetHints":{"allow":["GET"]}}],"collection":[{"href":"https:\/\/azurefilm.com\/de\/wp-json\/wp\/v2\/product"}],"about":[{"href":"https:\/\/azurefilm.com\/de\/wp-json\/wp\/v2\/types\/product"}],"replies":[{"embeddable":true,"href":"https:\/\/azurefilm.com\/de\/wp-json\/wp\/v2\/comments?post=49574"}],"wp:featuredmedia":[{"embeddable":true,"href":"https:\/\/azurefilm.com\/de\/wp-json\/wp\/v2\/media\/49583"}],"wp:attachment":[{"href":"https:\/\/azurefilm.com\/de\/wp-json\/wp\/v2\/media?parent=49574"}],"wp:term":[{"taxonomy":"product_brand","embeddable":true,"href":"https:\/\/azurefilm.com\/de\/wp-json\/wp\/v2\/product_brand?post=49574"},{"taxonomy":"product_cat","embeddable":true,"href":"https:\/\/azurefilm.com\/de\/wp-json\/wp\/v2\/product_cat?post=49574"},{"taxonomy":"product_tag","embeddable":true,"href":"https:\/\/azurefilm.com\/de\/wp-json\/wp\/v2\/product_tag?post=49574"},{"taxonomy":"brand","embeddable":true,"href":"https:\/\/azurefilm.com\/de\/wp-json\/wp\/v2\/brand?post=49574"}],"curies":[{"name":"wp","href":"https:\/\/api.w.org\/{rel}","templated":true}]}}