
{"id":49587,"date":"2023-10-29T14:15:26","date_gmt":"2023-10-29T14:15:26","guid":{"rendered":"https:\/\/azurefilm.com\/product\/aluminium-deli-universalmesser-30-winkel\/"},"modified":"2026-04-04T11:34:11","modified_gmt":"2026-04-04T11:34:11","slug":"aluminium-deli-universalmesser-30-winkel","status":"publish","type":"product","link":"https:\/\/azurefilm.com\/de\/produkt\/aluminium-deli-universalmesser-30-winkel\/","title":{"rendered":"Aluminium-Deli-Universalmesser (30\u00b0 Winkel)"},"content":{"rendered":"<h2>Eigenschaften des Aluminium-Universalmessers (30\u00b0 Winkel)<\/h2>\n<ul>\n<li style=\"list-style-type: none;\">\n<ul>\n<li>Das Aluminiumgeh\u00e4use ist robust und rostbest\u00e4ndig.<\/li>\n<li>Einfacher, werkzeugloser Klingenwechsel mit hochwertigen Abbrechklingen.<\/li>\n<li>Schmales Geh\u00e4use f\u00fcr Man\u00f6vrierf\u00e4higkeit und Lagerung.<\/li>\n<li>Integrierter Klingenbrecher f\u00fcr einfaches Abbrechen der Klinge.<\/li>\n<li>Verf\u00fcgt \u00fcber eine automatische Klingenverriegelung, einen integrierten Taschenclip\/Klingenbrecher und eine Edelstahlklinge.<\/li>\n<li>F\u00fcr maximale Schneidleistung ausgelegt und ideal f\u00fcr Anwendungen, bei denen \u00fcberlegene Sch\u00e4rfe erforderlich ist.<\/li>\n<\/ul>\n<\/li>\n<\/ul>\n","protected":false},"excerpt":{"rendered":"<p>F\u00fcr maximale Schneidleistung ausgelegt und ideal f\u00fcr Anwendungen, bei denen \u00fcberlegene Sch\u00e4rfe erforderlich ist.<\/p>\n","protected":false},"featured_media":49588,"comment_status":"closed","ping_status":"closed","template":"","meta":{"_acf_changed":false},"product_brand":[],"product_cat":[1767,1671,1765,1815,1769],"product_tag":[],"brand":[],"class_list":{"0":"post-49587","1":"product","2":"type-product","3":"status-publish","4":"has-post-thumbnail","6":"product_cat-alle-ersatzteile","7":"product_cat-angebote","8":"product_cat-ersatzteile","9":"product_cat-nachbearbeitung","10":"product_cat-werkzeuge","12":"first","13":"instock","14":"sale","15":"taxable","16":"shipping-taxable","17":"purchasable","18":"product-type-simple"},"acf":[],"_links":{"self":[{"href":"https:\/\/azurefilm.com\/de\/wp-json\/wp\/v2\/product\/49587","targetHints":{"allow":["GET"]}}],"collection":[{"href":"https:\/\/azurefilm.com\/de\/wp-json\/wp\/v2\/product"}],"about":[{"href":"https:\/\/azurefilm.com\/de\/wp-json\/wp\/v2\/types\/product"}],"replies":[{"embeddable":true,"href":"https:\/\/azurefilm.com\/de\/wp-json\/wp\/v2\/comments?post=49587"}],"wp:featuredmedia":[{"embeddable":true,"href":"https:\/\/azurefilm.com\/de\/wp-json\/wp\/v2\/media\/49588"}],"wp:attachment":[{"href":"https:\/\/azurefilm.com\/de\/wp-json\/wp\/v2\/media?parent=49587"}],"wp:term":[{"taxonomy":"product_brand","embeddable":true,"href":"https:\/\/azurefilm.com\/de\/wp-json\/wp\/v2\/product_brand?post=49587"},{"taxonomy":"product_cat","embeddable":true,"href":"https:\/\/azurefilm.com\/de\/wp-json\/wp\/v2\/product_cat?post=49587"},{"taxonomy":"product_tag","embeddable":true,"href":"https:\/\/azurefilm.com\/de\/wp-json\/wp\/v2\/product_tag?post=49587"},{"taxonomy":"brand","embeddable":true,"href":"https:\/\/azurefilm.com\/de\/wp-json\/wp\/v2\/brand?post=49587"}],"curies":[{"name":"wp","href":"https:\/\/api.w.org\/{rel}","templated":true}]}}