
{"id":49591,"date":"2023-10-29T14:15:26","date_gmt":"2023-10-29T14:15:26","guid":{"rendered":"https:\/\/azurefilm.com\/product\/bowden-capricorn-tube-fi2-4mm\/"},"modified":"2026-03-16T06:15:23","modified_gmt":"2026-03-16T06:15:23","slug":"bowden-capricorn-tube-fi2-4mm","status":"publish","type":"product","link":"https:\/\/azurefilm.com\/de\/produkt\/bowden-capricorn-tube-fi2-4mm\/","title":{"rendered":"Bowden Capricorn Tube fi2\/4mm"},"content":{"rendered":"<h4>Bowden Capricorn Tube fi2\/4mm<\/h4>\n<h3><strong>Hauptmerkmale:<\/strong><\/h3>\n<ul>\n<li>(PTFE Hotend-Teflonrohr) f\u00fcr 3D-Drucker Ender 3, Ender 3 Pro, CR10-V2, CR-10 S4, CR-10 S5, CR-X, CR10S PRO, CR10 Max<\/li>\n<li>Perfekt f\u00fcr einfacheres Drucken mit flexiblen Filamenten<\/li>\n<li>Hochschmierstoffzus\u00e4tze machen dieses Produkt zum Bowden-Schlauch mit der geringsten Reibung auf dem Markt. Weniger Reibung bedeutet mehr Reaktionsf\u00e4higkeit, weniger R\u00fcckzug, genauere Drucke, weniger Schlupf, weniger Verschlei\u00df am Extruder und weniger Verstopfungen beim Drucken von dicken Filamenten<\/li>\n<li>Weniger R\u00fcckzug bedeutet Zeitersparnis jedes Mal, wenn der Extruder zur\u00fcckzieht. Im Laufe eines Drucks summieren sich ein paar Millisekunden hier und da zu einer Menge gesparter Zeit<\/li>\n<li>1,9mm \u00b1 0,05mm Innendurchmesser reduziert den &#8220;Spielraum&#8221; oder das Knicken im Schlauch, sodass Sie flexible Filamente auch in den l\u00e4ngsten Bowden-Systemen drucken k\u00f6nnen<\/li>\n<li>Hohe Temperaturbest\u00e4ndigkeit<\/li>\n<li>Paket enthalten: Bowden Tube fi4x2mm x 1m lang<\/li>\n<li>Der Preis gilt f\u00fcr 1m (Wenn Sie 3 St\u00fcck ausw\u00e4hlen, erhalten Sie 3 x 1m)<\/li>\n<\/ul>\n<p>Sie k\u00f6nnen das Rohr vorsichtig mit einem Universalmesser auf die gew\u00fcnschte L\u00e4nge zuschneiden.<\/p>\n<ul>\n<li>Die Rohrl\u00e4nge f\u00fcr Ender 3 betr\u00e4gt 370mm.<\/li>\n<li>Die Rohrl\u00e4nge f\u00fcr CR10S PRO betr\u00e4gt 470mm.<\/li>\n<\/ul>\n<p>&nbsp;<\/p>\n","protected":false},"excerpt":{"rendered":"<p>Bowden Capricorn Tube fi2\/4mm perfekt f\u00fcr einfacheres Drucken mit flexiblen Filamenten.<\/p>\n","protected":false},"featured_media":49602,"comment_status":"closed","ping_status":"closed","template":"","meta":{"_acf_changed":false},"product_brand":[],"product_cat":[1767,1671,1855,1765],"product_tag":[],"brand":[],"class_list":{"0":"post-49591","1":"product","2":"type-product","3":"status-publish","4":"has-post-thumbnail","6":"product_cat-alle-ersatzteile","7":"product_cat-angebote","8":"product_cat-bowden-schlauche","9":"product_cat-ersatzteile","11":"first","12":"instock","13":"sale","14":"taxable","15":"shipping-taxable","16":"purchasable","17":"product-type-simple"},"acf":[],"_links":{"self":[{"href":"https:\/\/azurefilm.com\/de\/wp-json\/wp\/v2\/product\/49591","targetHints":{"allow":["GET"]}}],"collection":[{"href":"https:\/\/azurefilm.com\/de\/wp-json\/wp\/v2\/product"}],"about":[{"href":"https:\/\/azurefilm.com\/de\/wp-json\/wp\/v2\/types\/product"}],"replies":[{"embeddable":true,"href":"https:\/\/azurefilm.com\/de\/wp-json\/wp\/v2\/comments?post=49591"}],"wp:featuredmedia":[{"embeddable":true,"href":"https:\/\/azurefilm.com\/de\/wp-json\/wp\/v2\/media\/49602"}],"wp:attachment":[{"href":"https:\/\/azurefilm.com\/de\/wp-json\/wp\/v2\/media?parent=49591"}],"wp:term":[{"taxonomy":"product_brand","embeddable":true,"href":"https:\/\/azurefilm.com\/de\/wp-json\/wp\/v2\/product_brand?post=49591"},{"taxonomy":"product_cat","embeddable":true,"href":"https:\/\/azurefilm.com\/de\/wp-json\/wp\/v2\/product_cat?post=49591"},{"taxonomy":"product_tag","embeddable":true,"href":"https:\/\/azurefilm.com\/de\/wp-json\/wp\/v2\/product_tag?post=49591"},{"taxonomy":"brand","embeddable":true,"href":"https:\/\/azurefilm.com\/de\/wp-json\/wp\/v2\/brand?post=49591"}],"curies":[{"name":"wp","href":"https:\/\/api.w.org\/{rel}","templated":true}]}}