
{"id":49637,"date":"2023-10-29T14:12:43","date_gmt":"2023-10-29T14:12:43","guid":{"rendered":"https:\/\/azurefilm.com\/product\/petg-original-filament-tuerkisblau\/"},"modified":"2026-03-25T20:12:45","modified_gmt":"2026-03-25T20:12:45","slug":"petg-original-filament-tuerkisblau","status":"publish","type":"product","link":"https:\/\/azurefilm.com\/de\/produkt\/petg-original-filament-tuerkisblau\/","title":{"rendered":"PETG Hyper Speed Filament T\u00fcrkisblau"},"content":{"rendered":"<h2><b>PETG Original<\/b><\/h2>\n<p><span style=\"font-weight: 400;\">PETG Original hat hervorragende Eigenschaften und ist neben PLA eines der beliebtesten Filamente. Aufgrund seiner Struktur hat PETG-Material <\/span><b>feste<\/b><span style=\"font-weight: 400;\">, <\/span><b>temperaturbest\u00e4ndige<\/b><span style=\"font-weight: 400;\"> (bis zu 80\u00b0C) und <\/span><b>dauerhafte Eigenschaften<\/b><span style=\"font-weight: 400;\">. Unsere PETG-Filamente sind sehr einfach zu drucken, was sie ideal f\u00fcr Anf\u00e4nger macht. Aufgrund seiner Eigenschaften kann PETG f\u00fcr viele verschiedene Anwendungen eingesetzt werden, von Dekorationen, Werkzeugen und Prothesen bis hin zu mechanischen Produkten und Robotik.<\/span><\/p>\n<h2><strong>PETG Original Filament T\u00fcrkisblau<\/strong><\/h2>\n<p>Erreichen Sie das perfekte Gleichgewicht zwischen Ruhe und Lebendigkeit mit unserem PETG Original Filament T\u00fcrkisblau.<\/p>\n<p><span style=\"font-weight: 400;\">Um mehr \u00fcber PETG-Filamente zu erfahren, lesen Sie unseren <a href=\"https:\/\/azurefilm.com\/de\/2023\/07\/10\/petg-filamente-alles-was-sie-wissen-muessen\/?_gl=1*284078*_up*MQ..*_ga*MTU2MDY3MTczOC4xNzMyMTc2ODM1*_ga_P213FF6C6P*MTczMjE3NjgzMi4xLjAuMTczMjE3NjgzMi4wLjAuMA..\" target=\"_blank\" rel=\"noopener\">Blog<\/a>. <\/span><\/p>\n<p><span style=\"font-weight: 400;\">Sie k\u00f6nnen das <\/span><b>Technische Datenblatt<\/b> <span style=\"font-weight: 400;\"><a href=\"https:\/\/azurefilm.com\/de\/technical-data-sheets\/\" target=\"_blank\" rel=\"noopener\">hier<\/a>.<\/span><\/p>\n<h3><strong>Druckempfehlungen:<\/strong><\/h3>\n<ul>\n<li style=\"font-weight: 400;\" aria-level=\"1\"><span style=\"font-weight: 400;\">F\u00fcr beste Ergebnisse drucken Sie bei 220\u2013240\u00b0C. <\/span><\/li>\n<li style=\"font-weight: 400;\" aria-level=\"1\"><span style=\"font-weight: 400;\">Empfohlene Druckbett-Temperatur ist 80\u00b0C.<\/span><\/li>\n<li style=\"font-weight: 400;\" aria-level=\"1\"><span style=\"font-weight: 400;\">Verwenden Sie ein Glasbett, eine PEI-Folie, Kapton oder Blaues Klebeband f\u00fcr die Bauplattform mit 3Dlac-Spray.<\/span><\/li>\n<\/ul>\n<p><i><span style=\"font-weight: 400;\">*Die ideale Temperatur kann je nach verwendetem Drucker variieren.<\/span><\/i><\/p>\n","protected":false},"excerpt":{"rendered":"<p>Erreichen Sie das perfekte Gleichgewicht zwischen Ruhe und Lebendigkeit mit unserem PETG Hyper Speed Filament T\u00fcrkisblau.<\/p>\n<p><b>Bitte beachten Sie: <\/b><span style=\"font-weight: 400;\">Dies ist die gleiche bew\u00e4hrte PETG Original-Formulierung, nun umbenannt in <\/span><b>PETG Hyper Speed<\/b><span style=\"font-weight: 400;\">, um ihre hohe Druckgeschwindigkeit besser widerzuspiegeln. Kaufen Sie ein und erleben Sie die n\u00e4chste Stufe von PETG!<\/span><\/p>\n","protected":false},"featured_media":109795,"comment_status":"closed","ping_status":"closed","template":"","meta":{"_acf_changed":false},"product_brand":[],"product_cat":[1756,1669,1672,1751],"product_tag":[1675],"brand":[267],"class_list":{"0":"post-49637","1":"product","2":"type-product","3":"status-publish","4":"has-post-thumbnail","6":"product_cat-petg-original-de","7":"product_cat-3d-filamente","8":"product_cat-alle-filamente","9":"product_cat-petg-filamente","10":"product_tag-high-speed","11":"pa_colour-green","12":"pa_filament-diameter-1-75mm","13":"pa_filament-weight-1000g","14":"brand-azurefilm","16":"first","17":"instock","18":"taxable","19":"shipping-taxable","20":"purchasable","21":"product-type-variable","22":"has-default-attributes"},"acf":[],"_links":{"self":[{"href":"https:\/\/azurefilm.com\/de\/wp-json\/wp\/v2\/product\/49637","targetHints":{"allow":["GET"]}}],"collection":[{"href":"https:\/\/azurefilm.com\/de\/wp-json\/wp\/v2\/product"}],"about":[{"href":"https:\/\/azurefilm.com\/de\/wp-json\/wp\/v2\/types\/product"}],"replies":[{"embeddable":true,"href":"https:\/\/azurefilm.com\/de\/wp-json\/wp\/v2\/comments?post=49637"}],"wp:featuredmedia":[{"embeddable":true,"href":"https:\/\/azurefilm.com\/de\/wp-json\/wp\/v2\/media\/109795"}],"wp:attachment":[{"href":"https:\/\/azurefilm.com\/de\/wp-json\/wp\/v2\/media?parent=49637"}],"wp:term":[{"taxonomy":"product_brand","embeddable":true,"href":"https:\/\/azurefilm.com\/de\/wp-json\/wp\/v2\/product_brand?post=49637"},{"taxonomy":"product_cat","embeddable":true,"href":"https:\/\/azurefilm.com\/de\/wp-json\/wp\/v2\/product_cat?post=49637"},{"taxonomy":"product_tag","embeddable":true,"href":"https:\/\/azurefilm.com\/de\/wp-json\/wp\/v2\/product_tag?post=49637"},{"taxonomy":"brand","embeddable":true,"href":"https:\/\/azurefilm.com\/de\/wp-json\/wp\/v2\/brand?post=49637"}],"curies":[{"name":"wp","href":"https:\/\/api.w.org\/{rel}","templated":true}]}}