
{"id":49739,"date":"2023-10-29T14:13:35","date_gmt":"2023-10-29T14:13:35","guid":{"rendered":"https:\/\/azurefilm.com\/?post_type=product&#038;p=49739"},"modified":"2024-11-21T11:48:44","modified_gmt":"2024-11-21T11:48:44","slug":"petg-pearl-filament-gruen","status":"publish","type":"product","link":"https:\/\/azurefilm.com\/de\/produkt\/petg-pearl-filament-gruen\/","title":{"rendered":"PETG Pearl Filament Gr\u00fcn"},"content":{"rendered":"<h2><b>PETG Pearl<\/b><\/h2>\n<p><span style=\"font-weight: 400;\">PETG Pearl Filamente zeichnen sich durch eine <\/span><b>einzigartige Mischung aus dezentem und raffiniertem Glitzer<\/b><span style=\"font-weight: 400;\"> Partikeln aus. Mit diesen Filamenten erhalten Ihre Drucke ein wundersch\u00f6nes <\/span><b>perliges <\/b><span style=\"font-weight: 400;\">und <\/span><b>gl\u00e4nzendes Finish<\/b><span style=\"font-weight: 400;\">. PETG Pearl is just like our PETG Original which makes it easy to work with and <\/span><b>perfekt f\u00fcr Anf\u00e4nger<\/b><span style=\"font-weight: 400;\">. Moreover, this material is <\/span><b>solide<\/b><span style=\"font-weight: 400;\">, <\/span><b>haltbar <\/b><span style=\"font-weight: 400;\">und liefert <\/span><b>konsistente Ergebnisse<\/b><span style=\"font-weight: 400;\">. You can try PETG Pearl for decorations, gadgets, toys and much more. <\/span><\/p>\n<h2><strong>PETG Pearl Filament Gr\u00fcn<\/strong><\/h2>\n<p>G\u00f6nnen Sie sich eine Dosis unseres PETG Pearl Filament Gr\u00fcn und lassen Sie Ihre Drucke in ihrer ganzen Sch\u00f6nheit schimmern.<\/p>\n<p><span style=\"font-weight: 400;\">Um mehr \u00fcber PETG-Filamente zu erfahren, lesen Sie unseren <a href=\"https:\/\/azurefilm.com\/de\/2023\/07\/10\/petg-filamente-alles-was-sie-wissen-muessen\/\" target=\"_blank\" rel=\"noopener\">Blog<\/a>. <\/span><\/p>\n<p><span style=\"font-weight: 400;\">Sie k\u00f6nnen das <\/span><b>Technische Datenblatt<\/b> <span style=\"font-weight: 400;\"><a href=\"https:\/\/azurefilm.com\/de\/technical-data-sheets\/\" target=\"_blank\" rel=\"noopener\">hier<\/a>.<\/span><\/p>\n<h3><strong>Druckempfehlungen:<\/strong><\/h3>\n<ul>\n<li style=\"font-weight: 400;\" aria-level=\"1\"><span style=\"font-weight: 400;\">F\u00fcr beste Ergebnisse drucken Sie bei 220\u2013240\u00b0C. <\/span><\/li>\n<li style=\"font-weight: 400;\" aria-level=\"1\"><span style=\"font-weight: 400;\">Empfohlene Druckbett-Temperatur ist 80\u00b0C.<\/span><\/li>\n<li style=\"font-weight: 400;\" aria-level=\"1\"><span style=\"font-weight: 400;\">Verwenden Sie ein Glasbett, eine PEI-Folie, Kapton oder Blaues Klebeband f\u00fcr die Bauplattform mit 3Dlac-Spray.<\/span><\/li>\n<\/ul>\n<p><i><span style=\"font-weight: 400;\">*Die ideale Temperatur kann je nach verwendetem Drucker variieren.<\/span><\/i><\/p>\n","protected":false},"excerpt":{"rendered":"<p>G\u00f6nnen Sie sich eine Dosis unseres PETG Pearl Filament Gr\u00fcn und lassen Sie Ihre Drucke in ihrer ganzen Sch\u00f6nheit schimmern.<\/p>\n","protected":false},"featured_media":49744,"comment_status":"closed","ping_status":"closed","template":"","meta":{"_acf_changed":false},"product_brand":[],"product_cat":[1874,1669,1672,1751],"product_tag":[],"brand":[1665],"class_list":{"0":"post-49739","1":"product","2":"type-product","3":"status-publish","4":"has-post-thumbnail","6":"product_cat-petg-pearl-de","7":"product_cat-3d-filamente","8":"product_cat-alle-filamente","9":"product_cat-petg-filamente","10":"pa_colour-grun","11":"pa_filament-diameter-1-75mm-de","12":"pa_filament-weight-1000g-de","13":"brand-azurefilm-de","15":"first","16":"outofstock","17":"taxable","18":"shipping-taxable","19":"purchasable","20":"product-type-variable","21":"has-default-attributes"},"acf":[],"_links":{"self":[{"href":"https:\/\/azurefilm.com\/de\/wp-json\/wp\/v2\/product\/49739","targetHints":{"allow":["GET"]}}],"collection":[{"href":"https:\/\/azurefilm.com\/de\/wp-json\/wp\/v2\/product"}],"about":[{"href":"https:\/\/azurefilm.com\/de\/wp-json\/wp\/v2\/types\/product"}],"replies":[{"embeddable":true,"href":"https:\/\/azurefilm.com\/de\/wp-json\/wp\/v2\/comments?post=49739"}],"wp:featuredmedia":[{"embeddable":true,"href":"https:\/\/azurefilm.com\/de\/wp-json\/wp\/v2\/media\/49744"}],"wp:attachment":[{"href":"https:\/\/azurefilm.com\/de\/wp-json\/wp\/v2\/media?parent=49739"}],"wp:term":[{"taxonomy":"product_brand","embeddable":true,"href":"https:\/\/azurefilm.com\/de\/wp-json\/wp\/v2\/product_brand?post=49739"},{"taxonomy":"product_cat","embeddable":true,"href":"https:\/\/azurefilm.com\/de\/wp-json\/wp\/v2\/product_cat?post=49739"},{"taxonomy":"product_tag","embeddable":true,"href":"https:\/\/azurefilm.com\/de\/wp-json\/wp\/v2\/product_tag?post=49739"},{"taxonomy":"brand","embeddable":true,"href":"https:\/\/azurefilm.com\/de\/wp-json\/wp\/v2\/brand?post=49739"}],"curies":[{"name":"wp","href":"https:\/\/api.w.org\/{rel}","templated":true}]}}