
{"id":49743,"date":"2023-10-29T14:15:26","date_gmt":"2023-10-29T14:15:26","guid":{"rendered":"https:\/\/azurefilm.com\/product\/terminal-crimping-pliers-tool\/"},"modified":"2023-10-29T14:15:26","modified_gmt":"2023-10-29T14:15:26","slug":"terminal-crimping-pliers-tool","status":"publish","type":"product","link":"https:\/\/azurefilm.com\/de\/produkt\/terminal-crimping-pliers-tool\/","title":{"rendered":"Terminal Crimping Pliers Tool"},"content":{"rendered":"<p>Dieses professionelle Kabelcrimpwerkzeug mit selbstjustierenden Crimpzangen bietet Komfort, Effizienz und Unsch\u00e4dlichkeit f\u00fcr die Kabelkerne. Es ist einfach zu bedienen, halten Sie einfach den Griff und bet\u00e4tigen Sie ihn einmal, um den Draht und die Anschlussbl\u00f6cke erfolgreich fest zu dr\u00fccken. <\/p>\n<h2><strong>SPEZIFIKATIONEN:<\/strong><\/h2>\n<ul>\n<li><span style=\"color: #000000;\">Material: Hochkohlenstoffstahl und Legierung<\/span><\/li>\n<li><span style=\"color: #000000;\">Farbe: Gelb und Schwarz<\/span><\/li>\n<li>Kapazit\u00e4t: 0,1-1,0mm\u00b2<\/li>\n<li>AWG: 28-18AWG<\/li>\n<li>L\u00e4nge: 190mm<\/li>\n<li>Gewicht: 0,37kg<\/li>\n<\/ul>\n<h2 style=\"padding: 0px; text-align: start;\"><strong><span style=\"color: #000000;\">EIGENSCHAFTEN:<\/span><\/strong><\/h2>\n<ul>\n<li><span style=\"color: #000000;\">Professionelles Kabelcrimpwerkzeug mit selbstjustierendem Ratschenmechanismus f\u00fcr einfache Bedienung.<\/span><\/li>\n<li><span style=\"color: #000000;\">Anwendbar auf die meisten nicht isolierten Crimpanschl\u00fcsse und Verbinder.<\/span><\/li>\n<li><span style=\"color: #000000;\">Dank der gro\u00dfartigen Griffposition, der leichten und kompakten Struktur und des Griffdesigns wird ein perfekter Crimpeffekt gew\u00e4hrleistet.<\/span><\/li>\n<li><span style=\"color: #000000;\"><span style=\"color: #000000;\">Der Ratschenmechanismus mit einstellbarer Klemmkraft erm\u00f6glicht pr\u00e4zise, wiederholbare Crimps | Das Compound-Action-Design bringt mehr Crimpkraft in jeden Druck.<\/span><\/span><\/li>\n<li><span style=\"color: #000000;\">Ergonomische Griffe aus Bi-Material bieten einen komfortablen, sicheren Griff.<\/span><\/li>\n<li><span style=\"color: #000000;\">Ideal f\u00fcr nylonisolierte l\u00f6tfreie Anschl\u00fcsse &#8211; Es wird nicht empfohlen, mit Schrumpfverbinder verwendet zu werden.<\/span><\/li>\n<\/ul>\n<h2 style=\"padding: 0px; text-align: start;\"><span style=\"color: #000000;\"><strong>Anleitung:<\/strong><\/span><\/h2>\n<p style=\"padding: 0px; text-align: start;\"><span style=\"color: #000000;\">1. \u00d6ffnen Sie das Werkzeug, indem Sie die Griffe vollst\u00e4ndig zusammendr\u00fccken. Am Ende des geschlossenen Hubs wird der Ratschenmechanismus die Griffe freigeben und das Werkzeug wird sich \u00f6ffnen. <\/span><\/p>\n<p style=\"padding: 0px; text-align: start;\"><span style=\"color: #000000;\">2. Platzieren Sie den Anschluss in der richtigen Crimpkammer (Farbcode mit der Anschlussisolierung abgleichen).<\/span><\/p>\n<p style=\"padding: 0px; text-align: start;\"><span style=\"color: #000000;\">3. Halten Sie den Anschluss in Position und dr\u00fccken Sie die Werkzeuggriffe vorsichtig zusammen, bis die Ratsche ausreichend einrastet, um den Anschluss zu halten. Verformen Sie den Drahtlauf NICHT. <\/span><\/p>\n<p style=\"padding: 0px; text-align: start;\"><span style=\"color: #000000;\">4. F\u00fchren Sie den abisolierten Draht in den Anschlusslauf ein und w\u00e4hrend Sie den Draht an Ort und Stelle halten, dr\u00fccken Sie die Griffe zusammen, bis die Ratsche freigibt. Lassen Sie die Werkzeuggriffe \u00f6ffnen und entfernen Sie den gecrimpten Anschluss. <\/span><\/p>\n<p style=\"padding: 0px; text-align: start;\">\n","protected":false},"excerpt":{"rendered":"<p><span style=\"color: #000000;\"><strong>Terminal Crimping Pliers Tool<\/strong> ist ein professionelles Kabelcrimpwerkzeug mit selbstjustierendem Ratschenmechanismus f\u00fcr einfache Bedienung.<\/span><\/p>\n","protected":false},"featured_media":49748,"comment_status":"closed","ping_status":"closed","template":"","meta":{"_acf_changed":false},"product_brand":[],"product_cat":[1767,1671,1765,1769],"product_tag":[],"brand":[],"class_list":{"0":"post-49743","1":"product","2":"type-product","3":"status-publish","4":"has-post-thumbnail","6":"product_cat-alle-ersatzteile","7":"product_cat-angebote","8":"product_cat-ersatzteile","9":"product_cat-werkzeuge","11":"first","12":"instock","13":"sale","14":"taxable","15":"shipping-taxable","16":"purchasable","17":"product-type-simple"},"acf":[],"_links":{"self":[{"href":"https:\/\/azurefilm.com\/de\/wp-json\/wp\/v2\/product\/49743","targetHints":{"allow":["GET"]}}],"collection":[{"href":"https:\/\/azurefilm.com\/de\/wp-json\/wp\/v2\/product"}],"about":[{"href":"https:\/\/azurefilm.com\/de\/wp-json\/wp\/v2\/types\/product"}],"replies":[{"embeddable":true,"href":"https:\/\/azurefilm.com\/de\/wp-json\/wp\/v2\/comments?post=49743"}],"wp:featuredmedia":[{"embeddable":true,"href":"https:\/\/azurefilm.com\/de\/wp-json\/wp\/v2\/media\/49748"}],"wp:attachment":[{"href":"https:\/\/azurefilm.com\/de\/wp-json\/wp\/v2\/media?parent=49743"}],"wp:term":[{"taxonomy":"product_brand","embeddable":true,"href":"https:\/\/azurefilm.com\/de\/wp-json\/wp\/v2\/product_brand?post=49743"},{"taxonomy":"product_cat","embeddable":true,"href":"https:\/\/azurefilm.com\/de\/wp-json\/wp\/v2\/product_cat?post=49743"},{"taxonomy":"product_tag","embeddable":true,"href":"https:\/\/azurefilm.com\/de\/wp-json\/wp\/v2\/product_tag?post=49743"},{"taxonomy":"brand","embeddable":true,"href":"https:\/\/azurefilm.com\/de\/wp-json\/wp\/v2\/brand?post=49743"}],"curies":[{"name":"wp","href":"https:\/\/api.w.org\/{rel}","templated":true}]}}