
{"id":49811,"date":"2023-10-29T14:21:13","date_gmt":"2023-10-29T14:21:13","guid":{"rendered":"https:\/\/azurefilm.com\/product\/usb-sd-kartenleser\/"},"modified":"2023-10-29T14:21:13","modified_gmt":"2023-10-29T14:21:13","slug":"usb-sd-kartenleser","status":"publish","type":"product","link":"https:\/\/azurefilm.com\/de\/produkt\/usb-sd-kartenleser\/","title":{"rendered":"USB SD-Kartenleser"},"content":{"rendered":"<h2><strong>USB SD Card Reader Hauptmerkmale:<\/strong><\/h2>\n<ul>\n<li>Hochgeschwindigkeits-Daten\u00fcbertragung bis zu 5 Gbps.<\/li>\n<li>Stromversorgung \u00fcber USB-Anschluss, keine zus\u00e4tzliche Stromversorgung erforderlich.<\/li>\n<li>Kleine Gr\u00f6\u00dfe und tragbar, leicht zu transportieren.<\/li>\n<li>Die Karte ist nicht enthalten.<\/li>\n<\/ul>\n","protected":false},"excerpt":{"rendered":"<p><strong>USB SD Card Reader <\/strong>mit Hochgeschwindigkeits-Daten\u00fcbertragung, kleine Gr\u00f6\u00dfe und tragbar.<\/p>\n","protected":false},"featured_media":49817,"comment_status":"closed","ping_status":"closed","template":"","meta":{"_acf_changed":false},"product_brand":[],"product_cat":[1767,1671,1765,1766],"product_tag":[],"brand":[],"class_list":{"0":"post-49811","1":"product","2":"type-product","3":"status-publish","4":"has-post-thumbnail","6":"product_cat-alle-ersatzteile","7":"product_cat-angebote","8":"product_cat-ersatzteile","9":"product_cat-sonstige_artikel","11":"first","12":"instock","13":"sale","14":"taxable","15":"shipping-taxable","16":"purchasable","17":"product-type-simple"},"acf":[],"_links":{"self":[{"href":"https:\/\/azurefilm.com\/de\/wp-json\/wp\/v2\/product\/49811","targetHints":{"allow":["GET"]}}],"collection":[{"href":"https:\/\/azurefilm.com\/de\/wp-json\/wp\/v2\/product"}],"about":[{"href":"https:\/\/azurefilm.com\/de\/wp-json\/wp\/v2\/types\/product"}],"replies":[{"embeddable":true,"href":"https:\/\/azurefilm.com\/de\/wp-json\/wp\/v2\/comments?post=49811"}],"wp:featuredmedia":[{"embeddable":true,"href":"https:\/\/azurefilm.com\/de\/wp-json\/wp\/v2\/media\/49817"}],"wp:attachment":[{"href":"https:\/\/azurefilm.com\/de\/wp-json\/wp\/v2\/media?parent=49811"}],"wp:term":[{"taxonomy":"product_brand","embeddable":true,"href":"https:\/\/azurefilm.com\/de\/wp-json\/wp\/v2\/product_brand?post=49811"},{"taxonomy":"product_cat","embeddable":true,"href":"https:\/\/azurefilm.com\/de\/wp-json\/wp\/v2\/product_cat?post=49811"},{"taxonomy":"product_tag","embeddable":true,"href":"https:\/\/azurefilm.com\/de\/wp-json\/wp\/v2\/product_tag?post=49811"},{"taxonomy":"brand","embeddable":true,"href":"https:\/\/azurefilm.com\/de\/wp-json\/wp\/v2\/brand?post=49811"}],"curies":[{"name":"wp","href":"https:\/\/api.w.org\/{rel}","templated":true}]}}