
{"id":49819,"date":"2023-10-29T14:21:13","date_gmt":"2023-10-29T14:21:13","guid":{"rendered":"https:\/\/azurefilm.com\/product\/mini-electronic-pliers\/"},"modified":"2026-03-15T19:03:43","modified_gmt":"2026-03-15T19:03:43","slug":"mini-electronic-pliers","status":"publish","type":"product","link":"https:\/\/azurefilm.com\/de\/produkt\/mini-electronic-pliers\/","title":{"rendered":"Mini Electronic Pliers"},"content":{"rendered":"<h2><strong>Hauptmerkmale:<\/strong><\/h2>\n<ul>\n<li>Mini Electronic Pliers haben eine Vielzahl von Anwendungen, von der Reparatur Ihres 3D-Druckers bis zum Schneiden von Filament oder Entfernen von St\u00fctzen w\u00e4hrend des Druckvorgangs.<\/li>\n<li>Sie haben pr\u00e4zise Spitzen, die in der Lage sind, die kleinsten Objekte zu halten.<\/li>\n<li>Hergestellt aus legiertem Stahl und geh\u00e4rtet f\u00fcr hohe Zuverl\u00e4ssigkeit<\/li>\n<li>Mit einem gummierten, rutschfesten Griff.<\/li>\n<\/ul>\n","protected":false},"excerpt":{"rendered":"<p><strong>Mini Electronic Pliers<\/strong>, die eine Vielzahl von Anwendungen haben, von der Reparatur Ihres 3D-Druckers bis zum Schneiden von Filament oder Entfernen von St\u00fctzen w\u00e4hrend des Druckvorgangs.<\/p>\n","protected":false},"featured_media":49820,"comment_status":"closed","ping_status":"closed","template":"","meta":{"_acf_changed":false},"product_brand":[],"product_cat":[1767,1671,1765,1769],"product_tag":[],"brand":[],"class_list":{"0":"post-49819","1":"product","2":"type-product","3":"status-publish","4":"has-post-thumbnail","6":"product_cat-alle-ersatzteile","7":"product_cat-angebote","8":"product_cat-ersatzteile","9":"product_cat-werkzeuge","11":"first","12":"instock","13":"sale","14":"taxable","15":"shipping-taxable","16":"purchasable","17":"product-type-simple"},"acf":[],"_links":{"self":[{"href":"https:\/\/azurefilm.com\/de\/wp-json\/wp\/v2\/product\/49819","targetHints":{"allow":["GET"]}}],"collection":[{"href":"https:\/\/azurefilm.com\/de\/wp-json\/wp\/v2\/product"}],"about":[{"href":"https:\/\/azurefilm.com\/de\/wp-json\/wp\/v2\/types\/product"}],"replies":[{"embeddable":true,"href":"https:\/\/azurefilm.com\/de\/wp-json\/wp\/v2\/comments?post=49819"}],"wp:featuredmedia":[{"embeddable":true,"href":"https:\/\/azurefilm.com\/de\/wp-json\/wp\/v2\/media\/49820"}],"wp:attachment":[{"href":"https:\/\/azurefilm.com\/de\/wp-json\/wp\/v2\/media?parent=49819"}],"wp:term":[{"taxonomy":"product_brand","embeddable":true,"href":"https:\/\/azurefilm.com\/de\/wp-json\/wp\/v2\/product_brand?post=49819"},{"taxonomy":"product_cat","embeddable":true,"href":"https:\/\/azurefilm.com\/de\/wp-json\/wp\/v2\/product_cat?post=49819"},{"taxonomy":"product_tag","embeddable":true,"href":"https:\/\/azurefilm.com\/de\/wp-json\/wp\/v2\/product_tag?post=49819"},{"taxonomy":"brand","embeddable":true,"href":"https:\/\/azurefilm.com\/de\/wp-json\/wp\/v2\/brand?post=49819"}],"curies":[{"name":"wp","href":"https:\/\/api.w.org\/{rel}","templated":true}]}}