
{"id":49826,"date":"2023-10-29T14:21:51","date_gmt":"2023-10-29T14:21:51","guid":{"rendered":"https:\/\/azurefilm.com\/product\/schwarze-clips\/"},"modified":"2025-10-26T21:15:05","modified_gmt":"2025-10-26T21:15:05","slug":"schwarze-clips","status":"publish","type":"product","link":"https:\/\/azurefilm.com\/de\/produkt\/schwarze-clips\/","title":{"rendered":"Schwarze Clips"},"content":{"rendered":"<p><strong>Schwarze Clips <\/strong>f\u00fcr einen starken Halt zwischen Heizbett und Glasplatte.<\/p>\n<h2><strong>Hauptmerkmale:<\/strong><\/h2>\n<p>Schwarze Clips sind aus geh\u00e4rtetem Stahl gefertigt und langlebig und robust im Gebrauch.<\/p>\n<p><strong>Es sind 3 verschiedene Gr\u00f6\u00dfen erh\u00e4ltlich:<\/strong><\/p>\n<ul>\n<li>19x7mm<\/li>\n<li>25x10mm<\/li>\n<li>32x12mm<\/li>\n<\/ul>\n","protected":false},"excerpt":{"rendered":"<p><strong>Schwarze Clips <\/strong>f\u00fcr einen starken Halt zwischen Heizbett und Glasplatte, erh\u00e4ltlich in drei Gr\u00f6\u00dfen.<\/p>\n","protected":false},"featured_media":49834,"comment_status":"closed","ping_status":"closed","template":"","meta":{"_acf_changed":false},"product_brand":[],"product_cat":[1767,1671,1765,1769],"product_tag":[],"brand":[],"class_list":{"0":"post-49826","1":"product","2":"type-product","3":"status-publish","4":"has-post-thumbnail","6":"product_cat-alle-ersatzteile","7":"product_cat-angebote","8":"product_cat-ersatzteile","9":"product_cat-werkzeuge","10":"pa_size-19x7mm","11":"pa_size-25x10mm","12":"pa_size-32x12mm","14":"first","15":"instock","16":"sale","17":"taxable","18":"shipping-taxable","19":"purchasable","20":"product-type-variable"},"acf":[],"_links":{"self":[{"href":"https:\/\/azurefilm.com\/de\/wp-json\/wp\/v2\/product\/49826","targetHints":{"allow":["GET"]}}],"collection":[{"href":"https:\/\/azurefilm.com\/de\/wp-json\/wp\/v2\/product"}],"about":[{"href":"https:\/\/azurefilm.com\/de\/wp-json\/wp\/v2\/types\/product"}],"replies":[{"embeddable":true,"href":"https:\/\/azurefilm.com\/de\/wp-json\/wp\/v2\/comments?post=49826"}],"wp:featuredmedia":[{"embeddable":true,"href":"https:\/\/azurefilm.com\/de\/wp-json\/wp\/v2\/media\/49834"}],"wp:attachment":[{"href":"https:\/\/azurefilm.com\/de\/wp-json\/wp\/v2\/media?parent=49826"}],"wp:term":[{"taxonomy":"product_brand","embeddable":true,"href":"https:\/\/azurefilm.com\/de\/wp-json\/wp\/v2\/product_brand?post=49826"},{"taxonomy":"product_cat","embeddable":true,"href":"https:\/\/azurefilm.com\/de\/wp-json\/wp\/v2\/product_cat?post=49826"},{"taxonomy":"product_tag","embeddable":true,"href":"https:\/\/azurefilm.com\/de\/wp-json\/wp\/v2\/product_tag?post=49826"},{"taxonomy":"brand","embeddable":true,"href":"https:\/\/azurefilm.com\/de\/wp-json\/wp\/v2\/brand?post=49826"}],"curies":[{"name":"wp","href":"https:\/\/api.w.org\/{rel}","templated":true}]}}