
{"id":49853,"date":"2023-10-29T14:21:51","date_gmt":"2023-10-29T14:21:51","guid":{"rendered":"https:\/\/azurefilm.com\/product\/filamenterkennungssensor\/"},"modified":"2023-10-29T14:21:51","modified_gmt":"2023-10-29T14:21:51","slug":"filamenterkennungssensor","status":"publish","type":"product","link":"https:\/\/azurefilm.com\/de\/produkt\/filamenterkennungssensor\/","title":{"rendered":"Filamenterkennungssensor"},"content":{"rendered":"<h2><strong>Hauptmerkmale:<\/strong><\/h2>\n<ul>\n<li>Gute Struktur, einfach zu installieren, schnell und bequem,<\/li>\n<li>Hergestellt aus hochwertigem Kunststoffmaterial,<\/li>\n<li>Langlebig und langlebig,<\/li>\n<li>Der Sensor ist f\u00fcr 3D-Drucker geeignet,<\/li>\n<li>Gro\u00dfartiges Zubeh\u00f6r f\u00fcr 3D-Drucker,<\/li>\n<li>Farbe: Schwarz,<\/li>\n<li>Material: Kunststoff,<\/li>\n<li>Kabell\u00e4nge: etwa 1 Meter.<\/li>\n<\/ul>\n","protected":false},"excerpt":{"rendered":"<p><strong>Filament detection senzor<\/strong> von guter Struktur, einfach zu installieren, schnell und bequem.<\/p>\n","protected":false},"featured_media":49154,"comment_status":"closed","ping_status":"closed","template":"","meta":{"_acf_changed":false},"product_brand":[],"product_cat":[1767,1671,1765,1766],"product_tag":[],"brand":[],"class_list":{"0":"post-49853","1":"product","2":"type-product","3":"status-publish","4":"has-post-thumbnail","6":"product_cat-alle-ersatzteile","7":"product_cat-angebote","8":"product_cat-ersatzteile","9":"product_cat-sonstige_artikel","11":"first","12":"instock","13":"sale","14":"taxable","15":"shipping-taxable","16":"purchasable","17":"product-type-simple"},"acf":[],"_links":{"self":[{"href":"https:\/\/azurefilm.com\/de\/wp-json\/wp\/v2\/product\/49853","targetHints":{"allow":["GET"]}}],"collection":[{"href":"https:\/\/azurefilm.com\/de\/wp-json\/wp\/v2\/product"}],"about":[{"href":"https:\/\/azurefilm.com\/de\/wp-json\/wp\/v2\/types\/product"}],"replies":[{"embeddable":true,"href":"https:\/\/azurefilm.com\/de\/wp-json\/wp\/v2\/comments?post=49853"}],"wp:featuredmedia":[{"embeddable":true,"href":"https:\/\/azurefilm.com\/de\/wp-json\/wp\/v2\/media\/49154"}],"wp:attachment":[{"href":"https:\/\/azurefilm.com\/de\/wp-json\/wp\/v2\/media?parent=49853"}],"wp:term":[{"taxonomy":"product_brand","embeddable":true,"href":"https:\/\/azurefilm.com\/de\/wp-json\/wp\/v2\/product_brand?post=49853"},{"taxonomy":"product_cat","embeddable":true,"href":"https:\/\/azurefilm.com\/de\/wp-json\/wp\/v2\/product_cat?post=49853"},{"taxonomy":"product_tag","embeddable":true,"href":"https:\/\/azurefilm.com\/de\/wp-json\/wp\/v2\/product_tag?post=49853"},{"taxonomy":"brand","embeddable":true,"href":"https:\/\/azurefilm.com\/de\/wp-json\/wp\/v2\/brand?post=49853"}],"curies":[{"name":"wp","href":"https:\/\/api.w.org\/{rel}","templated":true}]}}