
{"id":49879,"date":"2023-10-29T14:21:51","date_gmt":"2023-10-29T14:21:51","guid":{"rendered":"https:\/\/azurefilm.com\/product\/modulpegel-trigger-12v-30a\/"},"modified":"2023-10-29T14:21:51","modified_gmt":"2023-10-29T14:21:51","slug":"modulpegel-trigger-12v-30a","status":"publish","type":"product","link":"https:\/\/azurefilm.com\/de\/produkt\/modulpegel-trigger-12v-30a\/","title":{"rendered":"Modulpegel-Trigger 12V 30A"},"content":{"rendered":"<ul>\n<li>Das Modul verwendet ein hochwertiges Relais und eine normalerweise offene Schnittstelle, und die maximale Last betr\u00e4gt AC 250V\/10A, DC 30V\/10A.<\/li>\n<li>Das 12V-Relais-Steuermodul verf\u00fcgt \u00fcber ein fehlertolerantes Design, was bedeutet, dass das Relais auch dann nicht funktioniert, wenn die Steuerleitung unterbrochen ist.<\/li>\n<li>SMD-Optokoppler-Isolation und starke Antriebskapazit\u00e4t sorgen daf\u00fcr, dass das Relaismodul eine stabile Leistung beibeh\u00e4lt.<\/li>\n<li>Alle Schnittstellen k\u00f6nnen direkt \u00fcber den Terminalblock angeschlossen werden, was eine gute Kompatibilit\u00e4t bietet.<\/li>\n<li>Es gibt drei Spannungen zur Auswahl im Relaismodul, n\u00e4mlich 5V, 12V und 24V.<\/li>\n<\/ul>\n<p>&nbsp;<\/p>\n","protected":false},"excerpt":{"rendered":"<p>Das Modul verwendet ein hochwertiges Relais und eine normalerweise offene Schnittstelle, und die maximale Last betr\u00e4gt AC 250V\/10A, DC 30V\/10A.<\/p>\n","protected":false},"featured_media":49182,"comment_status":"closed","ping_status":"closed","template":"","meta":{"_acf_changed":false},"product_brand":[],"product_cat":[1765,1767,1671,1787],"product_tag":[],"brand":[],"class_list":{"0":"post-49879","1":"product","2":"type-product","3":"status-publish","4":"has-post-thumbnail","6":"product_cat-ersatzteile","7":"product_cat-alle-ersatzteile","8":"product_cat-angebote","9":"product_cat-elektronik","11":"first","12":"instock","13":"sale","14":"taxable","15":"shipping-taxable","16":"purchasable","17":"product-type-simple"},"acf":[],"_links":{"self":[{"href":"https:\/\/azurefilm.com\/de\/wp-json\/wp\/v2\/product\/49879","targetHints":{"allow":["GET"]}}],"collection":[{"href":"https:\/\/azurefilm.com\/de\/wp-json\/wp\/v2\/product"}],"about":[{"href":"https:\/\/azurefilm.com\/de\/wp-json\/wp\/v2\/types\/product"}],"replies":[{"embeddable":true,"href":"https:\/\/azurefilm.com\/de\/wp-json\/wp\/v2\/comments?post=49879"}],"wp:featuredmedia":[{"embeddable":true,"href":"https:\/\/azurefilm.com\/de\/wp-json\/wp\/v2\/media\/49182"}],"wp:attachment":[{"href":"https:\/\/azurefilm.com\/de\/wp-json\/wp\/v2\/media?parent=49879"}],"wp:term":[{"taxonomy":"product_brand","embeddable":true,"href":"https:\/\/azurefilm.com\/de\/wp-json\/wp\/v2\/product_brand?post=49879"},{"taxonomy":"product_cat","embeddable":true,"href":"https:\/\/azurefilm.com\/de\/wp-json\/wp\/v2\/product_cat?post=49879"},{"taxonomy":"product_tag","embeddable":true,"href":"https:\/\/azurefilm.com\/de\/wp-json\/wp\/v2\/product_tag?post=49879"},{"taxonomy":"brand","embeddable":true,"href":"https:\/\/azurefilm.com\/de\/wp-json\/wp\/v2\/brand?post=49879"}],"curies":[{"name":"wp","href":"https:\/\/api.w.org\/{rel}","templated":true}]}}