
{"id":49890,"date":"2023-10-29T14:21:51","date_gmt":"2023-10-29T14:21:51","guid":{"rendered":"https:\/\/azurefilm.com\/product\/motor-driver-tb6600\/"},"modified":"2023-10-29T14:21:51","modified_gmt":"2023-10-29T14:21:51","slug":"motor-driver-tb6600","status":"publish","type":"product","link":"https:\/\/azurefilm.com\/de\/produkt\/motor-driver-tb6600\/","title":{"rendered":"Motor driver TB6600"},"content":{"rendered":"<h2><strong>Hauptmerkmale:<\/strong><\/h2>\n<ol>\n<li><strong>Vielseitige Stromregelung:<\/strong> Stufenlos einstellbarer Ausgangsstrom f\u00fcr eine Vielzahl von Anwendungen.<\/li>\n<li><strong>M\u00fchelose Bedienung:<\/strong> Genie\u00dfen Sie den Komfort der automatischen Halbstromfunktion und eines benutzerfreundlichen halbautomatischen Durchflussschalters.<\/li>\n<li><strong>Hochgeschwindigkeitspr\u00e4zision:<\/strong> Hochgeschwindigkeits-Optokoppler mit 6N137 sorgt f\u00fcr pr\u00e4zise Leistung ohne einen einzigen Schrittverlust.<\/li>\n<li><strong>Einfache Einrichtung:<\/strong> Unterteilte Einrichtungshinweise auf der R\u00fcckseite erleichtern die Installation und verbessern die W\u00e4rmeableitung mit der Option, einen K\u00fchlk\u00f6rper hinzuzuf\u00fcgen.<\/li>\n<li><strong>Sicherheitsgarantie:<\/strong> Eingebaute Ausgangskurzschlussschutz sorgt f\u00fcr Sicherheit.<\/li>\n<li><strong>Vereinfachte Verkabelung:<\/strong> Nutzen Sie den gemeinsamen Anoden-Eingangsmodus mit zwei Eingangsklemmen f\u00fcr eine bequemere Verkabelung.<\/li>\n<\/ol>\n<p>&nbsp;<\/p>\n<h2><strong>Spezifikationen:<\/strong><\/h2>\n<ul>\n<li><strong>Materialien:<\/strong> Hergestellt aus einer Mischung aus Metall und Kunststoff f\u00fcr Haltbarkeit und Leistung.<\/li>\n<li><strong>Kompakte Gr\u00f6\u00dfe:<\/strong> Mit den Ma\u00dfen von nur 50x82x35 mm (B<em>L<\/em>H) passt es nahtlos in verschiedene Setups.<\/li>\n<li><strong>Lebendiges Design:<\/strong> Mit einem ansprechenden Gr\u00fcn-Wei\u00df-Farbschema, das auff\u00e4llt.<\/li>\n<li><strong>Spannungsbereich:<\/strong> Kompatibel mit DC 10V-45V, mit einer DC32V-Schaltnetzteil f\u00fcr optimale Leistung empfohlen.<\/li>\n<li><strong>Hochgeschwindigkeitspr\u00e4zision:<\/strong> Ausgestattet mit einem Hochgeschwindigkeits-Optokoppler 6N137 f\u00fcr pr\u00e4zisen Betrieb ohne Schrittverlust.<\/li>\n<li><strong>Modernster Chip:<\/strong> Angetrieben von Toshibas neuem originalen TB6600HG-Chip, der hohe Str\u00f6me, hohe Spannungen und fortschrittliche Schutzfunktionen wie Niederspannungsabschaltung, \u00dcberhitzungsschutz und Kurzschlusssicherung bietet.<\/li>\n<li><strong>Leistungsstarker Ausgang:<\/strong> In der Lage, einen maximalen Nennstrom von \u00b1 4,5A zu liefern, was ihn f\u00fcr 4,2A 42, 57 und 86 Zwei-Phasen-\/Vier-Phasen-\/Vier-Draht-\/Sechs-Draht-Schrittmotoren geeignet macht.<\/li>\n<li><strong>M\u00fchelose Steuerung:<\/strong> Verf\u00fcgt \u00fcber eine automatische Halbstromfunktion f\u00fcr einfache Bedienung.<\/li>\n<li><strong>Flexible Unterteilung:<\/strong> Erm\u00f6glicht Vollschritt, Halbschritt, 1\/4-Schritt, 1\/8-Schritt, 1\/16-Schritt und bis zu 16 Segmente, was Vielseitigkeit in Ihren Projekten bietet.<\/li>\n<\/ul>\n<p>&nbsp;<\/p>\n<p>&nbsp;<\/p>\n","protected":false},"excerpt":{"rendered":"<p><strong>Einf\u00fchrung des TB6600 Motor Drivers:<\/strong> Entfesseln Sie seine Kraft mit automatischer Halbstromfunktion und einem benutzerfreundlichen halbautomatischen Durchflussschalter. Das ultimative in Einfachheit und Leistung. <\/p>\n","protected":false},"featured_media":49892,"comment_status":"closed","ping_status":"closed","template":"","meta":{"_acf_changed":false},"product_brand":[],"product_cat":[1767,1671,1765,1793,1794],"product_tag":[],"brand":[],"class_list":{"0":"post-49890","1":"product","2":"type-product","3":"status-publish","4":"has-post-thumbnail","6":"product_cat-alle-ersatzteile","7":"product_cat-angebote","8":"product_cat-ersatzteile","9":"product_cat-motoren-treiber","10":"product_cat-motortreiber","12":"first","13":"instock","14":"sale","15":"taxable","16":"shipping-taxable","17":"purchasable","18":"product-type-simple"},"acf":[],"_links":{"self":[{"href":"https:\/\/azurefilm.com\/de\/wp-json\/wp\/v2\/product\/49890","targetHints":{"allow":["GET"]}}],"collection":[{"href":"https:\/\/azurefilm.com\/de\/wp-json\/wp\/v2\/product"}],"about":[{"href":"https:\/\/azurefilm.com\/de\/wp-json\/wp\/v2\/types\/product"}],"replies":[{"embeddable":true,"href":"https:\/\/azurefilm.com\/de\/wp-json\/wp\/v2\/comments?post=49890"}],"wp:featuredmedia":[{"embeddable":true,"href":"https:\/\/azurefilm.com\/de\/wp-json\/wp\/v2\/media\/49892"}],"wp:attachment":[{"href":"https:\/\/azurefilm.com\/de\/wp-json\/wp\/v2\/media?parent=49890"}],"wp:term":[{"taxonomy":"product_brand","embeddable":true,"href":"https:\/\/azurefilm.com\/de\/wp-json\/wp\/v2\/product_brand?post=49890"},{"taxonomy":"product_cat","embeddable":true,"href":"https:\/\/azurefilm.com\/de\/wp-json\/wp\/v2\/product_cat?post=49890"},{"taxonomy":"product_tag","embeddable":true,"href":"https:\/\/azurefilm.com\/de\/wp-json\/wp\/v2\/product_tag?post=49890"},{"taxonomy":"brand","embeddable":true,"href":"https:\/\/azurefilm.com\/de\/wp-json\/wp\/v2\/brand?post=49890"}],"curies":[{"name":"wp","href":"https:\/\/api.w.org\/{rel}","templated":true}]}}