
{"id":49908,"date":"2023-10-29T14:22:30","date_gmt":"2023-10-29T14:22:30","guid":{"rendered":"https:\/\/azurefilm.com\/product\/extruder-kuehlkoerper-e3d-v5-mit-anschluss\/"},"modified":"2023-10-29T14:22:30","modified_gmt":"2023-10-29T14:22:30","slug":"extruder-kuehlkoerper-e3d-v5-mit-anschluss","status":"publish","type":"product","link":"https:\/\/azurefilm.com\/de\/produkt\/extruder-kuehlkoerper-e3d-v5-mit-anschluss\/","title":{"rendered":"Extruder-K\u00fchlk\u00f6rper E3D V5 mit Anschluss"},"content":{"rendered":"<h2><span style=\"color: #555555;\"><b>Hauptmerkmale:<\/b><\/span><\/h2>\n<ul>\n<li>1,75mm Extruder-K\u00fchlk\u00f6rper<\/li>\n<li>FI 25 x 50mm<\/li>\n<li>Diese Edelstahl-K\u00fchlk\u00f6rper sind speziell f\u00fcr 3D-Drucker entwickelt<\/li>\n<li>Schneid- und hitzebest\u00e4ndiges Design<\/li>\n<li>Zuf\u00fchrrohr ist glatt, ohne Leckage<\/li>\n<li>Edelstahlmaterial, langlebig und haltbar<\/li>\n<li>Mit Anschluss<\/li>\n<\/ul>\n","protected":false},"excerpt":{"rendered":"<p><strong>Extruder-K\u00fchlk\u00f6rper E3D V5 mit Anschluss<\/strong> ist ein Edelstahl-K\u00fchlk\u00f6rper, speziell f\u00fcr 3D-Drucker entwickelt.<\/p>\n","protected":false},"featured_media":49909,"comment_status":"closed","ping_status":"closed","template":"","meta":{"_acf_changed":false},"product_brand":[],"product_cat":[1767,1671,1765,1890],"product_tag":[],"brand":[],"class_list":{"0":"post-49908","1":"product","2":"type-product","3":"status-publish","4":"has-post-thumbnail","6":"product_cat-alle-ersatzteile","7":"product_cat-angebote","8":"product_cat-ersatzteile","9":"product_cat-heizblocke","11":"first","12":"instock","13":"sale","14":"taxable","15":"shipping-taxable","16":"purchasable","17":"product-type-simple"},"acf":[],"_links":{"self":[{"href":"https:\/\/azurefilm.com\/de\/wp-json\/wp\/v2\/product\/49908","targetHints":{"allow":["GET"]}}],"collection":[{"href":"https:\/\/azurefilm.com\/de\/wp-json\/wp\/v2\/product"}],"about":[{"href":"https:\/\/azurefilm.com\/de\/wp-json\/wp\/v2\/types\/product"}],"replies":[{"embeddable":true,"href":"https:\/\/azurefilm.com\/de\/wp-json\/wp\/v2\/comments?post=49908"}],"wp:featuredmedia":[{"embeddable":true,"href":"https:\/\/azurefilm.com\/de\/wp-json\/wp\/v2\/media\/49909"}],"wp:attachment":[{"href":"https:\/\/azurefilm.com\/de\/wp-json\/wp\/v2\/media?parent=49908"}],"wp:term":[{"taxonomy":"product_brand","embeddable":true,"href":"https:\/\/azurefilm.com\/de\/wp-json\/wp\/v2\/product_brand?post=49908"},{"taxonomy":"product_cat","embeddable":true,"href":"https:\/\/azurefilm.com\/de\/wp-json\/wp\/v2\/product_cat?post=49908"},{"taxonomy":"product_tag","embeddable":true,"href":"https:\/\/azurefilm.com\/de\/wp-json\/wp\/v2\/product_tag?post=49908"},{"taxonomy":"brand","embeddable":true,"href":"https:\/\/azurefilm.com\/de\/wp-json\/wp\/v2\/brand?post=49908"}],"curies":[{"name":"wp","href":"https:\/\/api.w.org\/{rel}","templated":true}]}}