
{"id":49911,"date":"2023-10-29T14:22:30","date_gmt":"2023-10-29T14:22:30","guid":{"rendered":"https:\/\/azurefilm.com\/product\/block-silicone-cover-mk10\/"},"modified":"2023-10-29T14:22:30","modified_gmt":"2023-10-29T14:22:30","slug":"block-silicone-cover-mk10","status":"publish","type":"product","link":"https:\/\/azurefilm.com\/de\/produkt\/block-silicone-cover-mk10\/","title":{"rendered":"Block Silicone Cover MK10"},"content":{"rendered":"<h2><strong>Hauptmerkmale:<\/strong><\/h2>\n<ul>\n<li>Sie k\u00f6nnen Ihren Block mit einer Block Silicone Cover MK10 vollst\u00e4ndig sauber halten, selbst nach langer Nutzung Ihres Blocks.<\/li>\n<li>Block Silicone Cover MK10 h\u00e4lt Ihre D\u00fcse sauber und frei von eingebranntem, geschw\u00e4rztem Kunststoff.<\/li>\n<li>Sie bieten einen enormen Temperaturstabilit\u00e4tsvorteil, insbesondere wenn Sie eine hohe Luftstromk\u00fchlung um die D\u00fcse verwenden, um den Druck zu k\u00fchlen.<\/li>\n<li>Hergestellt aus einem hitzebest\u00e4ndigen, antihaftbeschichteten Silikonmaterial. Dies hilft wirklich bei klebrigen Materialien wie Co-Polyestern und gef\u00fcllten Materialien, die sich gerne auf D\u00fcsen ansammeln. <\/li>\n<li>Hitzebest\u00e4ndigkeit: 280\u2103.<\/li>\n<li>Verl\u00e4ngern Sie die Lebensdauer des Heizblocks und des Extruders, indem Sie ihn sauberer halten.<\/li>\n<li>Die Socke fungiert auch als Isolator f\u00fcr den Druckkopf. Sie verk\u00fcrzt die Aufheizzeit und hilft, eine konstante Temperatur w\u00e4hrend des Drucks aufrechtzuerhalten. <\/li>\n<li>F\u00fcr Drucker: Ender 3, CR10, CR10S, CR10 S4, CR10 S5.<\/li>\n<li>20x12x12mm.<\/li>\n<li>Lieferumfang:<strong> 1x Block Silicone Cover MK10<\/strong><\/li>\n<\/ul>\n","protected":false},"excerpt":{"rendered":"<p><strong>Block Silicone Cover MK10 <\/strong>ist ein sehr wichtiger Teil des 3D-Druckers und sorgt daf\u00fcr, dass der Kopf nicht \u00fcberhitzt. Geeignet f\u00fcr Ender 3, CR10, CR10S, CR10 S4, CR10 S5. <\/p>\n","protected":false},"featured_media":49915,"comment_status":"closed","ping_status":"closed","template":"","meta":{"_acf_changed":false},"product_brand":[],"product_cat":[1767,1671,1765,1766],"product_tag":[],"brand":[],"class_list":{"0":"post-49911","1":"product","2":"type-product","3":"status-publish","4":"has-post-thumbnail","6":"product_cat-alle-ersatzteile","7":"product_cat-angebote","8":"product_cat-ersatzteile","9":"product_cat-sonstige_artikel","11":"first","12":"instock","13":"sale","14":"taxable","15":"shipping-taxable","16":"purchasable","17":"product-type-simple"},"acf":[],"_links":{"self":[{"href":"https:\/\/azurefilm.com\/de\/wp-json\/wp\/v2\/product\/49911","targetHints":{"allow":["GET"]}}],"collection":[{"href":"https:\/\/azurefilm.com\/de\/wp-json\/wp\/v2\/product"}],"about":[{"href":"https:\/\/azurefilm.com\/de\/wp-json\/wp\/v2\/types\/product"}],"replies":[{"embeddable":true,"href":"https:\/\/azurefilm.com\/de\/wp-json\/wp\/v2\/comments?post=49911"}],"wp:featuredmedia":[{"embeddable":true,"href":"https:\/\/azurefilm.com\/de\/wp-json\/wp\/v2\/media\/49915"}],"wp:attachment":[{"href":"https:\/\/azurefilm.com\/de\/wp-json\/wp\/v2\/media?parent=49911"}],"wp:term":[{"taxonomy":"product_brand","embeddable":true,"href":"https:\/\/azurefilm.com\/de\/wp-json\/wp\/v2\/product_brand?post=49911"},{"taxonomy":"product_cat","embeddable":true,"href":"https:\/\/azurefilm.com\/de\/wp-json\/wp\/v2\/product_cat?post=49911"},{"taxonomy":"product_tag","embeddable":true,"href":"https:\/\/azurefilm.com\/de\/wp-json\/wp\/v2\/product_tag?post=49911"},{"taxonomy":"brand","embeddable":true,"href":"https:\/\/azurefilm.com\/de\/wp-json\/wp\/v2\/brand?post=49911"}],"curies":[{"name":"wp","href":"https:\/\/api.w.org\/{rel}","templated":true}]}}